{"id":107766,"date":"2025-02-15T16:55:02","date_gmt":"2025-02-15T16:55:02","guid":{"rendered":"https:\/\/kinamihealth.com\/product\/filorga-light-peel-peau-sensible\/"},"modified":"2026-04-03T10:44:31","modified_gmt":"2026-04-03T10:44:31","slug":"fillmed-light-peel","status":"publish","type":"product","link":"https:\/\/kinamihealth.com\/fr\/produit\/fillmed-light-peel\/","title":{"rendered":"FILLMED\u00ae LIGHT PEEL"},"content":{"rendered":"<p><span data-sheets-root=\"1\">FILLMED<\/span>\u00ae LIGHT PEEL POUR PEAU SENSIBLE est un peeling chimique \u00e0 base de gluconolactone, d&#8217;acide mand\u00e9lique, de trom\u00e9thamine et de pentyl\u00e8ne glycol. Il agit en r\u00e9duisant l&#8217;apparence des ridules sur les peaux sensibles.<\/p>\n","protected":false},"excerpt":{"rendered":"<p>FILLMED\u00ae LIGHT PEEL POUR PEAU SENSIBLE est un peeling chimique \u00e0 base de gluconolactone, d&#8217;acide mand\u00e9lique, de trom\u00e9thamine et de pentyl\u00e8ne glycol. Il agit en r\u00e9duisant l&#8217;apparence des ridules sur les peaux sensibles.<\/p>\n","protected":false},"featured_media":134120,"comment_status":"closed","ping_status":"closed","template":"","meta":{"_acf_changed":false,"inline_featured_image":false},"product_brand":[1180],"product_cat":[1378],"product_tag":[1222],"class_list":{"0":"post-107766","1":"product","2":"type-product","3":"status-publish","4":"has-post-thumbnail","6":"product_brand-fillmed","7":"product_cat-peelings-et-masques","8":"product_tag-dispositifs-medicaux","10":"first","11":"instock","12":"taxable","13":"shipping-taxable","14":"purchasable","15":"product-type-simple","16":"add-to-wishlist-before_image"},"acf":[],"yoast_head":"<!-- This site is optimized with the Yoast SEO plugin v27.1.1 - https:\/\/yoast.com\/product\/yoast-seo-wordpress\/ -->\n<title>Commander FILLMED\u00ae LIGHT PEEL en ligne | Boutique en ligne | Kinami Health<\/title>\n<meta name=\"description\" content=\"Commandez FILLMED\u00ae LIGHT PEEL pour exfolier en douceur les peaux sensibles gr\u00e2ce \u00e0 un complexe d\u2019acide doux qui cible le teint terne et le grain de peau irr\u00e9gulier sans les irriter.\" \/>\n<meta name=\"robots\" content=\"index, follow, max-snippet:-1, max-image-preview:large, max-video-preview:-1\" \/>\n<link rel=\"canonical\" href=\"https:\/\/kinamihealth.com\/fr\/wp-json\/wp\/v2\/product\/107766\" \/>\n<meta property=\"og:locale\" content=\"fr_FR\" \/>\n<meta property=\"og:type\" content=\"article\" \/>\n<meta property=\"og:title\" content=\"Commander FILLMED\u00ae LIGHT PEEL en ligne | Boutique en ligne | Kinami Health\" \/>\n<meta property=\"og:description\" content=\"Commandez FILLMED\u00ae LIGHT PEEL pour exfolier en douceur les peaux sensibles gr\u00e2ce \u00e0 un complexe d\u2019acide doux qui cible le teint terne et le grain de peau irr\u00e9gulier sans les irriter.\" \/>\n<meta property=\"og:url\" content=\"https:\/\/kinamihealth.com\/fr\/produit\/fillmed-light-peel\/\" \/>\n<meta property=\"og:site_name\" content=\"Kinami Health\" \/>\n<meta property=\"article:modified_time\" content=\"2026-04-03T10:44:31+00:00\" \/>\n<meta property=\"og:image\" content=\"https:\/\/kinamihealth.com\/wp-content\/uploads\/woocommerce-placeholder.png\" \/>\n\t<meta property=\"og:image:width\" content=\"1200\" \/>\n\t<meta property=\"og:image:height\" content=\"1200\" \/>\n\t<meta property=\"og:image:type\" content=\"image\/png\" \/>\n<meta name=\"twitter:card\" content=\"summary_large_image\" \/>\n<meta name=\"twitter:label1\" content=\"Dur\u00e9e de lecture estim\u00e9e\" \/>\n\t<meta name=\"twitter:data1\" content=\"1 minute\" \/>\n<!-- \/ Yoast SEO plugin. -->","yoast_head_json":{"title":"Commander FILLMED\u00ae LIGHT PEEL en ligne | Boutique en ligne | Kinami Health","description":"Commandez FILLMED\u00ae LIGHT PEEL pour exfolier en douceur les peaux sensibles gr\u00e2ce \u00e0 un complexe d\u2019acide doux qui cible le teint terne et le grain de peau irr\u00e9gulier sans les irriter.","robots":{"index":"index","follow":"follow","max-snippet":"max-snippet:-1","max-image-preview":"max-image-preview:large","max-video-preview":"max-video-preview:-1"},"canonical":"https:\/\/kinamihealth.com\/fr\/wp-json\/wp\/v2\/product\/107766","og_locale":"fr_FR","og_type":"article","og_title":"Commander FILLMED\u00ae LIGHT PEEL en ligne | Boutique en ligne | Kinami Health","og_description":"Commandez FILLMED\u00ae LIGHT PEEL pour exfolier en douceur les peaux sensibles gr\u00e2ce \u00e0 un complexe d\u2019acide doux qui cible le teint terne et le grain de peau irr\u00e9gulier sans les irriter.","og_url":"https:\/\/kinamihealth.com\/fr\/produit\/fillmed-light-peel\/","og_site_name":"Kinami Health","article_modified_time":"2026-04-03T10:44:31+00:00","og_image":[{"width":1200,"height":1200,"url":"https:\/\/kinamihealth.com\/wp-content\/uploads\/woocommerce-placeholder.png","type":"image\/png"}],"twitter_card":"summary_large_image","twitter_misc":{"Dur\u00e9e de lecture estim\u00e9e":"1 minute"},"schema":{"@context":"https:\/\/schema.org","@graph":[{"@type":"WebPage","@id":"https:\/\/kinamihealth.com\/fr\/produit\/fillmed-light-peel\/","url":"https:\/\/kinamihealth.com\/fr\/produit\/fillmed-light-peel\/","name":"Commander FILLMED\u00ae LIGHT PEEL en ligne | Boutique en ligne | Kinami Health","isPartOf":{"@id":"https:\/\/kinamihealth.com\/#website"},"primaryImageOfPage":{"@id":"https:\/\/kinamihealth.com\/fr\/produit\/fillmed-light-peel\/#primaryimage"},"image":{"@id":"https:\/\/kinamihealth.com\/fr\/produit\/fillmed-light-peel\/#primaryimage"},"thumbnailUrl":"https:\/\/kinamihealth.com\/wp-content\/uploads\/woocommerce-placeholder.png","datePublished":"2025-02-15T16:55:02+00:00","dateModified":"2026-04-03T10:44:31+00:00","description":"Commandez FILLMED\u00ae LIGHT PEEL pour exfolier en douceur les peaux sensibles gr\u00e2ce \u00e0 un complexe d\u2019acide doux qui cible le teint terne et le grain de peau irr\u00e9gulier sans les irriter.","breadcrumb":{"@id":"https:\/\/kinamihealth.com\/fr\/produit\/fillmed-light-peel\/#breadcrumb"},"inLanguage":"fr-FR","potentialAction":[{"@type":"ReadAction","target":["https:\/\/kinamihealth.com\/fr\/produit\/fillmed-light-peel\/"]}]},{"@type":"ImageObject","inLanguage":"fr-FR","@id":"https:\/\/kinamihealth.com\/fr\/produit\/fillmed-light-peel\/#primaryimage","url":"https:\/\/kinamihealth.com\/wp-content\/uploads\/woocommerce-placeholder.png","contentUrl":"https:\/\/kinamihealth.com\/wp-content\/uploads\/woocommerce-placeholder.png","width":1200,"height":1200},{"@type":"BreadcrumbList","@id":"https:\/\/kinamihealth.com\/fr\/produit\/fillmed-light-peel\/#breadcrumb","itemListElement":[{"@type":"ListItem","position":1,"name":"Page d'accueil","item":"https:\/\/kinamihealth.com\/"},{"@type":"ListItem","position":2,"name":"Boutique","item":"https:\/\/kinamihealth.com\/shop\/"},{"@type":"ListItem","position":3,"name":"FILLMED\u00ae LIGHT PEEL"}]},{"@type":"WebSite","@id":"https:\/\/kinamihealth.com\/#website","url":"https:\/\/kinamihealth.com\/","name":"Kinami Health","description":"","publisher":{"@id":"https:\/\/kinamihealth.com\/#organization"},"potentialAction":[{"@type":"SearchAction","target":{"@type":"EntryPoint","urlTemplate":"https:\/\/kinamihealth.com\/?s={search_term_string}"},"query-input":{"@type":"PropertyValueSpecification","valueRequired":true,"valueName":"search_term_string"}}],"inLanguage":"fr-FR"},{"@type":"Organization","@id":"https:\/\/kinamihealth.com\/#organization","name":"Kinami Health","url":"https:\/\/kinamihealth.com\/","logo":{"@type":"ImageObject","inLanguage":"fr-FR","@id":"https:\/\/kinamihealth.com\/#\/schema\/logo\/image\/","url":"https:\/\/kinamihealth.com\/wp-content\/uploads\/2025\/01\/KH_logo_black_2-1.png","contentUrl":"https:\/\/kinamihealth.com\/wp-content\/uploads\/2025\/01\/KH_logo_black_2-1.png","width":339,"height":34,"caption":"Kinami Health"},"image":{"@id":"https:\/\/kinamihealth.com\/#\/schema\/logo\/image\/"}}]}},"_links":{"self":[{"href":"https:\/\/kinamihealth.com\/fr\/wp-json\/wp\/v2\/product\/107766","targetHints":{"allow":["GET"]}}],"collection":[{"href":"https:\/\/kinamihealth.com\/fr\/wp-json\/wp\/v2\/product"}],"about":[{"href":"https:\/\/kinamihealth.com\/fr\/wp-json\/wp\/v2\/types\/product"}],"replies":[{"embeddable":true,"href":"https:\/\/kinamihealth.com\/fr\/wp-json\/wp\/v2\/comments?post=107766"}],"version-history":[{"count":2,"href":"https:\/\/kinamihealth.com\/fr\/wp-json\/wp\/v2\/product\/107766\/revisions"}],"predecessor-version":[{"id":134537,"href":"https:\/\/kinamihealth.com\/fr\/wp-json\/wp\/v2\/product\/107766\/revisions\/134537"}],"wp:featuredmedia":[{"embeddable":true,"href":"https:\/\/kinamihealth.com\/fr\/wp-json\/wp\/v2\/media\/134120"}],"wp:attachment":[{"href":"https:\/\/kinamihealth.com\/fr\/wp-json\/wp\/v2\/media?parent=107766"}],"wp:term":[{"taxonomy":"product_brand","embeddable":true,"href":"https:\/\/kinamihealth.com\/fr\/wp-json\/wp\/v2\/product_brand?post=107766"},{"taxonomy":"product_cat","embeddable":true,"href":"https:\/\/kinamihealth.com\/fr\/wp-json\/wp\/v2\/product_cat?post=107766"},{"taxonomy":"product_tag","embeddable":true,"href":"https:\/\/kinamihealth.com\/fr\/wp-json\/wp\/v2\/product_tag?post=107766"}],"curies":[{"name":"wp","href":"https:\/\/api.w.org\/{rel}","templated":true}]}}