{"id":107762,"date":"2025-02-15T16:55:02","date_gmt":"2025-02-15T16:55:02","guid":{"rendered":"https:\/\/kinamihealth.com\/product\/filorga-bright-peel-peau-normale\/"},"modified":"2026-01-21T15:28:27","modified_gmt":"2026-01-21T15:28:27","slug":"filorga-bright-peel-peau-normale","status":"publish","type":"product","link":"https:\/\/kinamihealth.com\/fr\/produit\/filorga-bright-peel-peau-normale\/","title":{"rendered":"FILORGA\u00ae BRIGHT PEEL (PEAU NORMALE)"},"content":{"rendered":"<p>Filorga BRIGHT PEEL est un peeling chimique de grade m\u00e9dical, con\u00e7u pour les peaux normales. Il agit en \u00e9claircissant et en lissant le teint, tout en permettant au derme de r\u00e9g\u00e9n\u00e9rer de nouvelles cellules plus jeunes.<\/p>\n","protected":false},"excerpt":{"rendered":"<p>Filorga BRIGHT PEEL est un peeling chimique de grade m\u00e9dical, con\u00e7u pour les peaux normales. Il agit en \u00e9claircissant et en lissant le teint, tout en permettant au derme de r\u00e9g\u00e9n\u00e9rer de nouvelles cellules plus jeunes.<\/p>\n","protected":false},"featured_media":107763,"comment_status":"closed","ping_status":"closed","template":"","meta":{"_acf_changed":false,"inline_featured_image":false},"product_brand":[1181],"product_cat":[1378],"product_tag":[1222],"class_list":{"0":"post-107762","1":"product","2":"type-product","3":"status-publish","4":"has-post-thumbnail","6":"product_brand-filorga","7":"product_cat-peelings-et-masques","8":"product_tag-dispositifs-medicaux","10":"first","11":"instock","12":"taxable","13":"shipping-taxable","14":"purchasable","15":"product-type-simple","16":"add-to-wishlist-before_image"},"acf":[],"yoast_head":"<!-- This site is optimized with the Yoast SEO plugin v27.1.1 - https:\/\/yoast.com\/product\/yoast-seo-wordpress\/ -->\n<title>Commander FILORGA\u00ae BRIGHT PEEL (PEAU NORMALE) en ligne | Boutique en ligne | Kinami Health<\/title>\n<meta name=\"description\" content=\"Commandez FILORGA\u00ae BRIGHT PEEL (peau normale) pour sublimer la clart\u00e9 de la peau et r\u00e9duire le teint terne gr\u00e2ce \u00e0 une formule \u00e0 base de glycol adapt\u00e9e aux peaux normales.\" \/>\n<meta name=\"robots\" content=\"index, follow, max-snippet:-1, max-image-preview:large, max-video-preview:-1\" \/>\n<link rel=\"canonical\" href=\"https:\/\/kinamihealth.com\/fr\/wp-json\/wp\/v2\/product\/107762\" \/>\n<meta property=\"og:locale\" content=\"fr_FR\" \/>\n<meta property=\"og:type\" content=\"article\" \/>\n<meta property=\"og:title\" content=\"Commander FILORGA\u00ae BRIGHT PEEL (PEAU NORMALE) en ligne | Boutique en ligne | Kinami Health\" \/>\n<meta property=\"og:description\" content=\"Commandez FILORGA\u00ae BRIGHT PEEL (peau normale) pour sublimer la clart\u00e9 de la peau et r\u00e9duire le teint terne gr\u00e2ce \u00e0 une formule \u00e0 base de glycol adapt\u00e9e aux peaux normales.\" \/>\n<meta property=\"og:url\" content=\"https:\/\/kinamihealth.com\/fr\/product\/filorga-bright-peel-peau-normale\/\" \/>\n<meta property=\"og:site_name\" content=\"Kinami Health\" \/>\n<meta property=\"article:modified_time\" content=\"2026-01-21T15:28:27+00:00\" \/>\n<meta property=\"og:image\" content=\"https:\/\/kinamihealth.com\/wp-content\/uploads\/2025\/02\/FILORGA-BRIGHTPEEL-01.jpg\" \/>\n\t<meta property=\"og:image:width\" content=\"800\" \/>\n\t<meta property=\"og:image:height\" content=\"800\" \/>\n\t<meta property=\"og:image:type\" content=\"image\/jpeg\" \/>\n<meta name=\"twitter:card\" content=\"summary_large_image\" \/>\n<meta name=\"twitter:label1\" content=\"Dur\u00e9e de lecture estim\u00e9e\" \/>\n\t<meta name=\"twitter:data1\" content=\"1 minute\" \/>\n<!-- \/ Yoast SEO plugin. -->","yoast_head_json":{"title":"Commander FILORGA\u00ae BRIGHT PEEL (PEAU NORMALE) en ligne | Boutique en ligne | Kinami Health","description":"Commandez FILORGA\u00ae BRIGHT PEEL (peau normale) pour sublimer la clart\u00e9 de la peau et r\u00e9duire le teint terne gr\u00e2ce \u00e0 une formule \u00e0 base de glycol adapt\u00e9e aux peaux normales.","robots":{"index":"index","follow":"follow","max-snippet":"max-snippet:-1","max-image-preview":"max-image-preview:large","max-video-preview":"max-video-preview:-1"},"canonical":"https:\/\/kinamihealth.com\/fr\/wp-json\/wp\/v2\/product\/107762","og_locale":"fr_FR","og_type":"article","og_title":"Commander FILORGA\u00ae BRIGHT PEEL (PEAU NORMALE) en ligne | Boutique en ligne | Kinami Health","og_description":"Commandez FILORGA\u00ae BRIGHT PEEL (peau normale) pour sublimer la clart\u00e9 de la peau et r\u00e9duire le teint terne gr\u00e2ce \u00e0 une formule \u00e0 base de glycol adapt\u00e9e aux peaux normales.","og_url":"https:\/\/kinamihealth.com\/fr\/product\/filorga-bright-peel-peau-normale\/","og_site_name":"Kinami Health","article_modified_time":"2026-01-21T15:28:27+00:00","og_image":[{"width":800,"height":800,"url":"https:\/\/kinamihealth.com\/wp-content\/uploads\/2025\/02\/FILORGA-BRIGHTPEEL-01.jpg","type":"image\/jpeg"}],"twitter_card":"summary_large_image","twitter_misc":{"Dur\u00e9e de lecture estim\u00e9e":"1 minute"},"schema":{"@context":"https:\/\/schema.org","@graph":[{"@type":"WebPage","@id":"https:\/\/kinamihealth.com\/fr\/product\/filorga-bright-peel-peau-normale\/","url":"https:\/\/kinamihealth.com\/fr\/product\/filorga-bright-peel-peau-normale\/","name":"Commander FILORGA\u00ae BRIGHT PEEL (PEAU NORMALE) en ligne | Boutique en ligne | Kinami Health","isPartOf":{"@id":"https:\/\/kinamihealth.com\/#website"},"primaryImageOfPage":{"@id":"https:\/\/kinamihealth.com\/fr\/product\/filorga-bright-peel-peau-normale\/#primaryimage"},"image":{"@id":"https:\/\/kinamihealth.com\/fr\/product\/filorga-bright-peel-peau-normale\/#primaryimage"},"thumbnailUrl":"https:\/\/kinamihealth.com\/wp-content\/uploads\/2025\/02\/FILORGA-BRIGHTPEEL-01.jpg","datePublished":"2025-02-15T16:55:02+00:00","dateModified":"2026-01-21T15:28:27+00:00","description":"Commandez FILORGA\u00ae BRIGHT PEEL (peau normale) pour sublimer la clart\u00e9 de la peau et r\u00e9duire le teint terne gr\u00e2ce \u00e0 une formule \u00e0 base de glycol adapt\u00e9e aux peaux normales.","breadcrumb":{"@id":"https:\/\/kinamihealth.com\/fr\/product\/filorga-bright-peel-peau-normale\/#breadcrumb"},"inLanguage":"fr-FR","potentialAction":[{"@type":"ReadAction","target":["https:\/\/kinamihealth.com\/fr\/product\/filorga-bright-peel-peau-normale\/"]}]},{"@type":"ImageObject","inLanguage":"fr-FR","@id":"https:\/\/kinamihealth.com\/fr\/product\/filorga-bright-peel-peau-normale\/#primaryimage","url":"https:\/\/kinamihealth.com\/wp-content\/uploads\/2025\/02\/FILORGA-BRIGHTPEEL-01.jpg","contentUrl":"https:\/\/kinamihealth.com\/wp-content\/uploads\/2025\/02\/FILORGA-BRIGHTPEEL-01.jpg","width":800,"height":800},{"@type":"BreadcrumbList","@id":"https:\/\/kinamihealth.com\/fr\/product\/filorga-bright-peel-peau-normale\/#breadcrumb","itemListElement":[{"@type":"ListItem","position":1,"name":"Page d'accueil","item":"https:\/\/kinamihealth.com\/"},{"@type":"ListItem","position":2,"name":"Boutique","item":"https:\/\/kinamihealth.com\/shop\/"},{"@type":"ListItem","position":3,"name":"FILORGA\u00ae BRIGHT PEEL (PEAU NORMALE)"}]},{"@type":"WebSite","@id":"https:\/\/kinamihealth.com\/#website","url":"https:\/\/kinamihealth.com\/","name":"Kinami Health","description":"","publisher":{"@id":"https:\/\/kinamihealth.com\/#organization"},"potentialAction":[{"@type":"SearchAction","target":{"@type":"EntryPoint","urlTemplate":"https:\/\/kinamihealth.com\/?s={search_term_string}"},"query-input":{"@type":"PropertyValueSpecification","valueRequired":true,"valueName":"search_term_string"}}],"inLanguage":"fr-FR"},{"@type":"Organization","@id":"https:\/\/kinamihealth.com\/#organization","name":"Kinami Health","url":"https:\/\/kinamihealth.com\/","logo":{"@type":"ImageObject","inLanguage":"fr-FR","@id":"https:\/\/kinamihealth.com\/#\/schema\/logo\/image\/","url":"https:\/\/kinamihealth.com\/wp-content\/uploads\/2025\/01\/KH_logo_black_2-1.png","contentUrl":"https:\/\/kinamihealth.com\/wp-content\/uploads\/2025\/01\/KH_logo_black_2-1.png","width":339,"height":34,"caption":"Kinami Health"},"image":{"@id":"https:\/\/kinamihealth.com\/#\/schema\/logo\/image\/"}}]}},"_links":{"self":[{"href":"https:\/\/kinamihealth.com\/fr\/wp-json\/wp\/v2\/product\/107762","targetHints":{"allow":["GET"]}}],"collection":[{"href":"https:\/\/kinamihealth.com\/fr\/wp-json\/wp\/v2\/product"}],"about":[{"href":"https:\/\/kinamihealth.com\/fr\/wp-json\/wp\/v2\/types\/product"}],"replies":[{"embeddable":true,"href":"https:\/\/kinamihealth.com\/fr\/wp-json\/wp\/v2\/comments?post=107762"}],"version-history":[{"count":0,"href":"https:\/\/kinamihealth.com\/fr\/wp-json\/wp\/v2\/product\/107762\/revisions"}],"wp:featuredmedia":[{"embeddable":true,"href":"https:\/\/kinamihealth.com\/fr\/wp-json\/wp\/v2\/media\/107763"}],"wp:attachment":[{"href":"https:\/\/kinamihealth.com\/fr\/wp-json\/wp\/v2\/media?parent=107762"}],"wp:term":[{"taxonomy":"product_brand","embeddable":true,"href":"https:\/\/kinamihealth.com\/fr\/wp-json\/wp\/v2\/product_brand?post=107762"},{"taxonomy":"product_cat","embeddable":true,"href":"https:\/\/kinamihealth.com\/fr\/wp-json\/wp\/v2\/product_cat?post=107762"},{"taxonomy":"product_tag","embeddable":true,"href":"https:\/\/kinamihealth.com\/fr\/wp-json\/wp\/v2\/product_tag?post=107762"}],"curies":[{"name":"wp","href":"https:\/\/api.w.org\/{rel}","templated":true}]}}