{"id":107758,"date":"2025-02-15T16:55:03","date_gmt":"2025-02-15T16:55:03","guid":{"rendered":"https:\/\/kinamihealth.com\/product\/filorga-post-peel\/"},"modified":"2026-04-03T10:29:53","modified_gmt":"2026-04-03T10:29:53","slug":"fillmed-post-peel","status":"publish","type":"product","link":"https:\/\/kinamihealth.com\/fr\/produit\/fillmed-post-peel\/","title":{"rendered":"FILLMED\u00ae POST PEEL Neutralizer"},"content":{"rendered":"<p>FILLMED POST PEEL interrompt l&#8217;action du peeling chimique tout en apaisant la peau pour calmer les irritations et pr\u00e9venir l&#8217;inconfort. Il s&#8217;agit d&#8217;un liquide compos\u00e9 de bicarbonate de sodium et d&#8217;autres ingr\u00e9dients. Utilisez FILLMED Post Peel apr\u00e8s un peeling chimique pour le neutraliser et apaiser la peau.<\/p>\n","protected":false},"excerpt":{"rendered":"<p>FILLMED POST PEEL interrompt l&#8217;action du peeling chimique tout en apaisant la peau pour calmer les irritations et pr\u00e9venir l&#8217;inconfort. Il s&#8217;agit d&#8217;un liquide compos\u00e9 de bicarbonate de sodium et d&#8217;autres ingr\u00e9dients. Utilisez FILLMED Post Peel apr\u00e8s un peeling chimique pour le neutraliser et apaiser la peau.<\/p>\n","protected":false},"featured_media":134120,"comment_status":"closed","ping_status":"closed","template":"","meta":{"_acf_changed":false,"inline_featured_image":false},"product_brand":[1180],"product_cat":[1378],"product_tag":[1222],"class_list":{"0":"post-107758","1":"product","2":"type-product","3":"status-publish","4":"has-post-thumbnail","6":"product_brand-fillmed","7":"product_cat-peelings-et-masques","8":"product_tag-dispositifs-medicaux","10":"first","11":"instock","12":"taxable","13":"shipping-taxable","14":"purchasable","15":"product-type-simple","16":"add-to-wishlist-before_image"},"acf":[],"yoast_head":"<!-- This site is optimized with the Yoast SEO plugin v27.1.1 - https:\/\/yoast.com\/product\/yoast-seo-wordpress\/ -->\n<title>Commander FILLMED\u00ae POST PEEL Neutralizer en ligne | Boutique en ligne | Kinami Health<\/title>\n<meta name=\"description\" content=\"Commandez FILLMED\u00ae POST PEEL Neutralizer pour apaiser et r\u00e9\u00e9quilibrer la peau apr\u00e8s une exfoliation chimique, favoriser une r\u00e9cup\u00e9ration optimale et r\u00e9duire les irritations superficielles.\" \/>\n<meta name=\"robots\" content=\"index, follow, max-snippet:-1, max-image-preview:large, max-video-preview:-1\" \/>\n<link rel=\"canonical\" href=\"https:\/\/kinamihealth.com\/fr\/wp-json\/wp\/v2\/product\/107758\" \/>\n<meta property=\"og:locale\" content=\"fr_FR\" \/>\n<meta property=\"og:type\" content=\"article\" \/>\n<meta property=\"og:title\" content=\"Commander FILLMED\u00ae POST PEEL Neutralizer en ligne | Boutique en ligne | Kinami Health\" \/>\n<meta property=\"og:description\" content=\"Commandez FILLMED\u00ae POST PEEL Neutralizer pour apaiser et r\u00e9\u00e9quilibrer la peau apr\u00e8s une exfoliation chimique, favoriser une r\u00e9cup\u00e9ration optimale et r\u00e9duire les irritations superficielles.\" \/>\n<meta property=\"og:url\" content=\"https:\/\/kinamihealth.com\/fr\/produit\/fillmed-post-peel\/\" \/>\n<meta property=\"og:site_name\" content=\"Kinami Health\" \/>\n<meta property=\"article:modified_time\" content=\"2026-04-03T10:29:53+00:00\" \/>\n<meta property=\"og:image\" content=\"https:\/\/kinamihealth.com\/wp-content\/uploads\/woocommerce-placeholder.png\" \/>\n\t<meta property=\"og:image:width\" content=\"1200\" \/>\n\t<meta property=\"og:image:height\" content=\"1200\" \/>\n\t<meta property=\"og:image:type\" content=\"image\/png\" \/>\n<meta name=\"twitter:card\" content=\"summary_large_image\" \/>\n<meta name=\"twitter:label1\" content=\"Dur\u00e9e de lecture estim\u00e9e\" \/>\n\t<meta name=\"twitter:data1\" content=\"1 minute\" \/>\n<!-- \/ Yoast SEO plugin. -->","yoast_head_json":{"title":"Commander FILLMED\u00ae POST PEEL Neutralizer en ligne | Boutique en ligne | Kinami Health","description":"Commandez FILLMED\u00ae POST PEEL Neutralizer pour apaiser et r\u00e9\u00e9quilibrer la peau apr\u00e8s une exfoliation chimique, favoriser une r\u00e9cup\u00e9ration optimale et r\u00e9duire les irritations superficielles.","robots":{"index":"index","follow":"follow","max-snippet":"max-snippet:-1","max-image-preview":"max-image-preview:large","max-video-preview":"max-video-preview:-1"},"canonical":"https:\/\/kinamihealth.com\/fr\/wp-json\/wp\/v2\/product\/107758","og_locale":"fr_FR","og_type":"article","og_title":"Commander FILLMED\u00ae POST PEEL Neutralizer en ligne | Boutique en ligne | Kinami Health","og_description":"Commandez FILLMED\u00ae POST PEEL Neutralizer pour apaiser et r\u00e9\u00e9quilibrer la peau apr\u00e8s une exfoliation chimique, favoriser une r\u00e9cup\u00e9ration optimale et r\u00e9duire les irritations superficielles.","og_url":"https:\/\/kinamihealth.com\/fr\/produit\/fillmed-post-peel\/","og_site_name":"Kinami Health","article_modified_time":"2026-04-03T10:29:53+00:00","og_image":[{"width":1200,"height":1200,"url":"https:\/\/kinamihealth.com\/wp-content\/uploads\/woocommerce-placeholder.png","type":"image\/png"}],"twitter_card":"summary_large_image","twitter_misc":{"Dur\u00e9e de lecture estim\u00e9e":"1 minute"},"schema":{"@context":"https:\/\/schema.org","@graph":[{"@type":"WebPage","@id":"https:\/\/kinamihealth.com\/fr\/produit\/fillmed-post-peel\/","url":"https:\/\/kinamihealth.com\/fr\/produit\/fillmed-post-peel\/","name":"Commander FILLMED\u00ae POST PEEL Neutralizer en ligne | Boutique en ligne | Kinami Health","isPartOf":{"@id":"https:\/\/kinamihealth.com\/#website"},"primaryImageOfPage":{"@id":"https:\/\/kinamihealth.com\/fr\/produit\/fillmed-post-peel\/#primaryimage"},"image":{"@id":"https:\/\/kinamihealth.com\/fr\/produit\/fillmed-post-peel\/#primaryimage"},"thumbnailUrl":"https:\/\/kinamihealth.com\/wp-content\/uploads\/woocommerce-placeholder.png","datePublished":"2025-02-15T16:55:03+00:00","dateModified":"2026-04-03T10:29:53+00:00","description":"Commandez FILLMED\u00ae POST PEEL Neutralizer pour apaiser et r\u00e9\u00e9quilibrer la peau apr\u00e8s une exfoliation chimique, favoriser une r\u00e9cup\u00e9ration optimale et r\u00e9duire les irritations superficielles.","breadcrumb":{"@id":"https:\/\/kinamihealth.com\/fr\/produit\/fillmed-post-peel\/#breadcrumb"},"inLanguage":"fr-FR","potentialAction":[{"@type":"ReadAction","target":["https:\/\/kinamihealth.com\/fr\/produit\/fillmed-post-peel\/"]}]},{"@type":"ImageObject","inLanguage":"fr-FR","@id":"https:\/\/kinamihealth.com\/fr\/produit\/fillmed-post-peel\/#primaryimage","url":"https:\/\/kinamihealth.com\/wp-content\/uploads\/woocommerce-placeholder.png","contentUrl":"https:\/\/kinamihealth.com\/wp-content\/uploads\/woocommerce-placeholder.png","width":1200,"height":1200},{"@type":"BreadcrumbList","@id":"https:\/\/kinamihealth.com\/fr\/produit\/fillmed-post-peel\/#breadcrumb","itemListElement":[{"@type":"ListItem","position":1,"name":"Page d'accueil","item":"https:\/\/kinamihealth.com\/"},{"@type":"ListItem","position":2,"name":"Boutique","item":"https:\/\/kinamihealth.com\/shop\/"},{"@type":"ListItem","position":3,"name":"FILLMED\u00ae POST PEEL Neutralizer"}]},{"@type":"WebSite","@id":"https:\/\/kinamihealth.com\/#website","url":"https:\/\/kinamihealth.com\/","name":"Kinami Health","description":"","publisher":{"@id":"https:\/\/kinamihealth.com\/#organization"},"potentialAction":[{"@type":"SearchAction","target":{"@type":"EntryPoint","urlTemplate":"https:\/\/kinamihealth.com\/?s={search_term_string}"},"query-input":{"@type":"PropertyValueSpecification","valueRequired":true,"valueName":"search_term_string"}}],"inLanguage":"fr-FR"},{"@type":"Organization","@id":"https:\/\/kinamihealth.com\/#organization","name":"Kinami Health","url":"https:\/\/kinamihealth.com\/","logo":{"@type":"ImageObject","inLanguage":"fr-FR","@id":"https:\/\/kinamihealth.com\/#\/schema\/logo\/image\/","url":"https:\/\/kinamihealth.com\/wp-content\/uploads\/2025\/01\/KH_logo_black_2-1.png","contentUrl":"https:\/\/kinamihealth.com\/wp-content\/uploads\/2025\/01\/KH_logo_black_2-1.png","width":339,"height":34,"caption":"Kinami Health"},"image":{"@id":"https:\/\/kinamihealth.com\/#\/schema\/logo\/image\/"}}]}},"_links":{"self":[{"href":"https:\/\/kinamihealth.com\/fr\/wp-json\/wp\/v2\/product\/107758","targetHints":{"allow":["GET"]}}],"collection":[{"href":"https:\/\/kinamihealth.com\/fr\/wp-json\/wp\/v2\/product"}],"about":[{"href":"https:\/\/kinamihealth.com\/fr\/wp-json\/wp\/v2\/types\/product"}],"replies":[{"embeddable":true,"href":"https:\/\/kinamihealth.com\/fr\/wp-json\/wp\/v2\/comments?post=107758"}],"version-history":[{"count":4,"href":"https:\/\/kinamihealth.com\/fr\/wp-json\/wp\/v2\/product\/107758\/revisions"}],"predecessor-version":[{"id":134506,"href":"https:\/\/kinamihealth.com\/fr\/wp-json\/wp\/v2\/product\/107758\/revisions\/134506"}],"wp:featuredmedia":[{"embeddable":true,"href":"https:\/\/kinamihealth.com\/fr\/wp-json\/wp\/v2\/media\/134120"}],"wp:attachment":[{"href":"https:\/\/kinamihealth.com\/fr\/wp-json\/wp\/v2\/media?parent=107758"}],"wp:term":[{"taxonomy":"product_brand","embeddable":true,"href":"https:\/\/kinamihealth.com\/fr\/wp-json\/wp\/v2\/product_brand?post=107758"},{"taxonomy":"product_cat","embeddable":true,"href":"https:\/\/kinamihealth.com\/fr\/wp-json\/wp\/v2\/product_cat?post=107758"},{"taxonomy":"product_tag","embeddable":true,"href":"https:\/\/kinamihealth.com\/fr\/wp-json\/wp\/v2\/product_tag?post=107758"}],"curies":[{"name":"wp","href":"https:\/\/api.w.org\/{rel}","templated":true}]}}