{"id":107747,"date":"2025-02-15T16:55:05","date_gmt":"2025-02-15T16:55:05","guid":{"rendered":"https:\/\/kinamihealth.com\/product\/filorga-time-peel-peau-normale\/"},"modified":"2026-04-03T11:51:01","modified_gmt":"2026-04-03T11:51:01","slug":"fillmed-time-peel","status":"publish","type":"product","link":"https:\/\/kinamihealth.com\/fr\/produit\/fillmed-time-peel\/","title":{"rendered":"FILLMED\u00ae TIME PEEL"},"content":{"rendered":"<p><span data-sheets-root=\"1\">FILLMED <\/span>TIME PEEL est un peeling chimique anti-\u00e2ge de qualit\u00e9 professionnelle, con\u00e7u pour les peaux normales. Cette solution lisse les rides et ridules, rajeunit les peaux ternes et redonne de la densit\u00e9 \u00e0 l&#8217;ensemble du visage pour lutter contre les premiers signes de l&#8217;\u00e2ge.<\/p>\n","protected":false},"excerpt":{"rendered":"<p>FILLMED TIME PEEL est un peeling chimique anti-\u00e2ge de qualit\u00e9 professionnelle, con\u00e7u pour les peaux normales. Cette solution lisse les rides et ridules, rajeunit les peaux ternes et redonne de la densit\u00e9 \u00e0 l&#8217;ensemble du visage pour lutter contre les premiers signes de l&#8217;\u00e2ge.<\/p>\n","protected":false},"featured_media":134120,"comment_status":"closed","ping_status":"closed","template":"","meta":{"_acf_changed":false,"inline_featured_image":false},"product_brand":[1180],"product_cat":[1378],"product_tag":[1222],"class_list":{"0":"post-107747","1":"product","2":"type-product","3":"status-publish","4":"has-post-thumbnail","6":"product_brand-fillmed","7":"product_cat-peelings-et-masques","8":"product_tag-dispositifs-medicaux","10":"first","11":"instock","12":"taxable","13":"shipping-taxable","14":"purchasable","15":"product-type-simple","16":"add-to-wishlist-before_image"},"acf":[],"yoast_head":"<!-- This site is optimized with the Yoast SEO plugin v27.1.1 - https:\/\/yoast.com\/product\/yoast-seo-wordpress\/ -->\n<title>Commander FILLMED TIME PEEL en ligne | Boutique en ligne | Kinami Health<\/title>\n<meta name=\"description\" content=\"Commander FILLMED\u00ae TIME PEEL pour r\u00e9duire les ridules et booster l&#039;\u00e9clat gr\u00e2ce \u00e0 une solution professionnelle \u00e0 base d&#039;acide glycolique pour une exfoliation clinique.\" \/>\n<meta name=\"robots\" content=\"index, follow, max-snippet:-1, max-image-preview:large, max-video-preview:-1\" \/>\n<link rel=\"canonical\" href=\"https:\/\/kinamihealth.com\/fr\/wp-json\/wp\/v2\/product\/107747\" \/>\n<meta property=\"og:locale\" content=\"fr_FR\" \/>\n<meta property=\"og:type\" content=\"article\" \/>\n<meta property=\"og:title\" content=\"Commander FILLMED TIME PEEL en ligne | Boutique en ligne | Kinami Health\" \/>\n<meta property=\"og:description\" content=\"Commander FILLMED\u00ae TIME PEEL pour r\u00e9duire les ridules et booster l&#039;\u00e9clat gr\u00e2ce \u00e0 une solution professionnelle \u00e0 base d&#039;acide glycolique pour une exfoliation clinique.\" \/>\n<meta property=\"og:url\" content=\"https:\/\/kinamihealth.com\/fr\/produit\/fillmed-time-peel\/\" \/>\n<meta property=\"og:site_name\" content=\"Kinami Health\" \/>\n<meta property=\"article:modified_time\" content=\"2026-04-03T11:51:01+00:00\" \/>\n<meta property=\"og:image\" content=\"https:\/\/kinamihealth.com\/wp-content\/uploads\/woocommerce-placeholder.png\" \/>\n\t<meta property=\"og:image:width\" content=\"1200\" \/>\n\t<meta property=\"og:image:height\" content=\"1200\" \/>\n\t<meta property=\"og:image:type\" content=\"image\/png\" \/>\n<meta name=\"twitter:card\" content=\"summary_large_image\" \/>\n<meta name=\"twitter:label1\" content=\"Dur\u00e9e de lecture estim\u00e9e\" \/>\n\t<meta name=\"twitter:data1\" content=\"1 minute\" \/>\n<!-- \/ Yoast SEO plugin. -->","yoast_head_json":{"title":"Commander FILLMED TIME PEEL en ligne | Boutique en ligne | Kinami Health","description":"Commander FILLMED\u00ae TIME PEEL pour r\u00e9duire les ridules et booster l'\u00e9clat gr\u00e2ce \u00e0 une solution professionnelle \u00e0 base d'acide glycolique pour une exfoliation clinique.","robots":{"index":"index","follow":"follow","max-snippet":"max-snippet:-1","max-image-preview":"max-image-preview:large","max-video-preview":"max-video-preview:-1"},"canonical":"https:\/\/kinamihealth.com\/fr\/wp-json\/wp\/v2\/product\/107747","og_locale":"fr_FR","og_type":"article","og_title":"Commander FILLMED TIME PEEL en ligne | Boutique en ligne | Kinami Health","og_description":"Commander FILLMED\u00ae TIME PEEL pour r\u00e9duire les ridules et booster l'\u00e9clat gr\u00e2ce \u00e0 une solution professionnelle \u00e0 base d'acide glycolique pour une exfoliation clinique.","og_url":"https:\/\/kinamihealth.com\/fr\/produit\/fillmed-time-peel\/","og_site_name":"Kinami Health","article_modified_time":"2026-04-03T11:51:01+00:00","og_image":[{"width":1200,"height":1200,"url":"https:\/\/kinamihealth.com\/wp-content\/uploads\/woocommerce-placeholder.png","type":"image\/png"}],"twitter_card":"summary_large_image","twitter_misc":{"Dur\u00e9e de lecture estim\u00e9e":"1 minute"},"schema":{"@context":"https:\/\/schema.org","@graph":[{"@type":"WebPage","@id":"https:\/\/kinamihealth.com\/fr\/produit\/fillmed-time-peel\/","url":"https:\/\/kinamihealth.com\/fr\/produit\/fillmed-time-peel\/","name":"Commander FILLMED TIME PEEL en ligne | Boutique en ligne | Kinami Health","isPartOf":{"@id":"https:\/\/kinamihealth.com\/#website"},"primaryImageOfPage":{"@id":"https:\/\/kinamihealth.com\/fr\/produit\/fillmed-time-peel\/#primaryimage"},"image":{"@id":"https:\/\/kinamihealth.com\/fr\/produit\/fillmed-time-peel\/#primaryimage"},"thumbnailUrl":"https:\/\/kinamihealth.com\/wp-content\/uploads\/woocommerce-placeholder.png","datePublished":"2025-02-15T16:55:05+00:00","dateModified":"2026-04-03T11:51:01+00:00","description":"Commander FILLMED\u00ae TIME PEEL pour r\u00e9duire les ridules et booster l'\u00e9clat gr\u00e2ce \u00e0 une solution professionnelle \u00e0 base d'acide glycolique pour une exfoliation clinique.","breadcrumb":{"@id":"https:\/\/kinamihealth.com\/fr\/produit\/fillmed-time-peel\/#breadcrumb"},"inLanguage":"fr-FR","potentialAction":[{"@type":"ReadAction","target":["https:\/\/kinamihealth.com\/fr\/produit\/fillmed-time-peel\/"]}]},{"@type":"ImageObject","inLanguage":"fr-FR","@id":"https:\/\/kinamihealth.com\/fr\/produit\/fillmed-time-peel\/#primaryimage","url":"https:\/\/kinamihealth.com\/wp-content\/uploads\/woocommerce-placeholder.png","contentUrl":"https:\/\/kinamihealth.com\/wp-content\/uploads\/woocommerce-placeholder.png","width":1200,"height":1200},{"@type":"BreadcrumbList","@id":"https:\/\/kinamihealth.com\/fr\/produit\/fillmed-time-peel\/#breadcrumb","itemListElement":[{"@type":"ListItem","position":1,"name":"Page d'accueil","item":"https:\/\/kinamihealth.com\/"},{"@type":"ListItem","position":2,"name":"Boutique","item":"https:\/\/kinamihealth.com\/shop\/"},{"@type":"ListItem","position":3,"name":"FILLMED\u00ae TIME PEEL"}]},{"@type":"WebSite","@id":"https:\/\/kinamihealth.com\/#website","url":"https:\/\/kinamihealth.com\/","name":"Kinami Health","description":"","publisher":{"@id":"https:\/\/kinamihealth.com\/#organization"},"potentialAction":[{"@type":"SearchAction","target":{"@type":"EntryPoint","urlTemplate":"https:\/\/kinamihealth.com\/?s={search_term_string}"},"query-input":{"@type":"PropertyValueSpecification","valueRequired":true,"valueName":"search_term_string"}}],"inLanguage":"fr-FR"},{"@type":"Organization","@id":"https:\/\/kinamihealth.com\/#organization","name":"Kinami Health","url":"https:\/\/kinamihealth.com\/","logo":{"@type":"ImageObject","inLanguage":"fr-FR","@id":"https:\/\/kinamihealth.com\/#\/schema\/logo\/image\/","url":"https:\/\/kinamihealth.com\/wp-content\/uploads\/2025\/01\/KH_logo_black_2-1.png","contentUrl":"https:\/\/kinamihealth.com\/wp-content\/uploads\/2025\/01\/KH_logo_black_2-1.png","width":339,"height":34,"caption":"Kinami Health"},"image":{"@id":"https:\/\/kinamihealth.com\/#\/schema\/logo\/image\/"}}]}},"_links":{"self":[{"href":"https:\/\/kinamihealth.com\/fr\/wp-json\/wp\/v2\/product\/107747","targetHints":{"allow":["GET"]}}],"collection":[{"href":"https:\/\/kinamihealth.com\/fr\/wp-json\/wp\/v2\/product"}],"about":[{"href":"https:\/\/kinamihealth.com\/fr\/wp-json\/wp\/v2\/types\/product"}],"replies":[{"embeddable":true,"href":"https:\/\/kinamihealth.com\/fr\/wp-json\/wp\/v2\/comments?post=107747"}],"version-history":[{"count":2,"href":"https:\/\/kinamihealth.com\/fr\/wp-json\/wp\/v2\/product\/107747\/revisions"}],"predecessor-version":[{"id":134608,"href":"https:\/\/kinamihealth.com\/fr\/wp-json\/wp\/v2\/product\/107747\/revisions\/134608"}],"wp:featuredmedia":[{"embeddable":true,"href":"https:\/\/kinamihealth.com\/fr\/wp-json\/wp\/v2\/media\/134120"}],"wp:attachment":[{"href":"https:\/\/kinamihealth.com\/fr\/wp-json\/wp\/v2\/media?parent=107747"}],"wp:term":[{"taxonomy":"product_brand","embeddable":true,"href":"https:\/\/kinamihealth.com\/fr\/wp-json\/wp\/v2\/product_brand?post=107747"},{"taxonomy":"product_cat","embeddable":true,"href":"https:\/\/kinamihealth.com\/fr\/wp-json\/wp\/v2\/product_cat?post=107747"},{"taxonomy":"product_tag","embeddable":true,"href":"https:\/\/kinamihealth.com\/fr\/wp-json\/wp\/v2\/product_tag?post=107747"}],"curies":[{"name":"wp","href":"https:\/\/api.w.org\/{rel}","templated":true}]}}