{"id":107738,"date":"2025-02-15T16:54:51","date_gmt":"2025-02-15T16:54:51","guid":{"rendered":"https:\/\/kinamihealth.com\/product\/fillmed-art-filler-lips-soft-lidocaine\/"},"modified":"2026-01-21T15:28:05","modified_gmt":"2026-01-21T15:28:05","slug":"fillmed-art-filler-lips-soft-lidocaine","status":"publish","type":"product","link":"https:\/\/kinamihealth.com\/fr\/produit\/fillmed-art-filler-lips-soft-lidocaine\/","title":{"rendered":"FILLMED\u00ae ART FILLER LIPS SOFT Lidocaine"},"content":{"rendered":"<p>FILLMED ART FILLER LIPS SOFT avec lidoca\u00efne est un produit de comblement dermique \u00e0 base d&#8217;acide hyaluronique. Il est sp\u00e9cialement con\u00e7u pour repulper et redessiner les l\u00e8vres ainsi que pour l&#8217;att\u00e9nuation des rides moyennes et superficielles. Ce produit int\u00e8gre la technologie avanc\u00e9e TRY-HYAL, qui combine trois types diff\u00e9rents d&#8217;acide hyaluronique. En associant de l&#8217;acide hyaluronique libre et r\u00e9ticul\u00e9 de diff\u00e9rentes longueurs de cha\u00eene, ce produit offre une structure flexible.<\/p>\n","protected":false},"excerpt":{"rendered":"<p>FILLMED ART FILLER LIPS SOFT avec lidoca\u00efne est un produit de comblement dermique \u00e0 base d&#8217;acide hyaluronique. Il est sp\u00e9cialement con\u00e7u pour repulper et redessiner les l\u00e8vres ainsi que pour l&#8217;att\u00e9nuation des rides moyennes et superficielles. Ce produit int\u00e8gre la technologie avanc\u00e9e TRY-HYAL, qui combine trois types diff\u00e9rents d&#8217;acide hyaluronique. En associant de l&#8217;acide hyaluronique [&hellip;]<\/p>\n","protected":false},"featured_media":107742,"comment_status":"closed","ping_status":"closed","template":"","meta":{"_acf_changed":false,"inline_featured_image":false},"product_brand":[1180],"product_cat":[1217],"product_tag":[1222],"class_list":{"0":"post-107738","1":"product","2":"type-product","3":"status-publish","4":"has-post-thumbnail","6":"product_brand-fillmed","7":"product_cat-produits-de-comblement-dermique","8":"product_tag-dispositifs-medicaux","10":"first","11":"instock","12":"taxable","13":"shipping-taxable","14":"purchasable","15":"product-type-simple","16":"add-to-wishlist-before_image"},"acf":[],"yoast_head":"<!-- This site is optimized with the Yoast SEO plugin v27.3 - https:\/\/yoast.com\/product\/yoast-seo-wordpress\/ -->\n<title>Commander FILLMED\u00ae ART FILLER LIPS SOFT Lidocaine en ligne | Boutique en ligne | Kinami Health<\/title>\n<meta name=\"description\" content=\"Commandez FILLMED\u00ae ART FILLER LIPS SOFT avec lidoca\u00efne pour affiner la texture et la d\u00e9finition des l\u00e8vres gr\u00e2ce \u00e0 une hydratation douce et \u00e0 la lidoca\u00efne, pour une application lisse et confortable.\" \/>\n<meta name=\"robots\" content=\"index, follow, max-snippet:-1, max-image-preview:large, max-video-preview:-1\" \/>\n<link rel=\"canonical\" href=\"https:\/\/kinamihealth.com\/fr\/wp-json\/wp\/v2\/product\/107738\" \/>\n<meta property=\"og:locale\" content=\"fr_FR\" \/>\n<meta property=\"og:type\" content=\"article\" \/>\n<meta property=\"og:title\" content=\"Commander FILLMED\u00ae ART FILLER LIPS SOFT Lidocaine en ligne | Boutique en ligne | Kinami Health\" \/>\n<meta property=\"og:description\" content=\"Commandez FILLMED\u00ae ART FILLER LIPS SOFT avec lidoca\u00efne pour affiner la texture et la d\u00e9finition des l\u00e8vres gr\u00e2ce \u00e0 une hydratation douce et \u00e0 la lidoca\u00efne, pour une application lisse et confortable.\" \/>\n<meta property=\"og:url\" content=\"https:\/\/kinamihealth.com\/fr\/product\/fillmed-art-filler-lips-soft-lidocaine\/\" \/>\n<meta property=\"og:site_name\" content=\"Kinami Health\" \/>\n<meta property=\"article:modified_time\" content=\"2026-01-21T15:28:05+00:00\" \/>\n<meta property=\"og:image\" content=\"https:\/\/kinamihealth.com\/wp-content\/uploads\/2025\/02\/FILLMED-ARTFILLER-LIPSSOFT-01.jpg\" \/>\n\t<meta property=\"og:image:width\" content=\"800\" \/>\n\t<meta property=\"og:image:height\" content=\"800\" \/>\n\t<meta property=\"og:image:type\" content=\"image\/jpeg\" \/>\n<meta name=\"twitter:card\" content=\"summary_large_image\" \/>\n<meta name=\"twitter:label1\" content=\"Dur\u00e9e de lecture estim\u00e9e\" \/>\n\t<meta name=\"twitter:data1\" content=\"1 minute\" \/>\n<!-- \/ Yoast SEO plugin. -->","yoast_head_json":{"title":"Commander FILLMED\u00ae ART FILLER LIPS SOFT Lidocaine en ligne | Boutique en ligne | Kinami Health","description":"Commandez FILLMED\u00ae ART FILLER LIPS SOFT avec lidoca\u00efne pour affiner la texture et la d\u00e9finition des l\u00e8vres gr\u00e2ce \u00e0 une hydratation douce et \u00e0 la lidoca\u00efne, pour une application lisse et confortable.","robots":{"index":"index","follow":"follow","max-snippet":"max-snippet:-1","max-image-preview":"max-image-preview:large","max-video-preview":"max-video-preview:-1"},"canonical":"https:\/\/kinamihealth.com\/fr\/wp-json\/wp\/v2\/product\/107738","og_locale":"fr_FR","og_type":"article","og_title":"Commander FILLMED\u00ae ART FILLER LIPS SOFT Lidocaine en ligne | Boutique en ligne | Kinami Health","og_description":"Commandez FILLMED\u00ae ART FILLER LIPS SOFT avec lidoca\u00efne pour affiner la texture et la d\u00e9finition des l\u00e8vres gr\u00e2ce \u00e0 une hydratation douce et \u00e0 la lidoca\u00efne, pour une application lisse et confortable.","og_url":"https:\/\/kinamihealth.com\/fr\/product\/fillmed-art-filler-lips-soft-lidocaine\/","og_site_name":"Kinami Health","article_modified_time":"2026-01-21T15:28:05+00:00","og_image":[{"width":800,"height":800,"url":"https:\/\/kinamihealth.com\/wp-content\/uploads\/2025\/02\/FILLMED-ARTFILLER-LIPSSOFT-01.jpg","type":"image\/jpeg"}],"twitter_card":"summary_large_image","twitter_misc":{"Dur\u00e9e de lecture estim\u00e9e":"1 minute"},"schema":{"@context":"https:\/\/schema.org","@graph":[{"@type":"WebPage","@id":"https:\/\/kinamihealth.com\/fr\/product\/fillmed-art-filler-lips-soft-lidocaine\/","url":"https:\/\/kinamihealth.com\/fr\/product\/fillmed-art-filler-lips-soft-lidocaine\/","name":"Commander FILLMED\u00ae ART FILLER LIPS SOFT Lidocaine en ligne | Boutique en ligne | Kinami Health","isPartOf":{"@id":"https:\/\/kinamihealth.com\/#website"},"primaryImageOfPage":{"@id":"https:\/\/kinamihealth.com\/fr\/product\/fillmed-art-filler-lips-soft-lidocaine\/#primaryimage"},"image":{"@id":"https:\/\/kinamihealth.com\/fr\/product\/fillmed-art-filler-lips-soft-lidocaine\/#primaryimage"},"thumbnailUrl":"https:\/\/kinamihealth.com\/wp-content\/uploads\/2025\/02\/FILLMED-ARTFILLER-LIPSSOFT-01.jpg","datePublished":"2025-02-15T16:54:51+00:00","dateModified":"2026-01-21T15:28:05+00:00","description":"Commandez FILLMED\u00ae ART FILLER LIPS SOFT avec lidoca\u00efne pour affiner la texture et la d\u00e9finition des l\u00e8vres gr\u00e2ce \u00e0 une hydratation douce et \u00e0 la lidoca\u00efne, pour une application lisse et confortable.","breadcrumb":{"@id":"https:\/\/kinamihealth.com\/fr\/product\/fillmed-art-filler-lips-soft-lidocaine\/#breadcrumb"},"inLanguage":"fr-FR","potentialAction":[{"@type":"ReadAction","target":["https:\/\/kinamihealth.com\/fr\/product\/fillmed-art-filler-lips-soft-lidocaine\/"]}]},{"@type":"ImageObject","inLanguage":"fr-FR","@id":"https:\/\/kinamihealth.com\/fr\/product\/fillmed-art-filler-lips-soft-lidocaine\/#primaryimage","url":"https:\/\/kinamihealth.com\/wp-content\/uploads\/2025\/02\/FILLMED-ARTFILLER-LIPSSOFT-01.jpg","contentUrl":"https:\/\/kinamihealth.com\/wp-content\/uploads\/2025\/02\/FILLMED-ARTFILLER-LIPSSOFT-01.jpg","width":800,"height":800},{"@type":"BreadcrumbList","@id":"https:\/\/kinamihealth.com\/fr\/product\/fillmed-art-filler-lips-soft-lidocaine\/#breadcrumb","itemListElement":[{"@type":"ListItem","position":1,"name":"Page d'accueil","item":"https:\/\/kinamihealth.com\/"},{"@type":"ListItem","position":2,"name":"Boutique","item":"https:\/\/kinamihealth.com\/shop\/"},{"@type":"ListItem","position":3,"name":"FILLMED\u00ae ART FILLER LIPS SOFT Lidocaine"}]},{"@type":"WebSite","@id":"https:\/\/kinamihealth.com\/#website","url":"https:\/\/kinamihealth.com\/","name":"Kinami Health","description":"","publisher":{"@id":"https:\/\/kinamihealth.com\/#organization"},"potentialAction":[{"@type":"SearchAction","target":{"@type":"EntryPoint","urlTemplate":"https:\/\/kinamihealth.com\/?s={search_term_string}"},"query-input":{"@type":"PropertyValueSpecification","valueRequired":true,"valueName":"search_term_string"}}],"inLanguage":"fr-FR"},{"@type":"Organization","@id":"https:\/\/kinamihealth.com\/#organization","name":"Kinami Health","url":"https:\/\/kinamihealth.com\/","logo":{"@type":"ImageObject","inLanguage":"fr-FR","@id":"https:\/\/kinamihealth.com\/#\/schema\/logo\/image\/","url":"https:\/\/kinamihealth.com\/wp-content\/uploads\/2025\/01\/KH_logo_black_2-1.png","contentUrl":"https:\/\/kinamihealth.com\/wp-content\/uploads\/2025\/01\/KH_logo_black_2-1.png","width":339,"height":34,"caption":"Kinami Health"},"image":{"@id":"https:\/\/kinamihealth.com\/#\/schema\/logo\/image\/"}}]}},"_links":{"self":[{"href":"https:\/\/kinamihealth.com\/fr\/wp-json\/wp\/v2\/product\/107738","targetHints":{"allow":["GET"]}}],"collection":[{"href":"https:\/\/kinamihealth.com\/fr\/wp-json\/wp\/v2\/product"}],"about":[{"href":"https:\/\/kinamihealth.com\/fr\/wp-json\/wp\/v2\/types\/product"}],"replies":[{"embeddable":true,"href":"https:\/\/kinamihealth.com\/fr\/wp-json\/wp\/v2\/comments?post=107738"}],"version-history":[{"count":0,"href":"https:\/\/kinamihealth.com\/fr\/wp-json\/wp\/v2\/product\/107738\/revisions"}],"wp:featuredmedia":[{"embeddable":true,"href":"https:\/\/kinamihealth.com\/fr\/wp-json\/wp\/v2\/media\/107742"}],"wp:attachment":[{"href":"https:\/\/kinamihealth.com\/fr\/wp-json\/wp\/v2\/media?parent=107738"}],"wp:term":[{"taxonomy":"product_brand","embeddable":true,"href":"https:\/\/kinamihealth.com\/fr\/wp-json\/wp\/v2\/product_brand?post=107738"},{"taxonomy":"product_cat","embeddable":true,"href":"https:\/\/kinamihealth.com\/fr\/wp-json\/wp\/v2\/product_cat?post=107738"},{"taxonomy":"product_tag","embeddable":true,"href":"https:\/\/kinamihealth.com\/fr\/wp-json\/wp\/v2\/product_tag?post=107738"}],"curies":[{"name":"wp","href":"https:\/\/api.w.org\/{rel}","templated":true}]}}