{"id":107698,"date":"2025-02-15T16:54:54","date_gmt":"2025-02-15T16:54:54","guid":{"rendered":"https:\/\/kinamihealth.com\/product\/fillmed-m-ha-10\/"},"modified":"2026-01-21T15:25:04","modified_gmt":"2026-01-21T15:25:04","slug":"fillmed-m-ha-10","status":"publish","type":"product","link":"https:\/\/kinamihealth.com\/fr\/produit\/fillmed-m-ha-10\/","title":{"rendered":"FILLMED M-HA 10"},"content":{"rendered":"<p>Fillmed M-HA 10 traite rapidement et pr\u00e9cis\u00e9ment les signes prononc\u00e9s de d\u00e9shydratation de la peau tout en r\u00e9duisant les ridules sur l&#8217;ensemble du visage. Il conf\u00e8re \u00e0 la peau du visage, du cou, du d\u00e9collet\u00e9 et des mains un \u00e9clat magnifique et durable, ainsi qu&#8217;une hydratation imm\u00e9diate et de longue dur\u00e9e. Ce produit, \u00e0 base d&#8217;acide hyaluronique libre et non r\u00e9ticul\u00e9, n&#8217;est pas d&#8217;origine animale et a un effet naturel et revitalisant sur la peau gr\u00e2ce \u00e0 son principe actif qui est pr\u00e9sent naturellement dans le corps humain. Ainsi, apr\u00e8s seulement 3 s\u00e9ances de traitement en moyenne, la surface de la peau retrouve une apparence jeune, qui peut \u00eatre maintenue encore plus longtemps gr\u00e2ce \u00e0 des traitements d&#8217;entretien.<\/p>\n","protected":false},"excerpt":{"rendered":"<p>Fillmed M-HA 10 traite rapidement et pr\u00e9cis\u00e9ment les signes prononc\u00e9s de d\u00e9shydratation de la peau tout en r\u00e9duisant les ridules sur l&#8217;ensemble du visage. Il conf\u00e8re \u00e0 la peau du visage, du cou, du d\u00e9collet\u00e9 et des mains un \u00e9clat magnifique et durable, ainsi qu&#8217;une hydratation imm\u00e9diate et de longue dur\u00e9e. Ce produit, \u00e0 base [&hellip;]<\/p>\n","protected":false},"featured_media":107699,"comment_status":"closed","ping_status":"closed","template":"","meta":{"_acf_changed":false,"inline_featured_image":false},"product_brand":[1180],"product_cat":[1217],"product_tag":[1222],"class_list":{"0":"post-107698","1":"product","2":"type-product","3":"status-publish","4":"has-post-thumbnail","6":"product_brand-fillmed","7":"product_cat-produits-de-comblement-dermique","8":"product_tag-dispositifs-medicaux","10":"first","11":"instock","12":"taxable","13":"shipping-taxable","14":"purchasable","15":"product-type-simple","16":"add-to-wishlist-before_image"},"acf":[],"yoast_head":"<!-- This site is optimized with the Yoast SEO plugin v27.3 - https:\/\/yoast.com\/product\/yoast-seo-wordpress\/ -->\n<title>Commander FILLMED M-HA 10 en ligne | Boutique en ligne | Kinami Health<\/title>\n<meta name=\"description\" content=\"Commandez FILLMED\u00ae M-HA 10 pour pouvoir offrir une hydratation cibl\u00e9e et un teint am\u00e9lior\u00e9 de la peau gr\u00e2ce \u00e0 une solution d&#039;acide hyaluronique non r\u00e9ticul\u00e9 pour injection superficielle.\" \/>\n<meta name=\"robots\" content=\"index, follow, max-snippet:-1, max-image-preview:large, max-video-preview:-1\" \/>\n<link rel=\"canonical\" href=\"https:\/\/kinamihealth.com\/fr\/wp-json\/wp\/v2\/product\/107698\" \/>\n<meta property=\"og:locale\" content=\"fr_FR\" \/>\n<meta property=\"og:type\" content=\"article\" \/>\n<meta property=\"og:title\" content=\"Commander FILLMED M-HA 10 en ligne | Boutique en ligne | Kinami Health\" \/>\n<meta property=\"og:description\" content=\"Commandez FILLMED\u00ae M-HA 10 pour pouvoir offrir une hydratation cibl\u00e9e et un teint am\u00e9lior\u00e9 de la peau gr\u00e2ce \u00e0 une solution d&#039;acide hyaluronique non r\u00e9ticul\u00e9 pour injection superficielle.\" \/>\n<meta property=\"og:url\" content=\"https:\/\/kinamihealth.com\/fr\/product\/fillmed-m-ha-10\/\" \/>\n<meta property=\"og:site_name\" content=\"Kinami Health\" \/>\n<meta property=\"article:modified_time\" content=\"2026-01-21T15:25:04+00:00\" \/>\n<meta property=\"og:image\" content=\"https:\/\/kinamihealth.com\/wp-content\/uploads\/2025\/02\/FILLMED-MHA10-04.jpg\" \/>\n\t<meta property=\"og:image:width\" content=\"800\" \/>\n\t<meta property=\"og:image:height\" content=\"800\" \/>\n\t<meta property=\"og:image:type\" content=\"image\/jpeg\" \/>\n<meta name=\"twitter:card\" content=\"summary_large_image\" \/>\n<meta name=\"twitter:label1\" content=\"Dur\u00e9e de lecture estim\u00e9e\" \/>\n\t<meta name=\"twitter:data1\" content=\"1 minute\" \/>\n<!-- \/ Yoast SEO plugin. -->","yoast_head_json":{"title":"Commander FILLMED M-HA 10 en ligne | Boutique en ligne | Kinami Health","description":"Commandez FILLMED\u00ae M-HA 10 pour pouvoir offrir une hydratation cibl\u00e9e et un teint am\u00e9lior\u00e9 de la peau gr\u00e2ce \u00e0 une solution d'acide hyaluronique non r\u00e9ticul\u00e9 pour injection superficielle.","robots":{"index":"index","follow":"follow","max-snippet":"max-snippet:-1","max-image-preview":"max-image-preview:large","max-video-preview":"max-video-preview:-1"},"canonical":"https:\/\/kinamihealth.com\/fr\/wp-json\/wp\/v2\/product\/107698","og_locale":"fr_FR","og_type":"article","og_title":"Commander FILLMED M-HA 10 en ligne | Boutique en ligne | Kinami Health","og_description":"Commandez FILLMED\u00ae M-HA 10 pour pouvoir offrir une hydratation cibl\u00e9e et un teint am\u00e9lior\u00e9 de la peau gr\u00e2ce \u00e0 une solution d'acide hyaluronique non r\u00e9ticul\u00e9 pour injection superficielle.","og_url":"https:\/\/kinamihealth.com\/fr\/product\/fillmed-m-ha-10\/","og_site_name":"Kinami Health","article_modified_time":"2026-01-21T15:25:04+00:00","og_image":[{"width":800,"height":800,"url":"https:\/\/kinamihealth.com\/wp-content\/uploads\/2025\/02\/FILLMED-MHA10-04.jpg","type":"image\/jpeg"}],"twitter_card":"summary_large_image","twitter_misc":{"Dur\u00e9e de lecture estim\u00e9e":"1 minute"},"schema":{"@context":"https:\/\/schema.org","@graph":[{"@type":"WebPage","@id":"https:\/\/kinamihealth.com\/fr\/product\/fillmed-m-ha-10\/","url":"https:\/\/kinamihealth.com\/fr\/product\/fillmed-m-ha-10\/","name":"Commander FILLMED M-HA 10 en ligne | Boutique en ligne | Kinami Health","isPartOf":{"@id":"https:\/\/kinamihealth.com\/#website"},"primaryImageOfPage":{"@id":"https:\/\/kinamihealth.com\/fr\/product\/fillmed-m-ha-10\/#primaryimage"},"image":{"@id":"https:\/\/kinamihealth.com\/fr\/product\/fillmed-m-ha-10\/#primaryimage"},"thumbnailUrl":"https:\/\/kinamihealth.com\/wp-content\/uploads\/2025\/02\/FILLMED-MHA10-04.jpg","datePublished":"2025-02-15T16:54:54+00:00","dateModified":"2026-01-21T15:25:04+00:00","description":"Commandez FILLMED\u00ae M-HA 10 pour pouvoir offrir une hydratation cibl\u00e9e et un teint am\u00e9lior\u00e9 de la peau gr\u00e2ce \u00e0 une solution d'acide hyaluronique non r\u00e9ticul\u00e9 pour injection superficielle.","breadcrumb":{"@id":"https:\/\/kinamihealth.com\/fr\/product\/fillmed-m-ha-10\/#breadcrumb"},"inLanguage":"fr-FR","potentialAction":[{"@type":"ReadAction","target":["https:\/\/kinamihealth.com\/fr\/product\/fillmed-m-ha-10\/"]}]},{"@type":"ImageObject","inLanguage":"fr-FR","@id":"https:\/\/kinamihealth.com\/fr\/product\/fillmed-m-ha-10\/#primaryimage","url":"https:\/\/kinamihealth.com\/wp-content\/uploads\/2025\/02\/FILLMED-MHA10-04.jpg","contentUrl":"https:\/\/kinamihealth.com\/wp-content\/uploads\/2025\/02\/FILLMED-MHA10-04.jpg","width":800,"height":800},{"@type":"BreadcrumbList","@id":"https:\/\/kinamihealth.com\/fr\/product\/fillmed-m-ha-10\/#breadcrumb","itemListElement":[{"@type":"ListItem","position":1,"name":"Page d'accueil","item":"https:\/\/kinamihealth.com\/"},{"@type":"ListItem","position":2,"name":"Boutique","item":"https:\/\/kinamihealth.com\/shop\/"},{"@type":"ListItem","position":3,"name":"FILLMED M-HA 10"}]},{"@type":"WebSite","@id":"https:\/\/kinamihealth.com\/#website","url":"https:\/\/kinamihealth.com\/","name":"Kinami Health","description":"","publisher":{"@id":"https:\/\/kinamihealth.com\/#organization"},"potentialAction":[{"@type":"SearchAction","target":{"@type":"EntryPoint","urlTemplate":"https:\/\/kinamihealth.com\/?s={search_term_string}"},"query-input":{"@type":"PropertyValueSpecification","valueRequired":true,"valueName":"search_term_string"}}],"inLanguage":"fr-FR"},{"@type":"Organization","@id":"https:\/\/kinamihealth.com\/#organization","name":"Kinami Health","url":"https:\/\/kinamihealth.com\/","logo":{"@type":"ImageObject","inLanguage":"fr-FR","@id":"https:\/\/kinamihealth.com\/#\/schema\/logo\/image\/","url":"https:\/\/kinamihealth.com\/wp-content\/uploads\/2025\/01\/KH_logo_black_2-1.png","contentUrl":"https:\/\/kinamihealth.com\/wp-content\/uploads\/2025\/01\/KH_logo_black_2-1.png","width":339,"height":34,"caption":"Kinami Health"},"image":{"@id":"https:\/\/kinamihealth.com\/#\/schema\/logo\/image\/"}}]}},"_links":{"self":[{"href":"https:\/\/kinamihealth.com\/fr\/wp-json\/wp\/v2\/product\/107698","targetHints":{"allow":["GET"]}}],"collection":[{"href":"https:\/\/kinamihealth.com\/fr\/wp-json\/wp\/v2\/product"}],"about":[{"href":"https:\/\/kinamihealth.com\/fr\/wp-json\/wp\/v2\/types\/product"}],"replies":[{"embeddable":true,"href":"https:\/\/kinamihealth.com\/fr\/wp-json\/wp\/v2\/comments?post=107698"}],"version-history":[{"count":0,"href":"https:\/\/kinamihealth.com\/fr\/wp-json\/wp\/v2\/product\/107698\/revisions"}],"wp:featuredmedia":[{"embeddable":true,"href":"https:\/\/kinamihealth.com\/fr\/wp-json\/wp\/v2\/media\/107699"}],"wp:attachment":[{"href":"https:\/\/kinamihealth.com\/fr\/wp-json\/wp\/v2\/media?parent=107698"}],"wp:term":[{"taxonomy":"product_brand","embeddable":true,"href":"https:\/\/kinamihealth.com\/fr\/wp-json\/wp\/v2\/product_brand?post=107698"},{"taxonomy":"product_cat","embeddable":true,"href":"https:\/\/kinamihealth.com\/fr\/wp-json\/wp\/v2\/product_cat?post=107698"},{"taxonomy":"product_tag","embeddable":true,"href":"https:\/\/kinamihealth.com\/fr\/wp-json\/wp\/v2\/product_tag?post=107698"}],"curies":[{"name":"wp","href":"https:\/\/api.w.org\/{rel}","templated":true}]}}