{"id":107684,"date":"2025-02-15T16:54:55","date_gmt":"2025-02-15T16:54:55","guid":{"rendered":"https:\/\/kinamihealth.com\/product\/fillmed-m-ha-18\/"},"modified":"2026-01-21T15:25:07","modified_gmt":"2026-01-21T15:25:07","slug":"fillmed-m-ha-18","status":"publish","type":"product","link":"https:\/\/kinamihealth.com\/fr\/produit\/fillmed-m-ha-18\/","title":{"rendered":"FILLMED M-HA 18"},"content":{"rendered":"<p>Fillmed\u00ae M-HA 18 poss\u00e8de une grande capacit\u00e9 de r\u00e9tention d&#8217;eau, ce qui compense le manque d&#8217;hydratation de la peau. Gr\u00e2ce \u00e0 la forte concentration en acide hyaluronique hautement purifi\u00e9 et en glyc\u00e9rine, les r\u00e9sultats sont visibles d\u00e8s la premi\u00e8re injection. La peau para\u00eet plus repulp\u00e9e, retrouve une nouvelle \u00e9lasticit\u00e9, tandis que les rides sont consid\u00e9rablement att\u00e9nu\u00e9es. La r\u00e9g\u00e9n\u00e9ration du tissu cutan\u00e9 est stimul\u00e9e gr\u00e2ce \u00e0 l&#8217;acide hyaluronique, une substance endog\u00e8ne, ce qui signifie que les r\u00e9sultats sont particuli\u00e8rement durables. La peau devient plus dense et plus ferme.<\/p>\n","protected":false},"excerpt":{"rendered":"<p>Fillmed\u00ae M-HA 18 poss\u00e8de une grande capacit\u00e9 de r\u00e9tention d&#8217;eau, ce qui compense le manque d&#8217;hydratation de la peau. Gr\u00e2ce \u00e0 la forte concentration en acide hyaluronique hautement purifi\u00e9 et en glyc\u00e9rine, les r\u00e9sultats sont visibles d\u00e8s la premi\u00e8re injection. La peau para\u00eet plus repulp\u00e9e, retrouve une nouvelle \u00e9lasticit\u00e9, tandis que les rides sont consid\u00e9rablement [&hellip;]<\/p>\n","protected":false},"featured_media":107688,"comment_status":"closed","ping_status":"closed","template":"","meta":{"_acf_changed":false,"inline_featured_image":false},"product_brand":[1180],"product_cat":[1217],"product_tag":[1222],"class_list":{"0":"post-107684","1":"product","2":"type-product","3":"status-publish","4":"has-post-thumbnail","6":"product_brand-fillmed","7":"product_cat-produits-de-comblement-dermique","8":"product_tag-dispositifs-medicaux","10":"first","11":"instock","12":"taxable","13":"shipping-taxable","14":"purchasable","15":"product-type-simple","16":"add-to-wishlist-before_image"},"acf":[],"yoast_head":"<!-- This site is optimized with the Yoast SEO plugin v27.1.1 - https:\/\/yoast.com\/product\/yoast-seo-wordpress\/ -->\n<title>Commander FILLMED M-HA 18 en ligne | Boutique en ligne | Kinami Health<\/title>\n<meta name=\"description\" content=\"Commandez FILLMED\u00ae M-HA 18, un produit injectable de qualit\u00e9 professionnelle utilis\u00e9 pour am\u00e9liorer l&#039;hydratation, l&#039;\u00e9lasticit\u00e9 et la fermet\u00e9 de la peau dans le cadre de traitements cliniques.\" \/>\n<meta name=\"robots\" content=\"index, follow, max-snippet:-1, max-image-preview:large, max-video-preview:-1\" \/>\n<link rel=\"canonical\" href=\"https:\/\/kinamihealth.com\/fr\/wp-json\/wp\/v2\/product\/107684\" \/>\n<meta property=\"og:locale\" content=\"fr_FR\" \/>\n<meta property=\"og:type\" content=\"article\" \/>\n<meta property=\"og:title\" content=\"Commander FILLMED M-HA 18 en ligne | Boutique en ligne | Kinami Health\" \/>\n<meta property=\"og:description\" content=\"Commandez FILLMED\u00ae M-HA 18, un produit injectable de qualit\u00e9 professionnelle utilis\u00e9 pour am\u00e9liorer l&#039;hydratation, l&#039;\u00e9lasticit\u00e9 et la fermet\u00e9 de la peau dans le cadre de traitements cliniques.\" \/>\n<meta property=\"og:url\" content=\"https:\/\/kinamihealth.com\/fr\/product\/fillmed-m-ha-18\/\" \/>\n<meta property=\"og:site_name\" content=\"Kinami Health\" \/>\n<meta property=\"article:modified_time\" content=\"2026-01-21T15:25:07+00:00\" \/>\n<meta property=\"og:image\" content=\"https:\/\/kinamihealth.com\/wp-content\/uploads\/2025\/02\/FILLMED-MHA18-01.jpg\" \/>\n\t<meta property=\"og:image:width\" content=\"800\" \/>\n\t<meta property=\"og:image:height\" content=\"800\" \/>\n\t<meta property=\"og:image:type\" content=\"image\/jpeg\" \/>\n<meta name=\"twitter:card\" content=\"summary_large_image\" \/>\n<meta name=\"twitter:label1\" content=\"Dur\u00e9e de lecture estim\u00e9e\" \/>\n\t<meta name=\"twitter:data1\" content=\"1 minute\" \/>\n<!-- \/ Yoast SEO plugin. -->","yoast_head_json":{"title":"Commander FILLMED M-HA 18 en ligne | Boutique en ligne | Kinami Health","description":"Commandez FILLMED\u00ae M-HA 18, un produit injectable de qualit\u00e9 professionnelle utilis\u00e9 pour am\u00e9liorer l'hydratation, l'\u00e9lasticit\u00e9 et la fermet\u00e9 de la peau dans le cadre de traitements cliniques.","robots":{"index":"index","follow":"follow","max-snippet":"max-snippet:-1","max-image-preview":"max-image-preview:large","max-video-preview":"max-video-preview:-1"},"canonical":"https:\/\/kinamihealth.com\/fr\/wp-json\/wp\/v2\/product\/107684","og_locale":"fr_FR","og_type":"article","og_title":"Commander FILLMED M-HA 18 en ligne | Boutique en ligne | Kinami Health","og_description":"Commandez FILLMED\u00ae M-HA 18, un produit injectable de qualit\u00e9 professionnelle utilis\u00e9 pour am\u00e9liorer l'hydratation, l'\u00e9lasticit\u00e9 et la fermet\u00e9 de la peau dans le cadre de traitements cliniques.","og_url":"https:\/\/kinamihealth.com\/fr\/product\/fillmed-m-ha-18\/","og_site_name":"Kinami Health","article_modified_time":"2026-01-21T15:25:07+00:00","og_image":[{"width":800,"height":800,"url":"https:\/\/kinamihealth.com\/wp-content\/uploads\/2025\/02\/FILLMED-MHA18-01.jpg","type":"image\/jpeg"}],"twitter_card":"summary_large_image","twitter_misc":{"Dur\u00e9e de lecture estim\u00e9e":"1 minute"},"schema":{"@context":"https:\/\/schema.org","@graph":[{"@type":"WebPage","@id":"https:\/\/kinamihealth.com\/fr\/product\/fillmed-m-ha-18\/","url":"https:\/\/kinamihealth.com\/fr\/product\/fillmed-m-ha-18\/","name":"Commander FILLMED M-HA 18 en ligne | Boutique en ligne | Kinami Health","isPartOf":{"@id":"https:\/\/kinamihealth.com\/#website"},"primaryImageOfPage":{"@id":"https:\/\/kinamihealth.com\/fr\/product\/fillmed-m-ha-18\/#primaryimage"},"image":{"@id":"https:\/\/kinamihealth.com\/fr\/product\/fillmed-m-ha-18\/#primaryimage"},"thumbnailUrl":"https:\/\/kinamihealth.com\/wp-content\/uploads\/2025\/02\/FILLMED-MHA18-01.jpg","datePublished":"2025-02-15T16:54:55+00:00","dateModified":"2026-01-21T15:25:07+00:00","description":"Commandez FILLMED\u00ae M-HA 18, un produit injectable de qualit\u00e9 professionnelle utilis\u00e9 pour am\u00e9liorer l'hydratation, l'\u00e9lasticit\u00e9 et la fermet\u00e9 de la peau dans le cadre de traitements cliniques.","breadcrumb":{"@id":"https:\/\/kinamihealth.com\/fr\/product\/fillmed-m-ha-18\/#breadcrumb"},"inLanguage":"fr-FR","potentialAction":[{"@type":"ReadAction","target":["https:\/\/kinamihealth.com\/fr\/product\/fillmed-m-ha-18\/"]}]},{"@type":"ImageObject","inLanguage":"fr-FR","@id":"https:\/\/kinamihealth.com\/fr\/product\/fillmed-m-ha-18\/#primaryimage","url":"https:\/\/kinamihealth.com\/wp-content\/uploads\/2025\/02\/FILLMED-MHA18-01.jpg","contentUrl":"https:\/\/kinamihealth.com\/wp-content\/uploads\/2025\/02\/FILLMED-MHA18-01.jpg","width":800,"height":800},{"@type":"BreadcrumbList","@id":"https:\/\/kinamihealth.com\/fr\/product\/fillmed-m-ha-18\/#breadcrumb","itemListElement":[{"@type":"ListItem","position":1,"name":"Page d'accueil","item":"https:\/\/kinamihealth.com\/"},{"@type":"ListItem","position":2,"name":"Boutique","item":"https:\/\/kinamihealth.com\/shop\/"},{"@type":"ListItem","position":3,"name":"FILLMED M-HA 18"}]},{"@type":"WebSite","@id":"https:\/\/kinamihealth.com\/#website","url":"https:\/\/kinamihealth.com\/","name":"Kinami Health","description":"","publisher":{"@id":"https:\/\/kinamihealth.com\/#organization"},"potentialAction":[{"@type":"SearchAction","target":{"@type":"EntryPoint","urlTemplate":"https:\/\/kinamihealth.com\/?s={search_term_string}"},"query-input":{"@type":"PropertyValueSpecification","valueRequired":true,"valueName":"search_term_string"}}],"inLanguage":"fr-FR"},{"@type":"Organization","@id":"https:\/\/kinamihealth.com\/#organization","name":"Kinami Health","url":"https:\/\/kinamihealth.com\/","logo":{"@type":"ImageObject","inLanguage":"fr-FR","@id":"https:\/\/kinamihealth.com\/#\/schema\/logo\/image\/","url":"https:\/\/kinamihealth.com\/wp-content\/uploads\/2025\/01\/KH_logo_black_2-1.png","contentUrl":"https:\/\/kinamihealth.com\/wp-content\/uploads\/2025\/01\/KH_logo_black_2-1.png","width":339,"height":34,"caption":"Kinami Health"},"image":{"@id":"https:\/\/kinamihealth.com\/#\/schema\/logo\/image\/"}}]}},"_links":{"self":[{"href":"https:\/\/kinamihealth.com\/fr\/wp-json\/wp\/v2\/product\/107684","targetHints":{"allow":["GET"]}}],"collection":[{"href":"https:\/\/kinamihealth.com\/fr\/wp-json\/wp\/v2\/product"}],"about":[{"href":"https:\/\/kinamihealth.com\/fr\/wp-json\/wp\/v2\/types\/product"}],"replies":[{"embeddable":true,"href":"https:\/\/kinamihealth.com\/fr\/wp-json\/wp\/v2\/comments?post=107684"}],"version-history":[{"count":0,"href":"https:\/\/kinamihealth.com\/fr\/wp-json\/wp\/v2\/product\/107684\/revisions"}],"wp:featuredmedia":[{"embeddable":true,"href":"https:\/\/kinamihealth.com\/fr\/wp-json\/wp\/v2\/media\/107688"}],"wp:attachment":[{"href":"https:\/\/kinamihealth.com\/fr\/wp-json\/wp\/v2\/media?parent=107684"}],"wp:term":[{"taxonomy":"product_brand","embeddable":true,"href":"https:\/\/kinamihealth.com\/fr\/wp-json\/wp\/v2\/product_brand?post=107684"},{"taxonomy":"product_cat","embeddable":true,"href":"https:\/\/kinamihealth.com\/fr\/wp-json\/wp\/v2\/product_cat?post=107684"},{"taxonomy":"product_tag","embeddable":true,"href":"https:\/\/kinamihealth.com\/fr\/wp-json\/wp\/v2\/product_tag?post=107684"}],"curies":[{"name":"wp","href":"https:\/\/api.w.org\/{rel}","templated":true}]}}