{"id":107659,"date":"2025-02-15T16:54:58","date_gmt":"2025-02-15T16:54:58","guid":{"rendered":"https:\/\/kinamihealth.com\/product\/fillmed-nctf-135-ha-10-flacons\/"},"modified":"2026-01-21T15:27:46","modified_gmt":"2026-01-21T15:27:46","slug":"fillmed-nctf-135-ha-10-flacons","status":"publish","type":"product","link":"https:\/\/kinamihealth.com\/fr\/produit\/fillmed-nctf-135-ha-10-flacons\/","title":{"rendered":"FILLMED NCTF 135 HA (10 flacons)"},"content":{"rendered":"<p>Fillmed NCTF 135HA revitalise, hydrate et rafra\u00eechit la peau de diff\u00e9rentes zones du haut du corps, tout en red\u00e9finissant et lissant les traits du visage. Il est particuli\u00e8rement adapt\u00e9 au traitement des zones stress\u00e9es du visage, du cou, du d\u00e9collet\u00e9, du dos des mains et des bras, o\u00f9 il peut \u00e9galement r\u00e9duire les rides l\u00e9g\u00e8res et agir sur la d\u00e9shydratation.<\/p>\n","protected":false},"excerpt":{"rendered":"<p>Fillmed NCTF 135HA revitalise, hydrate et rafra\u00eechit la peau de diff\u00e9rentes zones du haut du corps, tout en red\u00e9finissant et lissant les traits du visage. Il est particuli\u00e8rement adapt\u00e9 au traitement des zones stress\u00e9es du visage, du cou, du d\u00e9collet\u00e9, du dos des mains et des bras, o\u00f9 il peut \u00e9galement r\u00e9duire les rides l\u00e9g\u00e8res [&hellip;]<\/p>\n","protected":false},"featured_media":107663,"comment_status":"closed","ping_status":"closed","template":"","meta":{"_acf_changed":false,"inline_featured_image":false},"product_brand":[],"product_cat":[],"product_tag":[],"class_list":{"0":"post-107659","1":"product","2":"type-product","3":"status-publish","4":"has-post-thumbnail","7":"first","8":"instock","9":"taxable","10":"shipping-taxable","11":"purchasable","12":"product-type-simple","13":"add-to-wishlist-before_image"},"acf":[],"yoast_head":"<!-- This site is optimized with the Yoast SEO plugin v27.3 - https:\/\/yoast.com\/product\/yoast-seo-wordpress\/ -->\n<title>Commander FILLMED NCTF 135 HA (10 flacons) en ligne | Boutique en ligne | Kinami Health<\/title>\n<meta name=\"description\" content=\"Commandez FILLMED\u00ae NCTF 135 HA (10 flacons) afin que votre cabinet esth\u00e9tique puisse fournir un soutien injectable avanc\u00e9 de l&#039;hydratation, la densit\u00e9 dermique et la qualit\u00e9 de la peau.\" \/>\n<meta name=\"robots\" content=\"index, follow, max-snippet:-1, max-image-preview:large, max-video-preview:-1\" \/>\n<link rel=\"canonical\" href=\"https:\/\/kinamihealth.com\/fr\/wp-json\/wp\/v2\/product\/107659\" \/>\n<meta property=\"og:locale\" content=\"fr_FR\" \/>\n<meta property=\"og:type\" content=\"article\" \/>\n<meta property=\"og:title\" content=\"Commander FILLMED NCTF 135 HA (10 flacons) en ligne | Boutique en ligne | Kinami Health\" \/>\n<meta property=\"og:description\" content=\"Commandez FILLMED\u00ae NCTF 135 HA (10 flacons) afin que votre cabinet esth\u00e9tique puisse fournir un soutien injectable avanc\u00e9 de l&#039;hydratation, la densit\u00e9 dermique et la qualit\u00e9 de la peau.\" \/>\n<meta property=\"og:url\" content=\"https:\/\/kinamihealth.com\/fr\/product\/fillmed-nctf-135-ha-10-flacons\/\" \/>\n<meta property=\"og:site_name\" content=\"Kinami Health\" \/>\n<meta property=\"article:modified_time\" content=\"2026-01-21T15:27:46+00:00\" \/>\n<meta property=\"og:image\" content=\"https:\/\/kinamihealth.com\/wp-content\/uploads\/2025\/02\/FILLMED-NCTF-135HA-10VIALS-01.jpg\" \/>\n\t<meta property=\"og:image:width\" content=\"800\" \/>\n\t<meta property=\"og:image:height\" content=\"800\" \/>\n\t<meta property=\"og:image:type\" content=\"image\/jpeg\" \/>\n<meta name=\"twitter:card\" content=\"summary_large_image\" \/>\n<meta name=\"twitter:label1\" content=\"Dur\u00e9e de lecture estim\u00e9e\" \/>\n\t<meta name=\"twitter:data1\" content=\"1 minute\" \/>\n<!-- \/ Yoast SEO plugin. -->","yoast_head_json":{"title":"Commander FILLMED NCTF 135 HA (10 flacons) en ligne | Boutique en ligne | Kinami Health","description":"Commandez FILLMED\u00ae NCTF 135 HA (10 flacons) afin que votre cabinet esth\u00e9tique puisse fournir un soutien injectable avanc\u00e9 de l'hydratation, la densit\u00e9 dermique et la qualit\u00e9 de la peau.","robots":{"index":"index","follow":"follow","max-snippet":"max-snippet:-1","max-image-preview":"max-image-preview:large","max-video-preview":"max-video-preview:-1"},"canonical":"https:\/\/kinamihealth.com\/fr\/wp-json\/wp\/v2\/product\/107659","og_locale":"fr_FR","og_type":"article","og_title":"Commander FILLMED NCTF 135 HA (10 flacons) en ligne | Boutique en ligne | Kinami Health","og_description":"Commandez FILLMED\u00ae NCTF 135 HA (10 flacons) afin que votre cabinet esth\u00e9tique puisse fournir un soutien injectable avanc\u00e9 de l'hydratation, la densit\u00e9 dermique et la qualit\u00e9 de la peau.","og_url":"https:\/\/kinamihealth.com\/fr\/product\/fillmed-nctf-135-ha-10-flacons\/","og_site_name":"Kinami Health","article_modified_time":"2026-01-21T15:27:46+00:00","og_image":[{"width":800,"height":800,"url":"https:\/\/kinamihealth.com\/wp-content\/uploads\/2025\/02\/FILLMED-NCTF-135HA-10VIALS-01.jpg","type":"image\/jpeg"}],"twitter_card":"summary_large_image","twitter_misc":{"Dur\u00e9e de lecture estim\u00e9e":"1 minute"},"schema":{"@context":"https:\/\/schema.org","@graph":[{"@type":"WebPage","@id":"https:\/\/kinamihealth.com\/fr\/product\/fillmed-nctf-135-ha-10-flacons\/","url":"https:\/\/kinamihealth.com\/fr\/product\/fillmed-nctf-135-ha-10-flacons\/","name":"Commander FILLMED NCTF 135 HA (10 flacons) en ligne | Boutique en ligne | Kinami Health","isPartOf":{"@id":"https:\/\/kinamihealth.com\/#website"},"primaryImageOfPage":{"@id":"https:\/\/kinamihealth.com\/fr\/product\/fillmed-nctf-135-ha-10-flacons\/#primaryimage"},"image":{"@id":"https:\/\/kinamihealth.com\/fr\/product\/fillmed-nctf-135-ha-10-flacons\/#primaryimage"},"thumbnailUrl":"https:\/\/kinamihealth.com\/wp-content\/uploads\/2025\/02\/FILLMED-NCTF-135HA-10VIALS-01.jpg","datePublished":"2025-02-15T16:54:58+00:00","dateModified":"2026-01-21T15:27:46+00:00","description":"Commandez FILLMED\u00ae NCTF 135 HA (10 flacons) afin que votre cabinet esth\u00e9tique puisse fournir un soutien injectable avanc\u00e9 de l'hydratation, la densit\u00e9 dermique et la qualit\u00e9 de la peau.","breadcrumb":{"@id":"https:\/\/kinamihealth.com\/fr\/product\/fillmed-nctf-135-ha-10-flacons\/#breadcrumb"},"inLanguage":"fr-FR","potentialAction":[{"@type":"ReadAction","target":["https:\/\/kinamihealth.com\/fr\/product\/fillmed-nctf-135-ha-10-flacons\/"]}]},{"@type":"ImageObject","inLanguage":"fr-FR","@id":"https:\/\/kinamihealth.com\/fr\/product\/fillmed-nctf-135-ha-10-flacons\/#primaryimage","url":"https:\/\/kinamihealth.com\/wp-content\/uploads\/2025\/02\/FILLMED-NCTF-135HA-10VIALS-01.jpg","contentUrl":"https:\/\/kinamihealth.com\/wp-content\/uploads\/2025\/02\/FILLMED-NCTF-135HA-10VIALS-01.jpg","width":800,"height":800},{"@type":"BreadcrumbList","@id":"https:\/\/kinamihealth.com\/fr\/product\/fillmed-nctf-135-ha-10-flacons\/#breadcrumb","itemListElement":[{"@type":"ListItem","position":1,"name":"Page d'accueil","item":"https:\/\/kinamihealth.com\/"},{"@type":"ListItem","position":2,"name":"Boutique","item":"https:\/\/kinamihealth.com\/shop\/"},{"@type":"ListItem","position":3,"name":"FILLMED NCTF 135 HA (10 flacons)"}]},{"@type":"WebSite","@id":"https:\/\/kinamihealth.com\/#website","url":"https:\/\/kinamihealth.com\/","name":"Kinami Health","description":"","publisher":{"@id":"https:\/\/kinamihealth.com\/#organization"},"potentialAction":[{"@type":"SearchAction","target":{"@type":"EntryPoint","urlTemplate":"https:\/\/kinamihealth.com\/?s={search_term_string}"},"query-input":{"@type":"PropertyValueSpecification","valueRequired":true,"valueName":"search_term_string"}}],"inLanguage":"fr-FR"},{"@type":"Organization","@id":"https:\/\/kinamihealth.com\/#organization","name":"Kinami Health","url":"https:\/\/kinamihealth.com\/","logo":{"@type":"ImageObject","inLanguage":"fr-FR","@id":"https:\/\/kinamihealth.com\/#\/schema\/logo\/image\/","url":"https:\/\/kinamihealth.com\/wp-content\/uploads\/2025\/01\/KH_logo_black_2-1.png","contentUrl":"https:\/\/kinamihealth.com\/wp-content\/uploads\/2025\/01\/KH_logo_black_2-1.png","width":339,"height":34,"caption":"Kinami Health"},"image":{"@id":"https:\/\/kinamihealth.com\/#\/schema\/logo\/image\/"}}]}},"_links":{"self":[{"href":"https:\/\/kinamihealth.com\/fr\/wp-json\/wp\/v2\/product\/107659","targetHints":{"allow":["GET"]}}],"collection":[{"href":"https:\/\/kinamihealth.com\/fr\/wp-json\/wp\/v2\/product"}],"about":[{"href":"https:\/\/kinamihealth.com\/fr\/wp-json\/wp\/v2\/types\/product"}],"replies":[{"embeddable":true,"href":"https:\/\/kinamihealth.com\/fr\/wp-json\/wp\/v2\/comments?post=107659"}],"version-history":[{"count":0,"href":"https:\/\/kinamihealth.com\/fr\/wp-json\/wp\/v2\/product\/107659\/revisions"}],"wp:featuredmedia":[{"embeddable":true,"href":"https:\/\/kinamihealth.com\/fr\/wp-json\/wp\/v2\/media\/107663"}],"wp:attachment":[{"href":"https:\/\/kinamihealth.com\/fr\/wp-json\/wp\/v2\/media?parent=107659"}],"wp:term":[{"taxonomy":"product_brand","embeddable":true,"href":"https:\/\/kinamihealth.com\/fr\/wp-json\/wp\/v2\/product_brand?post=107659"},{"taxonomy":"product_cat","embeddable":true,"href":"https:\/\/kinamihealth.com\/fr\/wp-json\/wp\/v2\/product_cat?post=107659"},{"taxonomy":"product_tag","embeddable":true,"href":"https:\/\/kinamihealth.com\/fr\/wp-json\/wp\/v2\/product_tag?post=107659"}],"curies":[{"name":"wp","href":"https:\/\/api.w.org\/{rel}","templated":true}]}}