{"id":107607,"date":"2025-03-11T18:14:41","date_gmt":"2025-03-11T18:14:41","guid":{"rendered":"https:\/\/kinamihealth.com\/product\/fillmed-bright-peel-100-ml-peau-normale\/"},"modified":"2026-04-03T11:03:44","modified_gmt":"2026-04-03T11:03:44","slug":"fillmed-bright-peel-100-ml-peau-normale","status":"publish","type":"product","link":"https:\/\/kinamihealth.com\/fr\/produit\/fillmed-bright-peel-100-ml-peau-normale\/","title":{"rendered":"FILLMED\u00ae BRIGHT PEEL"},"content":{"rendered":"<p>Fillmed Bright Peel (100 ml) pour peaux normales est un peeling chimique de grade professionnel con\u00e7u pour \u00e9claircir et rajeunir la peau. Il exfolie en douceur, r\u00e9duit le teint terne et sublime l&#8217;\u00e9clat de la peau pour un teint radieux.<\/p>\n","protected":false},"excerpt":{"rendered":"<p>Fillmed Bright Peel (100 ml) pour peaux normales est un peeling chimique de grade professionnel con\u00e7u pour \u00e9claircir et rajeunir la peau. Il exfolie en douceur, r\u00e9duit le teint terne et sublime l&#8217;\u00e9clat de la peau pour un teint radieux.<\/p>\n","protected":false},"featured_media":107608,"comment_status":"closed","ping_status":"closed","template":"","meta":{"_acf_changed":false,"inline_featured_image":false},"product_brand":[1180],"product_cat":[1378],"product_tag":[1222],"class_list":{"0":"post-107607","1":"product","2":"type-product","3":"status-publish","4":"has-post-thumbnail","6":"product_brand-fillmed","7":"product_cat-peelings-et-masques","8":"product_tag-dispositifs-medicaux","10":"first","11":"instock","12":"taxable","13":"shipping-taxable","14":"purchasable","15":"product-type-simple","16":"add-to-wishlist-before_image"},"acf":[],"yoast_head":"<!-- This site is optimized with the Yoast SEO plugin v27.1.1 - https:\/\/yoast.com\/product\/yoast-seo-wordpress\/ -->\n<title>Commander FILLMED BRIGHT PEEL (100 ml) PEAU NORMALE en ligne | Boutique en ligne | Kinami Health<\/title>\n<meta name=\"description\" content=\"Commandez FILLMED\u00ae BRIGHT PEEL (100 ml) PEAU NORMALE pour compl\u00e9ter les traitements professionnels qui am\u00e9liorent visiblement la clart\u00e9 et l&#039;\u00e9clat des peaux normales.\" \/>\n<meta name=\"robots\" content=\"index, follow, max-snippet:-1, max-image-preview:large, max-video-preview:-1\" \/>\n<link rel=\"canonical\" href=\"https:\/\/kinamihealth.com\/fr\/wp-json\/wp\/v2\/product\/107607\" \/>\n<meta property=\"og:locale\" content=\"fr_FR\" \/>\n<meta property=\"og:type\" content=\"article\" \/>\n<meta property=\"og:title\" content=\"Commander FILLMED BRIGHT PEEL (100 ml) PEAU NORMALE en ligne | Boutique en ligne | Kinami Health\" \/>\n<meta property=\"og:description\" content=\"Commandez FILLMED\u00ae BRIGHT PEEL (100 ml) PEAU NORMALE pour compl\u00e9ter les traitements professionnels qui am\u00e9liorent visiblement la clart\u00e9 et l&#039;\u00e9clat des peaux normales.\" \/>\n<meta property=\"og:url\" content=\"https:\/\/kinamihealth.com\/fr\/produit\/fillmed-bright-peel-100-ml-peau-normale\/\" \/>\n<meta property=\"og:site_name\" content=\"Kinami Health\" \/>\n<meta property=\"article:modified_time\" content=\"2026-04-03T11:03:44+00:00\" \/>\n<meta property=\"og:image\" content=\"https:\/\/kinamihealth.com\/wp-content\/uploads\/2025\/03\/FILLMED\u00ae-BRIGHT-PEEL-100-ml-NORMAL-SKIN.jpg\" \/>\n\t<meta property=\"og:image:width\" content=\"800\" \/>\n\t<meta property=\"og:image:height\" content=\"800\" \/>\n\t<meta property=\"og:image:type\" content=\"image\/jpeg\" \/>\n<meta name=\"twitter:card\" content=\"summary_large_image\" \/>\n<meta name=\"twitter:label1\" content=\"Dur\u00e9e de lecture estim\u00e9e\" \/>\n\t<meta name=\"twitter:data1\" content=\"1 minute\" \/>\n<!-- \/ Yoast SEO plugin. -->","yoast_head_json":{"title":"Commander FILLMED BRIGHT PEEL (100 ml) PEAU NORMALE en ligne | Boutique en ligne | Kinami Health","description":"Commandez FILLMED\u00ae BRIGHT PEEL (100 ml) PEAU NORMALE pour compl\u00e9ter les traitements professionnels qui am\u00e9liorent visiblement la clart\u00e9 et l'\u00e9clat des peaux normales.","robots":{"index":"index","follow":"follow","max-snippet":"max-snippet:-1","max-image-preview":"max-image-preview:large","max-video-preview":"max-video-preview:-1"},"canonical":"https:\/\/kinamihealth.com\/fr\/wp-json\/wp\/v2\/product\/107607","og_locale":"fr_FR","og_type":"article","og_title":"Commander FILLMED BRIGHT PEEL (100 ml) PEAU NORMALE en ligne | Boutique en ligne | Kinami Health","og_description":"Commandez FILLMED\u00ae BRIGHT PEEL (100 ml) PEAU NORMALE pour compl\u00e9ter les traitements professionnels qui am\u00e9liorent visiblement la clart\u00e9 et l'\u00e9clat des peaux normales.","og_url":"https:\/\/kinamihealth.com\/fr\/produit\/fillmed-bright-peel-100-ml-peau-normale\/","og_site_name":"Kinami Health","article_modified_time":"2026-04-03T11:03:44+00:00","og_image":[{"width":800,"height":800,"url":"https:\/\/kinamihealth.com\/wp-content\/uploads\/2025\/03\/FILLMED\u00ae-BRIGHT-PEEL-100-ml-NORMAL-SKIN.jpg","type":"image\/jpeg"}],"twitter_card":"summary_large_image","twitter_misc":{"Dur\u00e9e de lecture estim\u00e9e":"1 minute"},"schema":{"@context":"https:\/\/schema.org","@graph":[{"@type":"WebPage","@id":"https:\/\/kinamihealth.com\/fr\/produit\/fillmed-bright-peel-100-ml-peau-normale\/","url":"https:\/\/kinamihealth.com\/fr\/produit\/fillmed-bright-peel-100-ml-peau-normale\/","name":"Commander FILLMED BRIGHT PEEL (100 ml) PEAU NORMALE en ligne | Boutique en ligne | Kinami Health","isPartOf":{"@id":"https:\/\/kinamihealth.com\/#website"},"primaryImageOfPage":{"@id":"https:\/\/kinamihealth.com\/fr\/produit\/fillmed-bright-peel-100-ml-peau-normale\/#primaryimage"},"image":{"@id":"https:\/\/kinamihealth.com\/fr\/produit\/fillmed-bright-peel-100-ml-peau-normale\/#primaryimage"},"thumbnailUrl":"https:\/\/kinamihealth.com\/wp-content\/uploads\/2025\/03\/FILLMED\u00ae-BRIGHT-PEEL-100-ml-NORMAL-SKIN.jpg","datePublished":"2025-03-11T18:14:41+00:00","dateModified":"2026-04-03T11:03:44+00:00","description":"Commandez FILLMED\u00ae BRIGHT PEEL (100 ml) PEAU NORMALE pour compl\u00e9ter les traitements professionnels qui am\u00e9liorent visiblement la clart\u00e9 et l'\u00e9clat des peaux normales.","breadcrumb":{"@id":"https:\/\/kinamihealth.com\/fr\/produit\/fillmed-bright-peel-100-ml-peau-normale\/#breadcrumb"},"inLanguage":"fr-FR","potentialAction":[{"@type":"ReadAction","target":["https:\/\/kinamihealth.com\/fr\/produit\/fillmed-bright-peel-100-ml-peau-normale\/"]}]},{"@type":"ImageObject","inLanguage":"fr-FR","@id":"https:\/\/kinamihealth.com\/fr\/produit\/fillmed-bright-peel-100-ml-peau-normale\/#primaryimage","url":"https:\/\/kinamihealth.com\/wp-content\/uploads\/2025\/03\/FILLMED\u00ae-BRIGHT-PEEL-100-ml-NORMAL-SKIN.jpg","contentUrl":"https:\/\/kinamihealth.com\/wp-content\/uploads\/2025\/03\/FILLMED\u00ae-BRIGHT-PEEL-100-ml-NORMAL-SKIN.jpg","width":800,"height":800},{"@type":"BreadcrumbList","@id":"https:\/\/kinamihealth.com\/fr\/produit\/fillmed-bright-peel-100-ml-peau-normale\/#breadcrumb","itemListElement":[{"@type":"ListItem","position":1,"name":"Page d'accueil","item":"https:\/\/kinamihealth.com\/"},{"@type":"ListItem","position":2,"name":"Boutique","item":"https:\/\/kinamihealth.com\/shop\/"},{"@type":"ListItem","position":3,"name":"FILLMED\u00ae BRIGHT PEEL"}]},{"@type":"WebSite","@id":"https:\/\/kinamihealth.com\/#website","url":"https:\/\/kinamihealth.com\/","name":"Kinami Health","description":"","publisher":{"@id":"https:\/\/kinamihealth.com\/#organization"},"potentialAction":[{"@type":"SearchAction","target":{"@type":"EntryPoint","urlTemplate":"https:\/\/kinamihealth.com\/?s={search_term_string}"},"query-input":{"@type":"PropertyValueSpecification","valueRequired":true,"valueName":"search_term_string"}}],"inLanguage":"fr-FR"},{"@type":"Organization","@id":"https:\/\/kinamihealth.com\/#organization","name":"Kinami Health","url":"https:\/\/kinamihealth.com\/","logo":{"@type":"ImageObject","inLanguage":"fr-FR","@id":"https:\/\/kinamihealth.com\/#\/schema\/logo\/image\/","url":"https:\/\/kinamihealth.com\/wp-content\/uploads\/2025\/01\/KH_logo_black_2-1.png","contentUrl":"https:\/\/kinamihealth.com\/wp-content\/uploads\/2025\/01\/KH_logo_black_2-1.png","width":339,"height":34,"caption":"Kinami Health"},"image":{"@id":"https:\/\/kinamihealth.com\/#\/schema\/logo\/image\/"}}]}},"_links":{"self":[{"href":"https:\/\/kinamihealth.com\/fr\/wp-json\/wp\/v2\/product\/107607","targetHints":{"allow":["GET"]}}],"collection":[{"href":"https:\/\/kinamihealth.com\/fr\/wp-json\/wp\/v2\/product"}],"about":[{"href":"https:\/\/kinamihealth.com\/fr\/wp-json\/wp\/v2\/types\/product"}],"replies":[{"embeddable":true,"href":"https:\/\/kinamihealth.com\/fr\/wp-json\/wp\/v2\/comments?post=107607"}],"version-history":[{"count":1,"href":"https:\/\/kinamihealth.com\/fr\/wp-json\/wp\/v2\/product\/107607\/revisions"}],"predecessor-version":[{"id":134566,"href":"https:\/\/kinamihealth.com\/fr\/wp-json\/wp\/v2\/product\/107607\/revisions\/134566"}],"wp:featuredmedia":[{"embeddable":true,"href":"https:\/\/kinamihealth.com\/fr\/wp-json\/wp\/v2\/media\/107608"}],"wp:attachment":[{"href":"https:\/\/kinamihealth.com\/fr\/wp-json\/wp\/v2\/media?parent=107607"}],"wp:term":[{"taxonomy":"product_brand","embeddable":true,"href":"https:\/\/kinamihealth.com\/fr\/wp-json\/wp\/v2\/product_brand?post=107607"},{"taxonomy":"product_cat","embeddable":true,"href":"https:\/\/kinamihealth.com\/fr\/wp-json\/wp\/v2\/product_cat?post=107607"},{"taxonomy":"product_tag","embeddable":true,"href":"https:\/\/kinamihealth.com\/fr\/wp-json\/wp\/v2\/product_tag?post=107607"}],"curies":[{"name":"wp","href":"https:\/\/api.w.org\/{rel}","templated":true}]}}