{"id":107572,"date":"2025-02-15T16:54:42","date_gmt":"2025-02-15T16:54:42","guid":{"rendered":"https:\/\/kinamihealth.com\/product\/ellanse-m\/"},"modified":"2026-01-21T15:24:14","modified_gmt":"2026-01-21T15:24:14","slug":"ellanse-m","status":"publish","type":"product","link":"https:\/\/kinamihealth.com\/fr\/produit\/ellanse-m\/","title":{"rendered":"ELLANS\u00c9 M"},"content":{"rendered":"<p>Ellans\u00e9 M est con\u00e7u pour corriger les rides et ridules du visage tout en stimulant la production naturelle de collag\u00e8ne par l&#8217;organisme. Cette combinaison garantit des r\u00e9sultats d&#8217;une long\u00e9vit\u00e9 prolong\u00e9e et une apparence plus jeune et plus fra\u00eeche. Ellans\u00e9 M doit \u00eatre inject\u00e9 dans la couche moyenne-profonde du derme.<\/p>\n","protected":false},"excerpt":{"rendered":"<p>Ellans\u00e9 M est con\u00e7u pour corriger les rides et ridules du visage tout en stimulant la production naturelle de collag\u00e8ne par l&#8217;organisme. Cette combinaison garantit des r\u00e9sultats d&#8217;une long\u00e9vit\u00e9 prolong\u00e9e et une apparence plus jeune et plus fra\u00eeche. Ellans\u00e9 M doit \u00eatre inject\u00e9 dans la couche moyenne-profonde du derme.<\/p>\n","protected":false},"featured_media":107576,"template":"","meta":{"_acf_changed":false,"inline_featured_image":false},"product_brand":[1177],"product_cat":[3613,1217],"product_tag":[1222],"class_list":{"0":"post-107572","1":"product","2":"type-product","3":"status-publish","4":"has-post-thumbnail","6":"product_brand-ellanse","7":"product_cat-biostimulateurs-fr","8":"product_cat-produits-de-comblement-dermique","9":"product_tag-dispositifs-medicaux","11":"first","12":"instock","13":"taxable","14":"shipping-taxable","15":"purchasable","16":"product-type-simple","17":"add-to-wishlist-before_image"},"acf":[],"yoast_head":"<!-- This site is optimized with the Yoast SEO plugin v27.3 - https:\/\/yoast.com\/product\/yoast-seo-wordpress\/ -->\n<title>Commander ELLANS\u00c9 M en ligne | Boutique en ligne | Kinami Health<\/title>\n<meta name=\"description\" content=\"Commandez ELLANS\u00c9\u2122 M en ligne pour acc\u00e9der \u00e0 une correction cutan\u00e9e et une biostimulation durables, id\u00e9ales pour la restauration du volume facial moyen \u00e0 profond en milieu clinique.\" \/>\n<meta name=\"robots\" content=\"index, follow, max-snippet:-1, max-image-preview:large, max-video-preview:-1\" \/>\n<link rel=\"canonical\" href=\"https:\/\/kinamihealth.com\/fr\/wp-json\/wp\/v2\/product\/107572\" \/>\n<meta property=\"og:locale\" content=\"fr_FR\" \/>\n<meta property=\"og:type\" content=\"article\" \/>\n<meta property=\"og:title\" content=\"Commander ELLANS\u00c9 M en ligne | Boutique en ligne | Kinami Health\" \/>\n<meta property=\"og:description\" content=\"Commandez ELLANS\u00c9\u2122 M en ligne pour acc\u00e9der \u00e0 une correction cutan\u00e9e et une biostimulation durables, id\u00e9ales pour la restauration du volume facial moyen \u00e0 profond en milieu clinique.\" \/>\n<meta property=\"og:url\" content=\"https:\/\/kinamihealth.com\/fr\/product\/ellanse-m\/\" \/>\n<meta property=\"og:site_name\" content=\"Kinami Health\" \/>\n<meta property=\"article:modified_time\" content=\"2026-01-21T15:24:14+00:00\" \/>\n<meta property=\"og:image\" content=\"https:\/\/kinamihealth.com\/wp-content\/uploads\/2025\/02\/ELLANSE-M-01.jpg\" \/>\n\t<meta property=\"og:image:width\" content=\"800\" \/>\n\t<meta property=\"og:image:height\" content=\"800\" \/>\n\t<meta property=\"og:image:type\" content=\"image\/jpeg\" \/>\n<meta name=\"twitter:card\" content=\"summary_large_image\" \/>\n<meta name=\"twitter:label1\" content=\"Dur\u00e9e de lecture estim\u00e9e\" \/>\n\t<meta name=\"twitter:data1\" content=\"1 minute\" \/>\n<!-- \/ Yoast SEO plugin. -->","yoast_head_json":{"title":"Commander ELLANS\u00c9 M en ligne | Boutique en ligne | Kinami Health","description":"Commandez ELLANS\u00c9\u2122 M en ligne pour acc\u00e9der \u00e0 une correction cutan\u00e9e et une biostimulation durables, id\u00e9ales pour la restauration du volume facial moyen \u00e0 profond en milieu clinique.","robots":{"index":"index","follow":"follow","max-snippet":"max-snippet:-1","max-image-preview":"max-image-preview:large","max-video-preview":"max-video-preview:-1"},"canonical":"https:\/\/kinamihealth.com\/fr\/wp-json\/wp\/v2\/product\/107572","og_locale":"fr_FR","og_type":"article","og_title":"Commander ELLANS\u00c9 M en ligne | Boutique en ligne | Kinami Health","og_description":"Commandez ELLANS\u00c9\u2122 M en ligne pour acc\u00e9der \u00e0 une correction cutan\u00e9e et une biostimulation durables, id\u00e9ales pour la restauration du volume facial moyen \u00e0 profond en milieu clinique.","og_url":"https:\/\/kinamihealth.com\/fr\/product\/ellanse-m\/","og_site_name":"Kinami Health","article_modified_time":"2026-01-21T15:24:14+00:00","og_image":[{"width":800,"height":800,"url":"https:\/\/kinamihealth.com\/wp-content\/uploads\/2025\/02\/ELLANSE-M-01.jpg","type":"image\/jpeg"}],"twitter_card":"summary_large_image","twitter_misc":{"Dur\u00e9e de lecture estim\u00e9e":"1 minute"},"schema":{"@context":"https:\/\/schema.org","@graph":[{"@type":"WebPage","@id":"https:\/\/kinamihealth.com\/fr\/product\/ellanse-m\/","url":"https:\/\/kinamihealth.com\/fr\/product\/ellanse-m\/","name":"Commander ELLANS\u00c9 M en ligne | Boutique en ligne | Kinami Health","isPartOf":{"@id":"https:\/\/kinamihealth.com\/#website"},"primaryImageOfPage":{"@id":"https:\/\/kinamihealth.com\/fr\/product\/ellanse-m\/#primaryimage"},"image":{"@id":"https:\/\/kinamihealth.com\/fr\/product\/ellanse-m\/#primaryimage"},"thumbnailUrl":"https:\/\/kinamihealth.com\/wp-content\/uploads\/2025\/02\/ELLANSE-M-01.jpg","datePublished":"2025-02-15T16:54:42+00:00","dateModified":"2026-01-21T15:24:14+00:00","description":"Commandez ELLANS\u00c9\u2122 M en ligne pour acc\u00e9der \u00e0 une correction cutan\u00e9e et une biostimulation durables, id\u00e9ales pour la restauration du volume facial moyen \u00e0 profond en milieu clinique.","breadcrumb":{"@id":"https:\/\/kinamihealth.com\/fr\/product\/ellanse-m\/#breadcrumb"},"inLanguage":"fr-FR","potentialAction":[{"@type":"ReadAction","target":["https:\/\/kinamihealth.com\/fr\/product\/ellanse-m\/"]}]},{"@type":"ImageObject","inLanguage":"fr-FR","@id":"https:\/\/kinamihealth.com\/fr\/product\/ellanse-m\/#primaryimage","url":"https:\/\/kinamihealth.com\/wp-content\/uploads\/2025\/02\/ELLANSE-M-01.jpg","contentUrl":"https:\/\/kinamihealth.com\/wp-content\/uploads\/2025\/02\/ELLANSE-M-01.jpg","width":800,"height":800},{"@type":"BreadcrumbList","@id":"https:\/\/kinamihealth.com\/fr\/product\/ellanse-m\/#breadcrumb","itemListElement":[{"@type":"ListItem","position":1,"name":"Page d'accueil","item":"https:\/\/kinamihealth.com\/"},{"@type":"ListItem","position":2,"name":"Boutique","item":"https:\/\/kinamihealth.com\/shop\/"},{"@type":"ListItem","position":3,"name":"ELLANS\u00c9 M"}]},{"@type":"WebSite","@id":"https:\/\/kinamihealth.com\/#website","url":"https:\/\/kinamihealth.com\/","name":"Kinami Health","description":"","publisher":{"@id":"https:\/\/kinamihealth.com\/#organization"},"potentialAction":[{"@type":"SearchAction","target":{"@type":"EntryPoint","urlTemplate":"https:\/\/kinamihealth.com\/?s={search_term_string}"},"query-input":{"@type":"PropertyValueSpecification","valueRequired":true,"valueName":"search_term_string"}}],"inLanguage":"fr-FR"},{"@type":"Organization","@id":"https:\/\/kinamihealth.com\/#organization","name":"Kinami Health","url":"https:\/\/kinamihealth.com\/","logo":{"@type":"ImageObject","inLanguage":"fr-FR","@id":"https:\/\/kinamihealth.com\/#\/schema\/logo\/image\/","url":"https:\/\/kinamihealth.com\/wp-content\/uploads\/2025\/01\/KH_logo_black_2-1.png","contentUrl":"https:\/\/kinamihealth.com\/wp-content\/uploads\/2025\/01\/KH_logo_black_2-1.png","width":339,"height":34,"caption":"Kinami Health"},"image":{"@id":"https:\/\/kinamihealth.com\/#\/schema\/logo\/image\/"}}]}},"_links":{"self":[{"href":"https:\/\/kinamihealth.com\/fr\/wp-json\/wp\/v2\/product\/107572","targetHints":{"allow":["GET"]}}],"collection":[{"href":"https:\/\/kinamihealth.com\/fr\/wp-json\/wp\/v2\/product"}],"about":[{"href":"https:\/\/kinamihealth.com\/fr\/wp-json\/wp\/v2\/types\/product"}],"version-history":[{"count":0,"href":"https:\/\/kinamihealth.com\/fr\/wp-json\/wp\/v2\/product\/107572\/revisions"}],"wp:featuredmedia":[{"embeddable":true,"href":"https:\/\/kinamihealth.com\/fr\/wp-json\/wp\/v2\/media\/107576"}],"wp:attachment":[{"href":"https:\/\/kinamihealth.com\/fr\/wp-json\/wp\/v2\/media?parent=107572"}],"wp:term":[{"taxonomy":"product_brand","embeddable":true,"href":"https:\/\/kinamihealth.com\/fr\/wp-json\/wp\/v2\/product_brand?post=107572"},{"taxonomy":"product_cat","embeddable":true,"href":"https:\/\/kinamihealth.com\/fr\/wp-json\/wp\/v2\/product_cat?post=107572"},{"taxonomy":"product_tag","embeddable":true,"href":"https:\/\/kinamihealth.com\/fr\/wp-json\/wp\/v2\/product_tag?post=107572"}],"curies":[{"name":"wp","href":"https:\/\/api.w.org\/{rel}","templated":true}]}}