{"id":107477,"date":"2025-02-15T16:54:31","date_gmt":"2025-02-15T16:54:31","guid":{"rendered":"https:\/\/kinamihealth.com\/product\/cytocare-516\/"},"modified":"2026-01-21T15:23:08","modified_gmt":"2026-01-21T15:23:08","slug":"cytocare-516","status":"publish","type":"product","link":"https:\/\/kinamihealth.com\/fr\/produit\/cytocare-516\/","title":{"rendered":"CYTOCARE 516"},"content":{"rendered":"<p>CYTOCARE 516 est un implant r\u00e9sorbable compos\u00e9 d&#8217;acide hyaluronique et d&#8217;un complexe rajeunissant, injectable par micro-injections dans le derme superficiel et moyen des rides p\u00e9riorbitaires et p\u00e9ribuccales (rides verticales des l\u00e8vres). CYTOCARE 516 am\u00e9liore la qualit\u00e9 des peaux de type mod\u00e9r\u00e9 : comble les ridules, en retenant l&#8217;hydratation et pr\u00e9servant l&#8217;\u00e9clat.<\/p>\n","protected":false},"excerpt":{"rendered":"<p>CYTOCARE 516 est un implant r\u00e9sorbable compos\u00e9 d&#8217;acide hyaluronique et d&#8217;un complexe rajeunissant, injectable par micro-injections dans le derme superficiel et moyen des rides p\u00e9riorbitaires et p\u00e9ribuccales (rides verticales des l\u00e8vres). CYTOCARE 516 am\u00e9liore la qualit\u00e9 des peaux de type mod\u00e9r\u00e9 : comble les ridules, en retenant l&#8217;hydratation et pr\u00e9servant l&#8217;\u00e9clat.<\/p>\n","protected":false},"featured_media":107481,"comment_status":"closed","ping_status":"closed","template":"","meta":{"_acf_changed":false,"inline_featured_image":false},"product_brand":[1174],"product_cat":[1217],"product_tag":[1222],"class_list":{"0":"post-107477","1":"product","2":"type-product","3":"status-publish","4":"has-post-thumbnail","6":"product_brand-cytocare","7":"product_cat-produits-de-comblement-dermique","8":"product_tag-dispositifs-medicaux","10":"first","11":"instock","12":"taxable","13":"shipping-taxable","14":"purchasable","15":"product-type-simple","16":"add-to-wishlist-before_image"},"acf":[],"yoast_head":"<!-- This site is optimized with the Yoast SEO plugin v27.3 - https:\/\/yoast.com\/product\/yoast-seo-wordpress\/ -->\n<title>Commander CYTOCARE 516 en ligne | Boutique en ligne | Kinami Health<\/title>\n<meta name=\"description\" content=\"Commandez CYTOCARE 516 en ligne pour des traitements de m\u00e9soth\u00e9rapie favorisant l&#039;hydratation, l&#039;uniformit\u00e9 du teint et une revitalisation cutan\u00e9e visible chez les jeunes patients.\" \/>\n<meta name=\"robots\" content=\"index, follow, max-snippet:-1, max-image-preview:large, max-video-preview:-1\" \/>\n<link rel=\"canonical\" href=\"https:\/\/kinamihealth.com\/fr\/wp-json\/wp\/v2\/product\/107477\" \/>\n<meta property=\"og:locale\" content=\"fr_FR\" \/>\n<meta property=\"og:type\" content=\"article\" \/>\n<meta property=\"og:title\" content=\"Commander CYTOCARE 516 en ligne | Boutique en ligne | Kinami Health\" \/>\n<meta property=\"og:description\" content=\"Commandez CYTOCARE 516 en ligne pour des traitements de m\u00e9soth\u00e9rapie favorisant l&#039;hydratation, l&#039;uniformit\u00e9 du teint et une revitalisation cutan\u00e9e visible chez les jeunes patients.\" \/>\n<meta property=\"og:url\" content=\"https:\/\/kinamihealth.com\/fr\/product\/cytocare-516\/\" \/>\n<meta property=\"og:site_name\" content=\"Kinami Health\" \/>\n<meta property=\"article:modified_time\" content=\"2026-01-21T15:23:08+00:00\" \/>\n<meta property=\"og:image\" content=\"https:\/\/kinamihealth.com\/wp-content\/uploads\/2025\/02\/REVITACARE-CYTOCARE-516-01.jpg\" \/>\n\t<meta property=\"og:image:width\" content=\"800\" \/>\n\t<meta property=\"og:image:height\" content=\"800\" \/>\n\t<meta property=\"og:image:type\" content=\"image\/jpeg\" \/>\n<meta name=\"twitter:card\" content=\"summary_large_image\" \/>\n<meta name=\"twitter:label1\" content=\"Dur\u00e9e de lecture estim\u00e9e\" \/>\n\t<meta name=\"twitter:data1\" content=\"1 minute\" \/>\n<!-- \/ Yoast SEO plugin. -->","yoast_head_json":{"title":"Commander CYTOCARE 516 en ligne | Boutique en ligne | Kinami Health","description":"Commandez CYTOCARE 516 en ligne pour des traitements de m\u00e9soth\u00e9rapie favorisant l'hydratation, l'uniformit\u00e9 du teint et une revitalisation cutan\u00e9e visible chez les jeunes patients.","robots":{"index":"index","follow":"follow","max-snippet":"max-snippet:-1","max-image-preview":"max-image-preview:large","max-video-preview":"max-video-preview:-1"},"canonical":"https:\/\/kinamihealth.com\/fr\/wp-json\/wp\/v2\/product\/107477","og_locale":"fr_FR","og_type":"article","og_title":"Commander CYTOCARE 516 en ligne | Boutique en ligne | Kinami Health","og_description":"Commandez CYTOCARE 516 en ligne pour des traitements de m\u00e9soth\u00e9rapie favorisant l'hydratation, l'uniformit\u00e9 du teint et une revitalisation cutan\u00e9e visible chez les jeunes patients.","og_url":"https:\/\/kinamihealth.com\/fr\/product\/cytocare-516\/","og_site_name":"Kinami Health","article_modified_time":"2026-01-21T15:23:08+00:00","og_image":[{"width":800,"height":800,"url":"https:\/\/kinamihealth.com\/wp-content\/uploads\/2025\/02\/REVITACARE-CYTOCARE-516-01.jpg","type":"image\/jpeg"}],"twitter_card":"summary_large_image","twitter_misc":{"Dur\u00e9e de lecture estim\u00e9e":"1 minute"},"schema":{"@context":"https:\/\/schema.org","@graph":[{"@type":"WebPage","@id":"https:\/\/kinamihealth.com\/fr\/product\/cytocare-516\/","url":"https:\/\/kinamihealth.com\/fr\/product\/cytocare-516\/","name":"Commander CYTOCARE 516 en ligne | Boutique en ligne | Kinami Health","isPartOf":{"@id":"https:\/\/kinamihealth.com\/#website"},"primaryImageOfPage":{"@id":"https:\/\/kinamihealth.com\/fr\/product\/cytocare-516\/#primaryimage"},"image":{"@id":"https:\/\/kinamihealth.com\/fr\/product\/cytocare-516\/#primaryimage"},"thumbnailUrl":"https:\/\/kinamihealth.com\/wp-content\/uploads\/2025\/02\/REVITACARE-CYTOCARE-516-01.jpg","datePublished":"2025-02-15T16:54:31+00:00","dateModified":"2026-01-21T15:23:08+00:00","description":"Commandez CYTOCARE 516 en ligne pour des traitements de m\u00e9soth\u00e9rapie favorisant l'hydratation, l'uniformit\u00e9 du teint et une revitalisation cutan\u00e9e visible chez les jeunes patients.","breadcrumb":{"@id":"https:\/\/kinamihealth.com\/fr\/product\/cytocare-516\/#breadcrumb"},"inLanguage":"fr-FR","potentialAction":[{"@type":"ReadAction","target":["https:\/\/kinamihealth.com\/fr\/product\/cytocare-516\/"]}]},{"@type":"ImageObject","inLanguage":"fr-FR","@id":"https:\/\/kinamihealth.com\/fr\/product\/cytocare-516\/#primaryimage","url":"https:\/\/kinamihealth.com\/wp-content\/uploads\/2025\/02\/REVITACARE-CYTOCARE-516-01.jpg","contentUrl":"https:\/\/kinamihealth.com\/wp-content\/uploads\/2025\/02\/REVITACARE-CYTOCARE-516-01.jpg","width":800,"height":800},{"@type":"BreadcrumbList","@id":"https:\/\/kinamihealth.com\/fr\/product\/cytocare-516\/#breadcrumb","itemListElement":[{"@type":"ListItem","position":1,"name":"Page d'accueil","item":"https:\/\/kinamihealth.com\/"},{"@type":"ListItem","position":2,"name":"Boutique","item":"https:\/\/kinamihealth.com\/shop\/"},{"@type":"ListItem","position":3,"name":"CYTOCARE 516"}]},{"@type":"WebSite","@id":"https:\/\/kinamihealth.com\/#website","url":"https:\/\/kinamihealth.com\/","name":"Kinami Health","description":"","publisher":{"@id":"https:\/\/kinamihealth.com\/#organization"},"potentialAction":[{"@type":"SearchAction","target":{"@type":"EntryPoint","urlTemplate":"https:\/\/kinamihealth.com\/?s={search_term_string}"},"query-input":{"@type":"PropertyValueSpecification","valueRequired":true,"valueName":"search_term_string"}}],"inLanguage":"fr-FR"},{"@type":"Organization","@id":"https:\/\/kinamihealth.com\/#organization","name":"Kinami Health","url":"https:\/\/kinamihealth.com\/","logo":{"@type":"ImageObject","inLanguage":"fr-FR","@id":"https:\/\/kinamihealth.com\/#\/schema\/logo\/image\/","url":"https:\/\/kinamihealth.com\/wp-content\/uploads\/2025\/01\/KH_logo_black_2-1.png","contentUrl":"https:\/\/kinamihealth.com\/wp-content\/uploads\/2025\/01\/KH_logo_black_2-1.png","width":339,"height":34,"caption":"Kinami Health"},"image":{"@id":"https:\/\/kinamihealth.com\/#\/schema\/logo\/image\/"}}]}},"_links":{"self":[{"href":"https:\/\/kinamihealth.com\/fr\/wp-json\/wp\/v2\/product\/107477","targetHints":{"allow":["GET"]}}],"collection":[{"href":"https:\/\/kinamihealth.com\/fr\/wp-json\/wp\/v2\/product"}],"about":[{"href":"https:\/\/kinamihealth.com\/fr\/wp-json\/wp\/v2\/types\/product"}],"replies":[{"embeddable":true,"href":"https:\/\/kinamihealth.com\/fr\/wp-json\/wp\/v2\/comments?post=107477"}],"version-history":[{"count":0,"href":"https:\/\/kinamihealth.com\/fr\/wp-json\/wp\/v2\/product\/107477\/revisions"}],"wp:featuredmedia":[{"embeddable":true,"href":"https:\/\/kinamihealth.com\/fr\/wp-json\/wp\/v2\/media\/107481"}],"wp:attachment":[{"href":"https:\/\/kinamihealth.com\/fr\/wp-json\/wp\/v2\/media?parent=107477"}],"wp:term":[{"taxonomy":"product_brand","embeddable":true,"href":"https:\/\/kinamihealth.com\/fr\/wp-json\/wp\/v2\/product_brand?post=107477"},{"taxonomy":"product_cat","embeddable":true,"href":"https:\/\/kinamihealth.com\/fr\/wp-json\/wp\/v2\/product_cat?post=107477"},{"taxonomy":"product_tag","embeddable":true,"href":"https:\/\/kinamihealth.com\/fr\/wp-json\/wp\/v2\/product_tag?post=107477"}],"curies":[{"name":"wp","href":"https:\/\/api.w.org\/{rel}","templated":true}]}}