{"id":107453,"date":"2025-03-11T18:14:38","date_gmt":"2025-03-11T18:14:38","guid":{"rendered":"https:\/\/kinamihealth.com\/product\/croma-polyphil-hair\/"},"modified":"2026-01-21T15:15:22","modified_gmt":"2026-01-21T15:15:22","slug":"croma-polyphil-hair","status":"publish","type":"product","link":"https:\/\/kinamihealth.com\/fr\/produit\/croma-polyphil-hair\/","title":{"rendered":"CROMA POLYPHIL\u2122 HAIR"},"content":{"rendered":"<p>CROMA POLYPHIL\u2122 HAIR est un produit injectable \u00e0 base de polynucl\u00e9otides con\u00e7u pour revitaliser le cuir chevelu, stimuler les follicules pileux et favoriser une croissance capillaire plus forte et plus saine en am\u00e9liorant la microcirculation et l&#8217;hydratation.<\/p>\n","protected":false},"excerpt":{"rendered":"<p>CROMA POLYPHIL\u2122 HAIR est un produit injectable \u00e0 base de polynucl\u00e9otides con\u00e7u pour revitaliser le cuir chevelu, stimuler les follicules pileux et favoriser une croissance capillaire plus forte et plus saine en am\u00e9liorant la microcirculation et l&#8217;hydratation.<\/p>\n","protected":false},"featured_media":105810,"comment_status":"closed","ping_status":"closed","template":"","meta":{"_acf_changed":false,"inline_featured_image":false},"product_brand":[1173],"product_cat":[1217],"product_tag":[1222],"class_list":{"0":"post-107453","1":"product","2":"type-product","3":"status-publish","4":"has-post-thumbnail","6":"product_brand-croma","7":"product_cat-produits-de-comblement-dermique","8":"product_tag-dispositifs-medicaux","10":"first","11":"instock","12":"taxable","13":"shipping-taxable","14":"purchasable","15":"product-type-simple","16":"add-to-wishlist-before_image"},"acf":[],"yoast_head":"<!-- This site is optimized with the Yoast SEO plugin v27.3 - https:\/\/yoast.com\/product\/yoast-seo-wordpress\/ -->\n<title>Commander CROMA PolyPhil HAIR en ligne | Boutique en ligne | Kinami Health<\/title>\n<meta name=\"description\" content=\"Commandez CROMA PolyPhil HAIR en ligne pour favoriser la r\u00e9g\u00e9n\u00e9ration du cuir chevelu et stimuler la vitalit\u00e9 des cheveux gr\u00e2ce \u00e0 une th\u00e9rapie de biostimulation \u00e0 base de polynucl\u00e9otides.\" \/>\n<meta name=\"robots\" content=\"index, follow, max-snippet:-1, max-image-preview:large, max-video-preview:-1\" \/>\n<link rel=\"canonical\" href=\"https:\/\/kinamihealth.com\/fr\/wp-json\/wp\/v2\/product\/107453\" \/>\n<meta property=\"og:locale\" content=\"fr_FR\" \/>\n<meta property=\"og:type\" content=\"article\" \/>\n<meta property=\"og:title\" content=\"Commander CROMA PolyPhil HAIR en ligne | Boutique en ligne | Kinami Health\" \/>\n<meta property=\"og:description\" content=\"Commandez CROMA PolyPhil HAIR en ligne pour favoriser la r\u00e9g\u00e9n\u00e9ration du cuir chevelu et stimuler la vitalit\u00e9 des cheveux gr\u00e2ce \u00e0 une th\u00e9rapie de biostimulation \u00e0 base de polynucl\u00e9otides.\" \/>\n<meta property=\"og:url\" content=\"https:\/\/kinamihealth.com\/fr\/product\/croma-polyphil-hair\/\" \/>\n<meta property=\"og:site_name\" content=\"Kinami Health\" \/>\n<meta property=\"article:modified_time\" content=\"2026-01-21T15:15:22+00:00\" \/>\n<meta property=\"og:image\" content=\"https:\/\/kinamihealth.com\/wp-content\/uploads\/2025\/03\/CROMA-POLYPHIL-HAIR_Front-scaled.webp\" \/>\n\t<meta property=\"og:image:width\" content=\"2560\" \/>\n\t<meta property=\"og:image:height\" content=\"2560\" \/>\n\t<meta property=\"og:image:type\" content=\"image\/webp\" \/>\n<meta name=\"twitter:card\" content=\"summary_large_image\" \/>\n<meta name=\"twitter:label1\" content=\"Dur\u00e9e de lecture estim\u00e9e\" \/>\n\t<meta name=\"twitter:data1\" content=\"1 minute\" \/>\n<!-- \/ Yoast SEO plugin. -->","yoast_head_json":{"title":"Commander CROMA PolyPhil HAIR en ligne | Boutique en ligne | Kinami Health","description":"Commandez CROMA PolyPhil HAIR en ligne pour favoriser la r\u00e9g\u00e9n\u00e9ration du cuir chevelu et stimuler la vitalit\u00e9 des cheveux gr\u00e2ce \u00e0 une th\u00e9rapie de biostimulation \u00e0 base de polynucl\u00e9otides.","robots":{"index":"index","follow":"follow","max-snippet":"max-snippet:-1","max-image-preview":"max-image-preview:large","max-video-preview":"max-video-preview:-1"},"canonical":"https:\/\/kinamihealth.com\/fr\/wp-json\/wp\/v2\/product\/107453","og_locale":"fr_FR","og_type":"article","og_title":"Commander CROMA PolyPhil HAIR en ligne | Boutique en ligne | Kinami Health","og_description":"Commandez CROMA PolyPhil HAIR en ligne pour favoriser la r\u00e9g\u00e9n\u00e9ration du cuir chevelu et stimuler la vitalit\u00e9 des cheveux gr\u00e2ce \u00e0 une th\u00e9rapie de biostimulation \u00e0 base de polynucl\u00e9otides.","og_url":"https:\/\/kinamihealth.com\/fr\/product\/croma-polyphil-hair\/","og_site_name":"Kinami Health","article_modified_time":"2026-01-21T15:15:22+00:00","og_image":[{"width":2560,"height":2560,"url":"https:\/\/kinamihealth.com\/wp-content\/uploads\/2025\/03\/CROMA-POLYPHIL-HAIR_Front-scaled.webp","type":"image\/webp"}],"twitter_card":"summary_large_image","twitter_misc":{"Dur\u00e9e de lecture estim\u00e9e":"1 minute"},"schema":{"@context":"https:\/\/schema.org","@graph":[{"@type":"WebPage","@id":"https:\/\/kinamihealth.com\/fr\/product\/croma-polyphil-hair\/","url":"https:\/\/kinamihealth.com\/fr\/product\/croma-polyphil-hair\/","name":"Commander CROMA PolyPhil HAIR en ligne | Boutique en ligne | Kinami Health","isPartOf":{"@id":"https:\/\/kinamihealth.com\/#website"},"primaryImageOfPage":{"@id":"https:\/\/kinamihealth.com\/fr\/product\/croma-polyphil-hair\/#primaryimage"},"image":{"@id":"https:\/\/kinamihealth.com\/fr\/product\/croma-polyphil-hair\/#primaryimage"},"thumbnailUrl":"https:\/\/kinamihealth.com\/wp-content\/uploads\/2025\/03\/CROMA-POLYPHIL-HAIR_Front-scaled.webp","datePublished":"2025-03-11T18:14:38+00:00","dateModified":"2026-01-21T15:15:22+00:00","description":"Commandez CROMA PolyPhil HAIR en ligne pour favoriser la r\u00e9g\u00e9n\u00e9ration du cuir chevelu et stimuler la vitalit\u00e9 des cheveux gr\u00e2ce \u00e0 une th\u00e9rapie de biostimulation \u00e0 base de polynucl\u00e9otides.","breadcrumb":{"@id":"https:\/\/kinamihealth.com\/fr\/product\/croma-polyphil-hair\/#breadcrumb"},"inLanguage":"fr-FR","potentialAction":[{"@type":"ReadAction","target":["https:\/\/kinamihealth.com\/fr\/product\/croma-polyphil-hair\/"]}]},{"@type":"ImageObject","inLanguage":"fr-FR","@id":"https:\/\/kinamihealth.com\/fr\/product\/croma-polyphil-hair\/#primaryimage","url":"https:\/\/kinamihealth.com\/wp-content\/uploads\/2025\/03\/CROMA-POLYPHIL-HAIR_Front-scaled.webp","contentUrl":"https:\/\/kinamihealth.com\/wp-content\/uploads\/2025\/03\/CROMA-POLYPHIL-HAIR_Front-scaled.webp","width":2560,"height":2560},{"@type":"BreadcrumbList","@id":"https:\/\/kinamihealth.com\/fr\/product\/croma-polyphil-hair\/#breadcrumb","itemListElement":[{"@type":"ListItem","position":1,"name":"Page d'accueil","item":"https:\/\/kinamihealth.com\/"},{"@type":"ListItem","position":2,"name":"Boutique","item":"https:\/\/kinamihealth.com\/shop\/"},{"@type":"ListItem","position":3,"name":"CROMA POLYPHIL\u2122 HAIR"}]},{"@type":"WebSite","@id":"https:\/\/kinamihealth.com\/#website","url":"https:\/\/kinamihealth.com\/","name":"Kinami Health","description":"","publisher":{"@id":"https:\/\/kinamihealth.com\/#organization"},"potentialAction":[{"@type":"SearchAction","target":{"@type":"EntryPoint","urlTemplate":"https:\/\/kinamihealth.com\/?s={search_term_string}"},"query-input":{"@type":"PropertyValueSpecification","valueRequired":true,"valueName":"search_term_string"}}],"inLanguage":"fr-FR"},{"@type":"Organization","@id":"https:\/\/kinamihealth.com\/#organization","name":"Kinami Health","url":"https:\/\/kinamihealth.com\/","logo":{"@type":"ImageObject","inLanguage":"fr-FR","@id":"https:\/\/kinamihealth.com\/#\/schema\/logo\/image\/","url":"https:\/\/kinamihealth.com\/wp-content\/uploads\/2025\/01\/KH_logo_black_2-1.png","contentUrl":"https:\/\/kinamihealth.com\/wp-content\/uploads\/2025\/01\/KH_logo_black_2-1.png","width":339,"height":34,"caption":"Kinami Health"},"image":{"@id":"https:\/\/kinamihealth.com\/#\/schema\/logo\/image\/"}}]}},"_links":{"self":[{"href":"https:\/\/kinamihealth.com\/fr\/wp-json\/wp\/v2\/product\/107453","targetHints":{"allow":["GET"]}}],"collection":[{"href":"https:\/\/kinamihealth.com\/fr\/wp-json\/wp\/v2\/product"}],"about":[{"href":"https:\/\/kinamihealth.com\/fr\/wp-json\/wp\/v2\/types\/product"}],"replies":[{"embeddable":true,"href":"https:\/\/kinamihealth.com\/fr\/wp-json\/wp\/v2\/comments?post=107453"}],"version-history":[{"count":0,"href":"https:\/\/kinamihealth.com\/fr\/wp-json\/wp\/v2\/product\/107453\/revisions"}],"wp:featuredmedia":[{"embeddable":true,"href":"https:\/\/kinamihealth.com\/fr\/wp-json\/wp\/v2\/media\/105810"}],"wp:attachment":[{"href":"https:\/\/kinamihealth.com\/fr\/wp-json\/wp\/v2\/media?parent=107453"}],"wp:term":[{"taxonomy":"product_brand","embeddable":true,"href":"https:\/\/kinamihealth.com\/fr\/wp-json\/wp\/v2\/product_brand?post=107453"},{"taxonomy":"product_cat","embeddable":true,"href":"https:\/\/kinamihealth.com\/fr\/wp-json\/wp\/v2\/product_cat?post=107453"},{"taxonomy":"product_tag","embeddable":true,"href":"https:\/\/kinamihealth.com\/fr\/wp-json\/wp\/v2\/product_tag?post=107453"}],"curies":[{"name":"wp","href":"https:\/\/api.w.org\/{rel}","templated":true}]}}