{"id":107409,"date":"2025-03-11T18:14:37","date_gmt":"2025-03-11T18:14:37","guid":{"rendered":"https:\/\/kinamihealth.com\/product\/crespine-gel-plus\/"},"modified":"2026-04-03T11:55:06","modified_gmt":"2026-04-03T11:55:06","slug":"crespine-gel-plus","status":"publish","type":"product","link":"https:\/\/kinamihealth.com\/fr\/produit\/crespine-gel-plus\/","title":{"rendered":"CRESPINE\u00ae GEL PLUS"},"content":{"rendered":"<p>Crespine Gel Plus est un produit injectable de viscosuppl\u00e9mentation, con\u00e7u pour offrir une lubrification et un amortissement articulaires durables. Formul\u00e9 \u00e0 base d\u2019acide hyaluronique r\u00e9ticul\u00e9, il aide \u00e0 r\u00e9duire la douleur, am\u00e9liorer la mobilit\u00e9 et soutenir la fonction articulaire chez les patientes touch\u00e9s par arthrose.<\/p>\n","protected":false},"excerpt":{"rendered":"<p>Crespine Gel Plus est un produit injectable de viscosuppl\u00e9mentation, con\u00e7u pour offrir une lubrification et un amortissement articulaires durables. Formul\u00e9 \u00e0 base d\u2019acide hyaluronique r\u00e9ticul\u00e9, il aide \u00e0 r\u00e9duire la douleur, am\u00e9liorer la mobilit\u00e9 et soutenir la fonction articulaire chez les patientes touch\u00e9s par arthrose.<\/p>\n","protected":false},"featured_media":107410,"comment_status":"closed","ping_status":"closed","template":"","meta":{"_acf_changed":false,"inline_featured_image":false},"product_brand":[1172],"product_cat":[1376],"product_tag":[1222],"class_list":{"0":"post-107409","1":"product","2":"type-product","3":"status-publish","4":"has-post-thumbnail","6":"product_brand-crespin","7":"product_cat-injections-orthopediques","8":"product_tag-dispositifs-medicaux","10":"first","11":"instock","12":"taxable","13":"shipping-taxable","14":"purchasable","15":"product-type-simple","16":"add-to-wishlist-before_image"},"acf":[],"yoast_head":"<!-- This site is optimized with the Yoast SEO plugin v27.1.1 - https:\/\/yoast.com\/product\/yoast-seo-wordpress\/ -->\n<title>Commander CRESPINE\u00ae GEL PLUS en ligne | Boutique en ligne | Kinami Health<\/title>\n<meta name=\"description\" content=\"Commandez CRESPINE\u00ae GEL PLUS en ligne pour offrir une lubrification articulaire cibl\u00e9e et un soulagement de la douleur gr\u00e2ce \u00e0 un acide hyaluronique r\u00e9ticul\u00e9 \u00e0 action prolong\u00e9e.\" \/>\n<meta name=\"robots\" content=\"index, follow, max-snippet:-1, max-image-preview:large, max-video-preview:-1\" \/>\n<link rel=\"canonical\" href=\"https:\/\/kinamihealth.com\/fr\/wp-json\/wp\/v2\/product\/107409\" \/>\n<meta property=\"og:locale\" content=\"fr_FR\" \/>\n<meta property=\"og:type\" content=\"article\" \/>\n<meta property=\"og:title\" content=\"Commander CRESPINE\u00ae GEL PLUS en ligne | Boutique en ligne | Kinami Health\" \/>\n<meta property=\"og:description\" content=\"Commandez CRESPINE\u00ae GEL PLUS en ligne pour offrir une lubrification articulaire cibl\u00e9e et un soulagement de la douleur gr\u00e2ce \u00e0 un acide hyaluronique r\u00e9ticul\u00e9 \u00e0 action prolong\u00e9e.\" \/>\n<meta property=\"og:url\" content=\"https:\/\/kinamihealth.com\/fr\/produit\/crespine-gel-plus\/\" \/>\n<meta property=\"og:site_name\" content=\"Kinami Health\" \/>\n<meta property=\"article:modified_time\" content=\"2026-04-03T11:55:06+00:00\" \/>\n<meta property=\"og:image\" content=\"https:\/\/kinamihealth.com\/wp-content\/uploads\/2025\/03\/CRESPINE.webp\" \/>\n\t<meta property=\"og:image:width\" content=\"800\" \/>\n\t<meta property=\"og:image:height\" content=\"800\" \/>\n\t<meta property=\"og:image:type\" content=\"image\/webp\" \/>\n<meta name=\"twitter:card\" content=\"summary_large_image\" \/>\n<meta name=\"twitter:label1\" content=\"Dur\u00e9e de lecture estim\u00e9e\" \/>\n\t<meta name=\"twitter:data1\" content=\"1 minute\" \/>\n<!-- \/ Yoast SEO plugin. -->","yoast_head_json":{"title":"Commander CRESPINE\u00ae GEL PLUS en ligne | Boutique en ligne | Kinami Health","description":"Commandez CRESPINE\u00ae GEL PLUS en ligne pour offrir une lubrification articulaire cibl\u00e9e et un soulagement de la douleur gr\u00e2ce \u00e0 un acide hyaluronique r\u00e9ticul\u00e9 \u00e0 action prolong\u00e9e.","robots":{"index":"index","follow":"follow","max-snippet":"max-snippet:-1","max-image-preview":"max-image-preview:large","max-video-preview":"max-video-preview:-1"},"canonical":"https:\/\/kinamihealth.com\/fr\/wp-json\/wp\/v2\/product\/107409","og_locale":"fr_FR","og_type":"article","og_title":"Commander CRESPINE\u00ae GEL PLUS en ligne | Boutique en ligne | Kinami Health","og_description":"Commandez CRESPINE\u00ae GEL PLUS en ligne pour offrir une lubrification articulaire cibl\u00e9e et un soulagement de la douleur gr\u00e2ce \u00e0 un acide hyaluronique r\u00e9ticul\u00e9 \u00e0 action prolong\u00e9e.","og_url":"https:\/\/kinamihealth.com\/fr\/produit\/crespine-gel-plus\/","og_site_name":"Kinami Health","article_modified_time":"2026-04-03T11:55:06+00:00","og_image":[{"width":800,"height":800,"url":"https:\/\/kinamihealth.com\/wp-content\/uploads\/2025\/03\/CRESPINE.webp","type":"image\/webp"}],"twitter_card":"summary_large_image","twitter_misc":{"Dur\u00e9e de lecture estim\u00e9e":"1 minute"},"schema":{"@context":"https:\/\/schema.org","@graph":[{"@type":"WebPage","@id":"https:\/\/kinamihealth.com\/fr\/produit\/crespine-gel-plus\/","url":"https:\/\/kinamihealth.com\/fr\/produit\/crespine-gel-plus\/","name":"Commander CRESPINE\u00ae GEL PLUS en ligne | Boutique en ligne | Kinami Health","isPartOf":{"@id":"https:\/\/kinamihealth.com\/#website"},"primaryImageOfPage":{"@id":"https:\/\/kinamihealth.com\/fr\/produit\/crespine-gel-plus\/#primaryimage"},"image":{"@id":"https:\/\/kinamihealth.com\/fr\/produit\/crespine-gel-plus\/#primaryimage"},"thumbnailUrl":"https:\/\/kinamihealth.com\/wp-content\/uploads\/2025\/03\/CRESPINE.webp","datePublished":"2025-03-11T18:14:37+00:00","dateModified":"2026-04-03T11:55:06+00:00","description":"Commandez CRESPINE\u00ae GEL PLUS en ligne pour offrir une lubrification articulaire cibl\u00e9e et un soulagement de la douleur gr\u00e2ce \u00e0 un acide hyaluronique r\u00e9ticul\u00e9 \u00e0 action prolong\u00e9e.","breadcrumb":{"@id":"https:\/\/kinamihealth.com\/fr\/produit\/crespine-gel-plus\/#breadcrumb"},"inLanguage":"fr-FR","potentialAction":[{"@type":"ReadAction","target":["https:\/\/kinamihealth.com\/fr\/produit\/crespine-gel-plus\/"]}]},{"@type":"ImageObject","inLanguage":"fr-FR","@id":"https:\/\/kinamihealth.com\/fr\/produit\/crespine-gel-plus\/#primaryimage","url":"https:\/\/kinamihealth.com\/wp-content\/uploads\/2025\/03\/CRESPINE.webp","contentUrl":"https:\/\/kinamihealth.com\/wp-content\/uploads\/2025\/03\/CRESPINE.webp","width":800,"height":800},{"@type":"BreadcrumbList","@id":"https:\/\/kinamihealth.com\/fr\/produit\/crespine-gel-plus\/#breadcrumb","itemListElement":[{"@type":"ListItem","position":1,"name":"Page d'accueil","item":"https:\/\/kinamihealth.com\/"},{"@type":"ListItem","position":2,"name":"Boutique","item":"https:\/\/kinamihealth.com\/shop\/"},{"@type":"ListItem","position":3,"name":"CRESPINE\u00ae GEL PLUS"}]},{"@type":"WebSite","@id":"https:\/\/kinamihealth.com\/#website","url":"https:\/\/kinamihealth.com\/","name":"Kinami Health","description":"","publisher":{"@id":"https:\/\/kinamihealth.com\/#organization"},"potentialAction":[{"@type":"SearchAction","target":{"@type":"EntryPoint","urlTemplate":"https:\/\/kinamihealth.com\/?s={search_term_string}"},"query-input":{"@type":"PropertyValueSpecification","valueRequired":true,"valueName":"search_term_string"}}],"inLanguage":"fr-FR"},{"@type":"Organization","@id":"https:\/\/kinamihealth.com\/#organization","name":"Kinami Health","url":"https:\/\/kinamihealth.com\/","logo":{"@type":"ImageObject","inLanguage":"fr-FR","@id":"https:\/\/kinamihealth.com\/#\/schema\/logo\/image\/","url":"https:\/\/kinamihealth.com\/wp-content\/uploads\/2025\/01\/KH_logo_black_2-1.png","contentUrl":"https:\/\/kinamihealth.com\/wp-content\/uploads\/2025\/01\/KH_logo_black_2-1.png","width":339,"height":34,"caption":"Kinami Health"},"image":{"@id":"https:\/\/kinamihealth.com\/#\/schema\/logo\/image\/"}}]}},"_links":{"self":[{"href":"https:\/\/kinamihealth.com\/fr\/wp-json\/wp\/v2\/product\/107409","targetHints":{"allow":["GET"]}}],"collection":[{"href":"https:\/\/kinamihealth.com\/fr\/wp-json\/wp\/v2\/product"}],"about":[{"href":"https:\/\/kinamihealth.com\/fr\/wp-json\/wp\/v2\/types\/product"}],"replies":[{"embeddable":true,"href":"https:\/\/kinamihealth.com\/fr\/wp-json\/wp\/v2\/comments?post=107409"}],"version-history":[{"count":1,"href":"https:\/\/kinamihealth.com\/fr\/wp-json\/wp\/v2\/product\/107409\/revisions"}],"predecessor-version":[{"id":134619,"href":"https:\/\/kinamihealth.com\/fr\/wp-json\/wp\/v2\/product\/107409\/revisions\/134619"}],"wp:featuredmedia":[{"embeddable":true,"href":"https:\/\/kinamihealth.com\/fr\/wp-json\/wp\/v2\/media\/107410"}],"wp:attachment":[{"href":"https:\/\/kinamihealth.com\/fr\/wp-json\/wp\/v2\/media?parent=107409"}],"wp:term":[{"taxonomy":"product_brand","embeddable":true,"href":"https:\/\/kinamihealth.com\/fr\/wp-json\/wp\/v2\/product_brand?post=107409"},{"taxonomy":"product_cat","embeddable":true,"href":"https:\/\/kinamihealth.com\/fr\/wp-json\/wp\/v2\/product_cat?post=107409"},{"taxonomy":"product_tag","embeddable":true,"href":"https:\/\/kinamihealth.com\/fr\/wp-json\/wp\/v2\/product_tag?post=107409"}],"curies":[{"name":"wp","href":"https:\/\/api.w.org\/{rel}","templated":true}]}}