{"id":107407,"date":"2025-03-11T18:14:36","date_gmt":"2025-03-11T18:14:36","guid":{"rendered":"https:\/\/kinamihealth.com\/product\/cingal\/"},"modified":"2026-01-28T10:32:30","modified_gmt":"2026-01-28T10:32:30","slug":"cingal","status":"publish","type":"product","link":"https:\/\/kinamihealth.com\/fr\/produit\/cingal\/","title":{"rendered":"CINGAL\u00ae"},"content":{"rendered":"<p>CINGAL\u00ae est un traitement injectable \u00e0 action vive et \u00e0 effet durable qui associe de l\u2019acide hyaluronique \u00e0 un cortico\u00efde pour offrir un soulagement rapide de la douleur et une am\u00e9lioration de la fonction articulaire chez les personnes souffrant d\u2019arthrose.<\/p>\n","protected":false},"excerpt":{"rendered":"<p>CINGAL\u00ae est un traitement injectable \u00e0 action vive et \u00e0 effet durable qui associe de l\u2019acide hyaluronique \u00e0 un cortico\u00efde pour offrir un soulagement rapide de la douleur et une am\u00e9lioration de la fonction articulaire chez les personnes souffrant d\u2019arthrose.<\/p>\n","protected":false},"featured_media":107408,"comment_status":"closed","ping_status":"closed","template":"","meta":{"_acf_changed":false,"inline_featured_image":false},"product_brand":[1171],"product_cat":[1376],"product_tag":[1222],"class_list":{"0":"post-107407","1":"product","2":"type-product","3":"status-publish","4":"has-post-thumbnail","6":"product_brand-cingal","7":"product_cat-injections-orthopediques","8":"product_tag-dispositifs-medicaux","10":"first","11":"instock","12":"taxable","13":"shipping-taxable","14":"purchasable","15":"product-type-simple","16":"add-to-wishlist-before_image"},"acf":[],"yoast_head":"<!-- This site is optimized with the Yoast SEO plugin v27.1.1 - https:\/\/yoast.com\/product\/yoast-seo-wordpress\/ -->\n<title>Commander CINGAL\u00ae en ligne | Boutique en ligne | Kinami Health<\/title>\n<meta name=\"description\" content=\"Commandez CINGAL\u00ae en ligne pour un soulagement rapide de l\u2019arthrose du genou gr\u00e2ce \u00e0 la double action de l\u2019acide hyaluronique et d\u2019un cortico\u00efde r\u00e9unis dans une seule injection.\" \/>\n<meta name=\"robots\" content=\"index, follow, max-snippet:-1, max-image-preview:large, max-video-preview:-1\" \/>\n<link rel=\"canonical\" href=\"https:\/\/kinamihealth.com\/fr\/wp-json\/wp\/v2\/product\/107407\" \/>\n<meta property=\"og:locale\" content=\"fr_FR\" \/>\n<meta property=\"og:type\" content=\"article\" \/>\n<meta property=\"og:title\" content=\"Commander CINGAL\u00ae en ligne | Boutique en ligne | Kinami Health\" \/>\n<meta property=\"og:description\" content=\"Commandez CINGAL\u00ae en ligne pour un soulagement rapide de l\u2019arthrose du genou gr\u00e2ce \u00e0 la double action de l\u2019acide hyaluronique et d\u2019un cortico\u00efde r\u00e9unis dans une seule injection.\" \/>\n<meta property=\"og:url\" content=\"https:\/\/kinamihealth.com\/fr\/produit\/cingal\/\" \/>\n<meta property=\"og:site_name\" content=\"Kinami Health\" \/>\n<meta property=\"article:modified_time\" content=\"2026-01-28T10:32:30+00:00\" \/>\n<meta property=\"og:image\" content=\"https:\/\/kinamihealth.com\/wp-content\/uploads\/2025\/03\/CINGAL-4ML-01.webp\" \/>\n\t<meta property=\"og:image:width\" content=\"800\" \/>\n\t<meta property=\"og:image:height\" content=\"800\" \/>\n\t<meta property=\"og:image:type\" content=\"image\/webp\" \/>\n<meta name=\"twitter:card\" content=\"summary_large_image\" \/>\n<meta name=\"twitter:label1\" content=\"Dur\u00e9e de lecture estim\u00e9e\" \/>\n\t<meta name=\"twitter:data1\" content=\"1 minute\" \/>\n<!-- \/ Yoast SEO plugin. -->","yoast_head_json":{"title":"Commander CINGAL\u00ae en ligne | Boutique en ligne | Kinami Health","description":"Commandez CINGAL\u00ae en ligne pour un soulagement rapide de l\u2019arthrose du genou gr\u00e2ce \u00e0 la double action de l\u2019acide hyaluronique et d\u2019un cortico\u00efde r\u00e9unis dans une seule injection.","robots":{"index":"index","follow":"follow","max-snippet":"max-snippet:-1","max-image-preview":"max-image-preview:large","max-video-preview":"max-video-preview:-1"},"canonical":"https:\/\/kinamihealth.com\/fr\/wp-json\/wp\/v2\/product\/107407","og_locale":"fr_FR","og_type":"article","og_title":"Commander CINGAL\u00ae en ligne | Boutique en ligne | Kinami Health","og_description":"Commandez CINGAL\u00ae en ligne pour un soulagement rapide de l\u2019arthrose du genou gr\u00e2ce \u00e0 la double action de l\u2019acide hyaluronique et d\u2019un cortico\u00efde r\u00e9unis dans une seule injection.","og_url":"https:\/\/kinamihealth.com\/fr\/produit\/cingal\/","og_site_name":"Kinami Health","article_modified_time":"2026-01-28T10:32:30+00:00","og_image":[{"width":800,"height":800,"url":"https:\/\/kinamihealth.com\/wp-content\/uploads\/2025\/03\/CINGAL-4ML-01.webp","type":"image\/webp"}],"twitter_card":"summary_large_image","twitter_misc":{"Dur\u00e9e de lecture estim\u00e9e":"1 minute"},"schema":{"@context":"https:\/\/schema.org","@graph":[{"@type":"WebPage","@id":"https:\/\/kinamihealth.com\/fr\/produit\/cingal\/","url":"https:\/\/kinamihealth.com\/fr\/produit\/cingal\/","name":"Commander CINGAL\u00ae en ligne | Boutique en ligne | Kinami Health","isPartOf":{"@id":"https:\/\/kinamihealth.com\/#website"},"primaryImageOfPage":{"@id":"https:\/\/kinamihealth.com\/fr\/produit\/cingal\/#primaryimage"},"image":{"@id":"https:\/\/kinamihealth.com\/fr\/produit\/cingal\/#primaryimage"},"thumbnailUrl":"https:\/\/kinamihealth.com\/wp-content\/uploads\/2025\/03\/CINGAL-4ML-01.webp","datePublished":"2025-03-11T18:14:36+00:00","dateModified":"2026-01-28T10:32:30+00:00","description":"Commandez CINGAL\u00ae en ligne pour un soulagement rapide de l\u2019arthrose du genou gr\u00e2ce \u00e0 la double action de l\u2019acide hyaluronique et d\u2019un cortico\u00efde r\u00e9unis dans une seule injection.","breadcrumb":{"@id":"https:\/\/kinamihealth.com\/fr\/produit\/cingal\/#breadcrumb"},"inLanguage":"fr-FR","potentialAction":[{"@type":"ReadAction","target":["https:\/\/kinamihealth.com\/fr\/produit\/cingal\/"]}]},{"@type":"ImageObject","inLanguage":"fr-FR","@id":"https:\/\/kinamihealth.com\/fr\/produit\/cingal\/#primaryimage","url":"https:\/\/kinamihealth.com\/wp-content\/uploads\/2025\/03\/CINGAL-4ML-01.webp","contentUrl":"https:\/\/kinamihealth.com\/wp-content\/uploads\/2025\/03\/CINGAL-4ML-01.webp","width":800,"height":800},{"@type":"BreadcrumbList","@id":"https:\/\/kinamihealth.com\/fr\/produit\/cingal\/#breadcrumb","itemListElement":[{"@type":"ListItem","position":1,"name":"Page d'accueil","item":"https:\/\/kinamihealth.com\/"},{"@type":"ListItem","position":2,"name":"Boutique","item":"https:\/\/kinamihealth.com\/shop\/"},{"@type":"ListItem","position":3,"name":"CINGAL\u00ae"}]},{"@type":"WebSite","@id":"https:\/\/kinamihealth.com\/#website","url":"https:\/\/kinamihealth.com\/","name":"Kinami Health","description":"","publisher":{"@id":"https:\/\/kinamihealth.com\/#organization"},"potentialAction":[{"@type":"SearchAction","target":{"@type":"EntryPoint","urlTemplate":"https:\/\/kinamihealth.com\/?s={search_term_string}"},"query-input":{"@type":"PropertyValueSpecification","valueRequired":true,"valueName":"search_term_string"}}],"inLanguage":"fr-FR"},{"@type":"Organization","@id":"https:\/\/kinamihealth.com\/#organization","name":"Kinami Health","url":"https:\/\/kinamihealth.com\/","logo":{"@type":"ImageObject","inLanguage":"fr-FR","@id":"https:\/\/kinamihealth.com\/#\/schema\/logo\/image\/","url":"https:\/\/kinamihealth.com\/wp-content\/uploads\/2025\/01\/KH_logo_black_2-1.png","contentUrl":"https:\/\/kinamihealth.com\/wp-content\/uploads\/2025\/01\/KH_logo_black_2-1.png","width":339,"height":34,"caption":"Kinami Health"},"image":{"@id":"https:\/\/kinamihealth.com\/#\/schema\/logo\/image\/"}}]}},"_links":{"self":[{"href":"https:\/\/kinamihealth.com\/fr\/wp-json\/wp\/v2\/product\/107407","targetHints":{"allow":["GET"]}}],"collection":[{"href":"https:\/\/kinamihealth.com\/fr\/wp-json\/wp\/v2\/product"}],"about":[{"href":"https:\/\/kinamihealth.com\/fr\/wp-json\/wp\/v2\/types\/product"}],"replies":[{"embeddable":true,"href":"https:\/\/kinamihealth.com\/fr\/wp-json\/wp\/v2\/comments?post=107407"}],"version-history":[{"count":0,"href":"https:\/\/kinamihealth.com\/fr\/wp-json\/wp\/v2\/product\/107407\/revisions"}],"wp:featuredmedia":[{"embeddable":true,"href":"https:\/\/kinamihealth.com\/fr\/wp-json\/wp\/v2\/media\/107408"}],"wp:attachment":[{"href":"https:\/\/kinamihealth.com\/fr\/wp-json\/wp\/v2\/media?parent=107407"}],"wp:term":[{"taxonomy":"product_brand","embeddable":true,"href":"https:\/\/kinamihealth.com\/fr\/wp-json\/wp\/v2\/product_brand?post=107407"},{"taxonomy":"product_cat","embeddable":true,"href":"https:\/\/kinamihealth.com\/fr\/wp-json\/wp\/v2\/product_cat?post=107407"},{"taxonomy":"product_tag","embeddable":true,"href":"https:\/\/kinamihealth.com\/fr\/wp-json\/wp\/v2\/product_tag?post=107407"}],"curies":[{"name":"wp","href":"https:\/\/api.w.org\/{rel}","templated":true}]}}