{"id":107329,"date":"2025-02-15T16:54:40","date_gmt":"2025-02-15T16:54:40","guid":{"rendered":"https:\/\/kinamihealth.com\/product\/dr-cyj-hair-filler-1-ml\/"},"modified":"2026-01-21T15:23:45","modified_gmt":"2026-01-21T15:23:45","slug":"dr-cyj-hair-filler-1-ml","status":"publish","type":"product","link":"https:\/\/kinamihealth.com\/fr\/produit\/dr-cyj-hair-filler-1-ml\/","title":{"rendered":"DR. CYJ HAIR FILLER 1 ml"},"content":{"rendered":"<p>Dr. Cyj Hair Filler est une pr\u00e9paration dot\u00e9e d\u2019une formule unique associant 7 peptides et de l\u2019acide hyaluronique. Le produit est sp\u00e9cialement d\u00e9velopp\u00e9 pour traiter le cuir chevelu. Dr. Cyj Hair Filler ralentit la chute des cheveux tout en stimulant simultan\u00e9ment la croissance de nouveaux follicules pileux. De plus, la pr\u00e9paration \u00e9paissit les fibres capillaires et restaure la pigmentation.<\/p>\n","protected":false},"excerpt":{"rendered":"<p>Dr. Cyj Hair Filler est une pr\u00e9paration dot\u00e9e d\u2019une formule unique associant 7 peptides et de l\u2019acide hyaluronique. Le produit est sp\u00e9cialement d\u00e9velopp\u00e9 pour traiter le cuir chevelu. Dr. Cyj Hair Filler ralentit la chute des cheveux tout en stimulant simultan\u00e9ment la croissance de nouveaux follicules pileux. De plus, la pr\u00e9paration \u00e9paissit les fibres capillaires [&hellip;]<\/p>\n","protected":false},"featured_media":107333,"comment_status":"closed","ping_status":"closed","template":"","meta":{"_acf_changed":false,"inline_featured_image":false},"product_brand":[1170],"product_cat":[1217],"product_tag":[1222],"class_list":{"0":"post-107329","1":"product","2":"type-product","3":"status-publish","4":"has-post-thumbnail","6":"product_brand-caregen","7":"product_cat-produits-de-comblement-dermique","8":"product_tag-dispositifs-medicaux","10":"first","11":"instock","12":"taxable","13":"shipping-taxable","14":"purchasable","15":"product-type-simple","16":"add-to-wishlist-before_image"},"acf":[],"yoast_head":"<!-- This site is optimized with the Yoast SEO plugin v27.1.1 - https:\/\/yoast.com\/product\/yoast-seo-wordpress\/ -->\n<title>Commander DR. CYJ HAIR FILLER 1ml en ligne | Boutique en ligne | Kinami Health<\/title>\n<meta name=\"description\" content=\"Commandez DR. CYJ HAIR FILLER 1 ml en ligne pour traiter l\u2019affinement capillaire et optimiser la sant\u00e9 du cuir chevelu gr\u00e2ce \u00e0 une formule injectable de peptides biomim\u00e9tiques \u00e0 ciblage pr\u00e9cis.\" \/>\n<meta name=\"robots\" content=\"index, follow, max-snippet:-1, max-image-preview:large, max-video-preview:-1\" \/>\n<link rel=\"canonical\" href=\"https:\/\/kinamihealth.com\/fr\/wp-json\/wp\/v2\/product\/107329\" \/>\n<meta property=\"og:locale\" content=\"fr_FR\" \/>\n<meta property=\"og:type\" content=\"article\" \/>\n<meta property=\"og:title\" content=\"Commander DR. CYJ HAIR FILLER 1ml en ligne | Boutique en ligne | Kinami Health\" \/>\n<meta property=\"og:description\" content=\"Commandez DR. CYJ HAIR FILLER 1 ml en ligne pour traiter l\u2019affinement capillaire et optimiser la sant\u00e9 du cuir chevelu gr\u00e2ce \u00e0 une formule injectable de peptides biomim\u00e9tiques \u00e0 ciblage pr\u00e9cis.\" \/>\n<meta property=\"og:url\" content=\"https:\/\/kinamihealth.com\/fr\/product\/dr-cyj-hair-filler-1-ml\/\" \/>\n<meta property=\"og:site_name\" content=\"Kinami Health\" \/>\n<meta property=\"article:modified_time\" content=\"2026-01-21T15:23:45+00:00\" \/>\n<meta property=\"og:image\" content=\"https:\/\/kinamihealth.com\/wp-content\/uploads\/2025\/02\/DRCYJ-HAIRFILLER-01.jpg\" \/>\n\t<meta property=\"og:image:width\" content=\"800\" \/>\n\t<meta property=\"og:image:height\" content=\"800\" \/>\n\t<meta property=\"og:image:type\" content=\"image\/jpeg\" \/>\n<meta name=\"twitter:card\" content=\"summary_large_image\" \/>\n<meta name=\"twitter:label1\" content=\"Dur\u00e9e de lecture estim\u00e9e\" \/>\n\t<meta name=\"twitter:data1\" content=\"1 minute\" \/>\n<!-- \/ Yoast SEO plugin. -->","yoast_head_json":{"title":"Commander DR. CYJ HAIR FILLER 1ml en ligne | Boutique en ligne | Kinami Health","description":"Commandez DR. CYJ HAIR FILLER 1 ml en ligne pour traiter l\u2019affinement capillaire et optimiser la sant\u00e9 du cuir chevelu gr\u00e2ce \u00e0 une formule injectable de peptides biomim\u00e9tiques \u00e0 ciblage pr\u00e9cis.","robots":{"index":"index","follow":"follow","max-snippet":"max-snippet:-1","max-image-preview":"max-image-preview:large","max-video-preview":"max-video-preview:-1"},"canonical":"https:\/\/kinamihealth.com\/fr\/wp-json\/wp\/v2\/product\/107329","og_locale":"fr_FR","og_type":"article","og_title":"Commander DR. CYJ HAIR FILLER 1ml en ligne | Boutique en ligne | Kinami Health","og_description":"Commandez DR. CYJ HAIR FILLER 1 ml en ligne pour traiter l\u2019affinement capillaire et optimiser la sant\u00e9 du cuir chevelu gr\u00e2ce \u00e0 une formule injectable de peptides biomim\u00e9tiques \u00e0 ciblage pr\u00e9cis.","og_url":"https:\/\/kinamihealth.com\/fr\/product\/dr-cyj-hair-filler-1-ml\/","og_site_name":"Kinami Health","article_modified_time":"2026-01-21T15:23:45+00:00","og_image":[{"width":800,"height":800,"url":"https:\/\/kinamihealth.com\/wp-content\/uploads\/2025\/02\/DRCYJ-HAIRFILLER-01.jpg","type":"image\/jpeg"}],"twitter_card":"summary_large_image","twitter_misc":{"Dur\u00e9e de lecture estim\u00e9e":"1 minute"},"schema":{"@context":"https:\/\/schema.org","@graph":[{"@type":"WebPage","@id":"https:\/\/kinamihealth.com\/fr\/product\/dr-cyj-hair-filler-1-ml\/","url":"https:\/\/kinamihealth.com\/fr\/product\/dr-cyj-hair-filler-1-ml\/","name":"Commander DR. CYJ HAIR FILLER 1ml en ligne | Boutique en ligne | Kinami Health","isPartOf":{"@id":"https:\/\/kinamihealth.com\/#website"},"primaryImageOfPage":{"@id":"https:\/\/kinamihealth.com\/fr\/product\/dr-cyj-hair-filler-1-ml\/#primaryimage"},"image":{"@id":"https:\/\/kinamihealth.com\/fr\/product\/dr-cyj-hair-filler-1-ml\/#primaryimage"},"thumbnailUrl":"https:\/\/kinamihealth.com\/wp-content\/uploads\/2025\/02\/DRCYJ-HAIRFILLER-01.jpg","datePublished":"2025-02-15T16:54:40+00:00","dateModified":"2026-01-21T15:23:45+00:00","description":"Commandez DR. CYJ HAIR FILLER 1 ml en ligne pour traiter l\u2019affinement capillaire et optimiser la sant\u00e9 du cuir chevelu gr\u00e2ce \u00e0 une formule injectable de peptides biomim\u00e9tiques \u00e0 ciblage pr\u00e9cis.","breadcrumb":{"@id":"https:\/\/kinamihealth.com\/fr\/product\/dr-cyj-hair-filler-1-ml\/#breadcrumb"},"inLanguage":"fr-FR","potentialAction":[{"@type":"ReadAction","target":["https:\/\/kinamihealth.com\/fr\/product\/dr-cyj-hair-filler-1-ml\/"]}]},{"@type":"ImageObject","inLanguage":"fr-FR","@id":"https:\/\/kinamihealth.com\/fr\/product\/dr-cyj-hair-filler-1-ml\/#primaryimage","url":"https:\/\/kinamihealth.com\/wp-content\/uploads\/2025\/02\/DRCYJ-HAIRFILLER-01.jpg","contentUrl":"https:\/\/kinamihealth.com\/wp-content\/uploads\/2025\/02\/DRCYJ-HAIRFILLER-01.jpg","width":800,"height":800},{"@type":"BreadcrumbList","@id":"https:\/\/kinamihealth.com\/fr\/product\/dr-cyj-hair-filler-1-ml\/#breadcrumb","itemListElement":[{"@type":"ListItem","position":1,"name":"Page d'accueil","item":"https:\/\/kinamihealth.com\/"},{"@type":"ListItem","position":2,"name":"Boutique","item":"https:\/\/kinamihealth.com\/shop\/"},{"@type":"ListItem","position":3,"name":"DR. CYJ HAIR FILLER 1 ml"}]},{"@type":"WebSite","@id":"https:\/\/kinamihealth.com\/#website","url":"https:\/\/kinamihealth.com\/","name":"Kinami Health","description":"","publisher":{"@id":"https:\/\/kinamihealth.com\/#organization"},"potentialAction":[{"@type":"SearchAction","target":{"@type":"EntryPoint","urlTemplate":"https:\/\/kinamihealth.com\/?s={search_term_string}"},"query-input":{"@type":"PropertyValueSpecification","valueRequired":true,"valueName":"search_term_string"}}],"inLanguage":"fr-FR"},{"@type":"Organization","@id":"https:\/\/kinamihealth.com\/#organization","name":"Kinami Health","url":"https:\/\/kinamihealth.com\/","logo":{"@type":"ImageObject","inLanguage":"fr-FR","@id":"https:\/\/kinamihealth.com\/#\/schema\/logo\/image\/","url":"https:\/\/kinamihealth.com\/wp-content\/uploads\/2025\/01\/KH_logo_black_2-1.png","contentUrl":"https:\/\/kinamihealth.com\/wp-content\/uploads\/2025\/01\/KH_logo_black_2-1.png","width":339,"height":34,"caption":"Kinami Health"},"image":{"@id":"https:\/\/kinamihealth.com\/#\/schema\/logo\/image\/"}}]}},"_links":{"self":[{"href":"https:\/\/kinamihealth.com\/fr\/wp-json\/wp\/v2\/product\/107329","targetHints":{"allow":["GET"]}}],"collection":[{"href":"https:\/\/kinamihealth.com\/fr\/wp-json\/wp\/v2\/product"}],"about":[{"href":"https:\/\/kinamihealth.com\/fr\/wp-json\/wp\/v2\/types\/product"}],"replies":[{"embeddable":true,"href":"https:\/\/kinamihealth.com\/fr\/wp-json\/wp\/v2\/comments?post=107329"}],"version-history":[{"count":0,"href":"https:\/\/kinamihealth.com\/fr\/wp-json\/wp\/v2\/product\/107329\/revisions"}],"wp:featuredmedia":[{"embeddable":true,"href":"https:\/\/kinamihealth.com\/fr\/wp-json\/wp\/v2\/media\/107333"}],"wp:attachment":[{"href":"https:\/\/kinamihealth.com\/fr\/wp-json\/wp\/v2\/media?parent=107329"}],"wp:term":[{"taxonomy":"product_brand","embeddable":true,"href":"https:\/\/kinamihealth.com\/fr\/wp-json\/wp\/v2\/product_brand?post=107329"},{"taxonomy":"product_cat","embeddable":true,"href":"https:\/\/kinamihealth.com\/fr\/wp-json\/wp\/v2\/product_cat?post=107329"},{"taxonomy":"product_tag","embeddable":true,"href":"https:\/\/kinamihealth.com\/fr\/wp-json\/wp\/v2\/product_tag?post=107329"}],"curies":[{"name":"wp","href":"https:\/\/api.w.org\/{rel}","templated":true}]}}