{"id":107324,"date":"2025-02-15T16:54:21","date_gmt":"2025-02-15T16:54:21","guid":{"rendered":"https:\/\/kinamihealth.com\/product\/biorepeelcl3-fnd\/"},"modified":"2026-01-21T15:13:16","modified_gmt":"2026-01-21T15:13:16","slug":"biorepeelcl3-fnd","status":"publish","type":"product","link":"https:\/\/kinamihealth.com\/fr\/produit\/biorepeelcl3-fnd\/","title":{"rendered":"BIOREPEELCL3\u00ae FND"},"content":{"rendered":"<p>BioRePeelC13 FND est un peeling innovant qui exploite la technologie biphas\u00e9e pour g\u00e9n\u00e9rer un effet biostimulateur, revitalisant et exfoliant sur le visage. Formul\u00e9 avec 35 % d\u2019acide trichloroac\u00e9tique (TCA) et 14 autres composants actifs, BioRePeel stimule la r\u00e9plication cutan\u00e9e et les processus biosynth\u00e9tiques, tout en contrant les effets du vieillissement, les dommages oxydatifs li\u00e9s aux rayons UV et \u00e0 la pollution, ainsi que les cicatrices d\u2019acn\u00e9. \u00c0 utiliser sur le visage, le cou et le d\u00e9collet\u00e9.<\/p>\n","protected":false},"excerpt":{"rendered":"<p>BioRePeelC13 FND est un peeling innovant qui exploite la technologie biphas\u00e9e pour g\u00e9n\u00e9rer un effet biostimulateur, revitalisant et exfoliant sur le visage. Formul\u00e9 avec 35 % d\u2019acide trichloroac\u00e9tique (TCA) et 14 autres composants actifs, BioRePeel stimule la r\u00e9plication cutan\u00e9e et les processus biosynth\u00e9tiques, tout en contrant les effets du vieillissement, les dommages oxydatifs li\u00e9s aux [&hellip;]<\/p>\n","protected":false},"featured_media":107328,"comment_status":"closed","ping_status":"closed","template":"","meta":{"_acf_changed":false,"inline_featured_image":false},"product_brand":[1168],"product_cat":[1378],"product_tag":[1222],"class_list":{"0":"post-107324","1":"product","2":"type-product","3":"status-publish","4":"has-post-thumbnail","6":"product_brand-biorepeel","7":"product_cat-peelings-et-masques","8":"product_tag-dispositifs-medicaux","10":"first","11":"instock","12":"taxable","13":"shipping-taxable","14":"purchasable","15":"product-type-simple","16":"add-to-wishlist-before_image"},"acf":[],"yoast_head":"<!-- This site is optimized with the Yoast SEO plugin v27.1.1 - https:\/\/yoast.com\/product\/yoast-seo-wordpress\/ -->\n<title>Commander BIOREPEELCL3\u00ae FND en ligne | Boutique en ligne | Kinami Health<\/title>\n<meta name=\"description\" content=\"Commandez BIOREPEELCL3\u00ae FND en ligne pour traiter le vieillissement cutan\u00e9 du visage, les ridules et l\u2019acn\u00e9 gr\u00e2ce \u00e0 une formule TCA (acide trichloroac\u00e9tique) biostimulante sans desquamation, adapt\u00e9e \u00e0 toutes les saisons.\" \/>\n<meta name=\"robots\" content=\"index, follow, max-snippet:-1, max-image-preview:large, max-video-preview:-1\" \/>\n<link rel=\"canonical\" href=\"https:\/\/kinamihealth.com\/fr\/wp-json\/wp\/v2\/product\/107324\" \/>\n<meta property=\"og:locale\" content=\"fr_FR\" \/>\n<meta property=\"og:type\" content=\"article\" \/>\n<meta property=\"og:title\" content=\"Commander BIOREPEELCL3\u00ae FND en ligne | Boutique en ligne | Kinami Health\" \/>\n<meta property=\"og:description\" content=\"Commandez BIOREPEELCL3\u00ae FND en ligne pour traiter le vieillissement cutan\u00e9 du visage, les ridules et l\u2019acn\u00e9 gr\u00e2ce \u00e0 une formule TCA (acide trichloroac\u00e9tique) biostimulante sans desquamation, adapt\u00e9e \u00e0 toutes les saisons.\" \/>\n<meta property=\"og:url\" content=\"https:\/\/kinamihealth.com\/fr\/product\/biorepeelcl3-fnd\/\" \/>\n<meta property=\"og:site_name\" content=\"Kinami Health\" \/>\n<meta property=\"article:modified_time\" content=\"2026-01-21T15:13:16+00:00\" \/>\n<meta property=\"og:image\" content=\"https:\/\/kinamihealth.com\/wp-content\/uploads\/2025\/02\/BIOREPEEL-FND-02.jpg\" \/>\n\t<meta property=\"og:image:width\" content=\"800\" \/>\n\t<meta property=\"og:image:height\" content=\"800\" \/>\n\t<meta property=\"og:image:type\" content=\"image\/jpeg\" \/>\n<meta name=\"twitter:card\" content=\"summary_large_image\" \/>\n<meta name=\"twitter:label1\" content=\"Dur\u00e9e de lecture estim\u00e9e\" \/>\n\t<meta name=\"twitter:data1\" content=\"1 minute\" \/>\n<!-- \/ Yoast SEO plugin. -->","yoast_head_json":{"title":"Commander BIOREPEELCL3\u00ae FND en ligne | Boutique en ligne | Kinami Health","description":"Commandez BIOREPEELCL3\u00ae FND en ligne pour traiter le vieillissement cutan\u00e9 du visage, les ridules et l\u2019acn\u00e9 gr\u00e2ce \u00e0 une formule TCA (acide trichloroac\u00e9tique) biostimulante sans desquamation, adapt\u00e9e \u00e0 toutes les saisons.","robots":{"index":"index","follow":"follow","max-snippet":"max-snippet:-1","max-image-preview":"max-image-preview:large","max-video-preview":"max-video-preview:-1"},"canonical":"https:\/\/kinamihealth.com\/fr\/wp-json\/wp\/v2\/product\/107324","og_locale":"fr_FR","og_type":"article","og_title":"Commander BIOREPEELCL3\u00ae FND en ligne | Boutique en ligne | Kinami Health","og_description":"Commandez BIOREPEELCL3\u00ae FND en ligne pour traiter le vieillissement cutan\u00e9 du visage, les ridules et l\u2019acn\u00e9 gr\u00e2ce \u00e0 une formule TCA (acide trichloroac\u00e9tique) biostimulante sans desquamation, adapt\u00e9e \u00e0 toutes les saisons.","og_url":"https:\/\/kinamihealth.com\/fr\/product\/biorepeelcl3-fnd\/","og_site_name":"Kinami Health","article_modified_time":"2026-01-21T15:13:16+00:00","og_image":[{"width":800,"height":800,"url":"https:\/\/kinamihealth.com\/wp-content\/uploads\/2025\/02\/BIOREPEEL-FND-02.jpg","type":"image\/jpeg"}],"twitter_card":"summary_large_image","twitter_misc":{"Dur\u00e9e de lecture estim\u00e9e":"1 minute"},"schema":{"@context":"https:\/\/schema.org","@graph":[{"@type":"WebPage","@id":"https:\/\/kinamihealth.com\/fr\/product\/biorepeelcl3-fnd\/","url":"https:\/\/kinamihealth.com\/fr\/product\/biorepeelcl3-fnd\/","name":"Commander BIOREPEELCL3\u00ae FND en ligne | Boutique en ligne | Kinami Health","isPartOf":{"@id":"https:\/\/kinamihealth.com\/#website"},"primaryImageOfPage":{"@id":"https:\/\/kinamihealth.com\/fr\/product\/biorepeelcl3-fnd\/#primaryimage"},"image":{"@id":"https:\/\/kinamihealth.com\/fr\/product\/biorepeelcl3-fnd\/#primaryimage"},"thumbnailUrl":"https:\/\/kinamihealth.com\/wp-content\/uploads\/2025\/02\/BIOREPEEL-FND-02.jpg","datePublished":"2025-02-15T16:54:21+00:00","dateModified":"2026-01-21T15:13:16+00:00","description":"Commandez BIOREPEELCL3\u00ae FND en ligne pour traiter le vieillissement cutan\u00e9 du visage, les ridules et l\u2019acn\u00e9 gr\u00e2ce \u00e0 une formule TCA (acide trichloroac\u00e9tique) biostimulante sans desquamation, adapt\u00e9e \u00e0 toutes les saisons.","breadcrumb":{"@id":"https:\/\/kinamihealth.com\/fr\/product\/biorepeelcl3-fnd\/#breadcrumb"},"inLanguage":"fr-FR","potentialAction":[{"@type":"ReadAction","target":["https:\/\/kinamihealth.com\/fr\/product\/biorepeelcl3-fnd\/"]}]},{"@type":"ImageObject","inLanguage":"fr-FR","@id":"https:\/\/kinamihealth.com\/fr\/product\/biorepeelcl3-fnd\/#primaryimage","url":"https:\/\/kinamihealth.com\/wp-content\/uploads\/2025\/02\/BIOREPEEL-FND-02.jpg","contentUrl":"https:\/\/kinamihealth.com\/wp-content\/uploads\/2025\/02\/BIOREPEEL-FND-02.jpg","width":800,"height":800},{"@type":"BreadcrumbList","@id":"https:\/\/kinamihealth.com\/fr\/product\/biorepeelcl3-fnd\/#breadcrumb","itemListElement":[{"@type":"ListItem","position":1,"name":"Page d'accueil","item":"https:\/\/kinamihealth.com\/"},{"@type":"ListItem","position":2,"name":"Boutique","item":"https:\/\/kinamihealth.com\/shop\/"},{"@type":"ListItem","position":3,"name":"BIOREPEELCL3\u00ae FND"}]},{"@type":"WebSite","@id":"https:\/\/kinamihealth.com\/#website","url":"https:\/\/kinamihealth.com\/","name":"Kinami Health","description":"","publisher":{"@id":"https:\/\/kinamihealth.com\/#organization"},"potentialAction":[{"@type":"SearchAction","target":{"@type":"EntryPoint","urlTemplate":"https:\/\/kinamihealth.com\/?s={search_term_string}"},"query-input":{"@type":"PropertyValueSpecification","valueRequired":true,"valueName":"search_term_string"}}],"inLanguage":"fr-FR"},{"@type":"Organization","@id":"https:\/\/kinamihealth.com\/#organization","name":"Kinami Health","url":"https:\/\/kinamihealth.com\/","logo":{"@type":"ImageObject","inLanguage":"fr-FR","@id":"https:\/\/kinamihealth.com\/#\/schema\/logo\/image\/","url":"https:\/\/kinamihealth.com\/wp-content\/uploads\/2025\/01\/KH_logo_black_2-1.png","contentUrl":"https:\/\/kinamihealth.com\/wp-content\/uploads\/2025\/01\/KH_logo_black_2-1.png","width":339,"height":34,"caption":"Kinami Health"},"image":{"@id":"https:\/\/kinamihealth.com\/#\/schema\/logo\/image\/"}}]}},"_links":{"self":[{"href":"https:\/\/kinamihealth.com\/fr\/wp-json\/wp\/v2\/product\/107324","targetHints":{"allow":["GET"]}}],"collection":[{"href":"https:\/\/kinamihealth.com\/fr\/wp-json\/wp\/v2\/product"}],"about":[{"href":"https:\/\/kinamihealth.com\/fr\/wp-json\/wp\/v2\/types\/product"}],"replies":[{"embeddable":true,"href":"https:\/\/kinamihealth.com\/fr\/wp-json\/wp\/v2\/comments?post=107324"}],"version-history":[{"count":0,"href":"https:\/\/kinamihealth.com\/fr\/wp-json\/wp\/v2\/product\/107324\/revisions"}],"wp:featuredmedia":[{"embeddable":true,"href":"https:\/\/kinamihealth.com\/fr\/wp-json\/wp\/v2\/media\/107328"}],"wp:attachment":[{"href":"https:\/\/kinamihealth.com\/fr\/wp-json\/wp\/v2\/media?parent=107324"}],"wp:term":[{"taxonomy":"product_brand","embeddable":true,"href":"https:\/\/kinamihealth.com\/fr\/wp-json\/wp\/v2\/product_brand?post=107324"},{"taxonomy":"product_cat","embeddable":true,"href":"https:\/\/kinamihealth.com\/fr\/wp-json\/wp\/v2\/product_cat?post=107324"},{"taxonomy":"product_tag","embeddable":true,"href":"https:\/\/kinamihealth.com\/fr\/wp-json\/wp\/v2\/product_tag?post=107324"}],"curies":[{"name":"wp","href":"https:\/\/api.w.org\/{rel}","templated":true}]}}