{"id":107319,"date":"2025-02-15T16:54:21","date_gmt":"2025-02-15T16:54:21","guid":{"rendered":"https:\/\/kinamihealth.com\/product\/biorepeelcl3-body\/"},"modified":"2026-01-21T15:13:30","modified_gmt":"2026-01-21T15:13:30","slug":"biorepeelcl3-body","status":"publish","type":"product","link":"https:\/\/kinamihealth.com\/fr\/produit\/biorepeelcl3-body\/","title":{"rendered":"BIOREPEELCL3\u00ae BODY"},"content":{"rendered":"<p>BioRePeel Body est un dispositif m\u00e9dical biphas\u00e9 innovant, proposant le peeling ainsi que des effets biostimulateurs et revitalisants gr\u00e2ce \u00e0 son ingr\u00e9dient principal, l\u2019acide trichloroac\u00e9tique (TCA).<\/p>\n","protected":false},"excerpt":{"rendered":"<p>BioRePeel Body est un dispositif m\u00e9dical biphas\u00e9 innovant, proposant le peeling ainsi que des effets biostimulateurs et revitalisants gr\u00e2ce \u00e0 son ingr\u00e9dient principal, l\u2019acide trichloroac\u00e9tique (TCA).<\/p>\n","protected":false},"featured_media":107323,"comment_status":"closed","ping_status":"closed","template":"","meta":{"_acf_changed":false,"inline_featured_image":false},"product_brand":[1168],"product_cat":[1378],"product_tag":[1222],"class_list":{"0":"post-107319","1":"product","2":"type-product","3":"status-publish","4":"has-post-thumbnail","6":"product_brand-biorepeel","7":"product_cat-peelings-et-masques","8":"product_tag-dispositifs-medicaux","10":"first","11":"instock","12":"taxable","13":"shipping-taxable","14":"purchasable","15":"product-type-simple","16":"add-to-wishlist-before_image"},"acf":[],"yoast_head":"<!-- This site is optimized with the Yoast SEO plugin v27.1.1 - https:\/\/yoast.com\/product\/yoast-seo-wordpress\/ -->\n<title>Commander BIOREPEELCL3\u00ae BODY en ligne | Boutique en ligne | Kinami Health<\/title>\n<meta name=\"description\" content=\"Commandez BIOREPEELCL3\u00ae BODY en ligne pour lutter contre le vieillissement cutan\u00e9, la pigmentation et les imperfections gr\u00e2ce \u00e0 un peeling biphas\u00e9 con\u00e7u pour revitaliser le corps.\" \/>\n<meta name=\"robots\" content=\"index, follow, max-snippet:-1, max-image-preview:large, max-video-preview:-1\" \/>\n<link rel=\"canonical\" href=\"https:\/\/kinamihealth.com\/fr\/wp-json\/wp\/v2\/product\/107319\" \/>\n<meta property=\"og:locale\" content=\"fr_FR\" \/>\n<meta property=\"og:type\" content=\"article\" \/>\n<meta property=\"og:title\" content=\"Commander BIOREPEELCL3\u00ae BODY en ligne | Boutique en ligne | Kinami Health\" \/>\n<meta property=\"og:description\" content=\"Commandez BIOREPEELCL3\u00ae BODY en ligne pour lutter contre le vieillissement cutan\u00e9, la pigmentation et les imperfections gr\u00e2ce \u00e0 un peeling biphas\u00e9 con\u00e7u pour revitaliser le corps.\" \/>\n<meta property=\"og:url\" content=\"https:\/\/kinamihealth.com\/fr\/product\/biorepeelcl3-body\/\" \/>\n<meta property=\"og:site_name\" content=\"Kinami Health\" \/>\n<meta property=\"article:modified_time\" content=\"2026-01-21T15:13:30+00:00\" \/>\n<meta property=\"og:image\" content=\"https:\/\/kinamihealth.com\/wp-content\/uploads\/2025\/02\/BIOREPEEL-BODY-02.jpg\" \/>\n\t<meta property=\"og:image:width\" content=\"800\" \/>\n\t<meta property=\"og:image:height\" content=\"800\" \/>\n\t<meta property=\"og:image:type\" content=\"image\/jpeg\" \/>\n<meta name=\"twitter:card\" content=\"summary_large_image\" \/>\n<meta name=\"twitter:label1\" content=\"Dur\u00e9e de lecture estim\u00e9e\" \/>\n\t<meta name=\"twitter:data1\" content=\"1 minute\" \/>\n<!-- \/ Yoast SEO plugin. -->","yoast_head_json":{"title":"Commander BIOREPEELCL3\u00ae BODY en ligne | Boutique en ligne | Kinami Health","description":"Commandez BIOREPEELCL3\u00ae BODY en ligne pour lutter contre le vieillissement cutan\u00e9, la pigmentation et les imperfections gr\u00e2ce \u00e0 un peeling biphas\u00e9 con\u00e7u pour revitaliser le corps.","robots":{"index":"index","follow":"follow","max-snippet":"max-snippet:-1","max-image-preview":"max-image-preview:large","max-video-preview":"max-video-preview:-1"},"canonical":"https:\/\/kinamihealth.com\/fr\/wp-json\/wp\/v2\/product\/107319","og_locale":"fr_FR","og_type":"article","og_title":"Commander BIOREPEELCL3\u00ae BODY en ligne | Boutique en ligne | Kinami Health","og_description":"Commandez BIOREPEELCL3\u00ae BODY en ligne pour lutter contre le vieillissement cutan\u00e9, la pigmentation et les imperfections gr\u00e2ce \u00e0 un peeling biphas\u00e9 con\u00e7u pour revitaliser le corps.","og_url":"https:\/\/kinamihealth.com\/fr\/product\/biorepeelcl3-body\/","og_site_name":"Kinami Health","article_modified_time":"2026-01-21T15:13:30+00:00","og_image":[{"width":800,"height":800,"url":"https:\/\/kinamihealth.com\/wp-content\/uploads\/2025\/02\/BIOREPEEL-BODY-02.jpg","type":"image\/jpeg"}],"twitter_card":"summary_large_image","twitter_misc":{"Dur\u00e9e de lecture estim\u00e9e":"1 minute"},"schema":{"@context":"https:\/\/schema.org","@graph":[{"@type":"WebPage","@id":"https:\/\/kinamihealth.com\/fr\/product\/biorepeelcl3-body\/","url":"https:\/\/kinamihealth.com\/fr\/product\/biorepeelcl3-body\/","name":"Commander BIOREPEELCL3\u00ae BODY en ligne | Boutique en ligne | Kinami Health","isPartOf":{"@id":"https:\/\/kinamihealth.com\/#website"},"primaryImageOfPage":{"@id":"https:\/\/kinamihealth.com\/fr\/product\/biorepeelcl3-body\/#primaryimage"},"image":{"@id":"https:\/\/kinamihealth.com\/fr\/product\/biorepeelcl3-body\/#primaryimage"},"thumbnailUrl":"https:\/\/kinamihealth.com\/wp-content\/uploads\/2025\/02\/BIOREPEEL-BODY-02.jpg","datePublished":"2025-02-15T16:54:21+00:00","dateModified":"2026-01-21T15:13:30+00:00","description":"Commandez BIOREPEELCL3\u00ae BODY en ligne pour lutter contre le vieillissement cutan\u00e9, la pigmentation et les imperfections gr\u00e2ce \u00e0 un peeling biphas\u00e9 con\u00e7u pour revitaliser le corps.","breadcrumb":{"@id":"https:\/\/kinamihealth.com\/fr\/product\/biorepeelcl3-body\/#breadcrumb"},"inLanguage":"fr-FR","potentialAction":[{"@type":"ReadAction","target":["https:\/\/kinamihealth.com\/fr\/product\/biorepeelcl3-body\/"]}]},{"@type":"ImageObject","inLanguage":"fr-FR","@id":"https:\/\/kinamihealth.com\/fr\/product\/biorepeelcl3-body\/#primaryimage","url":"https:\/\/kinamihealth.com\/wp-content\/uploads\/2025\/02\/BIOREPEEL-BODY-02.jpg","contentUrl":"https:\/\/kinamihealth.com\/wp-content\/uploads\/2025\/02\/BIOREPEEL-BODY-02.jpg","width":800,"height":800},{"@type":"BreadcrumbList","@id":"https:\/\/kinamihealth.com\/fr\/product\/biorepeelcl3-body\/#breadcrumb","itemListElement":[{"@type":"ListItem","position":1,"name":"Page d'accueil","item":"https:\/\/kinamihealth.com\/"},{"@type":"ListItem","position":2,"name":"Boutique","item":"https:\/\/kinamihealth.com\/shop\/"},{"@type":"ListItem","position":3,"name":"BIOREPEELCL3\u00ae BODY"}]},{"@type":"WebSite","@id":"https:\/\/kinamihealth.com\/#website","url":"https:\/\/kinamihealth.com\/","name":"Kinami Health","description":"","publisher":{"@id":"https:\/\/kinamihealth.com\/#organization"},"potentialAction":[{"@type":"SearchAction","target":{"@type":"EntryPoint","urlTemplate":"https:\/\/kinamihealth.com\/?s={search_term_string}"},"query-input":{"@type":"PropertyValueSpecification","valueRequired":true,"valueName":"search_term_string"}}],"inLanguage":"fr-FR"},{"@type":"Organization","@id":"https:\/\/kinamihealth.com\/#organization","name":"Kinami Health","url":"https:\/\/kinamihealth.com\/","logo":{"@type":"ImageObject","inLanguage":"fr-FR","@id":"https:\/\/kinamihealth.com\/#\/schema\/logo\/image\/","url":"https:\/\/kinamihealth.com\/wp-content\/uploads\/2025\/01\/KH_logo_black_2-1.png","contentUrl":"https:\/\/kinamihealth.com\/wp-content\/uploads\/2025\/01\/KH_logo_black_2-1.png","width":339,"height":34,"caption":"Kinami Health"},"image":{"@id":"https:\/\/kinamihealth.com\/#\/schema\/logo\/image\/"}}]}},"_links":{"self":[{"href":"https:\/\/kinamihealth.com\/fr\/wp-json\/wp\/v2\/product\/107319","targetHints":{"allow":["GET"]}}],"collection":[{"href":"https:\/\/kinamihealth.com\/fr\/wp-json\/wp\/v2\/product"}],"about":[{"href":"https:\/\/kinamihealth.com\/fr\/wp-json\/wp\/v2\/types\/product"}],"replies":[{"embeddable":true,"href":"https:\/\/kinamihealth.com\/fr\/wp-json\/wp\/v2\/comments?post=107319"}],"version-history":[{"count":0,"href":"https:\/\/kinamihealth.com\/fr\/wp-json\/wp\/v2\/product\/107319\/revisions"}],"wp:featuredmedia":[{"embeddable":true,"href":"https:\/\/kinamihealth.com\/fr\/wp-json\/wp\/v2\/media\/107323"}],"wp:attachment":[{"href":"https:\/\/kinamihealth.com\/fr\/wp-json\/wp\/v2\/media?parent=107319"}],"wp:term":[{"taxonomy":"product_brand","embeddable":true,"href":"https:\/\/kinamihealth.com\/fr\/wp-json\/wp\/v2\/product_brand?post=107319"},{"taxonomy":"product_cat","embeddable":true,"href":"https:\/\/kinamihealth.com\/fr\/wp-json\/wp\/v2\/product_cat?post=107319"},{"taxonomy":"product_tag","embeddable":true,"href":"https:\/\/kinamihealth.com\/fr\/wp-json\/wp\/v2\/product_tag?post=107319"}],"curies":[{"name":"wp","href":"https:\/\/api.w.org\/{rel}","templated":true}]}}