{"id":107201,"date":"2025-02-15T16:54:13","date_gmt":"2025-02-15T16:54:13","guid":{"rendered":"https:\/\/kinamihealth.com\/product\/belotero-lips-shape-avec-lidocaine\/"},"modified":"2026-01-21T15:10:08","modified_gmt":"2026-01-21T15:10:08","slug":"belotero-lips-shape-avec-lidocaine","status":"publish","type":"product","link":"https:\/\/kinamihealth.com\/fr\/produit\/belotero-lips-shape-avec-lidocaine\/","title":{"rendered":"BELOTERO LIPS SHAPE avec lidoca\u00efne"},"content":{"rendered":"<p>BELOTERO\u00ae Lips Shape avec lidoca\u00efne est un produit de comblement dermique sp\u00e9cialement con\u00e7u pour sublimer l\u2019ensemble de la zone labiale. Il peut \u00eatre utilis\u00e9 pour repulper les l\u00e8vres sup\u00e9rieures et inf\u00e9rieures pour une apparence plus attirante. En m\u00eame temps, ce produit corrige visiblement les commissures tombantes et les d\u00e9s\u00e9quilibres de forme. En outre, ce gel est bas\u00e9 sur l&#8217;acide hyaluronique, qui fournit une hydratation intense et un l\u00e9ger effet brillant. Ce qui plus est, il att\u00e9nue les ridules p\u00e9ribuccales pour une transition douce entre le contour des l\u00e8vres et le visage. Finalement, le produit garantit un effet naturel jusqu\u2019\u00e0 9 mois, pour un look jeune, frais et plus joli de toute la zone labiale.<\/p>\n","protected":false},"excerpt":{"rendered":"<p>BELOTERO\u00ae Lips Shape avec lidoca\u00efne est un produit de comblement dermique sp\u00e9cialement con\u00e7u pour sublimer l\u2019ensemble de la zone labiale. Il peut \u00eatre utilis\u00e9 pour repulper les l\u00e8vres sup\u00e9rieures et inf\u00e9rieures pour une apparence plus attirante. En m\u00eame temps, ce produit corrige visiblement les commissures tombantes et les d\u00e9s\u00e9quilibres de forme. En outre, ce gel [&hellip;]<\/p>\n","protected":false},"featured_media":107205,"comment_status":"closed","ping_status":"closed","template":"","meta":{"_acf_changed":false,"inline_featured_image":false},"product_brand":[1167],"product_cat":[1217],"product_tag":[1222],"class_list":{"0":"post-107201","1":"product","2":"type-product","3":"status-publish","4":"has-post-thumbnail","6":"product_brand-belotero","7":"product_cat-produits-de-comblement-dermique","8":"product_tag-dispositifs-medicaux","10":"first","11":"instock","12":"taxable","13":"shipping-taxable","14":"purchasable","15":"product-type-simple","16":"add-to-wishlist-before_image"},"acf":[],"yoast_head":"<!-- This site is optimized with the Yoast SEO plugin v27.3 - https:\/\/yoast.com\/product\/yoast-seo-wordpress\/ -->\n<title>Commander BELOTERO LIPS SHAPE avec lidoca\u00efne en ligne | Boutique en ligne | Kinami Health<\/title>\n<meta name=\"description\" content=\"Commandez BELOTERO\u00ae LIPS SHAPE avec lidoca\u00efne en ligne pour repulper les l\u00e8vres avec pr\u00e9cision tout en assurant le confort des patients gr\u00e2ce \u00e0 l\u2019anesth\u00e9sie int\u00e9gr\u00e9e.\" \/>\n<meta name=\"robots\" content=\"index, follow, max-snippet:-1, max-image-preview:large, max-video-preview:-1\" \/>\n<link rel=\"canonical\" href=\"https:\/\/kinamihealth.com\/fr\/wp-json\/wp\/v2\/product\/107201\" \/>\n<meta property=\"og:locale\" content=\"fr_FR\" \/>\n<meta property=\"og:type\" content=\"article\" \/>\n<meta property=\"og:title\" content=\"Commander BELOTERO LIPS SHAPE avec lidoca\u00efne en ligne | Boutique en ligne | Kinami Health\" \/>\n<meta property=\"og:description\" content=\"Commandez BELOTERO\u00ae LIPS SHAPE avec lidoca\u00efne en ligne pour repulper les l\u00e8vres avec pr\u00e9cision tout en assurant le confort des patients gr\u00e2ce \u00e0 l\u2019anesth\u00e9sie int\u00e9gr\u00e9e.\" \/>\n<meta property=\"og:url\" content=\"https:\/\/kinamihealth.com\/fr\/product\/belotero-lips-shape-avec-lidocaine\/\" \/>\n<meta property=\"og:site_name\" content=\"Kinami Health\" \/>\n<meta property=\"article:modified_time\" content=\"2026-01-21T15:10:08+00:00\" \/>\n<meta property=\"og:image\" content=\"https:\/\/kinamihealth.com\/wp-content\/uploads\/2025\/02\/BELOTERO-LIPS-SHAPE-02.jpg\" \/>\n\t<meta property=\"og:image:width\" content=\"800\" \/>\n\t<meta property=\"og:image:height\" content=\"800\" \/>\n\t<meta property=\"og:image:type\" content=\"image\/jpeg\" \/>\n<meta name=\"twitter:card\" content=\"summary_large_image\" \/>\n<meta name=\"twitter:label1\" content=\"Dur\u00e9e de lecture estim\u00e9e\" \/>\n\t<meta name=\"twitter:data1\" content=\"1 minute\" \/>\n<!-- \/ Yoast SEO plugin. -->","yoast_head_json":{"title":"Commander BELOTERO LIPS SHAPE avec lidoca\u00efne en ligne | Boutique en ligne | Kinami Health","description":"Commandez BELOTERO\u00ae LIPS SHAPE avec lidoca\u00efne en ligne pour repulper les l\u00e8vres avec pr\u00e9cision tout en assurant le confort des patients gr\u00e2ce \u00e0 l\u2019anesth\u00e9sie int\u00e9gr\u00e9e.","robots":{"index":"index","follow":"follow","max-snippet":"max-snippet:-1","max-image-preview":"max-image-preview:large","max-video-preview":"max-video-preview:-1"},"canonical":"https:\/\/kinamihealth.com\/fr\/wp-json\/wp\/v2\/product\/107201","og_locale":"fr_FR","og_type":"article","og_title":"Commander BELOTERO LIPS SHAPE avec lidoca\u00efne en ligne | Boutique en ligne | Kinami Health","og_description":"Commandez BELOTERO\u00ae LIPS SHAPE avec lidoca\u00efne en ligne pour repulper les l\u00e8vres avec pr\u00e9cision tout en assurant le confort des patients gr\u00e2ce \u00e0 l\u2019anesth\u00e9sie int\u00e9gr\u00e9e.","og_url":"https:\/\/kinamihealth.com\/fr\/product\/belotero-lips-shape-avec-lidocaine\/","og_site_name":"Kinami Health","article_modified_time":"2026-01-21T15:10:08+00:00","og_image":[{"width":800,"height":800,"url":"https:\/\/kinamihealth.com\/wp-content\/uploads\/2025\/02\/BELOTERO-LIPS-SHAPE-02.jpg","type":"image\/jpeg"}],"twitter_card":"summary_large_image","twitter_misc":{"Dur\u00e9e de lecture estim\u00e9e":"1 minute"},"schema":{"@context":"https:\/\/schema.org","@graph":[{"@type":"WebPage","@id":"https:\/\/kinamihealth.com\/fr\/product\/belotero-lips-shape-avec-lidocaine\/","url":"https:\/\/kinamihealth.com\/fr\/product\/belotero-lips-shape-avec-lidocaine\/","name":"Commander BELOTERO LIPS SHAPE avec lidoca\u00efne en ligne | Boutique en ligne | Kinami Health","isPartOf":{"@id":"https:\/\/kinamihealth.com\/#website"},"primaryImageOfPage":{"@id":"https:\/\/kinamihealth.com\/fr\/product\/belotero-lips-shape-avec-lidocaine\/#primaryimage"},"image":{"@id":"https:\/\/kinamihealth.com\/fr\/product\/belotero-lips-shape-avec-lidocaine\/#primaryimage"},"thumbnailUrl":"https:\/\/kinamihealth.com\/wp-content\/uploads\/2025\/02\/BELOTERO-LIPS-SHAPE-02.jpg","datePublished":"2025-02-15T16:54:13+00:00","dateModified":"2026-01-21T15:10:08+00:00","description":"Commandez BELOTERO\u00ae LIPS SHAPE avec lidoca\u00efne en ligne pour repulper les l\u00e8vres avec pr\u00e9cision tout en assurant le confort des patients gr\u00e2ce \u00e0 l\u2019anesth\u00e9sie int\u00e9gr\u00e9e.","breadcrumb":{"@id":"https:\/\/kinamihealth.com\/fr\/product\/belotero-lips-shape-avec-lidocaine\/#breadcrumb"},"inLanguage":"fr-FR","potentialAction":[{"@type":"ReadAction","target":["https:\/\/kinamihealth.com\/fr\/product\/belotero-lips-shape-avec-lidocaine\/"]}]},{"@type":"ImageObject","inLanguage":"fr-FR","@id":"https:\/\/kinamihealth.com\/fr\/product\/belotero-lips-shape-avec-lidocaine\/#primaryimage","url":"https:\/\/kinamihealth.com\/wp-content\/uploads\/2025\/02\/BELOTERO-LIPS-SHAPE-02.jpg","contentUrl":"https:\/\/kinamihealth.com\/wp-content\/uploads\/2025\/02\/BELOTERO-LIPS-SHAPE-02.jpg","width":800,"height":800},{"@type":"BreadcrumbList","@id":"https:\/\/kinamihealth.com\/fr\/product\/belotero-lips-shape-avec-lidocaine\/#breadcrumb","itemListElement":[{"@type":"ListItem","position":1,"name":"Page d'accueil","item":"https:\/\/kinamihealth.com\/"},{"@type":"ListItem","position":2,"name":"Boutique","item":"https:\/\/kinamihealth.com\/shop\/"},{"@type":"ListItem","position":3,"name":"BELOTERO LIPS SHAPE avec lidoca\u00efne"}]},{"@type":"WebSite","@id":"https:\/\/kinamihealth.com\/#website","url":"https:\/\/kinamihealth.com\/","name":"Kinami Health","description":"","publisher":{"@id":"https:\/\/kinamihealth.com\/#organization"},"potentialAction":[{"@type":"SearchAction","target":{"@type":"EntryPoint","urlTemplate":"https:\/\/kinamihealth.com\/?s={search_term_string}"},"query-input":{"@type":"PropertyValueSpecification","valueRequired":true,"valueName":"search_term_string"}}],"inLanguage":"fr-FR"},{"@type":"Organization","@id":"https:\/\/kinamihealth.com\/#organization","name":"Kinami Health","url":"https:\/\/kinamihealth.com\/","logo":{"@type":"ImageObject","inLanguage":"fr-FR","@id":"https:\/\/kinamihealth.com\/#\/schema\/logo\/image\/","url":"https:\/\/kinamihealth.com\/wp-content\/uploads\/2025\/01\/KH_logo_black_2-1.png","contentUrl":"https:\/\/kinamihealth.com\/wp-content\/uploads\/2025\/01\/KH_logo_black_2-1.png","width":339,"height":34,"caption":"Kinami Health"},"image":{"@id":"https:\/\/kinamihealth.com\/#\/schema\/logo\/image\/"}}]}},"_links":{"self":[{"href":"https:\/\/kinamihealth.com\/fr\/wp-json\/wp\/v2\/product\/107201","targetHints":{"allow":["GET"]}}],"collection":[{"href":"https:\/\/kinamihealth.com\/fr\/wp-json\/wp\/v2\/product"}],"about":[{"href":"https:\/\/kinamihealth.com\/fr\/wp-json\/wp\/v2\/types\/product"}],"replies":[{"embeddable":true,"href":"https:\/\/kinamihealth.com\/fr\/wp-json\/wp\/v2\/comments?post=107201"}],"version-history":[{"count":0,"href":"https:\/\/kinamihealth.com\/fr\/wp-json\/wp\/v2\/product\/107201\/revisions"}],"wp:featuredmedia":[{"embeddable":true,"href":"https:\/\/kinamihealth.com\/fr\/wp-json\/wp\/v2\/media\/107205"}],"wp:attachment":[{"href":"https:\/\/kinamihealth.com\/fr\/wp-json\/wp\/v2\/media?parent=107201"}],"wp:term":[{"taxonomy":"product_brand","embeddable":true,"href":"https:\/\/kinamihealth.com\/fr\/wp-json\/wp\/v2\/product_brand?post=107201"},{"taxonomy":"product_cat","embeddable":true,"href":"https:\/\/kinamihealth.com\/fr\/wp-json\/wp\/v2\/product_cat?post=107201"},{"taxonomy":"product_tag","embeddable":true,"href":"https:\/\/kinamihealth.com\/fr\/wp-json\/wp\/v2\/product_tag?post=107201"}],"curies":[{"name":"wp","href":"https:\/\/api.w.org\/{rel}","templated":true}]}}