{"id":107196,"date":"2025-02-15T16:54:13","date_gmt":"2025-02-15T16:54:13","guid":{"rendered":"https:\/\/kinamihealth.com\/product\/belotero-lips-contour-avec-lidocaine\/"},"modified":"2026-01-21T15:10:05","modified_gmt":"2026-01-21T15:10:05","slug":"belotero-lips-contour-avec-lidocaine","status":"publish","type":"product","link":"https:\/\/kinamihealth.com\/fr\/produit\/belotero-lips-contour-avec-lidocaine\/","title":{"rendered":"BELOTERO LIPS CONTOUR avec lidoca\u00efne"},"content":{"rendered":"<p>BELOTERO\u00ae Lips Contour avec lidoca\u00efne est un produit de comblement dermique formul\u00e9 \u00e0 base d\u2019acide hyaluronique r\u00e9ticul\u00e9, con\u00e7u pour redessiner le contour des l\u00e8vres et les repulper de fa\u00e7on naturelle. Belotero Lips Contour restaure l\u2019ourlet labial pour un aspect plus jeune et harmonieux. Le produit contient de la lidoca\u00efne, un puissant anesth\u00e9sique, qui r\u00e9duit la douleur et assure un confort optimal lors de l\u2019injection. Il est recommand\u00e9 pour la correction des cicatrices faciales atrophique et pour l&#8217;augmentation du volume labial.<\/p>\n","protected":false},"excerpt":{"rendered":"<p>BELOTERO\u00ae Lips Contour avec lidoca\u00efne est un produit de comblement dermique formul\u00e9 \u00e0 base d\u2019acide hyaluronique r\u00e9ticul\u00e9, con\u00e7u pour redessiner le contour des l\u00e8vres et les repulper de fa\u00e7on naturelle. Belotero Lips Contour restaure l\u2019ourlet labial pour un aspect plus jeune et harmonieux. Le produit contient de la lidoca\u00efne, un puissant anesth\u00e9sique, qui r\u00e9duit la [&hellip;]<\/p>\n","protected":false},"featured_media":107200,"comment_status":"closed","ping_status":"closed","template":"","meta":{"_acf_changed":false,"inline_featured_image":false},"product_brand":[1167],"product_cat":[1217],"product_tag":[1222],"class_list":{"0":"post-107196","1":"product","2":"type-product","3":"status-publish","4":"has-post-thumbnail","6":"product_brand-belotero","7":"product_cat-produits-de-comblement-dermique","8":"product_tag-dispositifs-medicaux","10":"first","11":"instock","12":"taxable","13":"shipping-taxable","14":"purchasable","15":"product-type-simple","16":"add-to-wishlist-before_image"},"acf":[],"yoast_head":"<!-- This site is optimized with the Yoast SEO plugin v27.3 - https:\/\/yoast.com\/product\/yoast-seo-wordpress\/ -->\n<title>Commander BELOTERO LIPS CONTOUR avec lidoca\u00efne en ligne | Boutique en ligne | Kinami Health<\/title>\n<meta name=\"description\" content=\"Commandez BELOTERO\u00ae LIPS CONTOUR avec lidoca\u00efne en ligne pour une d\u00e9finition parfaite du contour des l\u00e8vres et un confort du patient optimal gr\u00e2ce \u00e0 l\u2019anesth\u00e9sique int\u00e9gr\u00e9e.\" \/>\n<meta name=\"robots\" content=\"index, follow, max-snippet:-1, max-image-preview:large, max-video-preview:-1\" \/>\n<link rel=\"canonical\" href=\"https:\/\/kinamihealth.com\/fr\/wp-json\/wp\/v2\/product\/107196\" \/>\n<meta property=\"og:locale\" content=\"fr_FR\" \/>\n<meta property=\"og:type\" content=\"article\" \/>\n<meta property=\"og:title\" content=\"Commander BELOTERO LIPS CONTOUR avec lidoca\u00efne en ligne | Boutique en ligne | Kinami Health\" \/>\n<meta property=\"og:description\" content=\"Commandez BELOTERO\u00ae LIPS CONTOUR avec lidoca\u00efne en ligne pour une d\u00e9finition parfaite du contour des l\u00e8vres et un confort du patient optimal gr\u00e2ce \u00e0 l\u2019anesth\u00e9sique int\u00e9gr\u00e9e.\" \/>\n<meta property=\"og:url\" content=\"https:\/\/kinamihealth.com\/fr\/product\/belotero-lips-contour-avec-lidocaine\/\" \/>\n<meta property=\"og:site_name\" content=\"Kinami Health\" \/>\n<meta property=\"article:modified_time\" content=\"2026-01-21T15:10:05+00:00\" \/>\n<meta property=\"og:image\" content=\"https:\/\/kinamihealth.com\/wp-content\/uploads\/2025\/02\/BELOTERO-LIPS-COUNTOUR-02.jpg\" \/>\n\t<meta property=\"og:image:width\" content=\"800\" \/>\n\t<meta property=\"og:image:height\" content=\"800\" \/>\n\t<meta property=\"og:image:type\" content=\"image\/jpeg\" \/>\n<meta name=\"twitter:card\" content=\"summary_large_image\" \/>\n<meta name=\"twitter:label1\" content=\"Dur\u00e9e de lecture estim\u00e9e\" \/>\n\t<meta name=\"twitter:data1\" content=\"1 minute\" \/>\n<!-- \/ Yoast SEO plugin. -->","yoast_head_json":{"title":"Commander BELOTERO LIPS CONTOUR avec lidoca\u00efne en ligne | Boutique en ligne | Kinami Health","description":"Commandez BELOTERO\u00ae LIPS CONTOUR avec lidoca\u00efne en ligne pour une d\u00e9finition parfaite du contour des l\u00e8vres et un confort du patient optimal gr\u00e2ce \u00e0 l\u2019anesth\u00e9sique int\u00e9gr\u00e9e.","robots":{"index":"index","follow":"follow","max-snippet":"max-snippet:-1","max-image-preview":"max-image-preview:large","max-video-preview":"max-video-preview:-1"},"canonical":"https:\/\/kinamihealth.com\/fr\/wp-json\/wp\/v2\/product\/107196","og_locale":"fr_FR","og_type":"article","og_title":"Commander BELOTERO LIPS CONTOUR avec lidoca\u00efne en ligne | Boutique en ligne | Kinami Health","og_description":"Commandez BELOTERO\u00ae LIPS CONTOUR avec lidoca\u00efne en ligne pour une d\u00e9finition parfaite du contour des l\u00e8vres et un confort du patient optimal gr\u00e2ce \u00e0 l\u2019anesth\u00e9sique int\u00e9gr\u00e9e.","og_url":"https:\/\/kinamihealth.com\/fr\/product\/belotero-lips-contour-avec-lidocaine\/","og_site_name":"Kinami Health","article_modified_time":"2026-01-21T15:10:05+00:00","og_image":[{"width":800,"height":800,"url":"https:\/\/kinamihealth.com\/wp-content\/uploads\/2025\/02\/BELOTERO-LIPS-COUNTOUR-02.jpg","type":"image\/jpeg"}],"twitter_card":"summary_large_image","twitter_misc":{"Dur\u00e9e de lecture estim\u00e9e":"1 minute"},"schema":{"@context":"https:\/\/schema.org","@graph":[{"@type":"WebPage","@id":"https:\/\/kinamihealth.com\/fr\/product\/belotero-lips-contour-avec-lidocaine\/","url":"https:\/\/kinamihealth.com\/fr\/product\/belotero-lips-contour-avec-lidocaine\/","name":"Commander BELOTERO LIPS CONTOUR avec lidoca\u00efne en ligne | Boutique en ligne | Kinami Health","isPartOf":{"@id":"https:\/\/kinamihealth.com\/#website"},"primaryImageOfPage":{"@id":"https:\/\/kinamihealth.com\/fr\/product\/belotero-lips-contour-avec-lidocaine\/#primaryimage"},"image":{"@id":"https:\/\/kinamihealth.com\/fr\/product\/belotero-lips-contour-avec-lidocaine\/#primaryimage"},"thumbnailUrl":"https:\/\/kinamihealth.com\/wp-content\/uploads\/2025\/02\/BELOTERO-LIPS-COUNTOUR-02.jpg","datePublished":"2025-02-15T16:54:13+00:00","dateModified":"2026-01-21T15:10:05+00:00","description":"Commandez BELOTERO\u00ae LIPS CONTOUR avec lidoca\u00efne en ligne pour une d\u00e9finition parfaite du contour des l\u00e8vres et un confort du patient optimal gr\u00e2ce \u00e0 l\u2019anesth\u00e9sique int\u00e9gr\u00e9e.","breadcrumb":{"@id":"https:\/\/kinamihealth.com\/fr\/product\/belotero-lips-contour-avec-lidocaine\/#breadcrumb"},"inLanguage":"fr-FR","potentialAction":[{"@type":"ReadAction","target":["https:\/\/kinamihealth.com\/fr\/product\/belotero-lips-contour-avec-lidocaine\/"]}]},{"@type":"ImageObject","inLanguage":"fr-FR","@id":"https:\/\/kinamihealth.com\/fr\/product\/belotero-lips-contour-avec-lidocaine\/#primaryimage","url":"https:\/\/kinamihealth.com\/wp-content\/uploads\/2025\/02\/BELOTERO-LIPS-COUNTOUR-02.jpg","contentUrl":"https:\/\/kinamihealth.com\/wp-content\/uploads\/2025\/02\/BELOTERO-LIPS-COUNTOUR-02.jpg","width":800,"height":800},{"@type":"BreadcrumbList","@id":"https:\/\/kinamihealth.com\/fr\/product\/belotero-lips-contour-avec-lidocaine\/#breadcrumb","itemListElement":[{"@type":"ListItem","position":1,"name":"Page d'accueil","item":"https:\/\/kinamihealth.com\/"},{"@type":"ListItem","position":2,"name":"Boutique","item":"https:\/\/kinamihealth.com\/shop\/"},{"@type":"ListItem","position":3,"name":"BELOTERO LIPS CONTOUR avec lidoca\u00efne"}]},{"@type":"WebSite","@id":"https:\/\/kinamihealth.com\/#website","url":"https:\/\/kinamihealth.com\/","name":"Kinami Health","description":"","publisher":{"@id":"https:\/\/kinamihealth.com\/#organization"},"potentialAction":[{"@type":"SearchAction","target":{"@type":"EntryPoint","urlTemplate":"https:\/\/kinamihealth.com\/?s={search_term_string}"},"query-input":{"@type":"PropertyValueSpecification","valueRequired":true,"valueName":"search_term_string"}}],"inLanguage":"fr-FR"},{"@type":"Organization","@id":"https:\/\/kinamihealth.com\/#organization","name":"Kinami Health","url":"https:\/\/kinamihealth.com\/","logo":{"@type":"ImageObject","inLanguage":"fr-FR","@id":"https:\/\/kinamihealth.com\/#\/schema\/logo\/image\/","url":"https:\/\/kinamihealth.com\/wp-content\/uploads\/2025\/01\/KH_logo_black_2-1.png","contentUrl":"https:\/\/kinamihealth.com\/wp-content\/uploads\/2025\/01\/KH_logo_black_2-1.png","width":339,"height":34,"caption":"Kinami Health"},"image":{"@id":"https:\/\/kinamihealth.com\/#\/schema\/logo\/image\/"}}]}},"_links":{"self":[{"href":"https:\/\/kinamihealth.com\/fr\/wp-json\/wp\/v2\/product\/107196","targetHints":{"allow":["GET"]}}],"collection":[{"href":"https:\/\/kinamihealth.com\/fr\/wp-json\/wp\/v2\/product"}],"about":[{"href":"https:\/\/kinamihealth.com\/fr\/wp-json\/wp\/v2\/types\/product"}],"replies":[{"embeddable":true,"href":"https:\/\/kinamihealth.com\/fr\/wp-json\/wp\/v2\/comments?post=107196"}],"version-history":[{"count":0,"href":"https:\/\/kinamihealth.com\/fr\/wp-json\/wp\/v2\/product\/107196\/revisions"}],"wp:featuredmedia":[{"embeddable":true,"href":"https:\/\/kinamihealth.com\/fr\/wp-json\/wp\/v2\/media\/107200"}],"wp:attachment":[{"href":"https:\/\/kinamihealth.com\/fr\/wp-json\/wp\/v2\/media?parent=107196"}],"wp:term":[{"taxonomy":"product_brand","embeddable":true,"href":"https:\/\/kinamihealth.com\/fr\/wp-json\/wp\/v2\/product_brand?post=107196"},{"taxonomy":"product_cat","embeddable":true,"href":"https:\/\/kinamihealth.com\/fr\/wp-json\/wp\/v2\/product_cat?post=107196"},{"taxonomy":"product_tag","embeddable":true,"href":"https:\/\/kinamihealth.com\/fr\/wp-json\/wp\/v2\/product_tag?post=107196"}],"curies":[{"name":"wp","href":"https:\/\/api.w.org\/{rel}","templated":true}]}}