{"id":107186,"date":"2025-02-15T16:54:11","date_gmt":"2025-02-15T16:54:11","guid":{"rendered":"https:\/\/kinamihealth.com\/product\/belotero-intense\/"},"modified":"2026-01-21T15:13:18","modified_gmt":"2026-01-21T15:13:18","slug":"belotero-intense","status":"publish","type":"product","link":"https:\/\/kinamihealth.com\/fr\/produit\/belotero-intense\/","title":{"rendered":"BELOTERO\u00ae INTENSE"},"content":{"rendered":"<p>Belotero\u00ae Intense peut \u00eatre utilis\u00e9 pour cr\u00e9er un effet volumateur sur les plis nasog\u00e9niens, les rides de la marionnette, le contour et le volume des l\u00e8vres, les commissures orales ainsi que l\u2019arc de Cupidon. Il est id\u00e9al pour combler les rides profondes et optimiser l\u2019augmentation des l\u00e8vres.<\/p>\n","protected":false},"excerpt":{"rendered":"<p>Belotero\u00ae Intense peut \u00eatre utilis\u00e9 pour cr\u00e9er un effet volumateur sur les plis nasog\u00e9niens, les rides de la marionnette, le contour et le volume des l\u00e8vres, les commissures orales ainsi que l\u2019arc de Cupidon. Il est id\u00e9al pour combler les rides profondes et optimiser l\u2019augmentation des l\u00e8vres.<\/p>\n","protected":false},"featured_media":107190,"comment_status":"closed","ping_status":"closed","template":"","meta":{"_acf_changed":false,"inline_featured_image":false},"product_brand":[],"product_cat":[],"product_tag":[],"class_list":{"0":"post-107186","1":"product","2":"type-product","3":"status-publish","4":"has-post-thumbnail","7":"first","8":"instock","9":"taxable","10":"shipping-taxable","11":"purchasable","12":"product-type-simple","13":"add-to-wishlist-before_image"},"acf":[],"yoast_head":"<!-- This site is optimized with the Yoast SEO plugin v27.3 - https:\/\/yoast.com\/product\/yoast-seo-wordpress\/ -->\n<title>Commander BELOTERO\u00ae INTENSE en ligne | Boutique en ligne | Kinami Health<\/title>\n<meta name=\"description\" content=\"Commandez BELOTERO\u00ae INTENSE en ligne pour pouvoir proposer un volume pr\u00e9cis et une d\u00e9finition parfaite gr\u00e2ce \u00e0 un produit de comblement dermique \u00e0 base d\u2019acide hyaluronique fluide, sp\u00e9cialement con\u00e7u pour la correction des rides profondes.\" \/>\n<meta name=\"robots\" content=\"index, follow, max-snippet:-1, max-image-preview:large, max-video-preview:-1\" \/>\n<link rel=\"canonical\" href=\"https:\/\/kinamihealth.com\/fr\/wp-json\/wp\/v2\/product\/107186\" \/>\n<meta property=\"og:locale\" content=\"fr_FR\" \/>\n<meta property=\"og:type\" content=\"article\" \/>\n<meta property=\"og:title\" content=\"Commander BELOTERO\u00ae INTENSE en ligne | Boutique en ligne | Kinami Health\" \/>\n<meta property=\"og:description\" content=\"Commandez BELOTERO\u00ae INTENSE en ligne pour pouvoir proposer un volume pr\u00e9cis et une d\u00e9finition parfaite gr\u00e2ce \u00e0 un produit de comblement dermique \u00e0 base d\u2019acide hyaluronique fluide, sp\u00e9cialement con\u00e7u pour la correction des rides profondes.\" \/>\n<meta property=\"og:url\" content=\"https:\/\/kinamihealth.com\/fr\/product\/belotero-intense\/\" \/>\n<meta property=\"og:site_name\" content=\"Kinami Health\" \/>\n<meta property=\"article:modified_time\" content=\"2026-01-21T15:13:18+00:00\" \/>\n<meta property=\"og:image\" content=\"https:\/\/kinamihealth.com\/wp-content\/uploads\/2025\/02\/BELOTERO-INTENSE-02.jpg\" \/>\n\t<meta property=\"og:image:width\" content=\"800\" \/>\n\t<meta property=\"og:image:height\" content=\"800\" \/>\n\t<meta property=\"og:image:type\" content=\"image\/jpeg\" \/>\n<meta name=\"twitter:card\" content=\"summary_large_image\" \/>\n<meta name=\"twitter:label1\" content=\"Dur\u00e9e de lecture estim\u00e9e\" \/>\n\t<meta name=\"twitter:data1\" content=\"1 minute\" \/>\n<!-- \/ Yoast SEO plugin. -->","yoast_head_json":{"title":"Commander BELOTERO\u00ae INTENSE en ligne | Boutique en ligne | Kinami Health","description":"Commandez BELOTERO\u00ae INTENSE en ligne pour pouvoir proposer un volume pr\u00e9cis et une d\u00e9finition parfaite gr\u00e2ce \u00e0 un produit de comblement dermique \u00e0 base d\u2019acide hyaluronique fluide, sp\u00e9cialement con\u00e7u pour la correction des rides profondes.","robots":{"index":"index","follow":"follow","max-snippet":"max-snippet:-1","max-image-preview":"max-image-preview:large","max-video-preview":"max-video-preview:-1"},"canonical":"https:\/\/kinamihealth.com\/fr\/wp-json\/wp\/v2\/product\/107186","og_locale":"fr_FR","og_type":"article","og_title":"Commander BELOTERO\u00ae INTENSE en ligne | Boutique en ligne | Kinami Health","og_description":"Commandez BELOTERO\u00ae INTENSE en ligne pour pouvoir proposer un volume pr\u00e9cis et une d\u00e9finition parfaite gr\u00e2ce \u00e0 un produit de comblement dermique \u00e0 base d\u2019acide hyaluronique fluide, sp\u00e9cialement con\u00e7u pour la correction des rides profondes.","og_url":"https:\/\/kinamihealth.com\/fr\/product\/belotero-intense\/","og_site_name":"Kinami Health","article_modified_time":"2026-01-21T15:13:18+00:00","og_image":[{"width":800,"height":800,"url":"https:\/\/kinamihealth.com\/wp-content\/uploads\/2025\/02\/BELOTERO-INTENSE-02.jpg","type":"image\/jpeg"}],"twitter_card":"summary_large_image","twitter_misc":{"Dur\u00e9e de lecture estim\u00e9e":"1 minute"},"schema":{"@context":"https:\/\/schema.org","@graph":[{"@type":"WebPage","@id":"https:\/\/kinamihealth.com\/fr\/product\/belotero-intense\/","url":"https:\/\/kinamihealth.com\/fr\/product\/belotero-intense\/","name":"Commander BELOTERO\u00ae INTENSE en ligne | Boutique en ligne | Kinami Health","isPartOf":{"@id":"https:\/\/kinamihealth.com\/#website"},"primaryImageOfPage":{"@id":"https:\/\/kinamihealth.com\/fr\/product\/belotero-intense\/#primaryimage"},"image":{"@id":"https:\/\/kinamihealth.com\/fr\/product\/belotero-intense\/#primaryimage"},"thumbnailUrl":"https:\/\/kinamihealth.com\/wp-content\/uploads\/2025\/02\/BELOTERO-INTENSE-02.jpg","datePublished":"2025-02-15T16:54:11+00:00","dateModified":"2026-01-21T15:13:18+00:00","description":"Commandez BELOTERO\u00ae INTENSE en ligne pour pouvoir proposer un volume pr\u00e9cis et une d\u00e9finition parfaite gr\u00e2ce \u00e0 un produit de comblement dermique \u00e0 base d\u2019acide hyaluronique fluide, sp\u00e9cialement con\u00e7u pour la correction des rides profondes.","breadcrumb":{"@id":"https:\/\/kinamihealth.com\/fr\/product\/belotero-intense\/#breadcrumb"},"inLanguage":"fr-FR","potentialAction":[{"@type":"ReadAction","target":["https:\/\/kinamihealth.com\/fr\/product\/belotero-intense\/"]}]},{"@type":"ImageObject","inLanguage":"fr-FR","@id":"https:\/\/kinamihealth.com\/fr\/product\/belotero-intense\/#primaryimage","url":"https:\/\/kinamihealth.com\/wp-content\/uploads\/2025\/02\/BELOTERO-INTENSE-02.jpg","contentUrl":"https:\/\/kinamihealth.com\/wp-content\/uploads\/2025\/02\/BELOTERO-INTENSE-02.jpg","width":800,"height":800},{"@type":"BreadcrumbList","@id":"https:\/\/kinamihealth.com\/fr\/product\/belotero-intense\/#breadcrumb","itemListElement":[{"@type":"ListItem","position":1,"name":"Page d'accueil","item":"https:\/\/kinamihealth.com\/"},{"@type":"ListItem","position":2,"name":"Boutique","item":"https:\/\/kinamihealth.com\/shop\/"},{"@type":"ListItem","position":3,"name":"BELOTERO\u00ae INTENSE"}]},{"@type":"WebSite","@id":"https:\/\/kinamihealth.com\/#website","url":"https:\/\/kinamihealth.com\/","name":"Kinami Health","description":"","publisher":{"@id":"https:\/\/kinamihealth.com\/#organization"},"potentialAction":[{"@type":"SearchAction","target":{"@type":"EntryPoint","urlTemplate":"https:\/\/kinamihealth.com\/?s={search_term_string}"},"query-input":{"@type":"PropertyValueSpecification","valueRequired":true,"valueName":"search_term_string"}}],"inLanguage":"fr-FR"},{"@type":"Organization","@id":"https:\/\/kinamihealth.com\/#organization","name":"Kinami Health","url":"https:\/\/kinamihealth.com\/","logo":{"@type":"ImageObject","inLanguage":"fr-FR","@id":"https:\/\/kinamihealth.com\/#\/schema\/logo\/image\/","url":"https:\/\/kinamihealth.com\/wp-content\/uploads\/2025\/01\/KH_logo_black_2-1.png","contentUrl":"https:\/\/kinamihealth.com\/wp-content\/uploads\/2025\/01\/KH_logo_black_2-1.png","width":339,"height":34,"caption":"Kinami Health"},"image":{"@id":"https:\/\/kinamihealth.com\/#\/schema\/logo\/image\/"}}]}},"_links":{"self":[{"href":"https:\/\/kinamihealth.com\/fr\/wp-json\/wp\/v2\/product\/107186","targetHints":{"allow":["GET"]}}],"collection":[{"href":"https:\/\/kinamihealth.com\/fr\/wp-json\/wp\/v2\/product"}],"about":[{"href":"https:\/\/kinamihealth.com\/fr\/wp-json\/wp\/v2\/types\/product"}],"replies":[{"embeddable":true,"href":"https:\/\/kinamihealth.com\/fr\/wp-json\/wp\/v2\/comments?post=107186"}],"version-history":[{"count":0,"href":"https:\/\/kinamihealth.com\/fr\/wp-json\/wp\/v2\/product\/107186\/revisions"}],"wp:featuredmedia":[{"embeddable":true,"href":"https:\/\/kinamihealth.com\/fr\/wp-json\/wp\/v2\/media\/107190"}],"wp:attachment":[{"href":"https:\/\/kinamihealth.com\/fr\/wp-json\/wp\/v2\/media?parent=107186"}],"wp:term":[{"taxonomy":"product_brand","embeddable":true,"href":"https:\/\/kinamihealth.com\/fr\/wp-json\/wp\/v2\/product_brand?post=107186"},{"taxonomy":"product_cat","embeddable":true,"href":"https:\/\/kinamihealth.com\/fr\/wp-json\/wp\/v2\/product_cat?post=107186"},{"taxonomy":"product_tag","embeddable":true,"href":"https:\/\/kinamihealth.com\/fr\/wp-json\/wp\/v2\/product_tag?post=107186"}],"curies":[{"name":"wp","href":"https:\/\/api.w.org\/{rel}","templated":true}]}}