{"id":107181,"date":"2025-02-15T16:54:11","date_gmt":"2025-02-15T16:54:11","guid":{"rendered":"https:\/\/kinamihealth.com\/product\/belotero-balance-avec-lidocaine\/"},"modified":"2026-04-02T11:55:06","modified_gmt":"2026-04-02T11:55:06","slug":"belotero-balance-avec-lidocaine","status":"publish","type":"product","link":"https:\/\/kinamihealth.com\/fr\/produit\/belotero-balance-avec-lidocaine\/","title":{"rendered":"BELOTERO\u00ae BALANCE avec lidoca\u00efne"},"content":{"rendered":"<p>Belotero\u00ae Balance avec lidoca\u00efne offre un effet volumateur sur les rides du lion, les plis nasog\u00e9niens, les rides de la marionnette ainsi que le contour, le volume et les commissures des l\u00e8vres. Utilis\u00e9 pour lisser les rides et ridules mod\u00e9r\u00e9es \u00e0 s\u00e9v\u00e8res, ce produit contient de la lidoca\u00efne, un anesth\u00e9sique puissant, pour un confort d\u2019injection \u00e9lev\u00e9.<\/p>\n","protected":false},"excerpt":{"rendered":"<p>Belotero\u00ae Balance avec lidoca\u00efne offre un effet volumateur sur les rides du lion, les plis nasog\u00e9niens, les rides de la marionnette ainsi que le contour, le volume et les commissures des l\u00e8vres. Utilis\u00e9 pour lisser les rides et ridules mod\u00e9r\u00e9es \u00e0 s\u00e9v\u00e8res, ce produit contient de la lidoca\u00efne, un anesth\u00e9sique puissant, pour un confort d\u2019injection [&hellip;]<\/p>\n","protected":false},"featured_media":107182,"comment_status":"closed","ping_status":"closed","template":"","meta":{"_acf_changed":false,"inline_featured_image":false},"product_brand":[1167],"product_cat":[1217],"product_tag":[1222],"class_list":{"0":"post-107181","1":"product","2":"type-product","3":"status-publish","4":"has-post-thumbnail","6":"product_brand-belotero","7":"product_cat-produits-de-comblement-dermique","8":"product_tag-dispositifs-medicaux","10":"first","11":"instock","12":"taxable","13":"shipping-taxable","14":"purchasable","15":"product-type-simple","16":"add-to-wishlist-before_image"},"acf":[],"yoast_head":"<!-- This site is optimized with the Yoast SEO plugin v27.3 - https:\/\/yoast.com\/product\/yoast-seo-wordpress\/ -->\n<title>Commander BELOTERO\u00ae BALANCE avec lidoca\u00efne en ligne | Boutique en ligne | Kinami Health<\/title>\n<meta name=\"description\" content=\"Commandez BELOTERO\u00ae BALANCE avec lidoca\u00efne pour lisser les ridules tout en offrant un confort optimal au patient gr\u00e2ce \u00e0 l\u2019anesth\u00e9sie int\u00e9gr\u00e9e, id\u00e9al pour des injections dermiques pr\u00e9cises.\" \/>\n<meta name=\"robots\" content=\"index, follow, max-snippet:-1, max-image-preview:large, max-video-preview:-1\" \/>\n<link rel=\"canonical\" href=\"https:\/\/kinamihealth.com\/fr\/wp-json\/wp\/v2\/product\/107181\" \/>\n<meta property=\"og:locale\" content=\"fr_FR\" \/>\n<meta property=\"og:type\" content=\"article\" \/>\n<meta property=\"og:title\" content=\"Commander BELOTERO\u00ae BALANCE avec lidoca\u00efne en ligne | Boutique en ligne | Kinami Health\" \/>\n<meta property=\"og:description\" content=\"Commandez BELOTERO\u00ae BALANCE avec lidoca\u00efne pour lisser les ridules tout en offrant un confort optimal au patient gr\u00e2ce \u00e0 l\u2019anesth\u00e9sie int\u00e9gr\u00e9e, id\u00e9al pour des injections dermiques pr\u00e9cises.\" \/>\n<meta property=\"og:url\" content=\"https:\/\/kinamihealth.com\/fr\/produit\/belotero-balance-avec-lidocaine\/\" \/>\n<meta property=\"og:site_name\" content=\"Kinami Health\" \/>\n<meta property=\"article:modified_time\" content=\"2026-04-02T11:55:06+00:00\" \/>\n<meta property=\"og:image\" content=\"https:\/\/kinamihealth.com\/wp-content\/uploads\/2025\/02\/BELOTERO-BALANCE-LIDO-02.jpg\" \/>\n\t<meta property=\"og:image:width\" content=\"800\" \/>\n\t<meta property=\"og:image:height\" content=\"800\" \/>\n\t<meta property=\"og:image:type\" content=\"image\/jpeg\" \/>\n<meta name=\"twitter:card\" content=\"summary_large_image\" \/>\n<meta name=\"twitter:label1\" content=\"Dur\u00e9e de lecture estim\u00e9e\" \/>\n\t<meta name=\"twitter:data1\" content=\"1 minute\" \/>\n<!-- \/ Yoast SEO plugin. -->","yoast_head_json":{"title":"Commander BELOTERO\u00ae BALANCE avec lidoca\u00efne en ligne | Boutique en ligne | Kinami Health","description":"Commandez BELOTERO\u00ae BALANCE avec lidoca\u00efne pour lisser les ridules tout en offrant un confort optimal au patient gr\u00e2ce \u00e0 l\u2019anesth\u00e9sie int\u00e9gr\u00e9e, id\u00e9al pour des injections dermiques pr\u00e9cises.","robots":{"index":"index","follow":"follow","max-snippet":"max-snippet:-1","max-image-preview":"max-image-preview:large","max-video-preview":"max-video-preview:-1"},"canonical":"https:\/\/kinamihealth.com\/fr\/wp-json\/wp\/v2\/product\/107181","og_locale":"fr_FR","og_type":"article","og_title":"Commander BELOTERO\u00ae BALANCE avec lidoca\u00efne en ligne | Boutique en ligne | Kinami Health","og_description":"Commandez BELOTERO\u00ae BALANCE avec lidoca\u00efne pour lisser les ridules tout en offrant un confort optimal au patient gr\u00e2ce \u00e0 l\u2019anesth\u00e9sie int\u00e9gr\u00e9e, id\u00e9al pour des injections dermiques pr\u00e9cises.","og_url":"https:\/\/kinamihealth.com\/fr\/produit\/belotero-balance-avec-lidocaine\/","og_site_name":"Kinami Health","article_modified_time":"2026-04-02T11:55:06+00:00","og_image":[{"width":800,"height":800,"url":"https:\/\/kinamihealth.com\/wp-content\/uploads\/2025\/02\/BELOTERO-BALANCE-LIDO-02.jpg","type":"image\/jpeg"}],"twitter_card":"summary_large_image","twitter_misc":{"Dur\u00e9e de lecture estim\u00e9e":"1 minute"},"schema":{"@context":"https:\/\/schema.org","@graph":[{"@type":"WebPage","@id":"https:\/\/kinamihealth.com\/fr\/produit\/belotero-balance-avec-lidocaine\/","url":"https:\/\/kinamihealth.com\/fr\/produit\/belotero-balance-avec-lidocaine\/","name":"Commander BELOTERO\u00ae BALANCE avec lidoca\u00efne en ligne | Boutique en ligne | Kinami Health","isPartOf":{"@id":"https:\/\/kinamihealth.com\/#website"},"primaryImageOfPage":{"@id":"https:\/\/kinamihealth.com\/fr\/produit\/belotero-balance-avec-lidocaine\/#primaryimage"},"image":{"@id":"https:\/\/kinamihealth.com\/fr\/produit\/belotero-balance-avec-lidocaine\/#primaryimage"},"thumbnailUrl":"https:\/\/kinamihealth.com\/wp-content\/uploads\/2025\/02\/BELOTERO-BALANCE-LIDO-02.jpg","datePublished":"2025-02-15T16:54:11+00:00","dateModified":"2026-04-02T11:55:06+00:00","description":"Commandez BELOTERO\u00ae BALANCE avec lidoca\u00efne pour lisser les ridules tout en offrant un confort optimal au patient gr\u00e2ce \u00e0 l\u2019anesth\u00e9sie int\u00e9gr\u00e9e, id\u00e9al pour des injections dermiques pr\u00e9cises.","breadcrumb":{"@id":"https:\/\/kinamihealth.com\/fr\/produit\/belotero-balance-avec-lidocaine\/#breadcrumb"},"inLanguage":"fr-FR","potentialAction":[{"@type":"ReadAction","target":["https:\/\/kinamihealth.com\/fr\/produit\/belotero-balance-avec-lidocaine\/"]}]},{"@type":"ImageObject","inLanguage":"fr-FR","@id":"https:\/\/kinamihealth.com\/fr\/produit\/belotero-balance-avec-lidocaine\/#primaryimage","url":"https:\/\/kinamihealth.com\/wp-content\/uploads\/2025\/02\/BELOTERO-BALANCE-LIDO-02.jpg","contentUrl":"https:\/\/kinamihealth.com\/wp-content\/uploads\/2025\/02\/BELOTERO-BALANCE-LIDO-02.jpg","width":800,"height":800},{"@type":"BreadcrumbList","@id":"https:\/\/kinamihealth.com\/fr\/produit\/belotero-balance-avec-lidocaine\/#breadcrumb","itemListElement":[{"@type":"ListItem","position":1,"name":"Page d'accueil","item":"https:\/\/kinamihealth.com\/"},{"@type":"ListItem","position":2,"name":"Boutique","item":"https:\/\/kinamihealth.com\/shop\/"},{"@type":"ListItem","position":3,"name":"BELOTERO\u00ae BALANCE avec lidoca\u00efne"}]},{"@type":"WebSite","@id":"https:\/\/kinamihealth.com\/#website","url":"https:\/\/kinamihealth.com\/","name":"Kinami Health","description":"","publisher":{"@id":"https:\/\/kinamihealth.com\/#organization"},"potentialAction":[{"@type":"SearchAction","target":{"@type":"EntryPoint","urlTemplate":"https:\/\/kinamihealth.com\/?s={search_term_string}"},"query-input":{"@type":"PropertyValueSpecification","valueRequired":true,"valueName":"search_term_string"}}],"inLanguage":"fr-FR"},{"@type":"Organization","@id":"https:\/\/kinamihealth.com\/#organization","name":"Kinami Health","url":"https:\/\/kinamihealth.com\/","logo":{"@type":"ImageObject","inLanguage":"fr-FR","@id":"https:\/\/kinamihealth.com\/#\/schema\/logo\/image\/","url":"https:\/\/kinamihealth.com\/wp-content\/uploads\/2025\/01\/KH_logo_black_2-1.png","contentUrl":"https:\/\/kinamihealth.com\/wp-content\/uploads\/2025\/01\/KH_logo_black_2-1.png","width":339,"height":34,"caption":"Kinami Health"},"image":{"@id":"https:\/\/kinamihealth.com\/#\/schema\/logo\/image\/"}}]}},"_links":{"self":[{"href":"https:\/\/kinamihealth.com\/fr\/wp-json\/wp\/v2\/product\/107181","targetHints":{"allow":["GET"]}}],"collection":[{"href":"https:\/\/kinamihealth.com\/fr\/wp-json\/wp\/v2\/product"}],"about":[{"href":"https:\/\/kinamihealth.com\/fr\/wp-json\/wp\/v2\/types\/product"}],"replies":[{"embeddable":true,"href":"https:\/\/kinamihealth.com\/fr\/wp-json\/wp\/v2\/comments?post=107181"}],"version-history":[{"count":1,"href":"https:\/\/kinamihealth.com\/fr\/wp-json\/wp\/v2\/product\/107181\/revisions"}],"predecessor-version":[{"id":134232,"href":"https:\/\/kinamihealth.com\/fr\/wp-json\/wp\/v2\/product\/107181\/revisions\/134232"}],"wp:featuredmedia":[{"embeddable":true,"href":"https:\/\/kinamihealth.com\/fr\/wp-json\/wp\/v2\/media\/107182"}],"wp:attachment":[{"href":"https:\/\/kinamihealth.com\/fr\/wp-json\/wp\/v2\/media?parent=107181"}],"wp:term":[{"taxonomy":"product_brand","embeddable":true,"href":"https:\/\/kinamihealth.com\/fr\/wp-json\/wp\/v2\/product_brand?post=107181"},{"taxonomy":"product_cat","embeddable":true,"href":"https:\/\/kinamihealth.com\/fr\/wp-json\/wp\/v2\/product_cat?post=107181"},{"taxonomy":"product_tag","embeddable":true,"href":"https:\/\/kinamihealth.com\/fr\/wp-json\/wp\/v2\/product_tag?post=107181"}],"curies":[{"name":"wp","href":"https:\/\/api.w.org\/{rel}","templated":true}]}}