{"id":107150,"date":"2025-02-15T16:54:03","date_gmt":"2025-02-15T16:54:03","guid":{"rendered":"https:\/\/kinamihealth.com\/product\/bcn-revita-ha\/"},"modified":"2026-01-21T15:09:56","modified_gmt":"2026-01-21T15:09:56","slug":"bcn-revita-ha","status":"publish","type":"product","link":"https:\/\/kinamihealth.com\/fr\/produit\/bcn-revita-ha\/","title":{"rendered":"BCN REVITA-HA"},"content":{"rendered":"<p>BCN Revita-HA apporte luminosit\u00e9, tonicit\u00e9, \u00e9lasticit\u00e9 et fermet\u00e9 \u00e0 la peau. Ce produit contient de l\u2019acide hyaluronique, \u00e9l\u00e9ment cl\u00e9 de l\u2019\u00e9quilibre visco\u00e9lastique cutan\u00e9. Enrichi en vitamines, il exerce un puissant effet antioxydant, neutralise les radicaux libres, \u00e9quilibre biologiquement le tissu et stimule la synth\u00e8se du collag\u00e8ne.<\/p>\n","protected":false},"excerpt":{"rendered":"<p>BCN Revita-HA apporte luminosit\u00e9, tonicit\u00e9, \u00e9lasticit\u00e9 et fermet\u00e9 \u00e0 la peau. Ce produit contient de l\u2019acide hyaluronique, \u00e9l\u00e9ment cl\u00e9 de l\u2019\u00e9quilibre visco\u00e9lastique cutan\u00e9. Enrichi en vitamines, il exerce un puissant effet antioxydant, neutralise les radicaux libres, \u00e9quilibre biologiquement le tissu et stimule la synth\u00e8se du collag\u00e8ne.<\/p>\n","protected":false},"featured_media":107151,"comment_status":"closed","ping_status":"closed","template":"","meta":{"_acf_changed":false,"inline_featured_image":false},"product_brand":[1163],"product_cat":[1375],"product_tag":[1222],"class_list":{"0":"post-107150","1":"product","2":"type-product","3":"status-publish","4":"has-post-thumbnail","6":"product_brand-bcn","7":"product_cat-injections-de-mesotherapie","8":"product_tag-dispositifs-medicaux","10":"first","11":"instock","12":"taxable","13":"shipping-taxable","14":"purchasable","15":"product-type-simple","16":"add-to-wishlist-before_image"},"acf":[],"yoast_head":"<!-- This site is optimized with the Yoast SEO plugin v27.3 - https:\/\/yoast.com\/product\/yoast-seo-wordpress\/ -->\n<title>Commander BCN REVITA-HA en ligne | Boutique en ligne | Kinami Health<\/title>\n<meta name=\"description\" content=\"Commandez BCN REVITA-HA en ligne pour un usage professionnel dans le but de revitaliser l&#039;hydratation et l&#039;\u00e9lasticit\u00e9 de la peau gr\u00e2ce \u00e0 l&#039;acide hyaluronique non r\u00e9ticul\u00e9 et aux micronutriments.\" \/>\n<meta name=\"robots\" content=\"index, follow, max-snippet:-1, max-image-preview:large, max-video-preview:-1\" \/>\n<link rel=\"canonical\" href=\"https:\/\/kinamihealth.com\/fr\/wp-json\/wp\/v2\/product\/107150\" \/>\n<meta property=\"og:locale\" content=\"fr_FR\" \/>\n<meta property=\"og:type\" content=\"article\" \/>\n<meta property=\"og:title\" content=\"Commander BCN REVITA-HA en ligne | Boutique en ligne | Kinami Health\" \/>\n<meta property=\"og:description\" content=\"Commandez BCN REVITA-HA en ligne pour un usage professionnel dans le but de revitaliser l&#039;hydratation et l&#039;\u00e9lasticit\u00e9 de la peau gr\u00e2ce \u00e0 l&#039;acide hyaluronique non r\u00e9ticul\u00e9 et aux micronutriments.\" \/>\n<meta property=\"og:url\" content=\"https:\/\/kinamihealth.com\/fr\/product\/bcn-revita-ha\/\" \/>\n<meta property=\"og:site_name\" content=\"Kinami Health\" \/>\n<meta property=\"article:modified_time\" content=\"2026-01-21T15:09:56+00:00\" \/>\n<meta property=\"og:image\" content=\"https:\/\/kinamihealth.com\/wp-content\/uploads\/2025\/02\/BCN-REVITA-HA-01.webp\" \/>\n\t<meta property=\"og:image:width\" content=\"800\" \/>\n\t<meta property=\"og:image:height\" content=\"800\" \/>\n\t<meta property=\"og:image:type\" content=\"image\/webp\" \/>\n<meta name=\"twitter:card\" content=\"summary_large_image\" \/>\n<meta name=\"twitter:label1\" content=\"Dur\u00e9e de lecture estim\u00e9e\" \/>\n\t<meta name=\"twitter:data1\" content=\"1 minute\" \/>\n<!-- \/ Yoast SEO plugin. -->","yoast_head_json":{"title":"Commander BCN REVITA-HA en ligne | Boutique en ligne | Kinami Health","description":"Commandez BCN REVITA-HA en ligne pour un usage professionnel dans le but de revitaliser l'hydratation et l'\u00e9lasticit\u00e9 de la peau gr\u00e2ce \u00e0 l'acide hyaluronique non r\u00e9ticul\u00e9 et aux micronutriments.","robots":{"index":"index","follow":"follow","max-snippet":"max-snippet:-1","max-image-preview":"max-image-preview:large","max-video-preview":"max-video-preview:-1"},"canonical":"https:\/\/kinamihealth.com\/fr\/wp-json\/wp\/v2\/product\/107150","og_locale":"fr_FR","og_type":"article","og_title":"Commander BCN REVITA-HA en ligne | Boutique en ligne | Kinami Health","og_description":"Commandez BCN REVITA-HA en ligne pour un usage professionnel dans le but de revitaliser l'hydratation et l'\u00e9lasticit\u00e9 de la peau gr\u00e2ce \u00e0 l'acide hyaluronique non r\u00e9ticul\u00e9 et aux micronutriments.","og_url":"https:\/\/kinamihealth.com\/fr\/product\/bcn-revita-ha\/","og_site_name":"Kinami Health","article_modified_time":"2026-01-21T15:09:56+00:00","og_image":[{"width":800,"height":800,"url":"https:\/\/kinamihealth.com\/wp-content\/uploads\/2025\/02\/BCN-REVITA-HA-01.webp","type":"image\/webp"}],"twitter_card":"summary_large_image","twitter_misc":{"Dur\u00e9e de lecture estim\u00e9e":"1 minute"},"schema":{"@context":"https:\/\/schema.org","@graph":[{"@type":"WebPage","@id":"https:\/\/kinamihealth.com\/fr\/product\/bcn-revita-ha\/","url":"https:\/\/kinamihealth.com\/fr\/product\/bcn-revita-ha\/","name":"Commander BCN REVITA-HA en ligne | Boutique en ligne | Kinami Health","isPartOf":{"@id":"https:\/\/kinamihealth.com\/#website"},"primaryImageOfPage":{"@id":"https:\/\/kinamihealth.com\/fr\/product\/bcn-revita-ha\/#primaryimage"},"image":{"@id":"https:\/\/kinamihealth.com\/fr\/product\/bcn-revita-ha\/#primaryimage"},"thumbnailUrl":"https:\/\/kinamihealth.com\/wp-content\/uploads\/2025\/02\/BCN-REVITA-HA-01.webp","datePublished":"2025-02-15T16:54:03+00:00","dateModified":"2026-01-21T15:09:56+00:00","description":"Commandez BCN REVITA-HA en ligne pour un usage professionnel dans le but de revitaliser l'hydratation et l'\u00e9lasticit\u00e9 de la peau gr\u00e2ce \u00e0 l'acide hyaluronique non r\u00e9ticul\u00e9 et aux micronutriments.","breadcrumb":{"@id":"https:\/\/kinamihealth.com\/fr\/product\/bcn-revita-ha\/#breadcrumb"},"inLanguage":"fr-FR","potentialAction":[{"@type":"ReadAction","target":["https:\/\/kinamihealth.com\/fr\/product\/bcn-revita-ha\/"]}]},{"@type":"ImageObject","inLanguage":"fr-FR","@id":"https:\/\/kinamihealth.com\/fr\/product\/bcn-revita-ha\/#primaryimage","url":"https:\/\/kinamihealth.com\/wp-content\/uploads\/2025\/02\/BCN-REVITA-HA-01.webp","contentUrl":"https:\/\/kinamihealth.com\/wp-content\/uploads\/2025\/02\/BCN-REVITA-HA-01.webp","width":800,"height":800},{"@type":"BreadcrumbList","@id":"https:\/\/kinamihealth.com\/fr\/product\/bcn-revita-ha\/#breadcrumb","itemListElement":[{"@type":"ListItem","position":1,"name":"Page d'accueil","item":"https:\/\/kinamihealth.com\/"},{"@type":"ListItem","position":2,"name":"Boutique","item":"https:\/\/kinamihealth.com\/shop\/"},{"@type":"ListItem","position":3,"name":"BCN REVITA-HA"}]},{"@type":"WebSite","@id":"https:\/\/kinamihealth.com\/#website","url":"https:\/\/kinamihealth.com\/","name":"Kinami Health","description":"","publisher":{"@id":"https:\/\/kinamihealth.com\/#organization"},"potentialAction":[{"@type":"SearchAction","target":{"@type":"EntryPoint","urlTemplate":"https:\/\/kinamihealth.com\/?s={search_term_string}"},"query-input":{"@type":"PropertyValueSpecification","valueRequired":true,"valueName":"search_term_string"}}],"inLanguage":"fr-FR"},{"@type":"Organization","@id":"https:\/\/kinamihealth.com\/#organization","name":"Kinami Health","url":"https:\/\/kinamihealth.com\/","logo":{"@type":"ImageObject","inLanguage":"fr-FR","@id":"https:\/\/kinamihealth.com\/#\/schema\/logo\/image\/","url":"https:\/\/kinamihealth.com\/wp-content\/uploads\/2025\/01\/KH_logo_black_2-1.png","contentUrl":"https:\/\/kinamihealth.com\/wp-content\/uploads\/2025\/01\/KH_logo_black_2-1.png","width":339,"height":34,"caption":"Kinami Health"},"image":{"@id":"https:\/\/kinamihealth.com\/#\/schema\/logo\/image\/"}}]}},"_links":{"self":[{"href":"https:\/\/kinamihealth.com\/fr\/wp-json\/wp\/v2\/product\/107150","targetHints":{"allow":["GET"]}}],"collection":[{"href":"https:\/\/kinamihealth.com\/fr\/wp-json\/wp\/v2\/product"}],"about":[{"href":"https:\/\/kinamihealth.com\/fr\/wp-json\/wp\/v2\/types\/product"}],"replies":[{"embeddable":true,"href":"https:\/\/kinamihealth.com\/fr\/wp-json\/wp\/v2\/comments?post=107150"}],"version-history":[{"count":0,"href":"https:\/\/kinamihealth.com\/fr\/wp-json\/wp\/v2\/product\/107150\/revisions"}],"wp:featuredmedia":[{"embeddable":true,"href":"https:\/\/kinamihealth.com\/fr\/wp-json\/wp\/v2\/media\/107151"}],"wp:attachment":[{"href":"https:\/\/kinamihealth.com\/fr\/wp-json\/wp\/v2\/media?parent=107150"}],"wp:term":[{"taxonomy":"product_brand","embeddable":true,"href":"https:\/\/kinamihealth.com\/fr\/wp-json\/wp\/v2\/product_brand?post=107150"},{"taxonomy":"product_cat","embeddable":true,"href":"https:\/\/kinamihealth.com\/fr\/wp-json\/wp\/v2\/product_cat?post=107150"},{"taxonomy":"product_tag","embeddable":true,"href":"https:\/\/kinamihealth.com\/fr\/wp-json\/wp\/v2\/product_tag?post=107150"}],"curies":[{"name":"wp","href":"https:\/\/api.w.org\/{rel}","templated":true}]}}