{"id":107143,"date":"2025-02-15T16:54:02","date_gmt":"2025-02-15T16:54:02","guid":{"rendered":"https:\/\/kinamihealth.com\/product\/bcn-oculare-peptides\/"},"modified":"2026-01-21T15:09:47","modified_gmt":"2026-01-21T15:09:47","slug":"bcn-oculare-peptides","status":"publish","type":"product","link":"https:\/\/kinamihealth.com\/fr\/produit\/bcn-oculare-peptides\/","title":{"rendered":"BCN OCULARE-PEPTIDES"},"content":{"rendered":"<p>BCN OCULARE-PEPTIDES est con\u00e7u pour traiter int\u00e9gralement le contour des yeux, gr\u00e2ce \u00e0 l\u2019action collective et synergique de ses deux actifs de pointe : des peptides de nouvelle g\u00e9n\u00e9ration et des ingr\u00e9dients classiques non peptidiques. Il offre des r\u00e9sultats spectaculaires sur cette zone d\u00e9licate du visage, redonnant au regard un aspect frais, repos\u00e9, sain et lumineux, reflet d\u2019une peau lisse, douce, ferme et parfaitement hydrat\u00e9e.<\/p>\n","protected":false},"excerpt":{"rendered":"<p>BCN OCULARE-PEPTIDES est con\u00e7u pour traiter int\u00e9gralement le contour des yeux, gr\u00e2ce \u00e0 l\u2019action collective et synergique de ses deux actifs de pointe : des peptides de nouvelle g\u00e9n\u00e9ration et des ingr\u00e9dients classiques non peptidiques. Il offre des r\u00e9sultats spectaculaires sur cette zone d\u00e9licate du visage, redonnant au regard un aspect frais, repos\u00e9, sain et [&hellip;]<\/p>\n","protected":false},"featured_media":107144,"comment_status":"closed","ping_status":"closed","template":"","meta":{"_acf_changed":false,"inline_featured_image":false},"product_brand":[1163],"product_cat":[1375],"product_tag":[1222],"class_list":{"0":"post-107143","1":"product","2":"type-product","3":"status-publish","4":"has-post-thumbnail","6":"product_brand-bcn","7":"product_cat-injections-de-mesotherapie","8":"product_tag-dispositifs-medicaux","10":"first","11":"instock","12":"taxable","13":"shipping-taxable","14":"purchasable","15":"product-type-simple","16":"add-to-wishlist-before_image"},"acf":[],"yoast_head":"<!-- This site is optimized with the Yoast SEO plugin v27.3 - https:\/\/yoast.com\/product\/yoast-seo-wordpress\/ -->\n<title>Commander BCN OCULARE-PEPTIDES en ligne | Boutique en ligne | Kinami Health<\/title>\n<meta name=\"description\" content=\"Commandez BCN OCULARE-PEPTIDES pour soutenir les traitements professionnels ciblant les ridules, les poches sous les yeux et les cernes gr\u00e2ce \u00e0 une technologie peptidique avanc\u00e9e.\" \/>\n<meta name=\"robots\" content=\"index, follow, max-snippet:-1, max-image-preview:large, max-video-preview:-1\" \/>\n<link rel=\"canonical\" href=\"https:\/\/kinamihealth.com\/fr\/wp-json\/wp\/v2\/product\/107143\" \/>\n<meta property=\"og:locale\" content=\"fr_FR\" \/>\n<meta property=\"og:type\" content=\"article\" \/>\n<meta property=\"og:title\" content=\"Commander BCN OCULARE-PEPTIDES en ligne | Boutique en ligne | Kinami Health\" \/>\n<meta property=\"og:description\" content=\"Commandez BCN OCULARE-PEPTIDES pour soutenir les traitements professionnels ciblant les ridules, les poches sous les yeux et les cernes gr\u00e2ce \u00e0 une technologie peptidique avanc\u00e9e.\" \/>\n<meta property=\"og:url\" content=\"https:\/\/kinamihealth.com\/fr\/product\/bcn-oculare-peptides\/\" \/>\n<meta property=\"og:site_name\" content=\"Kinami Health\" \/>\n<meta property=\"article:modified_time\" content=\"2026-01-21T15:09:47+00:00\" \/>\n<meta property=\"og:image\" content=\"https:\/\/kinamihealth.com\/wp-content\/uploads\/2025\/02\/BCN-OCULARE-PEPTIDES-01.webp\" \/>\n\t<meta property=\"og:image:width\" content=\"800\" \/>\n\t<meta property=\"og:image:height\" content=\"800\" \/>\n\t<meta property=\"og:image:type\" content=\"image\/webp\" \/>\n<meta name=\"twitter:card\" content=\"summary_large_image\" \/>\n<meta name=\"twitter:label1\" content=\"Dur\u00e9e de lecture estim\u00e9e\" \/>\n\t<meta name=\"twitter:data1\" content=\"1 minute\" \/>\n<!-- \/ Yoast SEO plugin. -->","yoast_head_json":{"title":"Commander BCN OCULARE-PEPTIDES en ligne | Boutique en ligne | Kinami Health","description":"Commandez BCN OCULARE-PEPTIDES pour soutenir les traitements professionnels ciblant les ridules, les poches sous les yeux et les cernes gr\u00e2ce \u00e0 une technologie peptidique avanc\u00e9e.","robots":{"index":"index","follow":"follow","max-snippet":"max-snippet:-1","max-image-preview":"max-image-preview:large","max-video-preview":"max-video-preview:-1"},"canonical":"https:\/\/kinamihealth.com\/fr\/wp-json\/wp\/v2\/product\/107143","og_locale":"fr_FR","og_type":"article","og_title":"Commander BCN OCULARE-PEPTIDES en ligne | Boutique en ligne | Kinami Health","og_description":"Commandez BCN OCULARE-PEPTIDES pour soutenir les traitements professionnels ciblant les ridules, les poches sous les yeux et les cernes gr\u00e2ce \u00e0 une technologie peptidique avanc\u00e9e.","og_url":"https:\/\/kinamihealth.com\/fr\/product\/bcn-oculare-peptides\/","og_site_name":"Kinami Health","article_modified_time":"2026-01-21T15:09:47+00:00","og_image":[{"width":800,"height":800,"url":"https:\/\/kinamihealth.com\/wp-content\/uploads\/2025\/02\/BCN-OCULARE-PEPTIDES-01.webp","type":"image\/webp"}],"twitter_card":"summary_large_image","twitter_misc":{"Dur\u00e9e de lecture estim\u00e9e":"1 minute"},"schema":{"@context":"https:\/\/schema.org","@graph":[{"@type":"WebPage","@id":"https:\/\/kinamihealth.com\/fr\/product\/bcn-oculare-peptides\/","url":"https:\/\/kinamihealth.com\/fr\/product\/bcn-oculare-peptides\/","name":"Commander BCN OCULARE-PEPTIDES en ligne | Boutique en ligne | Kinami Health","isPartOf":{"@id":"https:\/\/kinamihealth.com\/#website"},"primaryImageOfPage":{"@id":"https:\/\/kinamihealth.com\/fr\/product\/bcn-oculare-peptides\/#primaryimage"},"image":{"@id":"https:\/\/kinamihealth.com\/fr\/product\/bcn-oculare-peptides\/#primaryimage"},"thumbnailUrl":"https:\/\/kinamihealth.com\/wp-content\/uploads\/2025\/02\/BCN-OCULARE-PEPTIDES-01.webp","datePublished":"2025-02-15T16:54:02+00:00","dateModified":"2026-01-21T15:09:47+00:00","description":"Commandez BCN OCULARE-PEPTIDES pour soutenir les traitements professionnels ciblant les ridules, les poches sous les yeux et les cernes gr\u00e2ce \u00e0 une technologie peptidique avanc\u00e9e.","breadcrumb":{"@id":"https:\/\/kinamihealth.com\/fr\/product\/bcn-oculare-peptides\/#breadcrumb"},"inLanguage":"fr-FR","potentialAction":[{"@type":"ReadAction","target":["https:\/\/kinamihealth.com\/fr\/product\/bcn-oculare-peptides\/"]}]},{"@type":"ImageObject","inLanguage":"fr-FR","@id":"https:\/\/kinamihealth.com\/fr\/product\/bcn-oculare-peptides\/#primaryimage","url":"https:\/\/kinamihealth.com\/wp-content\/uploads\/2025\/02\/BCN-OCULARE-PEPTIDES-01.webp","contentUrl":"https:\/\/kinamihealth.com\/wp-content\/uploads\/2025\/02\/BCN-OCULARE-PEPTIDES-01.webp","width":800,"height":800},{"@type":"BreadcrumbList","@id":"https:\/\/kinamihealth.com\/fr\/product\/bcn-oculare-peptides\/#breadcrumb","itemListElement":[{"@type":"ListItem","position":1,"name":"Page d'accueil","item":"https:\/\/kinamihealth.com\/"},{"@type":"ListItem","position":2,"name":"Boutique","item":"https:\/\/kinamihealth.com\/shop\/"},{"@type":"ListItem","position":3,"name":"BCN OCULARE-PEPTIDES"}]},{"@type":"WebSite","@id":"https:\/\/kinamihealth.com\/#website","url":"https:\/\/kinamihealth.com\/","name":"Kinami Health","description":"","publisher":{"@id":"https:\/\/kinamihealth.com\/#organization"},"potentialAction":[{"@type":"SearchAction","target":{"@type":"EntryPoint","urlTemplate":"https:\/\/kinamihealth.com\/?s={search_term_string}"},"query-input":{"@type":"PropertyValueSpecification","valueRequired":true,"valueName":"search_term_string"}}],"inLanguage":"fr-FR"},{"@type":"Organization","@id":"https:\/\/kinamihealth.com\/#organization","name":"Kinami Health","url":"https:\/\/kinamihealth.com\/","logo":{"@type":"ImageObject","inLanguage":"fr-FR","@id":"https:\/\/kinamihealth.com\/#\/schema\/logo\/image\/","url":"https:\/\/kinamihealth.com\/wp-content\/uploads\/2025\/01\/KH_logo_black_2-1.png","contentUrl":"https:\/\/kinamihealth.com\/wp-content\/uploads\/2025\/01\/KH_logo_black_2-1.png","width":339,"height":34,"caption":"Kinami Health"},"image":{"@id":"https:\/\/kinamihealth.com\/#\/schema\/logo\/image\/"}}]}},"_links":{"self":[{"href":"https:\/\/kinamihealth.com\/fr\/wp-json\/wp\/v2\/product\/107143","targetHints":{"allow":["GET"]}}],"collection":[{"href":"https:\/\/kinamihealth.com\/fr\/wp-json\/wp\/v2\/product"}],"about":[{"href":"https:\/\/kinamihealth.com\/fr\/wp-json\/wp\/v2\/types\/product"}],"replies":[{"embeddable":true,"href":"https:\/\/kinamihealth.com\/fr\/wp-json\/wp\/v2\/comments?post=107143"}],"version-history":[{"count":0,"href":"https:\/\/kinamihealth.com\/fr\/wp-json\/wp\/v2\/product\/107143\/revisions"}],"wp:featuredmedia":[{"embeddable":true,"href":"https:\/\/kinamihealth.com\/fr\/wp-json\/wp\/v2\/media\/107144"}],"wp:attachment":[{"href":"https:\/\/kinamihealth.com\/fr\/wp-json\/wp\/v2\/media?parent=107143"}],"wp:term":[{"taxonomy":"product_brand","embeddable":true,"href":"https:\/\/kinamihealth.com\/fr\/wp-json\/wp\/v2\/product_brand?post=107143"},{"taxonomy":"product_cat","embeddable":true,"href":"https:\/\/kinamihealth.com\/fr\/wp-json\/wp\/v2\/product_cat?post=107143"},{"taxonomy":"product_tag","embeddable":true,"href":"https:\/\/kinamihealth.com\/fr\/wp-json\/wp\/v2\/product_tag?post=107143"}],"curies":[{"name":"wp","href":"https:\/\/api.w.org\/{rel}","templated":true}]}}