{"id":107141,"date":"2025-02-15T16:53:55","date_gmt":"2025-02-15T16:53:55","guid":{"rendered":"https:\/\/kinamihealth.com\/product\/bcn-adipo-forte\/"},"modified":"2026-01-21T15:07:18","modified_gmt":"2026-01-21T15:07:18","slug":"bcn-adipo-forte","status":"publish","type":"product","link":"https:\/\/kinamihealth.com\/fr\/produit\/bcn-adipo-forte\/","title":{"rendered":"BCN ADIPO FORTE"},"content":{"rendered":"<p>BCN ADIPO FORTE est con\u00e7u pour \u00e9liminer les d\u00e9p\u00f4ts graisseux localis\u00e9s du contour corporel et des plis abdominaux situ\u00e9s au niveau des bras sup\u00e9rieurs, des cuisses, des fesses, des genoux et de la taille. Il est \u00e9galement utilis\u00e9 pour l\u2019ablation des lipomes et les traitements de liposuccion. Il est recommand\u00e9 aux personnes de poids normal ou l\u00e9g\u00e8rement sup\u00e9rieur pr\u00e9sentant des zones de graisse localis\u00e9e, ainsi qu\u2019\u00e0 celles souhaitant optimiser et maintenir les r\u00e9sultats d\u2019une r\u00e9duction graisseuse.<\/p>\n","protected":false},"excerpt":{"rendered":"<p>BCN ADIPO FORTE est con\u00e7u pour \u00e9liminer les d\u00e9p\u00f4ts graisseux localis\u00e9s du contour corporel et des plis abdominaux situ\u00e9s au niveau des bras sup\u00e9rieurs, des cuisses, des fesses, des genoux et de la taille. Il est \u00e9galement utilis\u00e9 pour l\u2019ablation des lipomes et les traitements de liposuccion. Il est recommand\u00e9 aux personnes de poids normal [&hellip;]<\/p>\n","protected":false},"featured_media":107142,"comment_status":"closed","ping_status":"closed","template":"","meta":{"_acf_changed":false,"inline_featured_image":false},"product_brand":[1163],"product_cat":[1375],"product_tag":[1222],"class_list":{"0":"post-107141","1":"product","2":"type-product","3":"status-publish","4":"has-post-thumbnail","6":"product_brand-bcn","7":"product_cat-injections-de-mesotherapie","8":"product_tag-dispositifs-medicaux","10":"first","11":"instock","12":"taxable","13":"shipping-taxable","14":"purchasable","15":"product-type-simple","16":"add-to-wishlist-before_image"},"acf":[],"yoast_head":"<!-- This site is optimized with the Yoast SEO plugin v27.1.1 - https:\/\/yoast.com\/product\/yoast-seo-wordpress\/ -->\n<title>Commander BCN ADIPO FORTE en ligne | Boutique en ligne | Kinami Health<\/title>\n<meta name=\"description\" content=\"Commandez BCN ADIPO FORTE en ligne et acc\u00e9der \u00e0 un produit injectable de m\u00e9soth\u00e9rapie, con\u00e7u pour les professionnels de l\u2019esth\u00e9tique qui ciblent les d\u00e9p\u00f4ts graisseux tenaces et l&#039;adiposit\u00e9 localis\u00e9e.\" \/>\n<meta name=\"robots\" content=\"index, follow, max-snippet:-1, max-image-preview:large, max-video-preview:-1\" \/>\n<link rel=\"canonical\" href=\"https:\/\/kinamihealth.com\/fr\/wp-json\/wp\/v2\/product\/107141\" \/>\n<meta property=\"og:locale\" content=\"fr_FR\" \/>\n<meta property=\"og:type\" content=\"article\" \/>\n<meta property=\"og:title\" content=\"Commander BCN ADIPO FORTE en ligne | Boutique en ligne | Kinami Health\" \/>\n<meta property=\"og:description\" content=\"Commandez BCN ADIPO FORTE en ligne et acc\u00e9der \u00e0 un produit injectable de m\u00e9soth\u00e9rapie, con\u00e7u pour les professionnels de l\u2019esth\u00e9tique qui ciblent les d\u00e9p\u00f4ts graisseux tenaces et l&#039;adiposit\u00e9 localis\u00e9e.\" \/>\n<meta property=\"og:url\" content=\"https:\/\/kinamihealth.com\/fr\/product\/bcn-adipo-forte\/\" \/>\n<meta property=\"og:site_name\" content=\"Kinami Health\" \/>\n<meta property=\"article:modified_time\" content=\"2026-01-21T15:07:18+00:00\" \/>\n<meta property=\"og:image\" content=\"https:\/\/kinamihealth.com\/wp-content\/uploads\/2025\/02\/BCN-ADIPO-FORTE-01.webp\" \/>\n\t<meta property=\"og:image:width\" content=\"800\" \/>\n\t<meta property=\"og:image:height\" content=\"800\" \/>\n\t<meta property=\"og:image:type\" content=\"image\/webp\" \/>\n<meta name=\"twitter:card\" content=\"summary_large_image\" \/>\n<meta name=\"twitter:label1\" content=\"Dur\u00e9e de lecture estim\u00e9e\" \/>\n\t<meta name=\"twitter:data1\" content=\"1 minute\" \/>\n<!-- \/ Yoast SEO plugin. -->","yoast_head_json":{"title":"Commander BCN ADIPO FORTE en ligne | Boutique en ligne | Kinami Health","description":"Commandez BCN ADIPO FORTE en ligne et acc\u00e9der \u00e0 un produit injectable de m\u00e9soth\u00e9rapie, con\u00e7u pour les professionnels de l\u2019esth\u00e9tique qui ciblent les d\u00e9p\u00f4ts graisseux tenaces et l'adiposit\u00e9 localis\u00e9e.","robots":{"index":"index","follow":"follow","max-snippet":"max-snippet:-1","max-image-preview":"max-image-preview:large","max-video-preview":"max-video-preview:-1"},"canonical":"https:\/\/kinamihealth.com\/fr\/wp-json\/wp\/v2\/product\/107141","og_locale":"fr_FR","og_type":"article","og_title":"Commander BCN ADIPO FORTE en ligne | Boutique en ligne | Kinami Health","og_description":"Commandez BCN ADIPO FORTE en ligne et acc\u00e9der \u00e0 un produit injectable de m\u00e9soth\u00e9rapie, con\u00e7u pour les professionnels de l\u2019esth\u00e9tique qui ciblent les d\u00e9p\u00f4ts graisseux tenaces et l'adiposit\u00e9 localis\u00e9e.","og_url":"https:\/\/kinamihealth.com\/fr\/product\/bcn-adipo-forte\/","og_site_name":"Kinami Health","article_modified_time":"2026-01-21T15:07:18+00:00","og_image":[{"width":800,"height":800,"url":"https:\/\/kinamihealth.com\/wp-content\/uploads\/2025\/02\/BCN-ADIPO-FORTE-01.webp","type":"image\/webp"}],"twitter_card":"summary_large_image","twitter_misc":{"Dur\u00e9e de lecture estim\u00e9e":"1 minute"},"schema":{"@context":"https:\/\/schema.org","@graph":[{"@type":"WebPage","@id":"https:\/\/kinamihealth.com\/fr\/product\/bcn-adipo-forte\/","url":"https:\/\/kinamihealth.com\/fr\/product\/bcn-adipo-forte\/","name":"Commander BCN ADIPO FORTE en ligne | Boutique en ligne | Kinami Health","isPartOf":{"@id":"https:\/\/kinamihealth.com\/#website"},"primaryImageOfPage":{"@id":"https:\/\/kinamihealth.com\/fr\/product\/bcn-adipo-forte\/#primaryimage"},"image":{"@id":"https:\/\/kinamihealth.com\/fr\/product\/bcn-adipo-forte\/#primaryimage"},"thumbnailUrl":"https:\/\/kinamihealth.com\/wp-content\/uploads\/2025\/02\/BCN-ADIPO-FORTE-01.webp","datePublished":"2025-02-15T16:53:55+00:00","dateModified":"2026-01-21T15:07:18+00:00","description":"Commandez BCN ADIPO FORTE en ligne et acc\u00e9der \u00e0 un produit injectable de m\u00e9soth\u00e9rapie, con\u00e7u pour les professionnels de l\u2019esth\u00e9tique qui ciblent les d\u00e9p\u00f4ts graisseux tenaces et l'adiposit\u00e9 localis\u00e9e.","breadcrumb":{"@id":"https:\/\/kinamihealth.com\/fr\/product\/bcn-adipo-forte\/#breadcrumb"},"inLanguage":"fr-FR","potentialAction":[{"@type":"ReadAction","target":["https:\/\/kinamihealth.com\/fr\/product\/bcn-adipo-forte\/"]}]},{"@type":"ImageObject","inLanguage":"fr-FR","@id":"https:\/\/kinamihealth.com\/fr\/product\/bcn-adipo-forte\/#primaryimage","url":"https:\/\/kinamihealth.com\/wp-content\/uploads\/2025\/02\/BCN-ADIPO-FORTE-01.webp","contentUrl":"https:\/\/kinamihealth.com\/wp-content\/uploads\/2025\/02\/BCN-ADIPO-FORTE-01.webp","width":800,"height":800},{"@type":"BreadcrumbList","@id":"https:\/\/kinamihealth.com\/fr\/product\/bcn-adipo-forte\/#breadcrumb","itemListElement":[{"@type":"ListItem","position":1,"name":"Page d'accueil","item":"https:\/\/kinamihealth.com\/"},{"@type":"ListItem","position":2,"name":"Boutique","item":"https:\/\/kinamihealth.com\/shop\/"},{"@type":"ListItem","position":3,"name":"BCN ADIPO FORTE"}]},{"@type":"WebSite","@id":"https:\/\/kinamihealth.com\/#website","url":"https:\/\/kinamihealth.com\/","name":"Kinami Health","description":"","publisher":{"@id":"https:\/\/kinamihealth.com\/#organization"},"potentialAction":[{"@type":"SearchAction","target":{"@type":"EntryPoint","urlTemplate":"https:\/\/kinamihealth.com\/?s={search_term_string}"},"query-input":{"@type":"PropertyValueSpecification","valueRequired":true,"valueName":"search_term_string"}}],"inLanguage":"fr-FR"},{"@type":"Organization","@id":"https:\/\/kinamihealth.com\/#organization","name":"Kinami Health","url":"https:\/\/kinamihealth.com\/","logo":{"@type":"ImageObject","inLanguage":"fr-FR","@id":"https:\/\/kinamihealth.com\/#\/schema\/logo\/image\/","url":"https:\/\/kinamihealth.com\/wp-content\/uploads\/2025\/01\/KH_logo_black_2-1.png","contentUrl":"https:\/\/kinamihealth.com\/wp-content\/uploads\/2025\/01\/KH_logo_black_2-1.png","width":339,"height":34,"caption":"Kinami Health"},"image":{"@id":"https:\/\/kinamihealth.com\/#\/schema\/logo\/image\/"}}]}},"_links":{"self":[{"href":"https:\/\/kinamihealth.com\/fr\/wp-json\/wp\/v2\/product\/107141","targetHints":{"allow":["GET"]}}],"collection":[{"href":"https:\/\/kinamihealth.com\/fr\/wp-json\/wp\/v2\/product"}],"about":[{"href":"https:\/\/kinamihealth.com\/fr\/wp-json\/wp\/v2\/types\/product"}],"replies":[{"embeddable":true,"href":"https:\/\/kinamihealth.com\/fr\/wp-json\/wp\/v2\/comments?post=107141"}],"version-history":[{"count":0,"href":"https:\/\/kinamihealth.com\/fr\/wp-json\/wp\/v2\/product\/107141\/revisions"}],"wp:featuredmedia":[{"embeddable":true,"href":"https:\/\/kinamihealth.com\/fr\/wp-json\/wp\/v2\/media\/107142"}],"wp:attachment":[{"href":"https:\/\/kinamihealth.com\/fr\/wp-json\/wp\/v2\/media?parent=107141"}],"wp:term":[{"taxonomy":"product_brand","embeddable":true,"href":"https:\/\/kinamihealth.com\/fr\/wp-json\/wp\/v2\/product_brand?post=107141"},{"taxonomy":"product_cat","embeddable":true,"href":"https:\/\/kinamihealth.com\/fr\/wp-json\/wp\/v2\/product_cat?post=107141"},{"taxonomy":"product_tag","embeddable":true,"href":"https:\/\/kinamihealth.com\/fr\/wp-json\/wp\/v2\/product_tag?post=107141"}],"curies":[{"name":"wp","href":"https:\/\/api.w.org\/{rel}","templated":true}]}}