{"id":107138,"date":"2025-02-15T16:53:54","date_gmt":"2025-02-15T16:53:54","guid":{"rendered":"https:\/\/kinamihealth.com\/product\/bcn-adipo\/"},"modified":"2026-01-21T15:07:13","modified_gmt":"2026-01-21T15:07:13","slug":"bcn-adipo","status":"publish","type":"product","link":"https:\/\/kinamihealth.com\/fr\/produit\/bcn-adipo\/","title":{"rendered":"BCN ADIPO"},"content":{"rendered":"<p>BCN ADIPO a \u00e9t\u00e9 d\u00e9velopp\u00e9 pour combattre la cellulite et restaurer la fermet\u00e9 cutan\u00e9e ; il peut \u00e9galement s\u2019utiliser sur le visage pour traiter des indications esth\u00e9tiques telles que le double menton. La L-carnitine et la caf\u00e9ine mobilisent la graisse accumul\u00e9e, la lib\u00e9rant afin qu\u2019elle puisse \u00eatre br\u00fbl\u00e9e par le m\u00e9tabolisme.<\/p>\n","protected":false},"excerpt":{"rendered":"<p>BCN ADIPO a \u00e9t\u00e9 d\u00e9velopp\u00e9 pour combattre la cellulite et restaurer la fermet\u00e9 cutan\u00e9e ; il peut \u00e9galement s\u2019utiliser sur le visage pour traiter des indications esth\u00e9tiques telles que le double menton. La L-carnitine et la caf\u00e9ine mobilisent la graisse accumul\u00e9e, la lib\u00e9rant afin qu\u2019elle puisse \u00eatre br\u00fbl\u00e9e par le m\u00e9tabolisme.<\/p>\n","protected":false},"featured_media":107139,"comment_status":"closed","ping_status":"closed","template":"","meta":{"_acf_changed":false,"inline_featured_image":false},"product_brand":[1163],"product_cat":[1375],"product_tag":[1222],"class_list":{"0":"post-107138","1":"product","2":"type-product","3":"status-publish","4":"has-post-thumbnail","6":"product_brand-bcn","7":"product_cat-injections-de-mesotherapie","8":"product_tag-dispositifs-medicaux","10":"first","11":"instock","12":"taxable","13":"shipping-taxable","14":"purchasable","15":"product-type-simple","16":"add-to-wishlist-before_image"},"acf":[],"yoast_head":"<!-- This site is optimized with the Yoast SEO plugin v27.1.1 - https:\/\/yoast.com\/product\/yoast-seo-wordpress\/ -->\n<title>Commander BCN ADIPO en ligne | Boutique en ligne | Kinami Health<\/title>\n<meta name=\"description\" content=\"Commander BCN ADIPO en ligne pour acc\u00e9der \u00e0 une solution de m\u00e9soth\u00e9rapie professionnelle, formul\u00e9e pour cibler les d\u00e9p\u00f4ts graisseux localis\u00e9s et renforcer les traitements de remodelage corporel.\" \/>\n<meta name=\"robots\" content=\"index, follow, max-snippet:-1, max-image-preview:large, max-video-preview:-1\" \/>\n<link rel=\"canonical\" href=\"https:\/\/kinamihealth.com\/fr\/wp-json\/wp\/v2\/product\/107138\" \/>\n<meta property=\"og:locale\" content=\"fr_FR\" \/>\n<meta property=\"og:type\" content=\"article\" \/>\n<meta property=\"og:title\" content=\"Commander BCN ADIPO en ligne | Boutique en ligne | Kinami Health\" \/>\n<meta property=\"og:description\" content=\"Commander BCN ADIPO en ligne pour acc\u00e9der \u00e0 une solution de m\u00e9soth\u00e9rapie professionnelle, formul\u00e9e pour cibler les d\u00e9p\u00f4ts graisseux localis\u00e9s et renforcer les traitements de remodelage corporel.\" \/>\n<meta property=\"og:url\" content=\"https:\/\/kinamihealth.com\/fr\/product\/bcn-adipo\/\" \/>\n<meta property=\"og:site_name\" content=\"Kinami Health\" \/>\n<meta property=\"article:modified_time\" content=\"2026-01-21T15:07:13+00:00\" \/>\n<meta property=\"og:image\" content=\"https:\/\/kinamihealth.com\/wp-content\/uploads\/2025\/02\/BCN-ADIPO-01.webp\" \/>\n\t<meta property=\"og:image:width\" content=\"800\" \/>\n\t<meta property=\"og:image:height\" content=\"800\" \/>\n\t<meta property=\"og:image:type\" content=\"image\/webp\" \/>\n<meta name=\"twitter:card\" content=\"summary_large_image\" \/>\n<meta name=\"twitter:label1\" content=\"Dur\u00e9e de lecture estim\u00e9e\" \/>\n\t<meta name=\"twitter:data1\" content=\"1 minute\" \/>\n<!-- \/ Yoast SEO plugin. -->","yoast_head_json":{"title":"Commander BCN ADIPO en ligne | Boutique en ligne | Kinami Health","description":"Commander BCN ADIPO en ligne pour acc\u00e9der \u00e0 une solution de m\u00e9soth\u00e9rapie professionnelle, formul\u00e9e pour cibler les d\u00e9p\u00f4ts graisseux localis\u00e9s et renforcer les traitements de remodelage corporel.","robots":{"index":"index","follow":"follow","max-snippet":"max-snippet:-1","max-image-preview":"max-image-preview:large","max-video-preview":"max-video-preview:-1"},"canonical":"https:\/\/kinamihealth.com\/fr\/wp-json\/wp\/v2\/product\/107138","og_locale":"fr_FR","og_type":"article","og_title":"Commander BCN ADIPO en ligne | Boutique en ligne | Kinami Health","og_description":"Commander BCN ADIPO en ligne pour acc\u00e9der \u00e0 une solution de m\u00e9soth\u00e9rapie professionnelle, formul\u00e9e pour cibler les d\u00e9p\u00f4ts graisseux localis\u00e9s et renforcer les traitements de remodelage corporel.","og_url":"https:\/\/kinamihealth.com\/fr\/product\/bcn-adipo\/","og_site_name":"Kinami Health","article_modified_time":"2026-01-21T15:07:13+00:00","og_image":[{"width":800,"height":800,"url":"https:\/\/kinamihealth.com\/wp-content\/uploads\/2025\/02\/BCN-ADIPO-01.webp","type":"image\/webp"}],"twitter_card":"summary_large_image","twitter_misc":{"Dur\u00e9e de lecture estim\u00e9e":"1 minute"},"schema":{"@context":"https:\/\/schema.org","@graph":[{"@type":"WebPage","@id":"https:\/\/kinamihealth.com\/fr\/product\/bcn-adipo\/","url":"https:\/\/kinamihealth.com\/fr\/product\/bcn-adipo\/","name":"Commander BCN ADIPO en ligne | Boutique en ligne | Kinami Health","isPartOf":{"@id":"https:\/\/kinamihealth.com\/#website"},"primaryImageOfPage":{"@id":"https:\/\/kinamihealth.com\/fr\/product\/bcn-adipo\/#primaryimage"},"image":{"@id":"https:\/\/kinamihealth.com\/fr\/product\/bcn-adipo\/#primaryimage"},"thumbnailUrl":"https:\/\/kinamihealth.com\/wp-content\/uploads\/2025\/02\/BCN-ADIPO-01.webp","datePublished":"2025-02-15T16:53:54+00:00","dateModified":"2026-01-21T15:07:13+00:00","description":"Commander BCN ADIPO en ligne pour acc\u00e9der \u00e0 une solution de m\u00e9soth\u00e9rapie professionnelle, formul\u00e9e pour cibler les d\u00e9p\u00f4ts graisseux localis\u00e9s et renforcer les traitements de remodelage corporel.","breadcrumb":{"@id":"https:\/\/kinamihealth.com\/fr\/product\/bcn-adipo\/#breadcrumb"},"inLanguage":"fr-FR","potentialAction":[{"@type":"ReadAction","target":["https:\/\/kinamihealth.com\/fr\/product\/bcn-adipo\/"]}]},{"@type":"ImageObject","inLanguage":"fr-FR","@id":"https:\/\/kinamihealth.com\/fr\/product\/bcn-adipo\/#primaryimage","url":"https:\/\/kinamihealth.com\/wp-content\/uploads\/2025\/02\/BCN-ADIPO-01.webp","contentUrl":"https:\/\/kinamihealth.com\/wp-content\/uploads\/2025\/02\/BCN-ADIPO-01.webp","width":800,"height":800},{"@type":"BreadcrumbList","@id":"https:\/\/kinamihealth.com\/fr\/product\/bcn-adipo\/#breadcrumb","itemListElement":[{"@type":"ListItem","position":1,"name":"Page d'accueil","item":"https:\/\/kinamihealth.com\/"},{"@type":"ListItem","position":2,"name":"Boutique","item":"https:\/\/kinamihealth.com\/shop\/"},{"@type":"ListItem","position":3,"name":"BCN ADIPO"}]},{"@type":"WebSite","@id":"https:\/\/kinamihealth.com\/#website","url":"https:\/\/kinamihealth.com\/","name":"Kinami Health","description":"","publisher":{"@id":"https:\/\/kinamihealth.com\/#organization"},"potentialAction":[{"@type":"SearchAction","target":{"@type":"EntryPoint","urlTemplate":"https:\/\/kinamihealth.com\/?s={search_term_string}"},"query-input":{"@type":"PropertyValueSpecification","valueRequired":true,"valueName":"search_term_string"}}],"inLanguage":"fr-FR"},{"@type":"Organization","@id":"https:\/\/kinamihealth.com\/#organization","name":"Kinami Health","url":"https:\/\/kinamihealth.com\/","logo":{"@type":"ImageObject","inLanguage":"fr-FR","@id":"https:\/\/kinamihealth.com\/#\/schema\/logo\/image\/","url":"https:\/\/kinamihealth.com\/wp-content\/uploads\/2025\/01\/KH_logo_black_2-1.png","contentUrl":"https:\/\/kinamihealth.com\/wp-content\/uploads\/2025\/01\/KH_logo_black_2-1.png","width":339,"height":34,"caption":"Kinami Health"},"image":{"@id":"https:\/\/kinamihealth.com\/#\/schema\/logo\/image\/"}}]}},"_links":{"self":[{"href":"https:\/\/kinamihealth.com\/fr\/wp-json\/wp\/v2\/product\/107138","targetHints":{"allow":["GET"]}}],"collection":[{"href":"https:\/\/kinamihealth.com\/fr\/wp-json\/wp\/v2\/product"}],"about":[{"href":"https:\/\/kinamihealth.com\/fr\/wp-json\/wp\/v2\/types\/product"}],"replies":[{"embeddable":true,"href":"https:\/\/kinamihealth.com\/fr\/wp-json\/wp\/v2\/comments?post=107138"}],"version-history":[{"count":0,"href":"https:\/\/kinamihealth.com\/fr\/wp-json\/wp\/v2\/product\/107138\/revisions"}],"wp:featuredmedia":[{"embeddable":true,"href":"https:\/\/kinamihealth.com\/fr\/wp-json\/wp\/v2\/media\/107139"}],"wp:attachment":[{"href":"https:\/\/kinamihealth.com\/fr\/wp-json\/wp\/v2\/media?parent=107138"}],"wp:term":[{"taxonomy":"product_brand","embeddable":true,"href":"https:\/\/kinamihealth.com\/fr\/wp-json\/wp\/v2\/product_brand?post=107138"},{"taxonomy":"product_cat","embeddable":true,"href":"https:\/\/kinamihealth.com\/fr\/wp-json\/wp\/v2\/product_cat?post=107138"},{"taxonomy":"product_tag","embeddable":true,"href":"https:\/\/kinamihealth.com\/fr\/wp-json\/wp\/v2\/product_tag?post=107138"}],"curies":[{"name":"wp","href":"https:\/\/api.w.org\/{rel}","templated":true}]}}