{"id":106451,"date":"2025-02-15T16:53:45","date_gmt":"2025-02-15T16:53:45","guid":{"rendered":"https:\/\/kinamihealth.com\/product\/aliaxin-sv\/"},"modified":"2026-01-21T15:05:51","modified_gmt":"2026-01-21T15:05:51","slug":"aliaxin-sv","status":"publish","type":"product","link":"https:\/\/kinamihealth.com\/fr\/produit\/aliaxin-sv\/","title":{"rendered":"ALIAXIN\u00ae SV"},"content":{"rendered":"<p><span style=\"font-weight: 400;\">ALIAXIN\u00ae SV Superior Volume est la derni\u00e8re attribution \u00e0 la gamme Aliaxin qui repr\u00e9sente un traitement non invasif, con\u00e7u pour restaurer le volume du visage, ses contours naturels et son hydratation.<\/span><\/p>\n","protected":false},"excerpt":{"rendered":"<p>ALIAXIN\u00ae SV Superior Volume est la derni\u00e8re attribution \u00e0 la gamme Aliaxin qui repr\u00e9sente un traitement non invasif, con\u00e7u pour restaurer le volume du visage, ses contours naturels et son hydratation.<\/p>\n","protected":false},"featured_media":106452,"comment_status":"closed","ping_status":"closed","template":"","meta":{"_acf_changed":false,"inline_featured_image":false},"product_brand":[1160],"product_cat":[1217],"product_tag":[1222],"class_list":{"0":"post-106451","1":"product","2":"type-product","3":"status-publish","4":"has-post-thumbnail","6":"product_brand-aliaxin","7":"product_cat-produits-de-comblement-dermique","8":"product_tag-dispositifs-medicaux","10":"first","11":"instock","12":"taxable","13":"shipping-taxable","14":"purchasable","15":"product-type-simple","16":"add-to-wishlist-before_image"},"acf":[],"yoast_head":"<!-- This site is optimized with the Yoast SEO plugin v27.1.1 - https:\/\/yoast.com\/product\/yoast-seo-wordpress\/ -->\n<title>Commander ALIAXIN\u00ae SV en ligne | Boutique en ligne | Kinami Health<\/title>\n<meta name=\"description\" content=\"Commandez ALIAXIN\u00ae SV en ligne pour se procurer d\u2019un produit de comblement de haute densit\u00e9 d\u00e9velopp\u00e9 pour redonner du volume structurel profond et une correction durable du rel\u00e2chement s\u00e9v\u00e8re du visage.\" \/>\n<meta name=\"robots\" content=\"index, follow, max-snippet:-1, max-image-preview:large, max-video-preview:-1\" \/>\n<link rel=\"canonical\" href=\"https:\/\/kinamihealth.com\/fr\/wp-json\/wp\/v2\/product\/106451\" \/>\n<meta property=\"og:locale\" content=\"fr_FR\" \/>\n<meta property=\"og:type\" content=\"article\" \/>\n<meta property=\"og:title\" content=\"Commander ALIAXIN\u00ae SV en ligne | Boutique en ligne | Kinami Health\" \/>\n<meta property=\"og:description\" content=\"Commandez ALIAXIN\u00ae SV en ligne pour se procurer d\u2019un produit de comblement de haute densit\u00e9 d\u00e9velopp\u00e9 pour redonner du volume structurel profond et une correction durable du rel\u00e2chement s\u00e9v\u00e8re du visage.\" \/>\n<meta property=\"og:url\" content=\"https:\/\/kinamihealth.com\/fr\/product\/aliaxin-sv\/\" \/>\n<meta property=\"og:site_name\" content=\"Kinami Health\" \/>\n<meta property=\"article:modified_time\" content=\"2026-01-21T15:05:51+00:00\" \/>\n<meta property=\"og:image\" content=\"https:\/\/kinamihealth.com\/wp-content\/uploads\/2025\/02\/ALIAXIN-SV-SUPERIORVOLUME-02.webp\" \/>\n\t<meta property=\"og:image:width\" content=\"800\" \/>\n\t<meta property=\"og:image:height\" content=\"800\" \/>\n\t<meta property=\"og:image:type\" content=\"image\/webp\" \/>\n<meta name=\"twitter:card\" content=\"summary_large_image\" \/>\n<meta name=\"twitter:label1\" content=\"Dur\u00e9e de lecture estim\u00e9e\" \/>\n\t<meta name=\"twitter:data1\" content=\"1 minute\" \/>\n<!-- \/ Yoast SEO plugin. -->","yoast_head_json":{"title":"Commander ALIAXIN\u00ae SV en ligne | Boutique en ligne | Kinami Health","description":"Commandez ALIAXIN\u00ae SV en ligne pour se procurer d\u2019un produit de comblement de haute densit\u00e9 d\u00e9velopp\u00e9 pour redonner du volume structurel profond et une correction durable du rel\u00e2chement s\u00e9v\u00e8re du visage.","robots":{"index":"index","follow":"follow","max-snippet":"max-snippet:-1","max-image-preview":"max-image-preview:large","max-video-preview":"max-video-preview:-1"},"canonical":"https:\/\/kinamihealth.com\/fr\/wp-json\/wp\/v2\/product\/106451","og_locale":"fr_FR","og_type":"article","og_title":"Commander ALIAXIN\u00ae SV en ligne | Boutique en ligne | Kinami Health","og_description":"Commandez ALIAXIN\u00ae SV en ligne pour se procurer d\u2019un produit de comblement de haute densit\u00e9 d\u00e9velopp\u00e9 pour redonner du volume structurel profond et une correction durable du rel\u00e2chement s\u00e9v\u00e8re du visage.","og_url":"https:\/\/kinamihealth.com\/fr\/product\/aliaxin-sv\/","og_site_name":"Kinami Health","article_modified_time":"2026-01-21T15:05:51+00:00","og_image":[{"width":800,"height":800,"url":"https:\/\/kinamihealth.com\/wp-content\/uploads\/2025\/02\/ALIAXIN-SV-SUPERIORVOLUME-02.webp","type":"image\/webp"}],"twitter_card":"summary_large_image","twitter_misc":{"Dur\u00e9e de lecture estim\u00e9e":"1 minute"},"schema":{"@context":"https:\/\/schema.org","@graph":[{"@type":"WebPage","@id":"https:\/\/kinamihealth.com\/fr\/product\/aliaxin-sv\/","url":"https:\/\/kinamihealth.com\/fr\/product\/aliaxin-sv\/","name":"Commander ALIAXIN\u00ae SV en ligne | Boutique en ligne | Kinami Health","isPartOf":{"@id":"https:\/\/kinamihealth.com\/#website"},"primaryImageOfPage":{"@id":"https:\/\/kinamihealth.com\/fr\/product\/aliaxin-sv\/#primaryimage"},"image":{"@id":"https:\/\/kinamihealth.com\/fr\/product\/aliaxin-sv\/#primaryimage"},"thumbnailUrl":"https:\/\/kinamihealth.com\/wp-content\/uploads\/2025\/02\/ALIAXIN-SV-SUPERIORVOLUME-02.webp","datePublished":"2025-02-15T16:53:45+00:00","dateModified":"2026-01-21T15:05:51+00:00","description":"Commandez ALIAXIN\u00ae SV en ligne pour se procurer d\u2019un produit de comblement de haute densit\u00e9 d\u00e9velopp\u00e9 pour redonner du volume structurel profond et une correction durable du rel\u00e2chement s\u00e9v\u00e8re du visage.","breadcrumb":{"@id":"https:\/\/kinamihealth.com\/fr\/product\/aliaxin-sv\/#breadcrumb"},"inLanguage":"fr-FR","potentialAction":[{"@type":"ReadAction","target":["https:\/\/kinamihealth.com\/fr\/product\/aliaxin-sv\/"]}]},{"@type":"ImageObject","inLanguage":"fr-FR","@id":"https:\/\/kinamihealth.com\/fr\/product\/aliaxin-sv\/#primaryimage","url":"https:\/\/kinamihealth.com\/wp-content\/uploads\/2025\/02\/ALIAXIN-SV-SUPERIORVOLUME-02.webp","contentUrl":"https:\/\/kinamihealth.com\/wp-content\/uploads\/2025\/02\/ALIAXIN-SV-SUPERIORVOLUME-02.webp","width":800,"height":800},{"@type":"BreadcrumbList","@id":"https:\/\/kinamihealth.com\/fr\/product\/aliaxin-sv\/#breadcrumb","itemListElement":[{"@type":"ListItem","position":1,"name":"Page d'accueil","item":"https:\/\/kinamihealth.com\/"},{"@type":"ListItem","position":2,"name":"Boutique","item":"https:\/\/kinamihealth.com\/shop\/"},{"@type":"ListItem","position":3,"name":"ALIAXIN\u00ae SV"}]},{"@type":"WebSite","@id":"https:\/\/kinamihealth.com\/#website","url":"https:\/\/kinamihealth.com\/","name":"Kinami Health","description":"","publisher":{"@id":"https:\/\/kinamihealth.com\/#organization"},"potentialAction":[{"@type":"SearchAction","target":{"@type":"EntryPoint","urlTemplate":"https:\/\/kinamihealth.com\/?s={search_term_string}"},"query-input":{"@type":"PropertyValueSpecification","valueRequired":true,"valueName":"search_term_string"}}],"inLanguage":"fr-FR"},{"@type":"Organization","@id":"https:\/\/kinamihealth.com\/#organization","name":"Kinami Health","url":"https:\/\/kinamihealth.com\/","logo":{"@type":"ImageObject","inLanguage":"fr-FR","@id":"https:\/\/kinamihealth.com\/#\/schema\/logo\/image\/","url":"https:\/\/kinamihealth.com\/wp-content\/uploads\/2025\/01\/KH_logo_black_2-1.png","contentUrl":"https:\/\/kinamihealth.com\/wp-content\/uploads\/2025\/01\/KH_logo_black_2-1.png","width":339,"height":34,"caption":"Kinami Health"},"image":{"@id":"https:\/\/kinamihealth.com\/#\/schema\/logo\/image\/"}}]}},"_links":{"self":[{"href":"https:\/\/kinamihealth.com\/fr\/wp-json\/wp\/v2\/product\/106451","targetHints":{"allow":["GET"]}}],"collection":[{"href":"https:\/\/kinamihealth.com\/fr\/wp-json\/wp\/v2\/product"}],"about":[{"href":"https:\/\/kinamihealth.com\/fr\/wp-json\/wp\/v2\/types\/product"}],"replies":[{"embeddable":true,"href":"https:\/\/kinamihealth.com\/fr\/wp-json\/wp\/v2\/comments?post=106451"}],"version-history":[{"count":0,"href":"https:\/\/kinamihealth.com\/fr\/wp-json\/wp\/v2\/product\/106451\/revisions"}],"wp:featuredmedia":[{"embeddable":true,"href":"https:\/\/kinamihealth.com\/fr\/wp-json\/wp\/v2\/media\/106452"}],"wp:attachment":[{"href":"https:\/\/kinamihealth.com\/fr\/wp-json\/wp\/v2\/media?parent=106451"}],"wp:term":[{"taxonomy":"product_brand","embeddable":true,"href":"https:\/\/kinamihealth.com\/fr\/wp-json\/wp\/v2\/product_brand?post=106451"},{"taxonomy":"product_cat","embeddable":true,"href":"https:\/\/kinamihealth.com\/fr\/wp-json\/wp\/v2\/product_cat?post=106451"},{"taxonomy":"product_tag","embeddable":true,"href":"https:\/\/kinamihealth.com\/fr\/wp-json\/wp\/v2\/product_tag?post=106451"}],"curies":[{"name":"wp","href":"https:\/\/api.w.org\/{rel}","templated":true}]}}