{"id":107011,"date":"2025-03-08T19:52:41","date_gmt":"2025-03-08T19:52:41","guid":{"rendered":"https:\/\/kinamihealth.com\/politique-de-retour\/"},"modified":"2025-07-26T21:15:03","modified_gmt":"2025-07-26T21:15:03","slug":"politique-de-retour","status":"publish","type":"page","link":"https:\/\/kinamihealth.com\/fr\/politique-de-retour\/","title":{"rendered":"Politique de retour"},"content":{"rendered":"\t\t<div data-elementor-type=\"wp-page\" data-elementor-id=\"107011\" class=\"elementor elementor-107011 elementor-102763\" data-elementor-post-type=\"page\">\n\t\t\t\t<div class=\"elementor-element elementor-element-aedcf2e e-con-full e-flex e-con e-parent\" data-id=\"aedcf2e\" data-element_type=\"container\">\n\t\t<div class=\"elementor-element elementor-element-0d116e2 e-con-full e-flex e-con e-child\" data-id=\"0d116e2\" data-element_type=\"container\">\n\t\t\t\t<div class=\"elementor-element elementor-element-a9b986f elementor-widget elementor-widget-heading\" data-id=\"a9b986f\" data-element_type=\"widget\" data-widget_type=\"heading.default\">\n\t\t\t\t<div class=\"elementor-widget-container\">\n\t\t\t\t\t<h1 class=\"elementor-heading-title elementor-size-default\">POLITIQUE DE RETOUR<\/h1>\t\t\t\t<\/div>\n\t\t\t\t<\/div>\n\t\t\t\t<div class=\"elementor-element elementor-element-33cd301 elementor-widget elementor-widget-text-editor\" data-id=\"33cd301\" data-element_type=\"widget\" data-widget_type=\"text-editor.default\">\n\t\t\t\t<div class=\"elementor-widget-container\">\n\t\t\t\t\t\t\t\t\t<p>Si vous rencontrez des complications avec votre commande, veuillez contacter Kinami Health imm\u00e9diatement. Nos repr\u00e9sentants du service client examineront l&#8217;\u00e9ligibilit\u00e9 de votre commande \u00e0 un remboursement. Les remboursements sont accord\u00e9s \u00e0 la discr\u00e9tion de Kinami Health, et nous ne garantissons pas la proposition de remboursement dans tous les cas.  <\/p>\t\t\t\t\t\t\t\t<\/div>\n\t\t\t\t<\/div>\n\t\t\t\t<div class=\"elementor-element elementor-element-6ea1ece elementor-widget elementor-widget-heading\" data-id=\"6ea1ece\" data-element_type=\"widget\" data-widget_type=\"heading.default\">\n\t\t\t\t<div class=\"elementor-widget-container\">\n\t\t\t\t\t<h3 class=\"elementor-heading-title elementor-size-default\">Quelles commandes sont \u00e9ligibles \u00e0 un remboursement ?<\/h3>\t\t\t\t<\/div>\n\t\t\t\t<\/div>\n\t\t\t\t<div class=\"elementor-element elementor-element-5059d05 elementor-widget elementor-widget-text-editor\" data-id=\"5059d05\" data-element_type=\"widget\" data-widget_type=\"text-editor.default\">\n\t\t\t\t<div class=\"elementor-widget-container\">\n\t\t\t\t\t\t\t\t\t<p>Au cas peu probable o\u00f9 vous ne seriez pas satisfait de votre commande, veuillez contacter Kinami Health. Nous accorderons des remboursements uniquement dans les situations suivantes : si nous vous avons fourni une description inexacte de l\u2019emballage du produit au moment de la commande ; si vous avez re\u00e7u un colis endommag\u00e9 ; si le produit s\u2019av\u00e8re inactif lors de sa premi\u00e8re utilisation (preuve \u00e0 l\u2019appui). Dans chacun de ces cas, veuillez conserver les produits (ainsi que leur emballage d\u2019origine) jusqu\u2019\u00e0 la r\u00e9ception de nouvelles instructions de la part de Kinami Health. Si nous d\u00e9terminons votre \u00e9ligibilit\u00e9 \u00e0 un remboursement, vous pourrez choisir entre l&#8217;envoi d\u2019un produit de remplacement ou un remboursement int\u00e9gral \/ un cr\u00e9dit sur votre compte pour l\u2019article concern\u00e9.   <\/p>\t\t\t\t\t\t\t\t<\/div>\n\t\t\t\t<\/div>\n\t\t\t\t<div class=\"elementor-element elementor-element-0ba7f55 elementor-widget elementor-widget-heading\" data-id=\"0ba7f55\" data-element_type=\"widget\" data-widget_type=\"heading.default\">\n\t\t\t\t<div class=\"elementor-widget-container\">\n\t\t\t\t\t<h3 class=\"elementor-heading-title elementor-size-default\">Quelles informations dois\u2011je fournir pour retourner un produit ?<\/h3>\t\t\t\t<\/div>\n\t\t\t\t<\/div>\n\t\t\t\t<div class=\"elementor-element elementor-element-a599cca elementor-widget elementor-widget-text-editor\" data-id=\"a599cca\" data-element_type=\"widget\" data-widget_type=\"text-editor.default\">\n\t\t\t\t<div class=\"elementor-widget-container\">\n\t\t\t\t\t\t\t\t\t<p>Kinami Health n\u2019accepte pas les retours de produits. N\u2019h\u00e9sitez pas \u00e0 contacter notre service client pour obtenir des conseils. Si vous avez utilis\u00e9 le dispositif m\u00e9dical et constat\u00e9 un d\u00e9faut lors de son utilisation, conservez le num\u00e9ro de lot et la date de p\u00e9remption dans le dossier du patient.  <\/p>\t\t\t\t\t\t\t\t<\/div>\n\t\t\t\t<\/div>\n\t\t\t\t<div class=\"elementor-element elementor-element-4a00179 elementor-widget elementor-widget-heading\" data-id=\"4a00179\" data-element_type=\"widget\" data-widget_type=\"heading.default\">\n\t\t\t\t<div class=\"elementor-widget-container\">\n\t\t\t\t\t<h3 class=\"elementor-heading-title elementor-size-default\">Comment obtenir un remboursement ?<\/h3>\t\t\t\t<\/div>\n\t\t\t\t<\/div>\n\t\t\t\t<div class=\"elementor-element elementor-element-ebc5921 elementor-widget elementor-widget-text-editor\" data-id=\"ebc5921\" data-element_type=\"widget\" data-widget_type=\"text-editor.default\">\n\t\t\t\t<div class=\"elementor-widget-container\">\n\t\t\t\t\t\t\t\t\t<p>Selon les circonstances, vous pourrez b\u00e9n\u00e9ficier d\u2019un remboursement conform\u00e9ment \u00e0 nos instructions. Vous pouvez soit demander l\u2019envoi d\u2019un produit de remplacement \u00e0 la m\u00eame adresse de livraison que la commande initiale, soit obtenir un remboursement int\u00e9gral ou un cr\u00e9dit sur votre compte pour l\u2019article concern\u00e9. Ce cr\u00e9dit est utilisable pour tout achat ult\u00e9rieur, du m\u00eame produit ou d\u2019un produit diff\u00e9rent.  <\/p><p>Veuillez noter que tout d\u00e9faut ou probl\u00e8me de produit doit \u00eatre signal\u00e9 dans un d\u00e9lai de six (6) mois suivant la date d\u2019achat afin de pouvoir b\u00e9n\u00e9ficier d\u2019un remplacement ou d\u2019un remboursement. Pass\u00e9 ce d\u00e9lai, aucun remplacement ni remboursement ne pourra \u00eatre accord\u00e9. <\/p>\t\t\t\t\t\t\t\t<\/div>\n\t\t\t\t<\/div>\n\t\t\t\t<div class=\"elementor-element elementor-element-997b036 elementor-widget elementor-widget-heading\" data-id=\"997b036\" data-element_type=\"widget\" data-widget_type=\"heading.default\">\n\t\t\t\t<div class=\"elementor-widget-container\">\n\t\t\t\t\t<h3 class=\"elementor-heading-title elementor-size-default\">Suis\u2011je toujours \u00e9ligible \u00e0 un remboursement\u202f?<\/h3>\t\t\t\t<\/div>\n\t\t\t\t<\/div>\n\t\t\t\t<div class=\"elementor-element elementor-element-c7f4c64 elementor-widget elementor-widget-text-editor\" data-id=\"c7f4c64\" data-element_type=\"widget\" data-widget_type=\"text-editor.default\">\n\t\t\t\t<div class=\"elementor-widget-container\">\n\t\t\t\t\t\t\t\t\t<p>Kinami Health accorde des remboursements \u00e0 sa seule discr\u00e9tion. Nous ne pouvons pas garantir la proposition d&#8217;un remboursement dans toutes les circonstances. Cependant, nous faisons de notre mieux pour que vous soyez satisfait(e) de votre commande de dispositifs m\u00e9dicaux. Si vous avez des questions ou des pr\u00e9occupations concernant cette politique, contactez\u2011nous pour plus d\u2019informations.   <\/p>\t\t\t\t\t\t\t\t<\/div>\n\t\t\t\t<\/div>\n\t\t\t\t<\/div>\n\t\t\t\t<\/div>\n\t\t\t\t<\/div>\n\t\t","protected":false},"excerpt":{"rendered":"<p>POLITIQUE DE RETOUR Si vous rencontrez des complications avec votre commande, veuillez contacter Kinami Health imm\u00e9diatement. Nos repr\u00e9sentants du service client examineront l&#8217;\u00e9ligibilit\u00e9 de votre commande \u00e0 un remboursement. Les remboursements sont accord\u00e9s \u00e0 la discr\u00e9tion de Kinami Health, et nous ne garantissons pas la proposition de remboursement dans tous les cas. Quelles commandes sont [&hellip;]<\/p>\n","protected":false},"author":1,"featured_media":0,"parent":0,"menu_order":0,"comment_status":"closed","ping_status":"closed","template":"elementor_header_footer","meta":{"_acf_changed":false,"inline_featured_image":false,"footnotes":""},"class_list":["post-107011","page","type-page","status-publish","hentry"],"acf":[],"yoast_head":"<!-- This site is optimized with the Yoast SEO plugin v27.1.1 - https:\/\/yoast.com\/product\/yoast-seo-wordpress\/ -->\n<title>Politique de retour - Kinami Health<\/title>\n<meta name=\"description\" content=\"La pr\u00e9sente Politique de retour d\u00e9finit clairement les conditions et proc\u00e9dures de Kinami Health applicables au retour ou \u00e0 l\u2019\u00e9change de produits achet\u00e9s en ligne.\" \/>\n<meta name=\"robots\" content=\"index, follow, max-snippet:-1, max-image-preview:large, max-video-preview:-1\" \/>\n<link rel=\"canonical\" href=\"https:\/\/kinamihealth.com\/fr\/wp-json\/wp\/v2\/pages\/107011\" \/>\n<meta property=\"og:locale\" content=\"fr_FR\" \/>\n<meta property=\"og:type\" content=\"article\" \/>\n<meta property=\"og:title\" content=\"Politique de retour - Kinami Health\" \/>\n<meta property=\"og:description\" content=\"La pr\u00e9sente Politique de retour d\u00e9finit clairement les conditions et proc\u00e9dures de Kinami Health applicables au retour ou \u00e0 l\u2019\u00e9change de produits achet\u00e9s en ligne.\" \/>\n<meta property=\"og:url\" content=\"https:\/\/kinamihealth.com\/fr\/politique-de-retour\/\" \/>\n<meta property=\"og:site_name\" content=\"Kinami Health\" \/>\n<meta property=\"article:modified_time\" content=\"2025-07-26T21:15:03+00:00\" \/>\n<meta name=\"twitter:card\" content=\"summary_large_image\" \/>\n<meta name=\"twitter:label1\" content=\"Dur\u00e9e de lecture estim\u00e9e\" \/>\n\t<meta name=\"twitter:data1\" content=\"2 minutes\" \/>\n<!-- \/ Yoast SEO plugin. -->","yoast_head_json":{"title":"Politique de retour - Kinami Health","description":"La pr\u00e9sente Politique de retour d\u00e9finit clairement les conditions et proc\u00e9dures de Kinami Health applicables au retour ou \u00e0 l\u2019\u00e9change de produits achet\u00e9s en ligne.","robots":{"index":"index","follow":"follow","max-snippet":"max-snippet:-1","max-image-preview":"max-image-preview:large","max-video-preview":"max-video-preview:-1"},"canonical":"https:\/\/kinamihealth.com\/fr\/wp-json\/wp\/v2\/pages\/107011","og_locale":"fr_FR","og_type":"article","og_title":"Politique de retour - Kinami Health","og_description":"La pr\u00e9sente Politique de retour d\u00e9finit clairement les conditions et proc\u00e9dures de Kinami Health applicables au retour ou \u00e0 l\u2019\u00e9change de produits achet\u00e9s en ligne.","og_url":"https:\/\/kinamihealth.com\/fr\/politique-de-retour\/","og_site_name":"Kinami Health","article_modified_time":"2025-07-26T21:15:03+00:00","twitter_card":"summary_large_image","twitter_misc":{"Dur\u00e9e de lecture estim\u00e9e":"2 minutes"},"schema":{"@context":"https:\/\/schema.org","@graph":[{"@type":"WebPage","@id":"https:\/\/kinamihealth.com\/fr\/politique-de-retour\/","url":"https:\/\/kinamihealth.com\/fr\/politique-de-retour\/","name":"Politique de retour - Kinami Health","isPartOf":{"@id":"https:\/\/kinamihealth.com\/#website"},"datePublished":"2025-03-08T19:52:41+00:00","dateModified":"2025-07-26T21:15:03+00:00","description":"La pr\u00e9sente Politique de retour d\u00e9finit clairement les conditions et proc\u00e9dures de Kinami Health applicables au retour ou \u00e0 l\u2019\u00e9change de produits achet\u00e9s en ligne.","breadcrumb":{"@id":"https:\/\/kinamihealth.com\/fr\/politique-de-retour\/#breadcrumb"},"inLanguage":"fr-FR","potentialAction":[{"@type":"ReadAction","target":["https:\/\/kinamihealth.com\/fr\/politique-de-retour\/"]}]},{"@type":"BreadcrumbList","@id":"https:\/\/kinamihealth.com\/fr\/politique-de-retour\/#breadcrumb","itemListElement":[{"@type":"ListItem","position":1,"name":"Page d'accueil","item":"https:\/\/kinamihealth.com\/"},{"@type":"ListItem","position":2,"name":"Politique de retour"}]},{"@type":"WebSite","@id":"https:\/\/kinamihealth.com\/#website","url":"https:\/\/kinamihealth.com\/","name":"Kinami Health","description":"","publisher":{"@id":"https:\/\/kinamihealth.com\/#organization"},"potentialAction":[{"@type":"SearchAction","target":{"@type":"EntryPoint","urlTemplate":"https:\/\/kinamihealth.com\/?s={search_term_string}"},"query-input":{"@type":"PropertyValueSpecification","valueRequired":true,"valueName":"search_term_string"}}],"inLanguage":"fr-FR"},{"@type":"Organization","@id":"https:\/\/kinamihealth.com\/#organization","name":"Kinami Health","url":"https:\/\/kinamihealth.com\/","logo":{"@type":"ImageObject","inLanguage":"fr-FR","@id":"https:\/\/kinamihealth.com\/#\/schema\/logo\/image\/","url":"https:\/\/kinamihealth.com\/wp-content\/uploads\/2025\/01\/KH_logo_black_2-1.png","contentUrl":"https:\/\/kinamihealth.com\/wp-content\/uploads\/2025\/01\/KH_logo_black_2-1.png","width":339,"height":34,"caption":"Kinami Health"},"image":{"@id":"https:\/\/kinamihealth.com\/#\/schema\/logo\/image\/"}}]}},"_links":{"self":[{"href":"https:\/\/kinamihealth.com\/fr\/wp-json\/wp\/v2\/pages\/107011","targetHints":{"allow":["GET"]}}],"collection":[{"href":"https:\/\/kinamihealth.com\/fr\/wp-json\/wp\/v2\/pages"}],"about":[{"href":"https:\/\/kinamihealth.com\/fr\/wp-json\/wp\/v2\/types\/page"}],"author":[{"embeddable":true,"href":"https:\/\/kinamihealth.com\/fr\/wp-json\/wp\/v2\/users\/1"}],"replies":[{"embeddable":true,"href":"https:\/\/kinamihealth.com\/fr\/wp-json\/wp\/v2\/comments?post=107011"}],"version-history":[{"count":0,"href":"https:\/\/kinamihealth.com\/fr\/wp-json\/wp\/v2\/pages\/107011\/revisions"}],"wp:attachment":[{"href":"https:\/\/kinamihealth.com\/fr\/wp-json\/wp\/v2\/media?parent=107011"}],"curies":[{"name":"wp","href":"https:\/\/api.w.org\/{rel}","templated":true}]}}