{"id":106992,"date":"2025-01-24T11:33:03","date_gmt":"2025-01-24T11:33:03","guid":{"rendered":"https:\/\/kinamihealth.com\/politique-de-confidentialite\/"},"modified":"2026-04-03T08:11:08","modified_gmt":"2026-04-03T08:11:08","slug":"politique-de-confidentialite","status":"publish","type":"page","link":"https:\/\/kinamihealth.com\/fr\/politique-de-confidentialite\/","title":{"rendered":"Politique de confidentialit\u00e9"},"content":{"rendered":"\t\t<div data-elementor-type=\"wp-page\" data-elementor-id=\"106992\" class=\"elementor elementor-106992 elementor-170\" data-elementor-post-type=\"page\">\n\t\t\t\t<div class=\"elementor-element elementor-element-ba0f681 e-con-full e-flex e-con e-parent\" data-id=\"ba0f681\" data-element_type=\"container\">\n\t\t\t\t<div class=\"elementor-element elementor-element-59b233e elementor-widget elementor-widget-heading\" data-id=\"59b233e\" data-element_type=\"widget\" data-widget_type=\"heading.default\">\n\t\t\t\t<div class=\"elementor-widget-container\">\n\t\t\t\t\t<h1 class=\"elementor-heading-title elementor-size-default\">Politique de confidentialit\u00e9<\/h1>\t\t\t\t<\/div>\n\t\t\t\t<\/div>\n\t\t\t\t<div class=\"elementor-element elementor-element-5619c36 elementor-widget elementor-widget-text-editor\" data-id=\"5619c36\" data-element_type=\"widget\" data-widget_type=\"text-editor.default\">\n\t\t\t\t<div class=\"elementor-widget-container\">\n\t\t\t\t\t\t\t\t\t<p><strong><b>Date d&#8217;entr\u00e9e en vigueur :<\/b><\/strong> le 11 mars 2025<\/p><p>Chez <a href=\"https:\/\/kinamihealth.com\/fr\/\">Kinami Health,<\/a> nous nous engageons \u00e0 prot\u00e9ger et \u00e0 respecter la confidentialit\u00e9 de nos clients. La pr\u00e9sente Politique de confidentialit\u00e9 d\u00e9crit la mani\u00e8re dont nous collectons, utilisons et prot\u00e9geons vos informations \u00e0 caract\u00e8re personnel lorsque vous visitez notre site web et utilisez nos services. <\/p>\t\t\t\t\t\t\t\t<\/div>\n\t\t\t\t<\/div>\n\t\t\t\t<div class=\"elementor-element elementor-element-3446acd elementor-widget elementor-widget-heading\" data-id=\"3446acd\" data-element_type=\"widget\" data-widget_type=\"heading.default\">\n\t\t\t\t<div class=\"elementor-widget-container\">\n\t\t\t\t\t<h3 class=\"elementor-heading-title elementor-size-default\">1. Donn\u00e9es collect\u00e9es<\/h3>\t\t\t\t<\/div>\n\t\t\t\t<\/div>\n\t\t\t\t<div class=\"elementor-element elementor-element-7df8990 elementor-hidden-desktop elementor-hidden-laptop elementor-hidden-tablet elementor-hidden-mobile elementor-widget elementor-widget-text-editor\" data-id=\"7df8990\" data-element_type=\"widget\" data-widget_type=\"text-editor.default\">\n\t\t\t\t<div class=\"elementor-widget-container\">\n\t\t\t\t\t\t\t\t\tNous collectons les donn\u00e9es \u00e0 caract\u00e8re personnel que vous nous fournissez directement lorsque vous cr\u00e9ez un compte, passez une commande ou utilisez nos services. Ces informations peuvent inclure votre nom et pr\u00e9nom, votre adresse, votre adresse e-mail, votre num\u00e9ro de t\u00e9l\u00e9phone et vos informations de paiement. De plus, nous collectons des informations techniques au moyen de cookies afin d\u2019am\u00e9liorer votre exp\u00e9rience sur notre site web, notamment des donn\u00e9es sur le type de navigateur utilis\u00e9, votre adresse IP, les pages visit\u00e9es et le temps pass\u00e9 sur notre site.\t\t\t\t\t\t\t\t<\/div>\n\t\t\t\t<\/div>\n\t\t\t\t<div class=\"elementor-element elementor-element-aaf29da elementor-widget elementor-widget-text-editor\" data-id=\"aaf29da\" data-element_type=\"widget\" data-widget_type=\"text-editor.default\">\n\t\t\t\t<div class=\"elementor-widget-container\">\n\t\t\t\t\t\t\t\t\t<p>Nous recueillons les informations personnelles que vous nous fournissez directement lorsque vous cr\u00e9ez un compte, passez une commande ou utilisez nos services. Il peut s&#8217;agir de votre nom, de votre adresse, de votre adresse e-mail, de votre num\u00e9ro de t\u00e9l\u00e9phone et de vos informations de paiement. Votre num\u00e9ro de t\u00e9l\u00e9phone portable, s&#8217;il est fourni, sera utilis\u00e9 uniquement pour faciliter les communications transactionnelles li\u00e9es \u00e0 vos commandes et \u00e0 l&#8217;activit\u00e9 de votre compte sur <a href=\"\/\">http:\/\/kinamihealth.com<\/a>, telles que les confirmations de commande et les mises \u00e0 jour concernant l&#8217;exp\u00e9dition. Les informations relatives \u00e0 votre num\u00e9ro de t\u00e9l\u00e9phone portable ne seront pas partag\u00e9es avec des tiers ou des soci\u00e9t\u00e9s affili\u00e9es \u00e0 des fins de marketing ou de promotion. Vous pouvez vous d\u00e9sabonner des communications par SMS \u00e0 tout moment en r\u00e9pondant \u00ab STOP \u00bb \u00e0 n&#8217;importe quel message ou en nous contactant \u00e0 l&#8217;adresse <a href=\"mailto:info@kinamihealth.com\">info@kinamihealth.com<\/a> ou au +<a href=\"tel:+447488890499\">44 7488 890499<\/a>.<\/p>\t\t\t\t\t\t\t\t<\/div>\n\t\t\t\t<\/div>\n\t\t\t\t<div class=\"elementor-element elementor-element-36ac52f elementor-widget elementor-widget-heading\" data-id=\"36ac52f\" data-element_type=\"widget\" data-widget_type=\"heading.default\">\n\t\t\t\t<div class=\"elementor-widget-container\">\n\t\t\t\t\t<h3 class=\"elementor-heading-title elementor-size-default\">2. Utilisation des donn\u00e9es \u00e0 caract\u00e8re personnel<\/h3>\t\t\t\t<\/div>\n\t\t\t\t<\/div>\n\t\t\t\t<div class=\"elementor-element elementor-element-1e6b3aa elementor-widget elementor-widget-text-editor\" data-id=\"1e6b3aa\" data-element_type=\"widget\" data-widget_type=\"text-editor.default\">\n\t\t\t\t<div class=\"elementor-widget-container\">\n\t\t\t\t\t\t\t\t\t<p>Les donn\u00e9es que nous collectons sont utilis\u00e9es pour traiter vos commandes, assurer le service client et am\u00e9liorer notre site web. Nous pouvons \u00e9galement vous envoyer des e-mails promotionnels ou des newsletters si vous avez choisi d\u2019en recevoir. Vous pouvez vous d\u00e9sabonner de ces communications \u00e0 tout moment en suivant les instructions de d\u00e9sinscription figurant dans nos e-mails.  <\/p>\t\t\t\t\t\t\t\t<\/div>\n\t\t\t\t<\/div>\n\t\t\t\t<div class=\"elementor-element elementor-element-ef48ffb elementor-widget elementor-widget-heading\" data-id=\"ef48ffb\" data-element_type=\"widget\" data-widget_type=\"heading.default\">\n\t\t\t\t<div class=\"elementor-widget-container\">\n\t\t\t\t\t<h3 class=\"elementor-heading-title elementor-size-default\">3. Transmission des donn\u00e9es<\/h3>\t\t\t\t<\/div>\n\t\t\t\t<\/div>\n\t\t\t\t<div class=\"elementor-element elementor-element-74a517e elementor-widget elementor-widget-text-editor\" data-id=\"74a517e\" data-element_type=\"widget\" data-widget_type=\"text-editor.default\">\n\t\t\t\t<div class=\"elementor-widget-container\">\n\t\t\t\t\t\t\t\t\t<p>Nous pouvons partager vos donn\u00e9es personnelles avec des prestataires de services tiers nous assistant dans le traitement des commandes, le paiement et la livraison des produits ou services. Ces tiers sont tenus de prot\u00e9ger vos donn\u00e9es personnelles et ne peuvent les utiliser qu\u2019aux fins pour lesquelles elles leur ont \u00e9t\u00e9 communiqu\u00e9es. <\/p><p>Dans certaines circonstances, nous pouvons \u00eatre tenues de divulguer des donn\u00e9es personnelles afin de respecter des obligations l\u00e9gales, de r\u00e9soudre des litiges ou de faire appliquer des accords.<\/p>\t\t\t\t\t\t\t\t<\/div>\n\t\t\t\t<\/div>\n\t\t\t\t<div class=\"elementor-element elementor-element-3fe0f7c elementor-widget elementor-widget-heading\" data-id=\"3fe0f7c\" data-element_type=\"widget\" data-widget_type=\"heading.default\">\n\t\t\t\t<div class=\"elementor-widget-container\">\n\t\t\t\t\t<h3 class=\"elementor-heading-title elementor-size-default\">4. Cookies et les Technologies de suivi<\/h3>\t\t\t\t<\/div>\n\t\t\t\t<\/div>\n\t\t\t\t<div class=\"elementor-element elementor-element-9adc1d9 elementor-widget elementor-widget-text-editor\" data-id=\"9adc1d9\" data-element_type=\"widget\" data-widget_type=\"text-editor.default\">\n\t\t\t\t<div class=\"elementor-widget-container\">\n\t\t\t\t\t\t\t\t\t<p>Nous utilisons des cookies et des technologies de suivi similaires pour am\u00e9liorer votre exp\u00e9rience sur notre site web. Les cookies sont de petits fichiers stock\u00e9s sur votre appareil qui nous permettent de m\u00e9moriser vos pr\u00e9f\u00e9rences et d\u2019optimiser vos interactions avec notre site. Vous pouvez g\u00e9rer ou d\u00e9sactiver les cookies via les param\u00e8tres de votre navigateur, mais cela pourrait limiter certaines fonctionnalit\u00e9s de notre site.  <\/p>\t\t\t\t\t\t\t\t<\/div>\n\t\t\t\t<\/div>\n\t\t\t\t<div class=\"elementor-element elementor-element-a285763 elementor-widget elementor-widget-heading\" data-id=\"a285763\" data-element_type=\"widget\" data-widget_type=\"heading.default\">\n\t\t\t\t<div class=\"elementor-widget-container\">\n\t\t\t\t\t<h3 class=\"elementor-heading-title elementor-size-default\">5. S\u00e9curit\u00e9<\/h3>\t\t\t\t<\/div>\n\t\t\t\t<\/div>\n\t\t\t\t<div class=\"elementor-element elementor-element-40f0825 elementor-widget elementor-widget-text-editor\" data-id=\"40f0825\" data-element_type=\"widget\" data-widget_type=\"text-editor.default\">\n\t\t\t\t<div class=\"elementor-widget-container\">\n\t\t\t\t\t\t\t\t\t<p>Nous prenons des mesures de s\u00e9curit\u00e9 appropri\u00e9es pour prot\u00e9ger vos donn\u00e9es \u00e0 caract\u00e8re personnel contre tout acc\u00e8s, modification ou destruction non autoris\u00e9s. Pour les transactions sensibles, telles que les paiements par carte bancaire, nous utilisons des technologies de chiffrement (telles que SSL) afin de s\u00e9curiser vos donn\u00e9es. <\/p>\t\t\t\t\t\t\t\t<\/div>\n\t\t\t\t<\/div>\n\t\t\t\t<div class=\"elementor-element elementor-element-0e8d4b3 elementor-widget elementor-widget-heading\" data-id=\"0e8d4b3\" data-element_type=\"widget\" data-widget_type=\"heading.default\">\n\t\t\t\t<div class=\"elementor-widget-container\">\n\t\t\t\t\t<h3 class=\"elementor-heading-title elementor-size-default\">6. Acc\u00e8s \u00e0 vos donn\u00e9es et leur mise \u00e0 jour<\/h3>\t\t\t\t<\/div>\n\t\t\t\t<\/div>\n\t\t\t\t<div class=\"elementor-element elementor-element-774f0bb elementor-widget elementor-widget-text-editor\" data-id=\"774f0bb\" data-element_type=\"widget\" data-widget_type=\"text-editor.default\">\n\t\t\t\t<div class=\"elementor-widget-container\">\n\t\t\t\t\t\t\t\t\t<p>Vous avez le droit d&#8217;acc\u00e9der \u00e0 vos donn\u00e9es personnelles h\u00e9berg\u00e9es par nous, de les modifier ou de les supprimer. Vous pouvez mettre \u00e0 jour vos donn\u00e9es directement dans les param\u00e8tres de votre compte ou nous contacter \u00e0 l&#8217;adresse suivante : sales@kinamihealth.com pour toute assistance. <\/p>\t\t\t\t\t\t\t\t<\/div>\n\t\t\t\t<\/div>\n\t\t\t\t<div class=\"elementor-element elementor-element-a5fb829 elementor-widget elementor-widget-heading\" data-id=\"a5fb829\" data-element_type=\"widget\" data-widget_type=\"heading.default\">\n\t\t\t\t<div class=\"elementor-widget-container\">\n\t\t\t\t\t<h3 class=\"elementor-heading-title elementor-size-default\">7. Conservation des donn\u00e9es personnelles<\/h3>\t\t\t\t<\/div>\n\t\t\t\t<\/div>\n\t\t\t\t<div class=\"elementor-element elementor-element-85b7798 elementor-widget elementor-widget-text-editor\" data-id=\"85b7798\" data-element_type=\"widget\" data-widget_type=\"text-editor.default\">\n\t\t\t\t<div class=\"elementor-widget-container\">\n\t\t\t\t\t\t\t\t\t<p>Nous conservons vos donn\u00e9es personnelles uniquement pendant la dur\u00e9e n\u00e9cessaire \u00e0 la r\u00e9alisation des finalit\u00e9s pour lesquelles elles ont \u00e9t\u00e9 collect\u00e9es, ou dans les d\u00e9lais exig\u00e9s par la loi. Une fois que vos donn\u00e9es ne sont plus n\u00e9cessaires, nous les supprimerons de mani\u00e8re s\u00e9curis\u00e9e ou les rendrons anonymes. <\/p>\t\t\t\t\t\t\t\t<\/div>\n\t\t\t\t<\/div>\n\t\t\t\t<div class=\"elementor-element elementor-element-8bfda40 elementor-widget elementor-widget-heading\" data-id=\"8bfda40\" data-element_type=\"widget\" data-widget_type=\"heading.default\">\n\t\t\t\t<div class=\"elementor-widget-container\">\n\t\t\t\t\t<h3 class=\"elementor-heading-title elementor-size-default\">8. Liens vers des sites tiers<\/h3>\t\t\t\t<\/div>\n\t\t\t\t<\/div>\n\t\t\t\t<div class=\"elementor-element elementor-element-77586f4 elementor-widget elementor-widget-text-editor\" data-id=\"77586f4\" data-element_type=\"widget\" data-widget_type=\"text-editor.default\">\n\t\t\t\t<div class=\"elementor-widget-container\">\n\t\t\t\t\t\t\t\t\t<p>Notre site web peut contenir des liens vers d\u2019autres sites internet qui ne sont pas sous notre contr\u00f4le. Nous ne sommes pas responsables des pratiques en mati\u00e8re de confidentialit\u00e9 ni du contenu de ces sites tiers. Nous vous encourageons \u00e0 consulter les politiques de confidentialit\u00e9 de tout site tiers que vous visitez.  <\/p>\t\t\t\t\t\t\t\t<\/div>\n\t\t\t\t<\/div>\n\t\t\t\t<div class=\"elementor-element elementor-element-bf4eec8 elementor-widget elementor-widget-heading\" data-id=\"bf4eec8\" data-element_type=\"widget\" data-widget_type=\"heading.default\">\n\t\t\t\t<div class=\"elementor-widget-container\">\n\t\t\t\t\t<h3 class=\"elementor-heading-title elementor-size-default\">9. Confidentialit\u00e9 des enfants<\/h3>\t\t\t\t<\/div>\n\t\t\t\t<\/div>\n\t\t\t\t<div class=\"elementor-element elementor-element-6731623 elementor-widget elementor-widget-text-editor\" data-id=\"6731623\" data-element_type=\"widget\" data-widget_type=\"text-editor.default\">\n\t\t\t\t<div class=\"elementor-widget-container\">\n\t\t\t\t\t\t\t\t\t<p>Nos services ne sont pas destin\u00e9s aux personnes de moins de 18 ans. Nous ne collectons pas sciemment de donn\u00e9es personnelles aupr\u00e8s d\u2019enfants de moins de 18 ans. Si nous apprenons que nous avons collect\u00e9 des donn\u00e9es personnelles concernant un enfant de moins de 18 ans, nous prendrons les mesures n\u00e9cessaires pour les supprimer.  <\/p>\t\t\t\t\t\t\t\t<\/div>\n\t\t\t\t<\/div>\n\t\t\t\t<div class=\"elementor-element elementor-element-3e61a26 elementor-widget elementor-widget-heading\" data-id=\"3e61a26\" data-element_type=\"widget\" data-widget_type=\"heading.default\">\n\t\t\t\t<div class=\"elementor-widget-container\">\n\t\t\t\t\t<h3 class=\"elementor-heading-title elementor-size-default\">10. Modification de la Politique de confidentialit\u00e9<\/h3>\t\t\t\t<\/div>\n\t\t\t\t<\/div>\n\t\t\t\t<div class=\"elementor-element elementor-element-812633f elementor-widget elementor-widget-text-editor\" data-id=\"812633f\" data-element_type=\"widget\" data-widget_type=\"text-editor.default\">\n\t\t\t\t<div class=\"elementor-widget-container\">\n\t\t\t\t\t\t\t\t\t<p>Nous pouvons mettre \u00e0 jour la pr\u00e9sente Politique de confidentialit\u00e9 de temps \u00e0 autre. En cas de modifications importantes, nous vous en informerons par e-mail ou en affichant un avis sur notre site web. Veulliez consulter r\u00e9guli\u00e8rement la pr\u00e9sente Politique de confidentialit\u00e9 afin de prendre connaissance des \u00e9ventuelles mises \u00e0 jour.  <\/p>\t\t\t\t\t\t\t\t<\/div>\n\t\t\t\t<\/div>\n\t\t\t\t<div class=\"elementor-element elementor-element-bad29ff elementor-widget elementor-widget-heading\" data-id=\"bad29ff\" data-element_type=\"widget\" data-widget_type=\"heading.default\">\n\t\t\t\t<div class=\"elementor-widget-container\">\n\t\t\t\t\t<h3 class=\"elementor-heading-title elementor-size-default\">11. Contactez-nous<\/h3>\t\t\t\t<\/div>\n\t\t\t\t<\/div>\n\t\t\t\t<div class=\"elementor-element elementor-element-ab7dbf2 elementor-widget elementor-widget-text-editor\" data-id=\"ab7dbf2\" data-element_type=\"widget\" data-widget_type=\"text-editor.default\">\n\t\t\t\t<div class=\"elementor-widget-container\">\n\t\t\t\t\t\t\t\t\tSi vous avez des questions ou des pr\u00e9occupations concernant cette Politique de confidentialit\u00e9 ou la mani\u00e8re dont nous traitons vos informations personnelles, veuillez nous contacter \u00e0 <a href=\"mailto:info@kinamihealth.com\">info@kinamihealth.com<\/a> ou <a href=\"tel:+18883488961\">+1 (888) 348-8961<\/a>.\t\t\t\t\t\t\t\t<\/div>\n\t\t\t\t<\/div>\n\t\t\t\t<\/div>\n\t\t\t\t<\/div>\n\t\t","protected":false},"excerpt":{"rendered":"<p>Politique de confidentialit\u00e9 Date d&#8217;entr\u00e9e en vigueur : le 11 mars 2025 Chez Kinami Health, nous nous engageons \u00e0 prot\u00e9ger et \u00e0 respecter la confidentialit\u00e9 de nos clients. La pr\u00e9sente Politique de confidentialit\u00e9 d\u00e9crit la mani\u00e8re dont nous collectons, utilisons et prot\u00e9geons vos informations \u00e0 caract\u00e8re personnel lorsque vous visitez notre site web et utilisez [&hellip;]<\/p>\n","protected":false},"author":1,"featured_media":0,"parent":0,"menu_order":0,"comment_status":"closed","ping_status":"closed","template":"elementor_header_footer","meta":{"_acf_changed":false,"inline_featured_image":false,"footnotes":""},"class_list":["post-106992","page","type-page","status-publish","hentry"],"acf":[],"yoast_head":"<!-- This site is optimized with the Yoast SEO plugin v27.1.1 - https:\/\/yoast.com\/product\/yoast-seo-wordpress\/ -->\n<title>Politique de confidentialit\u00e9 - Kinami Health<\/title>\n<meta name=\"description\" content=\"La Politique de confidentialit\u00e9 d\u00e9finit la gestion, protection et utilisation responsables de vos donn\u00e9es personnelles par Kinami Health.\" \/>\n<meta name=\"robots\" content=\"index, follow, max-snippet:-1, max-image-preview:large, max-video-preview:-1\" \/>\n<link rel=\"canonical\" href=\"https:\/\/kinamihealth.com\/fr\/wp-json\/wp\/v2\/pages\/106992\" \/>\n<meta property=\"og:locale\" content=\"fr_FR\" \/>\n<meta property=\"og:type\" content=\"article\" \/>\n<meta property=\"og:title\" content=\"Politique de confidentialit\u00e9 - Kinami Health\" \/>\n<meta property=\"og:description\" content=\"La Politique de confidentialit\u00e9 d\u00e9finit la gestion, protection et utilisation responsables de vos donn\u00e9es personnelles par Kinami Health.\" \/>\n<meta property=\"og:url\" content=\"https:\/\/kinamihealth.com\/privacy-policy\/\" \/>\n<meta property=\"og:site_name\" content=\"Kinami Health\" \/>\n<meta property=\"article:modified_time\" content=\"2026-04-03T08:11:08+00:00\" \/>\n<meta name=\"twitter:card\" content=\"summary_large_image\" \/>\n<meta name=\"twitter:label1\" content=\"Dur\u00e9e de lecture estim\u00e9e\" \/>\n\t<meta name=\"twitter:data1\" content=\"5 minutes\" \/>\n<!-- \/ Yoast SEO plugin. -->","yoast_head_json":{"title":"Politique de confidentialit\u00e9 - Kinami Health","description":"La Politique de confidentialit\u00e9 d\u00e9finit la gestion, protection et utilisation responsables de vos donn\u00e9es personnelles par Kinami Health.","robots":{"index":"index","follow":"follow","max-snippet":"max-snippet:-1","max-image-preview":"max-image-preview:large","max-video-preview":"max-video-preview:-1"},"canonical":"https:\/\/kinamihealth.com\/fr\/wp-json\/wp\/v2\/pages\/106992","og_locale":"fr_FR","og_type":"article","og_title":"Politique de confidentialit\u00e9 - Kinami Health","og_description":"La Politique de confidentialit\u00e9 d\u00e9finit la gestion, protection et utilisation responsables de vos donn\u00e9es personnelles par Kinami Health.","og_url":"https:\/\/kinamihealth.com\/privacy-policy\/","og_site_name":"Kinami Health","article_modified_time":"2026-04-03T08:11:08+00:00","twitter_card":"summary_large_image","twitter_misc":{"Dur\u00e9e de lecture estim\u00e9e":"5 minutes"},"schema":{"@context":"https:\/\/schema.org","@graph":[{"@type":"WebPage","@id":"https:\/\/kinamihealth.com\/privacy-policy\/","url":"https:\/\/kinamihealth.com\/privacy-policy\/","name":"Politique de confidentialit\u00e9 - Kinami Health","isPartOf":{"@id":"https:\/\/kinamihealth.com\/#website"},"datePublished":"2025-01-24T11:33:03+00:00","dateModified":"2026-04-03T08:11:08+00:00","description":"La Politique de confidentialit\u00e9 d\u00e9finit la gestion, protection et utilisation responsables de vos donn\u00e9es personnelles par Kinami Health.","breadcrumb":{"@id":"https:\/\/kinamihealth.com\/privacy-policy\/#breadcrumb"},"inLanguage":"fr-FR","potentialAction":[{"@type":"ReadAction","target":["https:\/\/kinamihealth.com\/privacy-policy\/"]}]},{"@type":"BreadcrumbList","@id":"https:\/\/kinamihealth.com\/privacy-policy\/#breadcrumb","itemListElement":[{"@type":"ListItem","position":1,"name":"Page d'accueil","item":"https:\/\/kinamihealth.com\/"},{"@type":"ListItem","position":2,"name":"Politique de confidentialit\u00e9"}]},{"@type":"WebSite","@id":"https:\/\/kinamihealth.com\/#website","url":"https:\/\/kinamihealth.com\/","name":"Kinami Health","description":"","publisher":{"@id":"https:\/\/kinamihealth.com\/#organization"},"potentialAction":[{"@type":"SearchAction","target":{"@type":"EntryPoint","urlTemplate":"https:\/\/kinamihealth.com\/?s={search_term_string}"},"query-input":{"@type":"PropertyValueSpecification","valueRequired":true,"valueName":"search_term_string"}}],"inLanguage":"fr-FR"},{"@type":"Organization","@id":"https:\/\/kinamihealth.com\/#organization","name":"Kinami Health","url":"https:\/\/kinamihealth.com\/","logo":{"@type":"ImageObject","inLanguage":"fr-FR","@id":"https:\/\/kinamihealth.com\/#\/schema\/logo\/image\/","url":"https:\/\/kinamihealth.com\/wp-content\/uploads\/2025\/01\/KH_logo_black_2-1.png","contentUrl":"https:\/\/kinamihealth.com\/wp-content\/uploads\/2025\/01\/KH_logo_black_2-1.png","width":339,"height":34,"caption":"Kinami Health"},"image":{"@id":"https:\/\/kinamihealth.com\/#\/schema\/logo\/image\/"}}]}},"_links":{"self":[{"href":"https:\/\/kinamihealth.com\/fr\/wp-json\/wp\/v2\/pages\/106992","targetHints":{"allow":["GET"]}}],"collection":[{"href":"https:\/\/kinamihealth.com\/fr\/wp-json\/wp\/v2\/pages"}],"about":[{"href":"https:\/\/kinamihealth.com\/fr\/wp-json\/wp\/v2\/types\/page"}],"author":[{"embeddable":true,"href":"https:\/\/kinamihealth.com\/fr\/wp-json\/wp\/v2\/users\/1"}],"replies":[{"embeddable":true,"href":"https:\/\/kinamihealth.com\/fr\/wp-json\/wp\/v2\/comments?post=106992"}],"version-history":[{"count":6,"href":"https:\/\/kinamihealth.com\/fr\/wp-json\/wp\/v2\/pages\/106992\/revisions"}],"predecessor-version":[{"id":134461,"href":"https:\/\/kinamihealth.com\/fr\/wp-json\/wp\/v2\/pages\/106992\/revisions\/134461"}],"wp:attachment":[{"href":"https:\/\/kinamihealth.com\/fr\/wp-json\/wp\/v2\/media?parent=106992"}],"curies":[{"name":"wp","href":"https:\/\/api.w.org\/{rel}","templated":true}]}}