{"id":106009,"date":"2025-03-19T15:14:15","date_gmt":"2025-03-19T15:14:15","guid":{"rendered":"https:\/\/kinamihealth.com\/commande-recue\/"},"modified":"2025-07-26T13:41:59","modified_gmt":"2025-07-26T13:41:59","slug":"commande-recue","status":"publish","type":"page","link":"https:\/\/kinamihealth.com\/fr\/commande-recue\/","title":{"rendered":"Commande re\u00e7ue"},"content":{"rendered":"\t\t<div data-elementor-type=\"wp-page\" data-elementor-id=\"106009\" class=\"elementor elementor-106009 elementor-103536\" data-elementor-post-type=\"page\">\n\t\t\t\t<div class=\"elementor-element elementor-element-d5255a6 e-con-full e-flex e-con e-parent\" data-id=\"d5255a6\" data-element_type=\"container\" data-settings=\"{&quot;background_background&quot;:&quot;classic&quot;}\">\n\t\t<div class=\"elementor-element elementor-element-e2801c4 e-con-full e-flex e-con e-child\" data-id=\"e2801c4\" data-element_type=\"container\" data-settings=\"{&quot;background_background&quot;:&quot;classic&quot;}\">\n\t\t<div class=\"elementor-element elementor-element-c482c5e e-con-full e-flex e-con e-child\" data-id=\"c482c5e\" data-element_type=\"container\">\n\t\t\t\t<div class=\"elementor-element elementor-element-85c0b54 elementor-hidden-mobile elementor-widget elementor-widget-breadcrumbs\" data-id=\"85c0b54\" data-element_type=\"widget\" data-widget_type=\"breadcrumbs.default\">\n\t\t\t\t<div class=\"elementor-widget-container\">\n\t\t\t\t\t<p id=\"breadcrumbs\"><span><span><a href=\"https:\/\/kinamihealth.com\/\">Page d'accueil<\/a><\/span><\/span><\/p>\t\t\t\t<\/div>\n\t\t\t\t<\/div>\n\t\t\t\t<\/div>\n\t\t<div class=\"elementor-element elementor-element-cb85a91 e-con-full e-flex e-con e-child\" data-id=\"cb85a91\" data-element_type=\"container\">\n\t\t<div class=\"elementor-element elementor-element-469c581 e-con-full e-flex e-con e-child\" data-id=\"469c581\" data-element_type=\"container\">\n\t\t\t\t<div class=\"elementor-element elementor-element-db7300a elementor-widget__width-initial elementor-widget elementor-widget-heading\" data-id=\"db7300a\" data-element_type=\"widget\" data-widget_type=\"heading.default\">\n\t\t\t\t<div class=\"elementor-widget-container\">\n\t\t\t\t\t<h1 class=\"elementor-heading-title elementor-size-default\">Merci <span style=\"color: #BBB37C\">pour votre commande<\/span><\/h1>\t\t\t\t<\/div>\n\t\t\t\t<\/div>\n\t\t\t\t<div class=\"elementor-element elementor-element-1c187d0 elementor-widget__width-initial elementor-widget elementor-widget-heading\" data-id=\"1c187d0\" data-element_type=\"widget\" data-widget_type=\"heading.default\">\n\t\t\t\t<div class=\"elementor-widget-container\">\n\t\t\t\t\t<h1 class=\"elementor-heading-title elementor-size-default\">Votre commande <span style=\"color: #BBB37C\">a \u00e9t\u00e9 annul\u00e9e<\/span><\/h1>\t\t\t\t<\/div>\n\t\t\t\t<\/div>\n\t\t\t\t<\/div>\n\t\t<div class=\"elementor-element elementor-element-8afc8a9 e-con-full e-flex e-con e-child\" data-id=\"8afc8a9\" data-element_type=\"container\">\n\t\t\t\t<div class=\"elementor-element elementor-element-a3f0a06 elementor-widget elementor-widget-text-editor\" data-id=\"a3f0a06\" data-element_type=\"widget\" data-widget_type=\"text-editor.default\">\n\t\t\t\t<div class=\"elementor-widget-container\">\n\t\t\t\t\t\t\t\t\t<p>Votre commande est enregistr\u00e9e et nous vous contacterons dans les plus brefs d\u00e9lais. Si vous avez des informations suppl\u00e9mentaires, n&#8217;h\u00e9sitez pas \u00e0 nous contacter au <span style=\"font-weight: bold;\">+382 757 4744.<\/span> <\/p>\t\t\t\t\t\t\t\t<\/div>\n\t\t\t\t<\/div>\n\t\t\t\t<div class=\"elementor-element elementor-element-ee94f58 elementor-widget elementor-widget-text-editor\" data-id=\"ee94f58\" data-element_type=\"widget\" data-widget_type=\"text-editor.default\">\n\t\t\t\t<div class=\"elementor-widget-container\">\n\t\t\t\t\t\t\t\t\t<p>Votre paiement a \u00e9chou\u00e9. Veuillez r\u00e9essayer ou contactez-nous au +382 757 4744 pour obtenir de l\u2019aide. <\/p>\t\t\t\t\t\t\t\t<\/div>\n\t\t\t\t<\/div>\n\t\t<div class=\"elementor-element elementor-element-8a1fe18 e-con-full e-flex e-con e-child\" data-id=\"8a1fe18\" data-element_type=\"container\">\n\t\t\t\t<div class=\"elementor-element elementor-element-0c119ad elementor-align-justify elementor-widget__width-initial thankYouBtn elementor-widget elementor-widget-button\" data-id=\"0c119ad\" data-element_type=\"widget\" data-widget_type=\"button.default\">\n\t\t\t\t<div class=\"elementor-widget-container\">\n\t\t\t\t\t\t\t\t\t<div class=\"elementor-button-wrapper\">\n\t\t\t\t\t<a class=\"elementor-button elementor-button-link elementor-size-sm\" href=\"\/\">\n\t\t\t\t\t\t<span class=\"elementor-button-content-wrapper\">\n\t\t\t\t\t\t\t\t\t<span class=\"elementor-button-text\">Retour \u00e0 l\u2019accueil<\/span>\n\t\t\t\t\t<\/span>\n\t\t\t\t\t<\/a>\n\t\t\t\t<\/div>\n\t\t\t\t\t\t\t\t<\/div>\n\t\t\t\t<\/div>\n\t\t\t\t<div class=\"elementor-element elementor-element-577833a elementor-align-justify elementor-widget__width-initial thankYouBtn elementor-widget elementor-widget-button\" data-id=\"577833a\" data-element_type=\"widget\" data-widget_type=\"button.default\">\n\t\t\t\t<div class=\"elementor-widget-container\">\n\t\t\t\t\t\t\t\t\t<div class=\"elementor-button-wrapper\">\n\t\t\t\t\t<a class=\"elementor-button elementor-button-link elementor-size-sm\" href=\"https:\/\/kinamihealth.com\/fr\/boutique\/\">\n\t\t\t\t\t\t<span class=\"elementor-button-content-wrapper\">\n\t\t\t\t\t\t\t\t\t<span class=\"elementor-button-text\">Continuer l\u2019achat<\/span>\n\t\t\t\t\t<\/span>\n\t\t\t\t\t<\/a>\n\t\t\t\t<\/div>\n\t\t\t\t\t\t\t\t<\/div>\n\t\t\t\t<\/div>\n\t\t\t\t<\/div>\n\t\t\t\t<\/div>\n\t\t\t\t<\/div>\n\t\t\t\t<\/div>\n\t\t\t\t<\/div>\n\t\t<div class=\"elementor-element elementor-element-079f183 e-flex e-con-boxed e-con e-parent\" data-id=\"079f183\" data-element_type=\"container\" data-settings=\"{&quot;background_background&quot;:&quot;classic&quot;}\">\n\t\t\t\t\t<div class=\"e-con-inner\">\n\t\t<div class=\"elementor-element elementor-element-a18929d e-con-full e-flex e-con e-child\" data-id=\"a18929d\" data-element_type=\"container\" data-settings=\"{&quot;background_background&quot;:&quot;classic&quot;}\">\n\t\t<div class=\"elementor-element elementor-element-b364c02 e-con-full elementor-hidden-tablet elementor-hidden-mobile e-flex e-con e-child\" data-id=\"b364c02\" data-element_type=\"container\" data-settings=\"{&quot;background_background&quot;:&quot;classic&quot;}\">\n\t\t\t\t<\/div>\n\t\t<div class=\"elementor-element elementor-element-1aeb8a1 e-con-full e-flex e-con e-child\" data-id=\"1aeb8a1\" data-element_type=\"container\">\n\t\t\t\t<div class=\"elementor-element elementor-element-26e2d91 elementor-widget__width-initial elementor-widget elementor-widget-text-editor\" data-id=\"26e2d91\" data-element_type=\"widget\" data-widget_type=\"text-editor.default\">\n\t\t\t\t<div class=\"elementor-widget-container\">\n\t\t\t\t\t\t\t\t\t<p>Rejoignez le Programme d\u2019Agents commerciaux sur le terrain de Kinami<\/p>\t\t\t\t\t\t\t\t<\/div>\n\t\t\t\t<\/div>\n\t\t\t\t<div class=\"elementor-element elementor-element-fe1a7b8 elementor-widget__width-initial elementor-widget elementor-widget-button\" data-id=\"fe1a7b8\" data-element_type=\"widget\" data-widget_type=\"button.default\">\n\t\t\t\t<div class=\"elementor-widget-container\">\n\t\t\t\t\t\t\t\t\t<div class=\"elementor-button-wrapper\">\n\t\t\t\t\t<a class=\"elementor-button elementor-button-link elementor-size-sm\" href=\"https:\/\/kinamihealth.com\/become-agent\/\">\n\t\t\t\t\t\t<span class=\"elementor-button-content-wrapper\">\n\t\t\t\t\t\t\t\t\t<span class=\"elementor-button-text\">Se connecter pour devenir Agent commercial<\/span>\n\t\t\t\t\t<\/span>\n\t\t\t\t\t<\/a>\n\t\t\t\t<\/div>\n\t\t\t\t\t\t\t\t<\/div>\n\t\t\t\t<\/div>\n\t\t\t\t<\/div>\n\t\t\t\t<\/div>\n\t\t\t\t\t<\/div>\n\t\t\t\t<\/div>\n\t\t\t\t<\/div>\n\t\t","protected":false},"excerpt":{"rendered":"<p>Merci pour votre commande Votre commande a \u00e9t\u00e9 annul\u00e9e Votre commande est enregistr\u00e9e et nous vous contacterons dans les plus brefs d\u00e9lais. Si vous avez des informations suppl\u00e9mentaires, n&#8217;h\u00e9sitez pas \u00e0 nous contacter au +382 757 4744. Votre paiement a \u00e9chou\u00e9. Veuillez r\u00e9essayer ou contactez-nous au +382 757 4744 pour obtenir de l\u2019aide. Retour \u00e0 [&hellip;]<\/p>\n","protected":false},"author":1,"featured_media":0,"parent":0,"menu_order":0,"comment_status":"closed","ping_status":"closed","template":"elementor_header_footer","meta":{"_acf_changed":false,"inline_featured_image":false,"footnotes":""},"class_list":["post-106009","page","type-page","status-publish","hentry"],"acf":[],"yoast_head":"<!-- This site is optimized with the Yoast SEO plugin v27.3 - https:\/\/yoast.com\/product\/yoast-seo-wordpress\/ -->\n<title>Commande re\u00e7ue - Kinami Health<\/title>\n<meta name=\"robots\" content=\"index, follow, max-snippet:-1, max-image-preview:large, max-video-preview:-1\" \/>\n<link rel=\"canonical\" href=\"https:\/\/kinamihealth.com\/fr\/wp-json\/wp\/v2\/pages\/106009\" \/>\n<meta property=\"og:locale\" content=\"fr_FR\" \/>\n<meta property=\"og:type\" content=\"article\" \/>\n<meta property=\"og:title\" content=\"Commande re\u00e7ue - Kinami Health\" \/>\n<meta property=\"og:description\" content=\"Merci pour votre commande Votre commande a \u00e9t\u00e9 annul\u00e9e Votre commande est enregistr\u00e9e et nous vous contacterons dans les plus brefs d\u00e9lais. Si vous avez des informations suppl\u00e9mentaires, n&#8217;h\u00e9sitez pas \u00e0 nous contacter au +382 757 4744. Votre paiement a \u00e9chou\u00e9. Veuillez r\u00e9essayer ou contactez-nous au +382 757 4744 pour obtenir de l\u2019aide. Retour \u00e0 [&hellip;]\" \/>\n<meta property=\"og:url\" content=\"https:\/\/kinamihealth.com\/received-order\/\" \/>\n<meta property=\"og:site_name\" content=\"Kinami Health\" \/>\n<meta property=\"article:modified_time\" content=\"2025-07-26T13:41:59+00:00\" \/>\n<meta name=\"twitter:card\" content=\"summary_large_image\" \/>\n<!-- \/ Yoast SEO plugin. -->","yoast_head_json":{"title":"Commande re\u00e7ue - Kinami Health","robots":{"index":"index","follow":"follow","max-snippet":"max-snippet:-1","max-image-preview":"max-image-preview:large","max-video-preview":"max-video-preview:-1"},"canonical":"https:\/\/kinamihealth.com\/fr\/wp-json\/wp\/v2\/pages\/106009","og_locale":"fr_FR","og_type":"article","og_title":"Commande re\u00e7ue - Kinami Health","og_description":"Merci pour votre commande Votre commande a \u00e9t\u00e9 annul\u00e9e Votre commande est enregistr\u00e9e et nous vous contacterons dans les plus brefs d\u00e9lais. Si vous avez des informations suppl\u00e9mentaires, n&#8217;h\u00e9sitez pas \u00e0 nous contacter au +382 757 4744. Votre paiement a \u00e9chou\u00e9. Veuillez r\u00e9essayer ou contactez-nous au +382 757 4744 pour obtenir de l\u2019aide. Retour \u00e0 [&hellip;]","og_url":"https:\/\/kinamihealth.com\/received-order\/","og_site_name":"Kinami Health","article_modified_time":"2025-07-26T13:41:59+00:00","twitter_card":"summary_large_image","schema":{"@context":"https:\/\/schema.org","@graph":[{"@type":"WebPage","@id":"https:\/\/kinamihealth.com\/received-order\/","url":"https:\/\/kinamihealth.com\/received-order\/","name":"Commande re\u00e7ue - Kinami Health","isPartOf":{"@id":"https:\/\/kinamihealth.com\/#website"},"datePublished":"2025-03-19T15:14:15+00:00","dateModified":"2025-07-26T13:41:59+00:00","breadcrumb":{"@id":"https:\/\/kinamihealth.com\/received-order\/#breadcrumb"},"inLanguage":"fr-FR","potentialAction":[{"@type":"ReadAction","target":["https:\/\/kinamihealth.com\/received-order\/"]}]},{"@type":"BreadcrumbList","@id":"https:\/\/kinamihealth.com\/received-order\/#breadcrumb","itemListElement":[{"@type":"ListItem","position":1,"name":"Page d'accueil","item":"https:\/\/kinamihealth.com\/"},{"@type":"ListItem","position":2,"name":"Commande re\u00e7ue"}]},{"@type":"WebSite","@id":"https:\/\/kinamihealth.com\/#website","url":"https:\/\/kinamihealth.com\/","name":"Kinami Health","description":"","publisher":{"@id":"https:\/\/kinamihealth.com\/#organization"},"potentialAction":[{"@type":"SearchAction","target":{"@type":"EntryPoint","urlTemplate":"https:\/\/kinamihealth.com\/?s={search_term_string}"},"query-input":{"@type":"PropertyValueSpecification","valueRequired":true,"valueName":"search_term_string"}}],"inLanguage":"fr-FR"},{"@type":"Organization","@id":"https:\/\/kinamihealth.com\/#organization","name":"Kinami Health","url":"https:\/\/kinamihealth.com\/","logo":{"@type":"ImageObject","inLanguage":"fr-FR","@id":"https:\/\/kinamihealth.com\/#\/schema\/logo\/image\/","url":"https:\/\/kinamihealth.com\/wp-content\/uploads\/2025\/01\/KH_logo_black_2-1.png","contentUrl":"https:\/\/kinamihealth.com\/wp-content\/uploads\/2025\/01\/KH_logo_black_2-1.png","width":339,"height":34,"caption":"Kinami Health"},"image":{"@id":"https:\/\/kinamihealth.com\/#\/schema\/logo\/image\/"}}]}},"_links":{"self":[{"href":"https:\/\/kinamihealth.com\/fr\/wp-json\/wp\/v2\/pages\/106009","targetHints":{"allow":["GET"]}}],"collection":[{"href":"https:\/\/kinamihealth.com\/fr\/wp-json\/wp\/v2\/pages"}],"about":[{"href":"https:\/\/kinamihealth.com\/fr\/wp-json\/wp\/v2\/types\/page"}],"author":[{"embeddable":true,"href":"https:\/\/kinamihealth.com\/fr\/wp-json\/wp\/v2\/users\/1"}],"replies":[{"embeddable":true,"href":"https:\/\/kinamihealth.com\/fr\/wp-json\/wp\/v2\/comments?post=106009"}],"version-history":[{"count":0,"href":"https:\/\/kinamihealth.com\/fr\/wp-json\/wp\/v2\/pages\/106009\/revisions"}],"wp:attachment":[{"href":"https:\/\/kinamihealth.com\/fr\/wp-json\/wp\/v2\/media?parent=106009"}],"curies":[{"name":"wp","href":"https:\/\/api.w.org\/{rel}","templated":true}]}}