{"id":108434,"date":"2025-02-15T16:58:42","date_gmt":"2025-02-15T16:58:42","guid":{"rendered":"https:\/\/kinamihealth.com\/product\/viscoderm-hydrobooster\/"},"modified":"2026-01-22T11:34:31","modified_gmt":"2026-01-22T11:34:31","slug":"viscoderm-hydrobooster","status":"publish","type":"product","link":"https:\/\/kinamihealth.com\/es\/producto\/viscoderm-hydrobooster\/","title":{"rendered":"VISCODERM\u00ae HYDROBOOSTER"},"content":{"rendered":"<p>VISCODERM HYDROBOOSTER es un tratamiento de hidrataci\u00f3n profunda que proporciona una hidrataci\u00f3n profunda y una mejora notable de la elasticidad cut\u00e1nea. Este potenciador inyectable est\u00e1 especialmente formulado para suavizar las arrugas superficiales en las zonas din\u00e1micas del rostro (frente, perioral, periocular). Cons\u00edguelo hoy mismo en Kinami Health para disfrutar de un servicio fiable, puntual y asequible.<\/p>\n","protected":false},"excerpt":{"rendered":"<p>VISCODERM HYDROBOOSTER es un tratamiento de hidrataci\u00f3n profunda que proporciona una hidrataci\u00f3n profunda y una mejora notable de la elasticidad cut\u00e1nea. Este potenciador inyectable est\u00e1 especialmente formulado para suavizar las arrugas superficiales en las zonas din\u00e1micas del rostro (frente, perioral, periocular). Cons\u00edguelo hoy mismo en Kinami Health para disfrutar de un servicio fiable, puntual y [&hellip;]<\/p>\n","protected":false},"featured_media":108437,"comment_status":"closed","ping_status":"closed","template":"","meta":{"_acf_changed":false,"inline_featured_image":false},"product_brand":[1283],"product_cat":[1447,2973],"product_tag":[1209],"class_list":{"0":"post-108434","1":"product","2":"type-product","3":"status-publish","4":"has-post-thumbnail","6":"product_brand-viscoderm-es","7":"product_cat-rellenos-dermicos","8":"product_cat-skinboosters-es","9":"product_tag-dispositivos-medicos","11":"first","12":"instock","13":"taxable","14":"shipping-taxable","15":"purchasable","16":"product-type-simple","17":"add-to-wishlist-before_image"},"acf":[],"yoast_head":"<!-- This site is optimized with the Yoast SEO plugin v27.3 - https:\/\/yoast.com\/product\/yoast-seo-wordpress\/ -->\n<title>Comprar Viscoderm Hydrobooster online | Tienda Online | Kinami Health<\/title>\n<meta name=\"description\" content=\"Compre Viscoderm Hydrobooster en l\u00ednea para una hidrataci\u00f3n profunda y elasticidad de la piel. Suaviza las arrugas, mejora la calidad de la piel y ofrece efectos antienvejecimiento duraderos.\" \/>\n<meta name=\"robots\" content=\"index, follow, max-snippet:-1, max-image-preview:large, max-video-preview:-1\" \/>\n<link rel=\"canonical\" href=\"https:\/\/kinamihealth.com\/es\/wp-json\/wp\/v2\/product\/108434\" \/>\n<meta property=\"og:locale\" content=\"es_ES\" \/>\n<meta property=\"og:type\" content=\"article\" \/>\n<meta property=\"og:title\" content=\"Comprar Viscoderm Hydrobooster online | Tienda Online | Kinami Health\" \/>\n<meta property=\"og:description\" content=\"Compre Viscoderm Hydrobooster en l\u00ednea para una hidrataci\u00f3n profunda y elasticidad de la piel. Suaviza las arrugas, mejora la calidad de la piel y ofrece efectos antienvejecimiento duraderos.\" \/>\n<meta property=\"og:url\" content=\"https:\/\/kinamihealth.com\/es\/producto\/viscoderm-hydrobooster\/\" \/>\n<meta property=\"og:site_name\" content=\"Kinami Health\" \/>\n<meta property=\"article:modified_time\" content=\"2026-01-22T11:34:31+00:00\" \/>\n<meta property=\"og:image\" content=\"https:\/\/kinamihealth.com\/wp-content\/uploads\/2025\/02\/VISCODERM-HYDROBOOSTER-04.jpg\" \/>\n\t<meta property=\"og:image:width\" content=\"800\" \/>\n\t<meta property=\"og:image:height\" content=\"800\" \/>\n\t<meta property=\"og:image:type\" content=\"image\/jpeg\" \/>\n<meta name=\"twitter:card\" content=\"summary_large_image\" \/>\n<meta name=\"twitter:label1\" content=\"Tiempo de lectura\" \/>\n\t<meta name=\"twitter:data1\" content=\"1 minuto\" \/>\n<!-- \/ Yoast SEO plugin. -->","yoast_head_json":{"title":"Comprar Viscoderm Hydrobooster online | Tienda Online | Kinami Health","description":"Compre Viscoderm Hydrobooster en l\u00ednea para una hidrataci\u00f3n profunda y elasticidad de la piel. Suaviza las arrugas, mejora la calidad de la piel y ofrece efectos antienvejecimiento duraderos.","robots":{"index":"index","follow":"follow","max-snippet":"max-snippet:-1","max-image-preview":"max-image-preview:large","max-video-preview":"max-video-preview:-1"},"canonical":"https:\/\/kinamihealth.com\/es\/wp-json\/wp\/v2\/product\/108434","og_locale":"es_ES","og_type":"article","og_title":"Comprar Viscoderm Hydrobooster online | Tienda Online | Kinami Health","og_description":"Compre Viscoderm Hydrobooster en l\u00ednea para una hidrataci\u00f3n profunda y elasticidad de la piel. Suaviza las arrugas, mejora la calidad de la piel y ofrece efectos antienvejecimiento duraderos.","og_url":"https:\/\/kinamihealth.com\/es\/producto\/viscoderm-hydrobooster\/","og_site_name":"Kinami Health","article_modified_time":"2026-01-22T11:34:31+00:00","og_image":[{"width":800,"height":800,"url":"https:\/\/kinamihealth.com\/wp-content\/uploads\/2025\/02\/VISCODERM-HYDROBOOSTER-04.jpg","type":"image\/jpeg"}],"twitter_card":"summary_large_image","twitter_misc":{"Tiempo de lectura":"1 minuto"},"schema":{"@context":"https:\/\/schema.org","@graph":[{"@type":"WebPage","@id":"https:\/\/kinamihealth.com\/es\/producto\/viscoderm-hydrobooster\/","url":"https:\/\/kinamihealth.com\/es\/producto\/viscoderm-hydrobooster\/","name":"Comprar Viscoderm Hydrobooster online | Tienda Online | Kinami Health","isPartOf":{"@id":"https:\/\/kinamihealth.com\/#website"},"primaryImageOfPage":{"@id":"https:\/\/kinamihealth.com\/es\/producto\/viscoderm-hydrobooster\/#primaryimage"},"image":{"@id":"https:\/\/kinamihealth.com\/es\/producto\/viscoderm-hydrobooster\/#primaryimage"},"thumbnailUrl":"https:\/\/kinamihealth.com\/wp-content\/uploads\/2025\/02\/VISCODERM-HYDROBOOSTER-04.jpg","datePublished":"2025-02-15T16:58:42+00:00","dateModified":"2026-01-22T11:34:31+00:00","description":"Compre Viscoderm Hydrobooster en l\u00ednea para una hidrataci\u00f3n profunda y elasticidad de la piel. Suaviza las arrugas, mejora la calidad de la piel y ofrece efectos antienvejecimiento duraderos.","breadcrumb":{"@id":"https:\/\/kinamihealth.com\/es\/producto\/viscoderm-hydrobooster\/#breadcrumb"},"inLanguage":"es","potentialAction":[{"@type":"ReadAction","target":["https:\/\/kinamihealth.com\/es\/producto\/viscoderm-hydrobooster\/"]}]},{"@type":"ImageObject","inLanguage":"es","@id":"https:\/\/kinamihealth.com\/es\/producto\/viscoderm-hydrobooster\/#primaryimage","url":"https:\/\/kinamihealth.com\/wp-content\/uploads\/2025\/02\/VISCODERM-HYDROBOOSTER-04.jpg","contentUrl":"https:\/\/kinamihealth.com\/wp-content\/uploads\/2025\/02\/VISCODERM-HYDROBOOSTER-04.jpg","width":800,"height":800},{"@type":"BreadcrumbList","@id":"https:\/\/kinamihealth.com\/es\/producto\/viscoderm-hydrobooster\/#breadcrumb","itemListElement":[{"@type":"ListItem","position":1,"name":"P\u00e1gina de inicio","item":"https:\/\/kinamihealth.com\/"},{"@type":"ListItem","position":2,"name":"Tienda","item":"https:\/\/kinamihealth.com\/shop\/"},{"@type":"ListItem","position":3,"name":"VISCODERM\u00ae HYDROBOOSTER"}]},{"@type":"WebSite","@id":"https:\/\/kinamihealth.com\/#website","url":"https:\/\/kinamihealth.com\/","name":"Kinami Health","description":"","publisher":{"@id":"https:\/\/kinamihealth.com\/#organization"},"potentialAction":[{"@type":"SearchAction","target":{"@type":"EntryPoint","urlTemplate":"https:\/\/kinamihealth.com\/?s={search_term_string}"},"query-input":{"@type":"PropertyValueSpecification","valueRequired":true,"valueName":"search_term_string"}}],"inLanguage":"es"},{"@type":"Organization","@id":"https:\/\/kinamihealth.com\/#organization","name":"Kinami Health","url":"https:\/\/kinamihealth.com\/","logo":{"@type":"ImageObject","inLanguage":"es","@id":"https:\/\/kinamihealth.com\/#\/schema\/logo\/image\/","url":"https:\/\/kinamihealth.com\/wp-content\/uploads\/2025\/01\/KH_logo_black_2-1.png","contentUrl":"https:\/\/kinamihealth.com\/wp-content\/uploads\/2025\/01\/KH_logo_black_2-1.png","width":339,"height":34,"caption":"Kinami Health"},"image":{"@id":"https:\/\/kinamihealth.com\/#\/schema\/logo\/image\/"}}]}},"_links":{"self":[{"href":"https:\/\/kinamihealth.com\/es\/wp-json\/wp\/v2\/product\/108434","targetHints":{"allow":["GET"]}}],"collection":[{"href":"https:\/\/kinamihealth.com\/es\/wp-json\/wp\/v2\/product"}],"about":[{"href":"https:\/\/kinamihealth.com\/es\/wp-json\/wp\/v2\/types\/product"}],"replies":[{"embeddable":true,"href":"https:\/\/kinamihealth.com\/es\/wp-json\/wp\/v2\/comments?post=108434"}],"version-history":[{"count":0,"href":"https:\/\/kinamihealth.com\/es\/wp-json\/wp\/v2\/product\/108434\/revisions"}],"wp:featuredmedia":[{"embeddable":true,"href":"https:\/\/kinamihealth.com\/es\/wp-json\/wp\/v2\/media\/108437"}],"wp:attachment":[{"href":"https:\/\/kinamihealth.com\/es\/wp-json\/wp\/v2\/media?parent=108434"}],"wp:term":[{"taxonomy":"product_brand","embeddable":true,"href":"https:\/\/kinamihealth.com\/es\/wp-json\/wp\/v2\/product_brand?post=108434"},{"taxonomy":"product_cat","embeddable":true,"href":"https:\/\/kinamihealth.com\/es\/wp-json\/wp\/v2\/product_cat?post=108434"},{"taxonomy":"product_tag","embeddable":true,"href":"https:\/\/kinamihealth.com\/es\/wp-json\/wp\/v2\/product_tag?post=108434"}],"curies":[{"name":"wp","href":"https:\/\/api.w.org\/{rel}","templated":true}]}}