{"id":108288,"date":"2025-02-15T16:58:09","date_gmt":"2025-02-15T16:58:09","guid":{"rendered":"https:\/\/kinamihealth.com\/product\/stylage-m-bi-soft-con-lidocaina\/"},"modified":"2026-03-18T09:58:48","modified_gmt":"2026-03-18T09:58:48","slug":"stylage-m-bi-soft-con-lidocaina","status":"publish","type":"product","link":"https:\/\/kinamihealth.com\/es\/producto\/stylage-m-bi-soft-con-lidocaina\/","title":{"rendered":"STYLAGE\u00ae M BI-SOFT\u00ae con lidoca\u00edna"},"content":{"rendered":"<p>STYLAGE BI-SOFT M con lidoca\u00edna es un relleno d\u00e9rmico que utiliza las tecnolog\u00edas patentadas de Vivacy, como la jeringa BI-SOFT y la tecnolog\u00eda IPN-Like, para optimizar el procedimiento de inyecci\u00f3n. Este dise\u00f1o avanzado facilita un control preciso para los profesionales y, junto con la lidoca\u00edna, garantiza una experiencia de tratamiento m\u00e1s c\u00f3moda para el paciente.<\/p>\n","protected":false},"excerpt":{"rendered":"<p>STYLAGE BI-SOFT M con lidoca\u00edna es un relleno d\u00e9rmico que utiliza las tecnolog\u00edas patentadas de Vivacy, como la jeringa BI-SOFT y la tecnolog\u00eda IPN-Like, para optimizar el procedimiento de inyecci\u00f3n. Este dise\u00f1o avanzado facilita un control preciso para los profesionales y, junto con la lidoca\u00edna, garantiza una experiencia de tratamiento m\u00e1s c\u00f3moda para el paciente.<\/p>\n","protected":false},"featured_media":108290,"comment_status":"closed","ping_status":"closed","template":"","meta":{"_acf_changed":false,"inline_featured_image":false},"product_brand":[1278],"product_cat":[2966,1447],"product_tag":[1209],"class_list":{"0":"post-108288","1":"product","2":"type-product","3":"status-publish","4":"has-post-thumbnail","6":"product_brand-stylage","7":"product_cat-rellenos-de-ha","8":"product_cat-rellenos-dermicos","9":"product_tag-dispositivos-medicos","11":"first","12":"instock","13":"taxable","14":"shipping-taxable","15":"purchasable","16":"product-type-simple","17":"add-to-wishlist-before_image"},"acf":[],"yoast_head":"<!-- This site is optimized with the Yoast SEO plugin v27.1.1 - https:\/\/yoast.com\/product\/yoast-seo-wordpress\/ -->\n<title>Comprar STYLAGE M BI-SOFT con lidoca\u00edna online | Tienda Online | Kinami Health<\/title>\n<meta name=\"description\" content=\"Compre STYLAGE BI-SOFT M con lidoca\u00edna en l\u00ednea para utilizar este gel de HA y mejorar las arrugas y l\u00edneas medias y profundas\" \/>\n<meta name=\"robots\" content=\"index, follow, max-snippet:-1, max-image-preview:large, max-video-preview:-1\" \/>\n<link rel=\"canonical\" href=\"https:\/\/kinamihealth.com\/es\/wp-json\/wp\/v2\/product\/108288\" \/>\n<meta property=\"og:locale\" content=\"es_ES\" \/>\n<meta property=\"og:type\" content=\"article\" \/>\n<meta property=\"og:title\" content=\"Comprar STYLAGE M BI-SOFT con lidoca\u00edna online | Tienda Online | Kinami Health\" \/>\n<meta property=\"og:description\" content=\"Compre STYLAGE BI-SOFT M con lidoca\u00edna en l\u00ednea para utilizar este gel de HA y mejorar las arrugas y l\u00edneas medias y profundas\" \/>\n<meta property=\"og:url\" content=\"https:\/\/kinamihealth.com\/es\/producto\/stylage-m-bi-soft-con-lidocaina\/\" \/>\n<meta property=\"og:site_name\" content=\"Kinami Health\" \/>\n<meta property=\"article:modified_time\" content=\"2026-03-18T09:58:48+00:00\" \/>\n<meta property=\"og:image\" content=\"https:\/\/kinamihealth.com\/wp-content\/uploads\/2025\/02\/VIVACY-STYLAGE-M-LIDOCAINE-BISOFT-02.jpg\" \/>\n\t<meta property=\"og:image:width\" content=\"800\" \/>\n\t<meta property=\"og:image:height\" content=\"800\" \/>\n\t<meta property=\"og:image:type\" content=\"image\/jpeg\" \/>\n<meta name=\"twitter:card\" content=\"summary_large_image\" \/>\n<meta name=\"twitter:label1\" content=\"Tiempo de lectura\" \/>\n\t<meta name=\"twitter:data1\" content=\"1 minuto\" \/>\n<!-- \/ Yoast SEO plugin. -->","yoast_head_json":{"title":"Comprar STYLAGE M BI-SOFT con lidoca\u00edna online | Tienda Online | Kinami Health","description":"Compre STYLAGE BI-SOFT M con lidoca\u00edna en l\u00ednea para utilizar este gel de HA y mejorar las arrugas y l\u00edneas medias y profundas","robots":{"index":"index","follow":"follow","max-snippet":"max-snippet:-1","max-image-preview":"max-image-preview:large","max-video-preview":"max-video-preview:-1"},"canonical":"https:\/\/kinamihealth.com\/es\/wp-json\/wp\/v2\/product\/108288","og_locale":"es_ES","og_type":"article","og_title":"Comprar STYLAGE M BI-SOFT con lidoca\u00edna online | Tienda Online | Kinami Health","og_description":"Compre STYLAGE BI-SOFT M con lidoca\u00edna en l\u00ednea para utilizar este gel de HA y mejorar las arrugas y l\u00edneas medias y profundas","og_url":"https:\/\/kinamihealth.com\/es\/producto\/stylage-m-bi-soft-con-lidocaina\/","og_site_name":"Kinami Health","article_modified_time":"2026-03-18T09:58:48+00:00","og_image":[{"width":800,"height":800,"url":"https:\/\/kinamihealth.com\/wp-content\/uploads\/2025\/02\/VIVACY-STYLAGE-M-LIDOCAINE-BISOFT-02.jpg","type":"image\/jpeg"}],"twitter_card":"summary_large_image","twitter_misc":{"Tiempo de lectura":"1 minuto"},"schema":{"@context":"https:\/\/schema.org","@graph":[{"@type":"WebPage","@id":"https:\/\/kinamihealth.com\/es\/producto\/stylage-m-bi-soft-con-lidocaina\/","url":"https:\/\/kinamihealth.com\/es\/producto\/stylage-m-bi-soft-con-lidocaina\/","name":"Comprar STYLAGE M BI-SOFT con lidoca\u00edna online | Tienda Online | Kinami Health","isPartOf":{"@id":"https:\/\/kinamihealth.com\/#website"},"primaryImageOfPage":{"@id":"https:\/\/kinamihealth.com\/es\/producto\/stylage-m-bi-soft-con-lidocaina\/#primaryimage"},"image":{"@id":"https:\/\/kinamihealth.com\/es\/producto\/stylage-m-bi-soft-con-lidocaina\/#primaryimage"},"thumbnailUrl":"https:\/\/kinamihealth.com\/wp-content\/uploads\/2025\/02\/VIVACY-STYLAGE-M-LIDOCAINE-BISOFT-02.jpg","datePublished":"2025-02-15T16:58:09+00:00","dateModified":"2026-03-18T09:58:48+00:00","description":"Compre STYLAGE BI-SOFT M con lidoca\u00edna en l\u00ednea para utilizar este gel de HA y mejorar las arrugas y l\u00edneas medias y profundas","breadcrumb":{"@id":"https:\/\/kinamihealth.com\/es\/producto\/stylage-m-bi-soft-con-lidocaina\/#breadcrumb"},"inLanguage":"es","potentialAction":[{"@type":"ReadAction","target":["https:\/\/kinamihealth.com\/es\/producto\/stylage-m-bi-soft-con-lidocaina\/"]}]},{"@type":"ImageObject","inLanguage":"es","@id":"https:\/\/kinamihealth.com\/es\/producto\/stylage-m-bi-soft-con-lidocaina\/#primaryimage","url":"https:\/\/kinamihealth.com\/wp-content\/uploads\/2025\/02\/VIVACY-STYLAGE-M-LIDOCAINE-BISOFT-02.jpg","contentUrl":"https:\/\/kinamihealth.com\/wp-content\/uploads\/2025\/02\/VIVACY-STYLAGE-M-LIDOCAINE-BISOFT-02.jpg","width":800,"height":800},{"@type":"BreadcrumbList","@id":"https:\/\/kinamihealth.com\/es\/producto\/stylage-m-bi-soft-con-lidocaina\/#breadcrumb","itemListElement":[{"@type":"ListItem","position":1,"name":"P\u00e1gina de inicio","item":"https:\/\/kinamihealth.com\/"},{"@type":"ListItem","position":2,"name":"Tienda","item":"https:\/\/kinamihealth.com\/shop\/"},{"@type":"ListItem","position":3,"name":"STYLAGE\u00ae M BI-SOFT\u00ae con lidoca\u00edna"}]},{"@type":"WebSite","@id":"https:\/\/kinamihealth.com\/#website","url":"https:\/\/kinamihealth.com\/","name":"Kinami Health","description":"","publisher":{"@id":"https:\/\/kinamihealth.com\/#organization"},"potentialAction":[{"@type":"SearchAction","target":{"@type":"EntryPoint","urlTemplate":"https:\/\/kinamihealth.com\/?s={search_term_string}"},"query-input":{"@type":"PropertyValueSpecification","valueRequired":true,"valueName":"search_term_string"}}],"inLanguage":"es"},{"@type":"Organization","@id":"https:\/\/kinamihealth.com\/#organization","name":"Kinami Health","url":"https:\/\/kinamihealth.com\/","logo":{"@type":"ImageObject","inLanguage":"es","@id":"https:\/\/kinamihealth.com\/#\/schema\/logo\/image\/","url":"https:\/\/kinamihealth.com\/wp-content\/uploads\/2025\/01\/KH_logo_black_2-1.png","contentUrl":"https:\/\/kinamihealth.com\/wp-content\/uploads\/2025\/01\/KH_logo_black_2-1.png","width":339,"height":34,"caption":"Kinami Health"},"image":{"@id":"https:\/\/kinamihealth.com\/#\/schema\/logo\/image\/"}}]}},"_links":{"self":[{"href":"https:\/\/kinamihealth.com\/es\/wp-json\/wp\/v2\/product\/108288","targetHints":{"allow":["GET"]}}],"collection":[{"href":"https:\/\/kinamihealth.com\/es\/wp-json\/wp\/v2\/product"}],"about":[{"href":"https:\/\/kinamihealth.com\/es\/wp-json\/wp\/v2\/types\/product"}],"replies":[{"embeddable":true,"href":"https:\/\/kinamihealth.com\/es\/wp-json\/wp\/v2\/comments?post=108288"}],"version-history":[{"count":1,"href":"https:\/\/kinamihealth.com\/es\/wp-json\/wp\/v2\/product\/108288\/revisions"}],"predecessor-version":[{"id":133918,"href":"https:\/\/kinamihealth.com\/es\/wp-json\/wp\/v2\/product\/108288\/revisions\/133918"}],"wp:featuredmedia":[{"embeddable":true,"href":"https:\/\/kinamihealth.com\/es\/wp-json\/wp\/v2\/media\/108290"}],"wp:attachment":[{"href":"https:\/\/kinamihealth.com\/es\/wp-json\/wp\/v2\/media?parent=108288"}],"wp:term":[{"taxonomy":"product_brand","embeddable":true,"href":"https:\/\/kinamihealth.com\/es\/wp-json\/wp\/v2\/product_brand?post=108288"},{"taxonomy":"product_cat","embeddable":true,"href":"https:\/\/kinamihealth.com\/es\/wp-json\/wp\/v2\/product_cat?post=108288"},{"taxonomy":"product_tag","embeddable":true,"href":"https:\/\/kinamihealth.com\/es\/wp-json\/wp\/v2\/product_tag?post=108288"}],"curies":[{"name":"wp","href":"https:\/\/api.w.org\/{rel}","templated":true}]}}