{"id":108230,"date":"2025-02-15T16:57:53","date_gmt":"2025-02-15T16:57:53","guid":{"rendered":"https:\/\/kinamihealth.com\/product\/softfil-precision-micro-cannula-25g-60mm\/"},"modified":"2026-01-22T11:51:41","modified_gmt":"2026-01-22T11:51:41","slug":"softfil-precision-micro-cannula-25g-60mm","status":"publish","type":"product","link":"https:\/\/kinamihealth.com\/es\/producto\/softfil-precision-micro-cannula-25g-60mm\/","title":{"rendered":"SOFTFIL\u00ae PRECISION Micro-Cannula 25G\/60mm"},"content":{"rendered":"<p>Dise\u00f1ado para la precisi\u00f3n y la comodidad del paciente, este dispositivo de primera calidad mejora la aplicaci\u00f3n del relleno con un trauma tisular m\u00ednimo. La c\u00e1nula ultrafina y flexible garantiza una inyecci\u00f3n m\u00e1s suave, reduciendo los hematomas y las molestias para los pacientes.<br \/>\nLos profesionales y sus consultas ya pueden comprar la microc\u00e1nula de precisi\u00f3n Softfil 25G\/60 mm en la tienda online Kinami Health para disfrutar de un rendimiento superior en sus tratamientos est\u00e9ticos.<\/p>\n","protected":false},"excerpt":{"rendered":"<p>Dise\u00f1ado para la precisi\u00f3n y la comodidad del paciente, este dispositivo de primera calidad mejora la aplicaci\u00f3n del relleno con un trauma tisular m\u00ednimo. La c\u00e1nula ultrafina y flexible garantiza una inyecci\u00f3n m\u00e1s suave, reduciendo los hematomas y las molestias para los pacientes. Los profesionales y sus consultas ya pueden comprar la microc\u00e1nula de precisi\u00f3n [&hellip;]<\/p>\n","protected":false},"featured_media":108231,"comment_status":"closed","ping_status":"closed","template":"","meta":{"_acf_changed":false,"inline_featured_image":false},"product_brand":[1277],"product_cat":[1446],"product_tag":[1209],"class_list":{"0":"post-108230","1":"product","2":"type-product","3":"status-publish","4":"has-post-thumbnail","6":"product_brand-softfil","7":"product_cat-canulas-y-agujas","8":"product_tag-dispositivos-medicos","10":"first","11":"instock","12":"taxable","13":"shipping-taxable","14":"purchasable","15":"product-type-simple","16":"add-to-wishlist-before_image"},"acf":[],"yoast_head":"<!-- This site is optimized with the Yoast SEO plugin v27.1.1 - https:\/\/yoast.com\/product\/yoast-seo-wordpress\/ -->\n<title>Comprar Softfil Microc\u00e1nula de Precisi\u00f3n 25G\/60mm online | Tienda Online | Kinami Health<\/title>\n<meta name=\"description\" content=\"Compre Softfil Microc\u00e1nula de Precisi\u00f3n 25G\/60mm en l\u00ednea para inyecciones de relleno precisas y atraum\u00e1ticas, minimizando los hematomas y las molestias.\" \/>\n<meta name=\"robots\" content=\"index, follow, max-snippet:-1, max-image-preview:large, max-video-preview:-1\" \/>\n<link rel=\"canonical\" href=\"https:\/\/kinamihealth.com\/es\/wp-json\/wp\/v2\/product\/108230\" \/>\n<meta property=\"og:locale\" content=\"es_ES\" \/>\n<meta property=\"og:type\" content=\"article\" \/>\n<meta property=\"og:title\" content=\"Comprar Softfil Microc\u00e1nula de Precisi\u00f3n 25G\/60mm online | Tienda Online | Kinami Health\" \/>\n<meta property=\"og:description\" content=\"Compre Softfil Microc\u00e1nula de Precisi\u00f3n 25G\/60mm en l\u00ednea para inyecciones de relleno precisas y atraum\u00e1ticas, minimizando los hematomas y las molestias.\" \/>\n<meta property=\"og:url\" content=\"https:\/\/kinamihealth.com\/es\/producto\/softfil-precision-micro-cannula-25g-60mm\/\" \/>\n<meta property=\"og:site_name\" content=\"Kinami Health\" \/>\n<meta property=\"article:modified_time\" content=\"2026-01-22T11:51:41+00:00\" \/>\n<meta property=\"og:image\" content=\"https:\/\/kinamihealth.com\/wp-content\/uploads\/2025\/02\/SOFTFILL-CANNULA-25G60MMXL-01.jpg\" \/>\n\t<meta property=\"og:image:width\" content=\"800\" \/>\n\t<meta property=\"og:image:height\" content=\"800\" \/>\n\t<meta property=\"og:image:type\" content=\"image\/jpeg\" \/>\n<meta name=\"twitter:card\" content=\"summary_large_image\" \/>\n<meta name=\"twitter:label1\" content=\"Tiempo de lectura\" \/>\n\t<meta name=\"twitter:data1\" content=\"1 minuto\" \/>\n<!-- \/ Yoast SEO plugin. -->","yoast_head_json":{"title":"Comprar Softfil Microc\u00e1nula de Precisi\u00f3n 25G\/60mm online | Tienda Online | Kinami Health","description":"Compre Softfil Microc\u00e1nula de Precisi\u00f3n 25G\/60mm en l\u00ednea para inyecciones de relleno precisas y atraum\u00e1ticas, minimizando los hematomas y las molestias.","robots":{"index":"index","follow":"follow","max-snippet":"max-snippet:-1","max-image-preview":"max-image-preview:large","max-video-preview":"max-video-preview:-1"},"canonical":"https:\/\/kinamihealth.com\/es\/wp-json\/wp\/v2\/product\/108230","og_locale":"es_ES","og_type":"article","og_title":"Comprar Softfil Microc\u00e1nula de Precisi\u00f3n 25G\/60mm online | Tienda Online | Kinami Health","og_description":"Compre Softfil Microc\u00e1nula de Precisi\u00f3n 25G\/60mm en l\u00ednea para inyecciones de relleno precisas y atraum\u00e1ticas, minimizando los hematomas y las molestias.","og_url":"https:\/\/kinamihealth.com\/es\/producto\/softfil-precision-micro-cannula-25g-60mm\/","og_site_name":"Kinami Health","article_modified_time":"2026-01-22T11:51:41+00:00","og_image":[{"width":800,"height":800,"url":"https:\/\/kinamihealth.com\/wp-content\/uploads\/2025\/02\/SOFTFILL-CANNULA-25G60MMXL-01.jpg","type":"image\/jpeg"}],"twitter_card":"summary_large_image","twitter_misc":{"Tiempo de lectura":"1 minuto"},"schema":{"@context":"https:\/\/schema.org","@graph":[{"@type":"WebPage","@id":"https:\/\/kinamihealth.com\/es\/producto\/softfil-precision-micro-cannula-25g-60mm\/","url":"https:\/\/kinamihealth.com\/es\/producto\/softfil-precision-micro-cannula-25g-60mm\/","name":"Comprar Softfil Microc\u00e1nula de Precisi\u00f3n 25G\/60mm online | Tienda Online | Kinami Health","isPartOf":{"@id":"https:\/\/kinamihealth.com\/#website"},"primaryImageOfPage":{"@id":"https:\/\/kinamihealth.com\/es\/producto\/softfil-precision-micro-cannula-25g-60mm\/#primaryimage"},"image":{"@id":"https:\/\/kinamihealth.com\/es\/producto\/softfil-precision-micro-cannula-25g-60mm\/#primaryimage"},"thumbnailUrl":"https:\/\/kinamihealth.com\/wp-content\/uploads\/2025\/02\/SOFTFILL-CANNULA-25G60MMXL-01.jpg","datePublished":"2025-02-15T16:57:53+00:00","dateModified":"2026-01-22T11:51:41+00:00","description":"Compre Softfil Microc\u00e1nula de Precisi\u00f3n 25G\/60mm en l\u00ednea para inyecciones de relleno precisas y atraum\u00e1ticas, minimizando los hematomas y las molestias.","breadcrumb":{"@id":"https:\/\/kinamihealth.com\/es\/producto\/softfil-precision-micro-cannula-25g-60mm\/#breadcrumb"},"inLanguage":"es","potentialAction":[{"@type":"ReadAction","target":["https:\/\/kinamihealth.com\/es\/producto\/softfil-precision-micro-cannula-25g-60mm\/"]}]},{"@type":"ImageObject","inLanguage":"es","@id":"https:\/\/kinamihealth.com\/es\/producto\/softfil-precision-micro-cannula-25g-60mm\/#primaryimage","url":"https:\/\/kinamihealth.com\/wp-content\/uploads\/2025\/02\/SOFTFILL-CANNULA-25G60MMXL-01.jpg","contentUrl":"https:\/\/kinamihealth.com\/wp-content\/uploads\/2025\/02\/SOFTFILL-CANNULA-25G60MMXL-01.jpg","width":800,"height":800},{"@type":"BreadcrumbList","@id":"https:\/\/kinamihealth.com\/es\/producto\/softfil-precision-micro-cannula-25g-60mm\/#breadcrumb","itemListElement":[{"@type":"ListItem","position":1,"name":"P\u00e1gina de inicio","item":"https:\/\/kinamihealth.com\/"},{"@type":"ListItem","position":2,"name":"Tienda","item":"https:\/\/kinamihealth.com\/shop\/"},{"@type":"ListItem","position":3,"name":"SOFTFIL\u00ae PRECISION Micro-Cannula 25G\/60mm"}]},{"@type":"WebSite","@id":"https:\/\/kinamihealth.com\/#website","url":"https:\/\/kinamihealth.com\/","name":"Kinami Health","description":"","publisher":{"@id":"https:\/\/kinamihealth.com\/#organization"},"potentialAction":[{"@type":"SearchAction","target":{"@type":"EntryPoint","urlTemplate":"https:\/\/kinamihealth.com\/?s={search_term_string}"},"query-input":{"@type":"PropertyValueSpecification","valueRequired":true,"valueName":"search_term_string"}}],"inLanguage":"es"},{"@type":"Organization","@id":"https:\/\/kinamihealth.com\/#organization","name":"Kinami Health","url":"https:\/\/kinamihealth.com\/","logo":{"@type":"ImageObject","inLanguage":"es","@id":"https:\/\/kinamihealth.com\/#\/schema\/logo\/image\/","url":"https:\/\/kinamihealth.com\/wp-content\/uploads\/2025\/01\/KH_logo_black_2-1.png","contentUrl":"https:\/\/kinamihealth.com\/wp-content\/uploads\/2025\/01\/KH_logo_black_2-1.png","width":339,"height":34,"caption":"Kinami Health"},"image":{"@id":"https:\/\/kinamihealth.com\/#\/schema\/logo\/image\/"}}]}},"_links":{"self":[{"href":"https:\/\/kinamihealth.com\/es\/wp-json\/wp\/v2\/product\/108230","targetHints":{"allow":["GET"]}}],"collection":[{"href":"https:\/\/kinamihealth.com\/es\/wp-json\/wp\/v2\/product"}],"about":[{"href":"https:\/\/kinamihealth.com\/es\/wp-json\/wp\/v2\/types\/product"}],"replies":[{"embeddable":true,"href":"https:\/\/kinamihealth.com\/es\/wp-json\/wp\/v2\/comments?post=108230"}],"version-history":[{"count":0,"href":"https:\/\/kinamihealth.com\/es\/wp-json\/wp\/v2\/product\/108230\/revisions"}],"wp:featuredmedia":[{"embeddable":true,"href":"https:\/\/kinamihealth.com\/es\/wp-json\/wp\/v2\/media\/108231"}],"wp:attachment":[{"href":"https:\/\/kinamihealth.com\/es\/wp-json\/wp\/v2\/media?parent=108230"}],"wp:term":[{"taxonomy":"product_brand","embeddable":true,"href":"https:\/\/kinamihealth.com\/es\/wp-json\/wp\/v2\/product_brand?post=108230"},{"taxonomy":"product_cat","embeddable":true,"href":"https:\/\/kinamihealth.com\/es\/wp-json\/wp\/v2\/product_cat?post=108230"},{"taxonomy":"product_tag","embeddable":true,"href":"https:\/\/kinamihealth.com\/es\/wp-json\/wp\/v2\/product_tag?post=108230"}],"curies":[{"name":"wp","href":"https:\/\/api.w.org\/{rel}","templated":true}]}}