{"id":108218,"date":"2025-02-15T16:55:13","date_gmt":"2025-02-15T16:55:13","guid":{"rendered":"https:\/\/kinamihealth.com\/product\/sesderma-hidraderm-hyal-facial-cream\/"},"modified":"2026-01-22T11:57:51","modified_gmt":"2026-01-22T11:57:51","slug":"sesderma-hidraderm-hyal-facial-cream","status":"publish","type":"product","link":"https:\/\/kinamihealth.com\/es\/producto\/sesderma-hidraderm-hyal-facial-cream\/","title":{"rendered":"SESDERMA\u00ae HIDRADERM HYAL FACIAL CREAM"},"content":{"rendered":"<p>La crema facial Hidraderm Hyal es un producto de alta gama para el cuidado de la piel dise\u00f1ado para hidratar en profundidad y rejuvenecer la piel. Formulada exclusivamente con ingredientes avanzados como tres tipos de \u00e1cido hialur\u00f3nico, es una soluci\u00f3n de confianza para los profesionales m\u00e9dicos que desean ofrecer tratamientos de hidrataci\u00f3n superiores. Los profesionales de la est\u00e9tica pueden comprar la crema facial Hidraderm Hyal en la tienda online Kinami Health, un distribuidor online de confianza de productos de est\u00e9tica y cuidado de la piel.<\/p>\n","protected":false},"excerpt":{"rendered":"<p>La crema facial Hidraderm Hyal es un producto de alta gama para el cuidado de la piel dise\u00f1ado para hidratar en profundidad y rejuvenecer la piel. Formulada exclusivamente con ingredientes avanzados como tres tipos de \u00e1cido hialur\u00f3nico, es una soluci\u00f3n de confianza para los profesionales m\u00e9dicos que desean ofrecer tratamientos de hidrataci\u00f3n superiores. Los profesionales [&hellip;]<\/p>\n","protected":false},"featured_media":108219,"comment_status":"closed","ping_status":"closed","template":"","meta":{"_acf_changed":false,"inline_featured_image":false},"product_brand":[1275],"product_cat":[1454],"product_tag":[1209],"class_list":{"0":"post-108218","1":"product","2":"type-product","3":"status-publish","4":"has-post-thumbnail","6":"product_brand-sesderma","7":"product_cat-cuidado-de-la-piel","8":"product_tag-dispositivos-medicos","10":"first","11":"instock","12":"taxable","13":"shipping-taxable","14":"purchasable","15":"product-type-simple","16":"add-to-wishlist-before_image"},"acf":[],"yoast_head":"<!-- This site is optimized with the Yoast SEO plugin v27.3 - https:\/\/yoast.com\/product\/yoast-seo-wordpress\/ -->\n<title>Comprar Hidraderm Hyal Facial Cream online | Tienda Online | Kinami Health<\/title>\n<meta name=\"description\" content=\"Compre la crema facial Hidraderm Hyal en l\u00ednea para hidratar y reparar la piel, con tecnolog\u00eda avanzada de \u00e1cido hialur\u00f3nico.\" \/>\n<meta name=\"robots\" content=\"index, follow, max-snippet:-1, max-image-preview:large, max-video-preview:-1\" \/>\n<link rel=\"canonical\" href=\"https:\/\/kinamihealth.com\/es\/wp-json\/wp\/v2\/product\/108218\" \/>\n<meta property=\"og:locale\" content=\"es_ES\" \/>\n<meta property=\"og:type\" content=\"article\" \/>\n<meta property=\"og:title\" content=\"Comprar Hidraderm Hyal Facial Cream online | Tienda Online | Kinami Health\" \/>\n<meta property=\"og:description\" content=\"Compre la crema facial Hidraderm Hyal en l\u00ednea para hidratar y reparar la piel, con tecnolog\u00eda avanzada de \u00e1cido hialur\u00f3nico.\" \/>\n<meta property=\"og:url\" content=\"https:\/\/kinamihealth.com\/es\/producto\/sesderma-hidraderm-hyal-facial-cream\/\" \/>\n<meta property=\"og:site_name\" content=\"Kinami Health\" \/>\n<meta property=\"article:modified_time\" content=\"2026-01-22T11:57:51+00:00\" \/>\n<meta property=\"og:image\" content=\"https:\/\/kinamihealth.com\/wp-content\/uploads\/2025\/02\/SESDERMA-HIDRADERM-HYAL-FACIAL-CREAM-01.jpg\" \/>\n\t<meta property=\"og:image:width\" content=\"800\" \/>\n\t<meta property=\"og:image:height\" content=\"800\" \/>\n\t<meta property=\"og:image:type\" content=\"image\/jpeg\" \/>\n<meta name=\"twitter:card\" content=\"summary_large_image\" \/>\n<meta name=\"twitter:label1\" content=\"Tiempo de lectura\" \/>\n\t<meta name=\"twitter:data1\" content=\"1 minuto\" \/>\n<!-- \/ Yoast SEO plugin. -->","yoast_head_json":{"title":"Comprar Hidraderm Hyal Facial Cream online | Tienda Online | Kinami Health","description":"Compre la crema facial Hidraderm Hyal en l\u00ednea para hidratar y reparar la piel, con tecnolog\u00eda avanzada de \u00e1cido hialur\u00f3nico.","robots":{"index":"index","follow":"follow","max-snippet":"max-snippet:-1","max-image-preview":"max-image-preview:large","max-video-preview":"max-video-preview:-1"},"canonical":"https:\/\/kinamihealth.com\/es\/wp-json\/wp\/v2\/product\/108218","og_locale":"es_ES","og_type":"article","og_title":"Comprar Hidraderm Hyal Facial Cream online | Tienda Online | Kinami Health","og_description":"Compre la crema facial Hidraderm Hyal en l\u00ednea para hidratar y reparar la piel, con tecnolog\u00eda avanzada de \u00e1cido hialur\u00f3nico.","og_url":"https:\/\/kinamihealth.com\/es\/producto\/sesderma-hidraderm-hyal-facial-cream\/","og_site_name":"Kinami Health","article_modified_time":"2026-01-22T11:57:51+00:00","og_image":[{"width":800,"height":800,"url":"https:\/\/kinamihealth.com\/wp-content\/uploads\/2025\/02\/SESDERMA-HIDRADERM-HYAL-FACIAL-CREAM-01.jpg","type":"image\/jpeg"}],"twitter_card":"summary_large_image","twitter_misc":{"Tiempo de lectura":"1 minuto"},"schema":{"@context":"https:\/\/schema.org","@graph":[{"@type":"WebPage","@id":"https:\/\/kinamihealth.com\/es\/producto\/sesderma-hidraderm-hyal-facial-cream\/","url":"https:\/\/kinamihealth.com\/es\/producto\/sesderma-hidraderm-hyal-facial-cream\/","name":"Comprar Hidraderm Hyal Facial Cream online | Tienda Online | Kinami Health","isPartOf":{"@id":"https:\/\/kinamihealth.com\/#website"},"primaryImageOfPage":{"@id":"https:\/\/kinamihealth.com\/es\/producto\/sesderma-hidraderm-hyal-facial-cream\/#primaryimage"},"image":{"@id":"https:\/\/kinamihealth.com\/es\/producto\/sesderma-hidraderm-hyal-facial-cream\/#primaryimage"},"thumbnailUrl":"https:\/\/kinamihealth.com\/wp-content\/uploads\/2025\/02\/SESDERMA-HIDRADERM-HYAL-FACIAL-CREAM-01.jpg","datePublished":"2025-02-15T16:55:13+00:00","dateModified":"2026-01-22T11:57:51+00:00","description":"Compre la crema facial Hidraderm Hyal en l\u00ednea para hidratar y reparar la piel, con tecnolog\u00eda avanzada de \u00e1cido hialur\u00f3nico.","breadcrumb":{"@id":"https:\/\/kinamihealth.com\/es\/producto\/sesderma-hidraderm-hyal-facial-cream\/#breadcrumb"},"inLanguage":"es","potentialAction":[{"@type":"ReadAction","target":["https:\/\/kinamihealth.com\/es\/producto\/sesderma-hidraderm-hyal-facial-cream\/"]}]},{"@type":"ImageObject","inLanguage":"es","@id":"https:\/\/kinamihealth.com\/es\/producto\/sesderma-hidraderm-hyal-facial-cream\/#primaryimage","url":"https:\/\/kinamihealth.com\/wp-content\/uploads\/2025\/02\/SESDERMA-HIDRADERM-HYAL-FACIAL-CREAM-01.jpg","contentUrl":"https:\/\/kinamihealth.com\/wp-content\/uploads\/2025\/02\/SESDERMA-HIDRADERM-HYAL-FACIAL-CREAM-01.jpg","width":800,"height":800},{"@type":"BreadcrumbList","@id":"https:\/\/kinamihealth.com\/es\/producto\/sesderma-hidraderm-hyal-facial-cream\/#breadcrumb","itemListElement":[{"@type":"ListItem","position":1,"name":"P\u00e1gina de inicio","item":"https:\/\/kinamihealth.com\/"},{"@type":"ListItem","position":2,"name":"Tienda","item":"https:\/\/kinamihealth.com\/shop\/"},{"@type":"ListItem","position":3,"name":"SESDERMA\u00ae HIDRADERM HYAL FACIAL CREAM"}]},{"@type":"WebSite","@id":"https:\/\/kinamihealth.com\/#website","url":"https:\/\/kinamihealth.com\/","name":"Kinami Health","description":"","publisher":{"@id":"https:\/\/kinamihealth.com\/#organization"},"potentialAction":[{"@type":"SearchAction","target":{"@type":"EntryPoint","urlTemplate":"https:\/\/kinamihealth.com\/?s={search_term_string}"},"query-input":{"@type":"PropertyValueSpecification","valueRequired":true,"valueName":"search_term_string"}}],"inLanguage":"es"},{"@type":"Organization","@id":"https:\/\/kinamihealth.com\/#organization","name":"Kinami Health","url":"https:\/\/kinamihealth.com\/","logo":{"@type":"ImageObject","inLanguage":"es","@id":"https:\/\/kinamihealth.com\/#\/schema\/logo\/image\/","url":"https:\/\/kinamihealth.com\/wp-content\/uploads\/2025\/01\/KH_logo_black_2-1.png","contentUrl":"https:\/\/kinamihealth.com\/wp-content\/uploads\/2025\/01\/KH_logo_black_2-1.png","width":339,"height":34,"caption":"Kinami Health"},"image":{"@id":"https:\/\/kinamihealth.com\/#\/schema\/logo\/image\/"}}]}},"_links":{"self":[{"href":"https:\/\/kinamihealth.com\/es\/wp-json\/wp\/v2\/product\/108218","targetHints":{"allow":["GET"]}}],"collection":[{"href":"https:\/\/kinamihealth.com\/es\/wp-json\/wp\/v2\/product"}],"about":[{"href":"https:\/\/kinamihealth.com\/es\/wp-json\/wp\/v2\/types\/product"}],"replies":[{"embeddable":true,"href":"https:\/\/kinamihealth.com\/es\/wp-json\/wp\/v2\/comments?post=108218"}],"version-history":[{"count":0,"href":"https:\/\/kinamihealth.com\/es\/wp-json\/wp\/v2\/product\/108218\/revisions"}],"wp:featuredmedia":[{"embeddable":true,"href":"https:\/\/kinamihealth.com\/es\/wp-json\/wp\/v2\/media\/108219"}],"wp:attachment":[{"href":"https:\/\/kinamihealth.com\/es\/wp-json\/wp\/v2\/media?parent=108218"}],"wp:term":[{"taxonomy":"product_brand","embeddable":true,"href":"https:\/\/kinamihealth.com\/es\/wp-json\/wp\/v2\/product_brand?post=108218"},{"taxonomy":"product_cat","embeddable":true,"href":"https:\/\/kinamihealth.com\/es\/wp-json\/wp\/v2\/product_cat?post=108218"},{"taxonomy":"product_tag","embeddable":true,"href":"https:\/\/kinamihealth.com\/es\/wp-json\/wp\/v2\/product_tag?post=108218"}],"curies":[{"name":"wp","href":"https:\/\/api.w.org\/{rel}","templated":true}]}}