{"id":108194,"date":"2025-02-15T16:56:51","date_gmt":"2025-02-15T16:56:51","guid":{"rendered":"https:\/\/kinamihealth.com\/product\/radiesse-1-5ml-con-lidocaina\/"},"modified":"2026-04-02T14:26:27","modified_gmt":"2026-04-02T14:26:27","slug":"radiesse-1-5ml-con-lidocaina","status":"publish","type":"product","link":"https:\/\/kinamihealth.com\/es\/producto\/radiesse-1-5ml-con-lidocaina\/","title":{"rendered":"RADIESSE\u00ae (+) 1.5ml con lidoca\u00edna"},"content":{"rendered":"<p>Radiesse Plus 1,5 ml con lidoca\u00edna es un relleno d\u00e9rmico de alta calidad dise\u00f1ado para restaurar eficazmente el volumen facial y reducir las arrugas moderadas a severas. Esta avanzada soluci\u00f3n est\u00e9tica combina microesferas de hidroxiapatita c\u00e1lcica (CaHA) en un gel especializado, que proporciona resultados voluminizadores inmediatos al tiempo que promueve la producci\u00f3n natural de col\u00e1geno. Mejorado con lidoca\u00edna para aumentar la comodidad del paciente durante el tratamiento, este producto aprobado por la FDA ofrece a los profesionales m\u00e9dicos una opci\u00f3n fiable para el rejuvenecimiento y el contorno facial.<\/p>\n","protected":false},"excerpt":{"rendered":"<p>Radiesse Plus 1,5 ml con lidoca\u00edna es un relleno d\u00e9rmico de alta calidad dise\u00f1ado para restaurar eficazmente el volumen facial y reducir las arrugas moderadas a severas. Esta avanzada soluci\u00f3n est\u00e9tica combina microesferas de hidroxiapatita c\u00e1lcica (CaHA) en un gel especializado, que proporciona resultados voluminizadores inmediatos al tiempo que promueve la producci\u00f3n natural de col\u00e1geno. [&hellip;]<\/p>\n","protected":false},"featured_media":108198,"comment_status":"closed","ping_status":"closed","template":"","meta":{"_acf_changed":false,"inline_featured_image":false},"product_brand":[1266],"product_cat":[2964,1447],"product_tag":[1209],"class_list":{"0":"post-108194","1":"product","2":"type-product","3":"status-publish","4":"has-post-thumbnail","6":"product_brand-radiesse","7":"product_cat-bioestimuladores","8":"product_cat-rellenos-dermicos","9":"product_tag-dispositivos-medicos","11":"first","12":"instock","13":"taxable","14":"shipping-taxable","15":"purchasable","16":"product-type-simple","17":"add-to-wishlist-before_image"},"acf":[],"yoast_head":"<!-- This site is optimized with the Yoast SEO plugin v27.3 - https:\/\/yoast.com\/product\/yoast-seo-wordpress\/ -->\n<title>Comprar Radiesse Plus 1,5 ml con lidoca\u00edna online | Tienda Online | Kinami Health<\/title>\n<meta name=\"description\" content=\"Compre Radiesse Plus 1,5 ml con lidoca\u00edna en l\u00ednea para aumentar eficazmente el volumen facial y suavizar las arrugas de moderadas a severas.\" \/>\n<meta name=\"robots\" content=\"index, follow, max-snippet:-1, max-image-preview:large, max-video-preview:-1\" \/>\n<link rel=\"canonical\" href=\"https:\/\/kinamihealth.com\/es\/wp-json\/wp\/v2\/product\/108194\" \/>\n<meta property=\"og:locale\" content=\"es_ES\" \/>\n<meta property=\"og:type\" content=\"article\" \/>\n<meta property=\"og:title\" content=\"Comprar Radiesse Plus 1,5 ml con lidoca\u00edna online | Tienda Online | Kinami Health\" \/>\n<meta property=\"og:description\" content=\"Compre Radiesse Plus 1,5 ml con lidoca\u00edna en l\u00ednea para aumentar eficazmente el volumen facial y suavizar las arrugas de moderadas a severas.\" \/>\n<meta property=\"og:url\" content=\"https:\/\/kinamihealth.com\/es\/producto\/radiesse-1-5ml-con-lidocaina\/\" \/>\n<meta property=\"og:site_name\" content=\"Kinami Health\" \/>\n<meta property=\"article:modified_time\" content=\"2026-04-02T14:26:27+00:00\" \/>\n<meta property=\"og:image\" content=\"https:\/\/kinamihealth.com\/wp-content\/uploads\/2025\/02\/MERZ-RADIESSE-LIDO-1.5-01.jpg\" \/>\n\t<meta property=\"og:image:width\" content=\"800\" \/>\n\t<meta property=\"og:image:height\" content=\"800\" \/>\n\t<meta property=\"og:image:type\" content=\"image\/jpeg\" \/>\n<meta name=\"twitter:card\" content=\"summary_large_image\" \/>\n<meta name=\"twitter:label1\" content=\"Tiempo de lectura\" \/>\n\t<meta name=\"twitter:data1\" content=\"1 minuto\" \/>\n<!-- \/ Yoast SEO plugin. -->","yoast_head_json":{"title":"Comprar Radiesse Plus 1,5 ml con lidoca\u00edna online | Tienda Online | Kinami Health","description":"Compre Radiesse Plus 1,5 ml con lidoca\u00edna en l\u00ednea para aumentar eficazmente el volumen facial y suavizar las arrugas de moderadas a severas.","robots":{"index":"index","follow":"follow","max-snippet":"max-snippet:-1","max-image-preview":"max-image-preview:large","max-video-preview":"max-video-preview:-1"},"canonical":"https:\/\/kinamihealth.com\/es\/wp-json\/wp\/v2\/product\/108194","og_locale":"es_ES","og_type":"article","og_title":"Comprar Radiesse Plus 1,5 ml con lidoca\u00edna online | Tienda Online | Kinami Health","og_description":"Compre Radiesse Plus 1,5 ml con lidoca\u00edna en l\u00ednea para aumentar eficazmente el volumen facial y suavizar las arrugas de moderadas a severas.","og_url":"https:\/\/kinamihealth.com\/es\/producto\/radiesse-1-5ml-con-lidocaina\/","og_site_name":"Kinami Health","article_modified_time":"2026-04-02T14:26:27+00:00","og_image":[{"width":800,"height":800,"url":"https:\/\/kinamihealth.com\/wp-content\/uploads\/2025\/02\/MERZ-RADIESSE-LIDO-1.5-01.jpg","type":"image\/jpeg"}],"twitter_card":"summary_large_image","twitter_misc":{"Tiempo de lectura":"1 minuto"},"schema":{"@context":"https:\/\/schema.org","@graph":[{"@type":"WebPage","@id":"https:\/\/kinamihealth.com\/es\/producto\/radiesse-1-5ml-con-lidocaina\/","url":"https:\/\/kinamihealth.com\/es\/producto\/radiesse-1-5ml-con-lidocaina\/","name":"Comprar Radiesse Plus 1,5 ml con lidoca\u00edna online | Tienda Online | Kinami Health","isPartOf":{"@id":"https:\/\/kinamihealth.com\/#website"},"primaryImageOfPage":{"@id":"https:\/\/kinamihealth.com\/es\/producto\/radiesse-1-5ml-con-lidocaina\/#primaryimage"},"image":{"@id":"https:\/\/kinamihealth.com\/es\/producto\/radiesse-1-5ml-con-lidocaina\/#primaryimage"},"thumbnailUrl":"https:\/\/kinamihealth.com\/wp-content\/uploads\/2025\/02\/MERZ-RADIESSE-LIDO-1.5-01.jpg","datePublished":"2025-02-15T16:56:51+00:00","dateModified":"2026-04-02T14:26:27+00:00","description":"Compre Radiesse Plus 1,5 ml con lidoca\u00edna en l\u00ednea para aumentar eficazmente el volumen facial y suavizar las arrugas de moderadas a severas.","breadcrumb":{"@id":"https:\/\/kinamihealth.com\/es\/producto\/radiesse-1-5ml-con-lidocaina\/#breadcrumb"},"inLanguage":"es","potentialAction":[{"@type":"ReadAction","target":["https:\/\/kinamihealth.com\/es\/producto\/radiesse-1-5ml-con-lidocaina\/"]}]},{"@type":"ImageObject","inLanguage":"es","@id":"https:\/\/kinamihealth.com\/es\/producto\/radiesse-1-5ml-con-lidocaina\/#primaryimage","url":"https:\/\/kinamihealth.com\/wp-content\/uploads\/2025\/02\/MERZ-RADIESSE-LIDO-1.5-01.jpg","contentUrl":"https:\/\/kinamihealth.com\/wp-content\/uploads\/2025\/02\/MERZ-RADIESSE-LIDO-1.5-01.jpg","width":800,"height":800},{"@type":"BreadcrumbList","@id":"https:\/\/kinamihealth.com\/es\/producto\/radiesse-1-5ml-con-lidocaina\/#breadcrumb","itemListElement":[{"@type":"ListItem","position":1,"name":"P\u00e1gina de inicio","item":"https:\/\/kinamihealth.com\/"},{"@type":"ListItem","position":2,"name":"Tienda","item":"https:\/\/kinamihealth.com\/shop\/"},{"@type":"ListItem","position":3,"name":"RADIESSE\u00ae (+) 1.5ml con lidoca\u00edna"}]},{"@type":"WebSite","@id":"https:\/\/kinamihealth.com\/#website","url":"https:\/\/kinamihealth.com\/","name":"Kinami Health","description":"","publisher":{"@id":"https:\/\/kinamihealth.com\/#organization"},"potentialAction":[{"@type":"SearchAction","target":{"@type":"EntryPoint","urlTemplate":"https:\/\/kinamihealth.com\/?s={search_term_string}"},"query-input":{"@type":"PropertyValueSpecification","valueRequired":true,"valueName":"search_term_string"}}],"inLanguage":"es"},{"@type":"Organization","@id":"https:\/\/kinamihealth.com\/#organization","name":"Kinami Health","url":"https:\/\/kinamihealth.com\/","logo":{"@type":"ImageObject","inLanguage":"es","@id":"https:\/\/kinamihealth.com\/#\/schema\/logo\/image\/","url":"https:\/\/kinamihealth.com\/wp-content\/uploads\/2025\/01\/KH_logo_black_2-1.png","contentUrl":"https:\/\/kinamihealth.com\/wp-content\/uploads\/2025\/01\/KH_logo_black_2-1.png","width":339,"height":34,"caption":"Kinami Health"},"image":{"@id":"https:\/\/kinamihealth.com\/#\/schema\/logo\/image\/"}}]}},"_links":{"self":[{"href":"https:\/\/kinamihealth.com\/es\/wp-json\/wp\/v2\/product\/108194","targetHints":{"allow":["GET"]}}],"collection":[{"href":"https:\/\/kinamihealth.com\/es\/wp-json\/wp\/v2\/product"}],"about":[{"href":"https:\/\/kinamihealth.com\/es\/wp-json\/wp\/v2\/types\/product"}],"replies":[{"embeddable":true,"href":"https:\/\/kinamihealth.com\/es\/wp-json\/wp\/v2\/comments?post=108194"}],"version-history":[{"count":1,"href":"https:\/\/kinamihealth.com\/es\/wp-json\/wp\/v2\/product\/108194\/revisions"}],"predecessor-version":[{"id":134384,"href":"https:\/\/kinamihealth.com\/es\/wp-json\/wp\/v2\/product\/108194\/revisions\/134384"}],"wp:featuredmedia":[{"embeddable":true,"href":"https:\/\/kinamihealth.com\/es\/wp-json\/wp\/v2\/media\/108198"}],"wp:attachment":[{"href":"https:\/\/kinamihealth.com\/es\/wp-json\/wp\/v2\/media?parent=108194"}],"wp:term":[{"taxonomy":"product_brand","embeddable":true,"href":"https:\/\/kinamihealth.com\/es\/wp-json\/wp\/v2\/product_brand?post=108194"},{"taxonomy":"product_cat","embeddable":true,"href":"https:\/\/kinamihealth.com\/es\/wp-json\/wp\/v2\/product_cat?post=108194"},{"taxonomy":"product_tag","embeddable":true,"href":"https:\/\/kinamihealth.com\/es\/wp-json\/wp\/v2\/product_tag?post=108194"}],"curies":[{"name":"wp","href":"https:\/\/api.w.org\/{rel}","templated":true}]}}