{"id":108047,"date":"2025-02-15T16:56:48","date_gmt":"2025-02-15T16:56:48","guid":{"rendered":"https:\/\/kinamihealth.com\/product\/profhilo-body-kit\/"},"modified":"2026-01-22T13:29:17","modified_gmt":"2026-01-22T13:29:17","slug":"profhilo-body-kit","status":"publish","type":"product","link":"https:\/\/kinamihealth.com\/es\/producto\/profhilo-body-kit\/","title":{"rendered":"PROFHILO\u00ae BODY KIT"},"content":{"rendered":"<p>Experimente un rejuvenecimiento cut\u00e1neo avanzado con el kit corporal Profhilo. Este paquete de tratamiento completo contiene inyectables de \u00e1cido hialur\u00f3nico de calidad profesional, parches nutritivos para la piel y crema. Perfecto para mejorar la firmeza, la hidrataci\u00f3n y la textura de la piel en todas las zonas del cuerpo, este innovador sistema ofrece resultados notables gracias a su combinaci\u00f3n \u00fanica de productos. Los profesionales m\u00e9dicos pueden comprar el kit corporal Profhilo en Kinami Health, donde encontrar\u00e1n las mejores ofertas en productos de rejuvenecimiento de primera calidad.<\/p>\n","protected":false},"excerpt":{"rendered":"<p>Experimente un rejuvenecimiento cut\u00e1neo avanzado con el kit corporal Profhilo. Este paquete de tratamiento completo contiene inyectables de \u00e1cido hialur\u00f3nico de calidad profesional, parches nutritivos para la piel y crema. Perfecto para mejorar la firmeza, la hidrataci\u00f3n y la textura de la piel en todas las zonas del cuerpo, este innovador sistema ofrece resultados notables [&hellip;]<\/p>\n","protected":false},"featured_media":108051,"comment_status":"closed","ping_status":"closed","template":"","meta":{"_acf_changed":false,"inline_featured_image":false},"product_brand":[1264],"product_cat":[1456],"product_tag":[1209],"class_list":{"0":"post-108047","1":"product","2":"type-product","3":"status-publish","4":"has-post-thumbnail","6":"product_brand-profhilo","7":"product_cat-remodelacion-corporal","8":"product_tag-dispositivos-medicos","10":"first","11":"instock","12":"taxable","13":"shipping-taxable","14":"purchasable","15":"product-type-simple","16":"add-to-wishlist-before_image"},"acf":[],"yoast_head":"<!-- This site is optimized with the Yoast SEO plugin v27.3 - https:\/\/yoast.com\/product\/yoast-seo-wordpress\/ -->\n<title>Comprar Profhilo Body Kit online | Tienda Online | Kinami Health<\/title>\n<meta name=\"description\" content=\"Compre Profhilo Body Kit en l\u00ednea y transforme la piel envejecida con el sistema de tratamiento definitivo.\" \/>\n<meta name=\"robots\" content=\"index, follow, max-snippet:-1, max-image-preview:large, max-video-preview:-1\" \/>\n<link rel=\"canonical\" href=\"https:\/\/kinamihealth.com\/es\/wp-json\/wp\/v2\/product\/108047\" \/>\n<meta property=\"og:locale\" content=\"es_ES\" \/>\n<meta property=\"og:type\" content=\"article\" \/>\n<meta property=\"og:title\" content=\"Comprar Profhilo Body Kit online | Tienda Online | Kinami Health\" \/>\n<meta property=\"og:description\" content=\"Compre Profhilo Body Kit en l\u00ednea y transforme la piel envejecida con el sistema de tratamiento definitivo.\" \/>\n<meta property=\"og:url\" content=\"https:\/\/kinamihealth.com\/es\/producto\/profhilo-body-kit\/\" \/>\n<meta property=\"og:site_name\" content=\"Kinami Health\" \/>\n<meta property=\"article:modified_time\" content=\"2026-01-22T13:29:17+00:00\" \/>\n<meta property=\"og:image\" content=\"https:\/\/kinamihealth.com\/wp-content\/uploads\/2025\/02\/IBSA-PROFHILO-BODYKIT-01.jpg\" \/>\n\t<meta property=\"og:image:width\" content=\"800\" \/>\n\t<meta property=\"og:image:height\" content=\"800\" \/>\n\t<meta property=\"og:image:type\" content=\"image\/jpeg\" \/>\n<meta name=\"twitter:card\" content=\"summary_large_image\" \/>\n<meta name=\"twitter:label1\" content=\"Tiempo de lectura\" \/>\n\t<meta name=\"twitter:data1\" content=\"1 minuto\" \/>\n<!-- \/ Yoast SEO plugin. -->","yoast_head_json":{"title":"Comprar Profhilo Body Kit online | Tienda Online | Kinami Health","description":"Compre Profhilo Body Kit en l\u00ednea y transforme la piel envejecida con el sistema de tratamiento definitivo.","robots":{"index":"index","follow":"follow","max-snippet":"max-snippet:-1","max-image-preview":"max-image-preview:large","max-video-preview":"max-video-preview:-1"},"canonical":"https:\/\/kinamihealth.com\/es\/wp-json\/wp\/v2\/product\/108047","og_locale":"es_ES","og_type":"article","og_title":"Comprar Profhilo Body Kit online | Tienda Online | Kinami Health","og_description":"Compre Profhilo Body Kit en l\u00ednea y transforme la piel envejecida con el sistema de tratamiento definitivo.","og_url":"https:\/\/kinamihealth.com\/es\/producto\/profhilo-body-kit\/","og_site_name":"Kinami Health","article_modified_time":"2026-01-22T13:29:17+00:00","og_image":[{"width":800,"height":800,"url":"https:\/\/kinamihealth.com\/wp-content\/uploads\/2025\/02\/IBSA-PROFHILO-BODYKIT-01.jpg","type":"image\/jpeg"}],"twitter_card":"summary_large_image","twitter_misc":{"Tiempo de lectura":"1 minuto"},"schema":{"@context":"https:\/\/schema.org","@graph":[{"@type":"WebPage","@id":"https:\/\/kinamihealth.com\/es\/producto\/profhilo-body-kit\/","url":"https:\/\/kinamihealth.com\/es\/producto\/profhilo-body-kit\/","name":"Comprar Profhilo Body Kit online | Tienda Online | Kinami Health","isPartOf":{"@id":"https:\/\/kinamihealth.com\/#website"},"primaryImageOfPage":{"@id":"https:\/\/kinamihealth.com\/es\/producto\/profhilo-body-kit\/#primaryimage"},"image":{"@id":"https:\/\/kinamihealth.com\/es\/producto\/profhilo-body-kit\/#primaryimage"},"thumbnailUrl":"https:\/\/kinamihealth.com\/wp-content\/uploads\/2025\/02\/IBSA-PROFHILO-BODYKIT-01.jpg","datePublished":"2025-02-15T16:56:48+00:00","dateModified":"2026-01-22T13:29:17+00:00","description":"Compre Profhilo Body Kit en l\u00ednea y transforme la piel envejecida con el sistema de tratamiento definitivo.","breadcrumb":{"@id":"https:\/\/kinamihealth.com\/es\/producto\/profhilo-body-kit\/#breadcrumb"},"inLanguage":"es","potentialAction":[{"@type":"ReadAction","target":["https:\/\/kinamihealth.com\/es\/producto\/profhilo-body-kit\/"]}]},{"@type":"ImageObject","inLanguage":"es","@id":"https:\/\/kinamihealth.com\/es\/producto\/profhilo-body-kit\/#primaryimage","url":"https:\/\/kinamihealth.com\/wp-content\/uploads\/2025\/02\/IBSA-PROFHILO-BODYKIT-01.jpg","contentUrl":"https:\/\/kinamihealth.com\/wp-content\/uploads\/2025\/02\/IBSA-PROFHILO-BODYKIT-01.jpg","width":800,"height":800},{"@type":"BreadcrumbList","@id":"https:\/\/kinamihealth.com\/es\/producto\/profhilo-body-kit\/#breadcrumb","itemListElement":[{"@type":"ListItem","position":1,"name":"P\u00e1gina de inicio","item":"https:\/\/kinamihealth.com\/"},{"@type":"ListItem","position":2,"name":"Tienda","item":"https:\/\/kinamihealth.com\/shop\/"},{"@type":"ListItem","position":3,"name":"PROFHILO\u00ae BODY KIT"}]},{"@type":"WebSite","@id":"https:\/\/kinamihealth.com\/#website","url":"https:\/\/kinamihealth.com\/","name":"Kinami Health","description":"","publisher":{"@id":"https:\/\/kinamihealth.com\/#organization"},"potentialAction":[{"@type":"SearchAction","target":{"@type":"EntryPoint","urlTemplate":"https:\/\/kinamihealth.com\/?s={search_term_string}"},"query-input":{"@type":"PropertyValueSpecification","valueRequired":true,"valueName":"search_term_string"}}],"inLanguage":"es"},{"@type":"Organization","@id":"https:\/\/kinamihealth.com\/#organization","name":"Kinami Health","url":"https:\/\/kinamihealth.com\/","logo":{"@type":"ImageObject","inLanguage":"es","@id":"https:\/\/kinamihealth.com\/#\/schema\/logo\/image\/","url":"https:\/\/kinamihealth.com\/wp-content\/uploads\/2025\/01\/KH_logo_black_2-1.png","contentUrl":"https:\/\/kinamihealth.com\/wp-content\/uploads\/2025\/01\/KH_logo_black_2-1.png","width":339,"height":34,"caption":"Kinami Health"},"image":{"@id":"https:\/\/kinamihealth.com\/#\/schema\/logo\/image\/"}}]}},"_links":{"self":[{"href":"https:\/\/kinamihealth.com\/es\/wp-json\/wp\/v2\/product\/108047","targetHints":{"allow":["GET"]}}],"collection":[{"href":"https:\/\/kinamihealth.com\/es\/wp-json\/wp\/v2\/product"}],"about":[{"href":"https:\/\/kinamihealth.com\/es\/wp-json\/wp\/v2\/types\/product"}],"replies":[{"embeddable":true,"href":"https:\/\/kinamihealth.com\/es\/wp-json\/wp\/v2\/comments?post=108047"}],"version-history":[{"count":0,"href":"https:\/\/kinamihealth.com\/es\/wp-json\/wp\/v2\/product\/108047\/revisions"}],"wp:featuredmedia":[{"embeddable":true,"href":"https:\/\/kinamihealth.com\/es\/wp-json\/wp\/v2\/media\/108051"}],"wp:attachment":[{"href":"https:\/\/kinamihealth.com\/es\/wp-json\/wp\/v2\/media?parent=108047"}],"wp:term":[{"taxonomy":"product_brand","embeddable":true,"href":"https:\/\/kinamihealth.com\/es\/wp-json\/wp\/v2\/product_brand?post=108047"},{"taxonomy":"product_cat","embeddable":true,"href":"https:\/\/kinamihealth.com\/es\/wp-json\/wp\/v2\/product_cat?post=108047"},{"taxonomy":"product_tag","embeddable":true,"href":"https:\/\/kinamihealth.com\/es\/wp-json\/wp\/v2\/product_tag?post=108047"}],"curies":[{"name":"wp","href":"https:\/\/api.w.org\/{rel}","templated":true}]}}