{"id":108044,"date":"2025-02-15T16:56:50","date_gmt":"2025-02-15T16:56:50","guid":{"rendered":"https:\/\/kinamihealth.com\/product\/wiqo-prx-t33\/"},"modified":"2026-01-22T11:36:55","modified_gmt":"2026-01-22T11:36:55","slug":"wiqo-prx-t33","status":"publish","type":"product","link":"https:\/\/kinamihealth.com\/es\/producto\/wiqo-prx-t33\/","title":{"rendered":"WiQo\u00ae PRX-T33"},"content":{"rendered":"<p>PRX-T33 representa un gran avance en la tecnolog\u00eda de regeneraci\u00f3n de la piel, ya que utiliza una mezcla \u00fanica de \u00e1cido tricloroac\u00e9tico (TCA), per\u00f3xido de hidr\u00f3geno y \u00e1cido k\u00f3jico. Este tratamiento no invasivo evita la capa superficial de la piel para actuar directamente sobre la dermis, estimulando la producci\u00f3n de col\u00e1geno sin el tiempo de inactividad asociado a los peelings tradicionales. Perfecto para el rostro, el cuello, el escote y las manos, trata eficazmente m\u00faltiples problemas de la piel y es lo suficientemente suave como para poder utilizarse durante todo el a\u00f1o.<\/p>\n","protected":false},"excerpt":{"rendered":"<p>PRX-T33 representa un gran avance en la tecnolog\u00eda de regeneraci\u00f3n de la piel, ya que utiliza una mezcla \u00fanica de \u00e1cido tricloroac\u00e9tico (TCA), per\u00f3xido de hidr\u00f3geno y \u00e1cido k\u00f3jico. Este tratamiento no invasivo evita la capa superficial de la piel para actuar directamente sobre la dermis, estimulando la producci\u00f3n de col\u00e1geno sin el tiempo de [&hellip;]<\/p>\n","protected":false},"featured_media":108046,"comment_status":"closed","ping_status":"closed","template":"","meta":{"_acf_changed":false,"inline_featured_image":false},"product_brand":[1265],"product_cat":[1450],"product_tag":[1209],"class_list":{"0":"post-108044","1":"product","2":"type-product","3":"status-publish","4":"has-post-thumbnail","6":"product_brand-prx-t33","7":"product_cat-inyecciones-de-mesoterapia","8":"product_tag-dispositivos-medicos","10":"first","11":"instock","12":"taxable","13":"shipping-taxable","14":"purchasable","15":"product-type-simple","16":"add-to-wishlist-before_image"},"acf":[],"yoast_head":"<!-- This site is optimized with the Yoast SEO plugin v27.1.1 - https:\/\/yoast.com\/product\/yoast-seo-wordpress\/ -->\n<title>Comprar PRX-T33 online | Tienda Online | Kinami Health<\/title>\n<meta name=\"description\" content=\"Compre PRX-T33, el revolucionario tratamiento d\u00e9rmico que combate los problemas cut\u00e1neos rebeldes mediante la innovadora tecnolog\u00eda TCA.\" \/>\n<meta name=\"robots\" content=\"index, follow, max-snippet:-1, max-image-preview:large, max-video-preview:-1\" \/>\n<link rel=\"canonical\" href=\"https:\/\/kinamihealth.com\/es\/wp-json\/wp\/v2\/product\/108044\" \/>\n<meta property=\"og:locale\" content=\"es_ES\" \/>\n<meta property=\"og:type\" content=\"article\" \/>\n<meta property=\"og:title\" content=\"Comprar PRX-T33 online | Tienda Online | Kinami Health\" \/>\n<meta property=\"og:description\" content=\"Compre PRX-T33, el revolucionario tratamiento d\u00e9rmico que combate los problemas cut\u00e1neos rebeldes mediante la innovadora tecnolog\u00eda TCA.\" \/>\n<meta property=\"og:url\" content=\"https:\/\/kinamihealth.com\/es\/producto\/wiqo-prx-t33\/\" \/>\n<meta property=\"og:site_name\" content=\"Kinami Health\" \/>\n<meta property=\"article:modified_time\" content=\"2026-01-22T11:36:55+00:00\" \/>\n<meta property=\"og:image\" content=\"https:\/\/kinamihealth.com\/wp-content\/uploads\/2025\/02\/PRX-733-WiQo-02.jpg\" \/>\n\t<meta property=\"og:image:width\" content=\"800\" \/>\n\t<meta property=\"og:image:height\" content=\"800\" \/>\n\t<meta property=\"og:image:type\" content=\"image\/jpeg\" \/>\n<meta name=\"twitter:card\" content=\"summary_large_image\" \/>\n<meta name=\"twitter:label1\" content=\"Tiempo de lectura\" \/>\n\t<meta name=\"twitter:data1\" content=\"1 minuto\" \/>\n<!-- \/ Yoast SEO plugin. -->","yoast_head_json":{"title":"Comprar PRX-T33 online | Tienda Online | Kinami Health","description":"Compre PRX-T33, el revolucionario tratamiento d\u00e9rmico que combate los problemas cut\u00e1neos rebeldes mediante la innovadora tecnolog\u00eda TCA.","robots":{"index":"index","follow":"follow","max-snippet":"max-snippet:-1","max-image-preview":"max-image-preview:large","max-video-preview":"max-video-preview:-1"},"canonical":"https:\/\/kinamihealth.com\/es\/wp-json\/wp\/v2\/product\/108044","og_locale":"es_ES","og_type":"article","og_title":"Comprar PRX-T33 online | Tienda Online | Kinami Health","og_description":"Compre PRX-T33, el revolucionario tratamiento d\u00e9rmico que combate los problemas cut\u00e1neos rebeldes mediante la innovadora tecnolog\u00eda TCA.","og_url":"https:\/\/kinamihealth.com\/es\/producto\/wiqo-prx-t33\/","og_site_name":"Kinami Health","article_modified_time":"2026-01-22T11:36:55+00:00","og_image":[{"width":800,"height":800,"url":"https:\/\/kinamihealth.com\/wp-content\/uploads\/2025\/02\/PRX-733-WiQo-02.jpg","type":"image\/jpeg"}],"twitter_card":"summary_large_image","twitter_misc":{"Tiempo de lectura":"1 minuto"},"schema":{"@context":"https:\/\/schema.org","@graph":[{"@type":"WebPage","@id":"https:\/\/kinamihealth.com\/es\/producto\/wiqo-prx-t33\/","url":"https:\/\/kinamihealth.com\/es\/producto\/wiqo-prx-t33\/","name":"Comprar PRX-T33 online | Tienda Online | Kinami Health","isPartOf":{"@id":"https:\/\/kinamihealth.com\/#website"},"primaryImageOfPage":{"@id":"https:\/\/kinamihealth.com\/es\/producto\/wiqo-prx-t33\/#primaryimage"},"image":{"@id":"https:\/\/kinamihealth.com\/es\/producto\/wiqo-prx-t33\/#primaryimage"},"thumbnailUrl":"https:\/\/kinamihealth.com\/wp-content\/uploads\/2025\/02\/PRX-733-WiQo-02.jpg","datePublished":"2025-02-15T16:56:50+00:00","dateModified":"2026-01-22T11:36:55+00:00","description":"Compre PRX-T33, el revolucionario tratamiento d\u00e9rmico que combate los problemas cut\u00e1neos rebeldes mediante la innovadora tecnolog\u00eda TCA.","breadcrumb":{"@id":"https:\/\/kinamihealth.com\/es\/producto\/wiqo-prx-t33\/#breadcrumb"},"inLanguage":"es","potentialAction":[{"@type":"ReadAction","target":["https:\/\/kinamihealth.com\/es\/producto\/wiqo-prx-t33\/"]}]},{"@type":"ImageObject","inLanguage":"es","@id":"https:\/\/kinamihealth.com\/es\/producto\/wiqo-prx-t33\/#primaryimage","url":"https:\/\/kinamihealth.com\/wp-content\/uploads\/2025\/02\/PRX-733-WiQo-02.jpg","contentUrl":"https:\/\/kinamihealth.com\/wp-content\/uploads\/2025\/02\/PRX-733-WiQo-02.jpg","width":800,"height":800},{"@type":"BreadcrumbList","@id":"https:\/\/kinamihealth.com\/es\/producto\/wiqo-prx-t33\/#breadcrumb","itemListElement":[{"@type":"ListItem","position":1,"name":"P\u00e1gina de inicio","item":"https:\/\/kinamihealth.com\/"},{"@type":"ListItem","position":2,"name":"Tienda","item":"https:\/\/kinamihealth.com\/shop\/"},{"@type":"ListItem","position":3,"name":"WiQo\u00ae PRX-T33"}]},{"@type":"WebSite","@id":"https:\/\/kinamihealth.com\/#website","url":"https:\/\/kinamihealth.com\/","name":"Kinami Health","description":"","publisher":{"@id":"https:\/\/kinamihealth.com\/#organization"},"potentialAction":[{"@type":"SearchAction","target":{"@type":"EntryPoint","urlTemplate":"https:\/\/kinamihealth.com\/?s={search_term_string}"},"query-input":{"@type":"PropertyValueSpecification","valueRequired":true,"valueName":"search_term_string"}}],"inLanguage":"es"},{"@type":"Organization","@id":"https:\/\/kinamihealth.com\/#organization","name":"Kinami Health","url":"https:\/\/kinamihealth.com\/","logo":{"@type":"ImageObject","inLanguage":"es","@id":"https:\/\/kinamihealth.com\/#\/schema\/logo\/image\/","url":"https:\/\/kinamihealth.com\/wp-content\/uploads\/2025\/01\/KH_logo_black_2-1.png","contentUrl":"https:\/\/kinamihealth.com\/wp-content\/uploads\/2025\/01\/KH_logo_black_2-1.png","width":339,"height":34,"caption":"Kinami Health"},"image":{"@id":"https:\/\/kinamihealth.com\/#\/schema\/logo\/image\/"}}]}},"_links":{"self":[{"href":"https:\/\/kinamihealth.com\/es\/wp-json\/wp\/v2\/product\/108044","targetHints":{"allow":["GET"]}}],"collection":[{"href":"https:\/\/kinamihealth.com\/es\/wp-json\/wp\/v2\/product"}],"about":[{"href":"https:\/\/kinamihealth.com\/es\/wp-json\/wp\/v2\/types\/product"}],"replies":[{"embeddable":true,"href":"https:\/\/kinamihealth.com\/es\/wp-json\/wp\/v2\/comments?post=108044"}],"version-history":[{"count":0,"href":"https:\/\/kinamihealth.com\/es\/wp-json\/wp\/v2\/product\/108044\/revisions"}],"wp:featuredmedia":[{"embeddable":true,"href":"https:\/\/kinamihealth.com\/es\/wp-json\/wp\/v2\/media\/108046"}],"wp:attachment":[{"href":"https:\/\/kinamihealth.com\/es\/wp-json\/wp\/v2\/media?parent=108044"}],"wp:term":[{"taxonomy":"product_brand","embeddable":true,"href":"https:\/\/kinamihealth.com\/es\/wp-json\/wp\/v2\/product_brand?post=108044"},{"taxonomy":"product_cat","embeddable":true,"href":"https:\/\/kinamihealth.com\/es\/wp-json\/wp\/v2\/product_cat?post=108044"},{"taxonomy":"product_tag","embeddable":true,"href":"https:\/\/kinamihealth.com\/es\/wp-json\/wp\/v2\/product_tag?post=108044"}],"curies":[{"name":"wp","href":"https:\/\/api.w.org\/{rel}","templated":true}]}}