{"id":108034,"date":"2025-02-15T16:56:41","date_gmt":"2025-02-15T16:56:41","guid":{"rendered":"https:\/\/kinamihealth.com\/product\/perfectha-derm\/"},"modified":"2026-01-22T13:32:52","modified_gmt":"2026-01-22T13:32:52","slug":"perfectha-derm","status":"publish","type":"product","link":"https:\/\/kinamihealth.com\/es\/producto\/perfectha-derm\/","title":{"rendered":"PERFECTHA\u00ae DERM"},"content":{"rendered":"<p>Perfectha Derm es un relleno d\u00e9rmico avanzado compuesto por \u00e1cido hialur\u00f3nico reticulado, dise\u00f1ado espec\u00edficamente para la correcci\u00f3n de arrugas moderadas y el contorno facial. Gracias a la innovadora tecnolog\u00eda E-brid, este inyectable de calidad profesional proporciona resultados naturales con niveles m\u00ednimos de BDDE. Disponible exclusivamente para profesionales m\u00e9dicos autorizados, Perfectha Derm ofrece una soluci\u00f3n fiable para las consultas de est\u00e9tica que buscan tratamientos eficaces de rejuvenecimiento facial.<\/p>\n","protected":false},"excerpt":{"rendered":"<p>Perfectha Derm es un relleno d\u00e9rmico avanzado compuesto por \u00e1cido hialur\u00f3nico reticulado, dise\u00f1ado espec\u00edficamente para la correcci\u00f3n de arrugas moderadas y el contorno facial. Gracias a la innovadora tecnolog\u00eda E-brid, este inyectable de calidad profesional proporciona resultados naturales con niveles m\u00ednimos de BDDE. Disponible exclusivamente para profesionales m\u00e9dicos autorizados, Perfectha Derm ofrece una soluci\u00f3n fiable [&hellip;]<\/p>\n","protected":false},"featured_media":108035,"comment_status":"closed","ping_status":"closed","template":"","meta":{"_acf_changed":false,"inline_featured_image":false},"product_brand":[1261],"product_cat":[2966,1447],"product_tag":[1209],"class_list":{"0":"post-108034","1":"product","2":"type-product","3":"status-publish","4":"has-post-thumbnail","6":"product_brand-perfectha","7":"product_cat-rellenos-de-ha","8":"product_cat-rellenos-dermicos","9":"product_tag-dispositivos-medicos","11":"first","12":"instock","13":"taxable","14":"shipping-taxable","15":"purchasable","16":"product-type-simple","17":"add-to-wishlist-before_image"},"acf":[],"yoast_head":"<!-- This site is optimized with the Yoast SEO plugin v27.4 - https:\/\/yoast.com\/product\/yoast-seo-wordpress\/ -->\n<title>Comprar Perfectha Derm online | Tienda Online | Kinami Health<\/title>\n<meta name=\"description\" content=\"Compre Perfectha Derm, un relleno d\u00e9rmico profesional con \u00e1cido hialur\u00f3nico dise\u00f1ado para la correcci\u00f3n de arrugas moderadas y el contorno facial.\" \/>\n<meta name=\"robots\" content=\"index, follow, max-snippet:-1, max-image-preview:large, max-video-preview:-1\" \/>\n<link rel=\"canonical\" href=\"https:\/\/kinamihealth.com\/es\/wp-json\/wp\/v2\/product\/108034\" \/>\n<meta property=\"og:locale\" content=\"es_ES\" \/>\n<meta property=\"og:type\" content=\"article\" \/>\n<meta property=\"og:title\" content=\"Comprar Perfectha Derm online | Tienda Online | Kinami Health\" \/>\n<meta property=\"og:description\" content=\"Compre Perfectha Derm, un relleno d\u00e9rmico profesional con \u00e1cido hialur\u00f3nico dise\u00f1ado para la correcci\u00f3n de arrugas moderadas y el contorno facial.\" \/>\n<meta property=\"og:url\" content=\"https:\/\/kinamihealth.com\/es\/producto\/perfectha-derm\/\" \/>\n<meta property=\"og:site_name\" content=\"Kinami Health\" \/>\n<meta property=\"article:modified_time\" content=\"2026-01-22T13:32:52+00:00\" \/>\n<meta property=\"og:image\" content=\"https:\/\/kinamihealth.com\/wp-content\/uploads\/2025\/02\/PERFECTHA-DERM-NONLIDO-02.jpg\" \/>\n\t<meta property=\"og:image:width\" content=\"800\" \/>\n\t<meta property=\"og:image:height\" content=\"800\" \/>\n\t<meta property=\"og:image:type\" content=\"image\/jpeg\" \/>\n<meta name=\"twitter:card\" content=\"summary_large_image\" \/>\n<meta name=\"twitter:label1\" content=\"Tiempo de lectura\" \/>\n\t<meta name=\"twitter:data1\" content=\"1 minuto\" \/>\n<!-- \/ Yoast SEO plugin. -->","yoast_head_json":{"title":"Comprar Perfectha Derm online | Tienda Online | Kinami Health","description":"Compre Perfectha Derm, un relleno d\u00e9rmico profesional con \u00e1cido hialur\u00f3nico dise\u00f1ado para la correcci\u00f3n de arrugas moderadas y el contorno facial.","robots":{"index":"index","follow":"follow","max-snippet":"max-snippet:-1","max-image-preview":"max-image-preview:large","max-video-preview":"max-video-preview:-1"},"canonical":"https:\/\/kinamihealth.com\/es\/wp-json\/wp\/v2\/product\/108034","og_locale":"es_ES","og_type":"article","og_title":"Comprar Perfectha Derm online | Tienda Online | Kinami Health","og_description":"Compre Perfectha Derm, un relleno d\u00e9rmico profesional con \u00e1cido hialur\u00f3nico dise\u00f1ado para la correcci\u00f3n de arrugas moderadas y el contorno facial.","og_url":"https:\/\/kinamihealth.com\/es\/producto\/perfectha-derm\/","og_site_name":"Kinami Health","article_modified_time":"2026-01-22T13:32:52+00:00","og_image":[{"width":800,"height":800,"url":"https:\/\/kinamihealth.com\/wp-content\/uploads\/2025\/02\/PERFECTHA-DERM-NONLIDO-02.jpg","type":"image\/jpeg"}],"twitter_card":"summary_large_image","twitter_misc":{"Tiempo de lectura":"1 minuto"},"schema":{"@context":"https:\/\/schema.org","@graph":[{"@type":"WebPage","@id":"https:\/\/kinamihealth.com\/es\/producto\/perfectha-derm\/","url":"https:\/\/kinamihealth.com\/es\/producto\/perfectha-derm\/","name":"Comprar Perfectha Derm online | Tienda Online | Kinami Health","isPartOf":{"@id":"https:\/\/kinamihealth.com\/#website"},"primaryImageOfPage":{"@id":"https:\/\/kinamihealth.com\/es\/producto\/perfectha-derm\/#primaryimage"},"image":{"@id":"https:\/\/kinamihealth.com\/es\/producto\/perfectha-derm\/#primaryimage"},"thumbnailUrl":"https:\/\/kinamihealth.com\/wp-content\/uploads\/2025\/02\/PERFECTHA-DERM-NONLIDO-02.jpg","datePublished":"2025-02-15T16:56:41+00:00","dateModified":"2026-01-22T13:32:52+00:00","description":"Compre Perfectha Derm, un relleno d\u00e9rmico profesional con \u00e1cido hialur\u00f3nico dise\u00f1ado para la correcci\u00f3n de arrugas moderadas y el contorno facial.","breadcrumb":{"@id":"https:\/\/kinamihealth.com\/es\/producto\/perfectha-derm\/#breadcrumb"},"inLanguage":"es","potentialAction":[{"@type":"ReadAction","target":["https:\/\/kinamihealth.com\/es\/producto\/perfectha-derm\/"]}]},{"@type":"ImageObject","inLanguage":"es","@id":"https:\/\/kinamihealth.com\/es\/producto\/perfectha-derm\/#primaryimage","url":"https:\/\/kinamihealth.com\/wp-content\/uploads\/2025\/02\/PERFECTHA-DERM-NONLIDO-02.jpg","contentUrl":"https:\/\/kinamihealth.com\/wp-content\/uploads\/2025\/02\/PERFECTHA-DERM-NONLIDO-02.jpg","width":800,"height":800},{"@type":"BreadcrumbList","@id":"https:\/\/kinamihealth.com\/es\/producto\/perfectha-derm\/#breadcrumb","itemListElement":[{"@type":"ListItem","position":1,"name":"P\u00e1gina de inicio","item":"https:\/\/kinamihealth.com\/"},{"@type":"ListItem","position":2,"name":"Tienda","item":"https:\/\/kinamihealth.com\/shop\/"},{"@type":"ListItem","position":3,"name":"PERFECTHA\u00ae DERM"}]},{"@type":"WebSite","@id":"https:\/\/kinamihealth.com\/#website","url":"https:\/\/kinamihealth.com\/","name":"Kinami Health","description":"","publisher":{"@id":"https:\/\/kinamihealth.com\/#organization"},"potentialAction":[{"@type":"SearchAction","target":{"@type":"EntryPoint","urlTemplate":"https:\/\/kinamihealth.com\/?s={search_term_string}"},"query-input":{"@type":"PropertyValueSpecification","valueRequired":true,"valueName":"search_term_string"}}],"inLanguage":"es"},{"@type":"Organization","@id":"https:\/\/kinamihealth.com\/#organization","name":"Kinami Health","url":"https:\/\/kinamihealth.com\/","logo":{"@type":"ImageObject","inLanguage":"es","@id":"https:\/\/kinamihealth.com\/#\/schema\/logo\/image\/","url":"https:\/\/kinamihealth.com\/wp-content\/uploads\/2025\/01\/KH_logo_black_2-1.png","contentUrl":"https:\/\/kinamihealth.com\/wp-content\/uploads\/2025\/01\/KH_logo_black_2-1.png","width":339,"height":34,"caption":"Kinami Health"},"image":{"@id":"https:\/\/kinamihealth.com\/#\/schema\/logo\/image\/"}}]}},"_links":{"self":[{"href":"https:\/\/kinamihealth.com\/es\/wp-json\/wp\/v2\/product\/108034","targetHints":{"allow":["GET"]}}],"collection":[{"href":"https:\/\/kinamihealth.com\/es\/wp-json\/wp\/v2\/product"}],"about":[{"href":"https:\/\/kinamihealth.com\/es\/wp-json\/wp\/v2\/types\/product"}],"replies":[{"embeddable":true,"href":"https:\/\/kinamihealth.com\/es\/wp-json\/wp\/v2\/comments?post=108034"}],"version-history":[{"count":0,"href":"https:\/\/kinamihealth.com\/es\/wp-json\/wp\/v2\/product\/108034\/revisions"}],"wp:featuredmedia":[{"embeddable":true,"href":"https:\/\/kinamihealth.com\/es\/wp-json\/wp\/v2\/media\/108035"}],"wp:attachment":[{"href":"https:\/\/kinamihealth.com\/es\/wp-json\/wp\/v2\/media?parent=108034"}],"wp:term":[{"taxonomy":"product_brand","embeddable":true,"href":"https:\/\/kinamihealth.com\/es\/wp-json\/wp\/v2\/product_brand?post=108034"},{"taxonomy":"product_cat","embeddable":true,"href":"https:\/\/kinamihealth.com\/es\/wp-json\/wp\/v2\/product_cat?post=108034"},{"taxonomy":"product_tag","embeddable":true,"href":"https:\/\/kinamihealth.com\/es\/wp-json\/wp\/v2\/product_tag?post=108034"}],"curies":[{"name":"wp","href":"https:\/\/api.w.org\/{rel}","templated":true}]}}