{"id":107964,"date":"2025-02-15T16:56:20","date_gmt":"2025-02-15T16:56:20","guid":{"rendered":"https:\/\/kinamihealth.com\/product\/neauvia-organic-intense-flux\/"},"modified":"2026-01-22T13:39:24","modified_gmt":"2026-01-22T13:39:24","slug":"neauvia-organic-intense-flux","status":"publish","type":"product","link":"https:\/\/kinamihealth.com\/es\/producto\/neauvia-organic-intense-flux\/","title":{"rendered":"NEAUVIA\u2122 ORGANIC INTENSE FLUX"},"content":{"rendered":"<p>Neauvia Organic Intense Flux es un relleno d\u00e9rmico especializado que contiene uno de los \u00e1cidos hialur\u00f3nicos m\u00e1s puros, lo que le permite combatir el envejecimiento de la piel en las zonas m\u00e1s visibles, como los ojos, el cuello, la boca y el escote. Este hidrogel eficaz puede corregir magistralmente las arrugas profundas, remodelar los pliegues nasolabiales y realzar los p\u00f3mulos y el ment\u00f3n.<\/p>\n","protected":false},"excerpt":{"rendered":"<p>Neauvia Organic Intense Flux es un relleno d\u00e9rmico especializado que contiene uno de los \u00e1cidos hialur\u00f3nicos m\u00e1s puros, lo que le permite combatir el envejecimiento de la piel en las zonas m\u00e1s visibles, como los ojos, el cuello, la boca y el escote. Este hidrogel eficaz puede corregir magistralmente las arrugas profundas, remodelar los pliegues [&hellip;]<\/p>\n","protected":false},"featured_media":107965,"comment_status":"closed","ping_status":"closed","template":"","meta":{"_acf_changed":false,"inline_featured_image":false},"product_brand":[1257],"product_cat":[2966,1447],"product_tag":[1209],"class_list":{"0":"post-107964","1":"product","2":"type-product","3":"status-publish","4":"has-post-thumbnail","6":"product_brand-neauvia","7":"product_cat-rellenos-de-ha","8":"product_cat-rellenos-dermicos","9":"product_tag-dispositivos-medicos","11":"first","12":"instock","13":"taxable","14":"shipping-taxable","15":"purchasable","16":"product-type-simple","17":"add-to-wishlist-before_image"},"acf":[],"yoast_head":"<!-- This site is optimized with the Yoast SEO plugin v27.1.1 - https:\/\/yoast.com\/product\/yoast-seo-wordpress\/ -->\n<title>Comprar Neauvia Organic Intense Flux online | Tienda Online | Kinami Health<\/title>\n<meta name=\"description\" content=\"Compre Neauvia Organic Intense Flux en l\u00ednea: un relleno d\u00e9rmico altamente eficaz que trata el envejecimiento de la piel alrededor de los ojos, la boca, el cuello y el escote.\" \/>\n<meta name=\"robots\" content=\"index, follow, max-snippet:-1, max-image-preview:large, max-video-preview:-1\" \/>\n<link rel=\"canonical\" href=\"https:\/\/kinamihealth.com\/es\/wp-json\/wp\/v2\/product\/107964\" \/>\n<meta property=\"og:locale\" content=\"es_ES\" \/>\n<meta property=\"og:type\" content=\"article\" \/>\n<meta property=\"og:title\" content=\"Comprar Neauvia Organic Intense Flux online | Tienda Online | Kinami Health\" \/>\n<meta property=\"og:description\" content=\"Compre Neauvia Organic Intense Flux en l\u00ednea: un relleno d\u00e9rmico altamente eficaz que trata el envejecimiento de la piel alrededor de los ojos, la boca, el cuello y el escote.\" \/>\n<meta property=\"og:url\" content=\"https:\/\/kinamihealth.com\/es\/producto\/neauvia-organic-intense-flux\/\" \/>\n<meta property=\"og:site_name\" content=\"Kinami Health\" \/>\n<meta property=\"article:modified_time\" content=\"2026-01-22T13:39:24+00:00\" \/>\n<meta property=\"og:image\" content=\"https:\/\/kinamihealth.com\/wp-content\/uploads\/2025\/02\/NEAUVIA-INTENSE-FLUX-01.jpg\" \/>\n\t<meta property=\"og:image:width\" content=\"800\" \/>\n\t<meta property=\"og:image:height\" content=\"800\" \/>\n\t<meta property=\"og:image:type\" content=\"image\/jpeg\" \/>\n<meta name=\"twitter:card\" content=\"summary_large_image\" \/>\n<meta name=\"twitter:label1\" content=\"Tiempo de lectura\" \/>\n\t<meta name=\"twitter:data1\" content=\"1 minuto\" \/>\n<!-- \/ Yoast SEO plugin. -->","yoast_head_json":{"title":"Comprar Neauvia Organic Intense Flux online | Tienda Online | Kinami Health","description":"Compre Neauvia Organic Intense Flux en l\u00ednea: un relleno d\u00e9rmico altamente eficaz que trata el envejecimiento de la piel alrededor de los ojos, la boca, el cuello y el escote.","robots":{"index":"index","follow":"follow","max-snippet":"max-snippet:-1","max-image-preview":"max-image-preview:large","max-video-preview":"max-video-preview:-1"},"canonical":"https:\/\/kinamihealth.com\/es\/wp-json\/wp\/v2\/product\/107964","og_locale":"es_ES","og_type":"article","og_title":"Comprar Neauvia Organic Intense Flux online | Tienda Online | Kinami Health","og_description":"Compre Neauvia Organic Intense Flux en l\u00ednea: un relleno d\u00e9rmico altamente eficaz que trata el envejecimiento de la piel alrededor de los ojos, la boca, el cuello y el escote.","og_url":"https:\/\/kinamihealth.com\/es\/producto\/neauvia-organic-intense-flux\/","og_site_name":"Kinami Health","article_modified_time":"2026-01-22T13:39:24+00:00","og_image":[{"width":800,"height":800,"url":"https:\/\/kinamihealth.com\/wp-content\/uploads\/2025\/02\/NEAUVIA-INTENSE-FLUX-01.jpg","type":"image\/jpeg"}],"twitter_card":"summary_large_image","twitter_misc":{"Tiempo de lectura":"1 minuto"},"schema":{"@context":"https:\/\/schema.org","@graph":[{"@type":"WebPage","@id":"https:\/\/kinamihealth.com\/es\/producto\/neauvia-organic-intense-flux\/","url":"https:\/\/kinamihealth.com\/es\/producto\/neauvia-organic-intense-flux\/","name":"Comprar Neauvia Organic Intense Flux online | Tienda Online | Kinami Health","isPartOf":{"@id":"https:\/\/kinamihealth.com\/#website"},"primaryImageOfPage":{"@id":"https:\/\/kinamihealth.com\/es\/producto\/neauvia-organic-intense-flux\/#primaryimage"},"image":{"@id":"https:\/\/kinamihealth.com\/es\/producto\/neauvia-organic-intense-flux\/#primaryimage"},"thumbnailUrl":"https:\/\/kinamihealth.com\/wp-content\/uploads\/2025\/02\/NEAUVIA-INTENSE-FLUX-01.jpg","datePublished":"2025-02-15T16:56:20+00:00","dateModified":"2026-01-22T13:39:24+00:00","description":"Compre Neauvia Organic Intense Flux en l\u00ednea: un relleno d\u00e9rmico altamente eficaz que trata el envejecimiento de la piel alrededor de los ojos, la boca, el cuello y el escote.","breadcrumb":{"@id":"https:\/\/kinamihealth.com\/es\/producto\/neauvia-organic-intense-flux\/#breadcrumb"},"inLanguage":"es","potentialAction":[{"@type":"ReadAction","target":["https:\/\/kinamihealth.com\/es\/producto\/neauvia-organic-intense-flux\/"]}]},{"@type":"ImageObject","inLanguage":"es","@id":"https:\/\/kinamihealth.com\/es\/producto\/neauvia-organic-intense-flux\/#primaryimage","url":"https:\/\/kinamihealth.com\/wp-content\/uploads\/2025\/02\/NEAUVIA-INTENSE-FLUX-01.jpg","contentUrl":"https:\/\/kinamihealth.com\/wp-content\/uploads\/2025\/02\/NEAUVIA-INTENSE-FLUX-01.jpg","width":800,"height":800},{"@type":"BreadcrumbList","@id":"https:\/\/kinamihealth.com\/es\/producto\/neauvia-organic-intense-flux\/#breadcrumb","itemListElement":[{"@type":"ListItem","position":1,"name":"P\u00e1gina de inicio","item":"https:\/\/kinamihealth.com\/"},{"@type":"ListItem","position":2,"name":"Tienda","item":"https:\/\/kinamihealth.com\/shop\/"},{"@type":"ListItem","position":3,"name":"NEAUVIA\u2122 ORGANIC INTENSE FLUX"}]},{"@type":"WebSite","@id":"https:\/\/kinamihealth.com\/#website","url":"https:\/\/kinamihealth.com\/","name":"Kinami Health","description":"","publisher":{"@id":"https:\/\/kinamihealth.com\/#organization"},"potentialAction":[{"@type":"SearchAction","target":{"@type":"EntryPoint","urlTemplate":"https:\/\/kinamihealth.com\/?s={search_term_string}"},"query-input":{"@type":"PropertyValueSpecification","valueRequired":true,"valueName":"search_term_string"}}],"inLanguage":"es"},{"@type":"Organization","@id":"https:\/\/kinamihealth.com\/#organization","name":"Kinami Health","url":"https:\/\/kinamihealth.com\/","logo":{"@type":"ImageObject","inLanguage":"es","@id":"https:\/\/kinamihealth.com\/#\/schema\/logo\/image\/","url":"https:\/\/kinamihealth.com\/wp-content\/uploads\/2025\/01\/KH_logo_black_2-1.png","contentUrl":"https:\/\/kinamihealth.com\/wp-content\/uploads\/2025\/01\/KH_logo_black_2-1.png","width":339,"height":34,"caption":"Kinami Health"},"image":{"@id":"https:\/\/kinamihealth.com\/#\/schema\/logo\/image\/"}}]}},"_links":{"self":[{"href":"https:\/\/kinamihealth.com\/es\/wp-json\/wp\/v2\/product\/107964","targetHints":{"allow":["GET"]}}],"collection":[{"href":"https:\/\/kinamihealth.com\/es\/wp-json\/wp\/v2\/product"}],"about":[{"href":"https:\/\/kinamihealth.com\/es\/wp-json\/wp\/v2\/types\/product"}],"replies":[{"embeddable":true,"href":"https:\/\/kinamihealth.com\/es\/wp-json\/wp\/v2\/comments?post=107964"}],"version-history":[{"count":0,"href":"https:\/\/kinamihealth.com\/es\/wp-json\/wp\/v2\/product\/107964\/revisions"}],"wp:featuredmedia":[{"embeddable":true,"href":"https:\/\/kinamihealth.com\/es\/wp-json\/wp\/v2\/media\/107965"}],"wp:attachment":[{"href":"https:\/\/kinamihealth.com\/es\/wp-json\/wp\/v2\/media?parent=107964"}],"wp:term":[{"taxonomy":"product_brand","embeddable":true,"href":"https:\/\/kinamihealth.com\/es\/wp-json\/wp\/v2\/product_brand?post=107964"},{"taxonomy":"product_cat","embeddable":true,"href":"https:\/\/kinamihealth.com\/es\/wp-json\/wp\/v2\/product_cat?post=107964"},{"taxonomy":"product_tag","embeddable":true,"href":"https:\/\/kinamihealth.com\/es\/wp-json\/wp\/v2\/product_tag?post=107964"}],"curies":[{"name":"wp","href":"https:\/\/api.w.org\/{rel}","templated":true}]}}