{"id":107947,"date":"2025-03-11T18:14:47","date_gmt":"2025-03-11T18:14:47","guid":{"rendered":"https:\/\/kinamihealth.com\/product\/monovisc\/"},"modified":"2026-04-02T14:15:39","modified_gmt":"2026-04-02T14:15:39","slug":"monovisc","status":"publish","type":"product","link":"https:\/\/kinamihealth.com\/es\/producto\/monovisc\/","title":{"rendered":"MONOVISC\u00ae"},"content":{"rendered":"<p>Monovisc es un tratamiento de alta calidad a base de \u00e1cido hialur\u00f3nico (HA) en una sola inyecci\u00f3n, dise\u00f1ado para pacientes con osteoartritis (OA). Esta soluci\u00f3n viscoel\u00e1stica inyectable ayuda a restaurar la lubricaci\u00f3n de las articulaciones, aliviando el dolor y mejorando la movilidad. Fabricado con hialuronato s\u00f3dico reticulado, Monovisc es un producto altamente purificado y de origen no animal. Es una opci\u00f3n muy popular entre los profesionales m\u00e9dicos debido a sus efectos duraderos y a la comodidad de una sola dosis.<\/p>\n","protected":false},"excerpt":{"rendered":"<p>Monovisc es un tratamiento de alta calidad a base de \u00e1cido hialur\u00f3nico (HA) en una sola inyecci\u00f3n, dise\u00f1ado para pacientes con osteoartritis (OA). Esta soluci\u00f3n viscoel\u00e1stica inyectable ayuda a restaurar la lubricaci\u00f3n de las articulaciones, aliviando el dolor y mejorando la movilidad. Fabricado con hialuronato s\u00f3dico reticulado, Monovisc es un producto altamente purificado y de [&hellip;]<\/p>\n","protected":false},"featured_media":107951,"comment_status":"closed","ping_status":"closed","template":"","meta":{"_acf_changed":false,"inline_featured_image":false},"product_brand":[1256],"product_cat":[1451],"product_tag":[1209],"class_list":{"0":"post-107947","1":"product","2":"type-product","3":"status-publish","4":"has-post-thumbnail","6":"product_brand-monovisc","7":"product_cat-inyecciones-ortopedicas","8":"product_tag-dispositivos-medicos","10":"first","11":"instock","12":"taxable","13":"shipping-taxable","14":"purchasable","15":"product-type-simple","16":"add-to-wishlist-before_image"},"acf":[],"yoast_head":"<!-- This site is optimized with the Yoast SEO plugin v27.3 - https:\/\/yoast.com\/product\/yoast-seo-wordpress\/ -->\n<title>Comprar inyecciones de Monovisc online | Tienda Online | Kinami Health<\/title>\n<meta name=\"description\" content=\"Compre inyecciones de Monovisc en l\u00ednea para aliviar eficazmente el dolor de la osteoartritis. Tratamiento de dosis \u00fanica con \u00e1cido hialur\u00f3nico para la lubricaci\u00f3n y movilidad de las articulaciones.\" \/>\n<meta name=\"robots\" content=\"index, follow, max-snippet:-1, max-image-preview:large, max-video-preview:-1\" \/>\n<link rel=\"canonical\" href=\"https:\/\/kinamihealth.com\/es\/wp-json\/wp\/v2\/product\/107947\" \/>\n<meta property=\"og:locale\" content=\"es_ES\" \/>\n<meta property=\"og:type\" content=\"article\" \/>\n<meta property=\"og:title\" content=\"Comprar inyecciones de Monovisc online | Tienda Online | Kinami Health\" \/>\n<meta property=\"og:description\" content=\"Compre inyecciones de Monovisc en l\u00ednea para aliviar eficazmente el dolor de la osteoartritis. Tratamiento de dosis \u00fanica con \u00e1cido hialur\u00f3nico para la lubricaci\u00f3n y movilidad de las articulaciones.\" \/>\n<meta property=\"og:url\" content=\"https:\/\/kinamihealth.com\/es\/producto\/monovisc\/\" \/>\n<meta property=\"og:site_name\" content=\"Kinami Health\" \/>\n<meta property=\"article:modified_time\" content=\"2026-04-02T14:15:39+00:00\" \/>\n<meta property=\"og:image\" content=\"https:\/\/kinamihealth.com\/wp-content\/uploads\/2025\/03\/MONOVISC-4ML-04.webp\" \/>\n\t<meta property=\"og:image:width\" content=\"800\" \/>\n\t<meta property=\"og:image:height\" content=\"800\" \/>\n\t<meta property=\"og:image:type\" content=\"image\/webp\" \/>\n<meta name=\"twitter:card\" content=\"summary_large_image\" \/>\n<meta name=\"twitter:label1\" content=\"Tiempo de lectura\" \/>\n\t<meta name=\"twitter:data1\" content=\"1 minuto\" \/>\n<!-- \/ Yoast SEO plugin. -->","yoast_head_json":{"title":"Comprar inyecciones de Monovisc online | Tienda Online | Kinami Health","description":"Compre inyecciones de Monovisc en l\u00ednea para aliviar eficazmente el dolor de la osteoartritis. Tratamiento de dosis \u00fanica con \u00e1cido hialur\u00f3nico para la lubricaci\u00f3n y movilidad de las articulaciones.","robots":{"index":"index","follow":"follow","max-snippet":"max-snippet:-1","max-image-preview":"max-image-preview:large","max-video-preview":"max-video-preview:-1"},"canonical":"https:\/\/kinamihealth.com\/es\/wp-json\/wp\/v2\/product\/107947","og_locale":"es_ES","og_type":"article","og_title":"Comprar inyecciones de Monovisc online | Tienda Online | Kinami Health","og_description":"Compre inyecciones de Monovisc en l\u00ednea para aliviar eficazmente el dolor de la osteoartritis. Tratamiento de dosis \u00fanica con \u00e1cido hialur\u00f3nico para la lubricaci\u00f3n y movilidad de las articulaciones.","og_url":"https:\/\/kinamihealth.com\/es\/producto\/monovisc\/","og_site_name":"Kinami Health","article_modified_time":"2026-04-02T14:15:39+00:00","og_image":[{"width":800,"height":800,"url":"https:\/\/kinamihealth.com\/wp-content\/uploads\/2025\/03\/MONOVISC-4ML-04.webp","type":"image\/webp"}],"twitter_card":"summary_large_image","twitter_misc":{"Tiempo de lectura":"1 minuto"},"schema":{"@context":"https:\/\/schema.org","@graph":[{"@type":"WebPage","@id":"https:\/\/kinamihealth.com\/es\/producto\/monovisc\/","url":"https:\/\/kinamihealth.com\/es\/producto\/monovisc\/","name":"Comprar inyecciones de Monovisc online | Tienda Online | Kinami Health","isPartOf":{"@id":"https:\/\/kinamihealth.com\/#website"},"primaryImageOfPage":{"@id":"https:\/\/kinamihealth.com\/es\/producto\/monovisc\/#primaryimage"},"image":{"@id":"https:\/\/kinamihealth.com\/es\/producto\/monovisc\/#primaryimage"},"thumbnailUrl":"https:\/\/kinamihealth.com\/wp-content\/uploads\/2025\/03\/MONOVISC-4ML-04.webp","datePublished":"2025-03-11T18:14:47+00:00","dateModified":"2026-04-02T14:15:39+00:00","description":"Compre inyecciones de Monovisc en l\u00ednea para aliviar eficazmente el dolor de la osteoartritis. Tratamiento de dosis \u00fanica con \u00e1cido hialur\u00f3nico para la lubricaci\u00f3n y movilidad de las articulaciones.","breadcrumb":{"@id":"https:\/\/kinamihealth.com\/es\/producto\/monovisc\/#breadcrumb"},"inLanguage":"es","potentialAction":[{"@type":"ReadAction","target":["https:\/\/kinamihealth.com\/es\/producto\/monovisc\/"]}]},{"@type":"ImageObject","inLanguage":"es","@id":"https:\/\/kinamihealth.com\/es\/producto\/monovisc\/#primaryimage","url":"https:\/\/kinamihealth.com\/wp-content\/uploads\/2025\/03\/MONOVISC-4ML-04.webp","contentUrl":"https:\/\/kinamihealth.com\/wp-content\/uploads\/2025\/03\/MONOVISC-4ML-04.webp","width":800,"height":800},{"@type":"BreadcrumbList","@id":"https:\/\/kinamihealth.com\/es\/producto\/monovisc\/#breadcrumb","itemListElement":[{"@type":"ListItem","position":1,"name":"P\u00e1gina de inicio","item":"https:\/\/kinamihealth.com\/"},{"@type":"ListItem","position":2,"name":"Tienda","item":"https:\/\/kinamihealth.com\/shop\/"},{"@type":"ListItem","position":3,"name":"MONOVISC\u00ae"}]},{"@type":"WebSite","@id":"https:\/\/kinamihealth.com\/#website","url":"https:\/\/kinamihealth.com\/","name":"Kinami Health","description":"","publisher":{"@id":"https:\/\/kinamihealth.com\/#organization"},"potentialAction":[{"@type":"SearchAction","target":{"@type":"EntryPoint","urlTemplate":"https:\/\/kinamihealth.com\/?s={search_term_string}"},"query-input":{"@type":"PropertyValueSpecification","valueRequired":true,"valueName":"search_term_string"}}],"inLanguage":"es"},{"@type":"Organization","@id":"https:\/\/kinamihealth.com\/#organization","name":"Kinami Health","url":"https:\/\/kinamihealth.com\/","logo":{"@type":"ImageObject","inLanguage":"es","@id":"https:\/\/kinamihealth.com\/#\/schema\/logo\/image\/","url":"https:\/\/kinamihealth.com\/wp-content\/uploads\/2025\/01\/KH_logo_black_2-1.png","contentUrl":"https:\/\/kinamihealth.com\/wp-content\/uploads\/2025\/01\/KH_logo_black_2-1.png","width":339,"height":34,"caption":"Kinami Health"},"image":{"@id":"https:\/\/kinamihealth.com\/#\/schema\/logo\/image\/"}}]}},"_links":{"self":[{"href":"https:\/\/kinamihealth.com\/es\/wp-json\/wp\/v2\/product\/107947","targetHints":{"allow":["GET"]}}],"collection":[{"href":"https:\/\/kinamihealth.com\/es\/wp-json\/wp\/v2\/product"}],"about":[{"href":"https:\/\/kinamihealth.com\/es\/wp-json\/wp\/v2\/types\/product"}],"replies":[{"embeddable":true,"href":"https:\/\/kinamihealth.com\/es\/wp-json\/wp\/v2\/comments?post=107947"}],"version-history":[{"count":1,"href":"https:\/\/kinamihealth.com\/es\/wp-json\/wp\/v2\/product\/107947\/revisions"}],"predecessor-version":[{"id":134353,"href":"https:\/\/kinamihealth.com\/es\/wp-json\/wp\/v2\/product\/107947\/revisions\/134353"}],"wp:featuredmedia":[{"embeddable":true,"href":"https:\/\/kinamihealth.com\/es\/wp-json\/wp\/v2\/media\/107951"}],"wp:attachment":[{"href":"https:\/\/kinamihealth.com\/es\/wp-json\/wp\/v2\/media?parent=107947"}],"wp:term":[{"taxonomy":"product_brand","embeddable":true,"href":"https:\/\/kinamihealth.com\/es\/wp-json\/wp\/v2\/product_brand?post=107947"},{"taxonomy":"product_cat","embeddable":true,"href":"https:\/\/kinamihealth.com\/es\/wp-json\/wp\/v2\/product_cat?post=107947"},{"taxonomy":"product_tag","embeddable":true,"href":"https:\/\/kinamihealth.com\/es\/wp-json\/wp\/v2\/product_tag?post=107947"}],"curies":[{"name":"wp","href":"https:\/\/api.w.org\/{rel}","templated":true}]}}