{"id":107936,"date":"2025-02-15T16:53:46","date_gmt":"2025-02-15T16:53:46","guid":{"rendered":"https:\/\/kinamihealth.com\/product\/mediderma-argipeel-exfoliating-gel\/"},"modified":"2026-01-22T12:28:43","modified_gmt":"2026-01-22T12:28:43","slug":"mediderma-argipeel-exfoliating-gel","status":"publish","type":"product","link":"https:\/\/kinamihealth.com\/es\/producto\/mediderma-argipeel-exfoliating-gel\/","title":{"rendered":"MEDIDERMA\u00ae ARGIPEEL EXFOLIATING GEL"},"content":{"rendered":"<p>El gel exfoliante Argipeel es una soluci\u00f3n suave pero altamente eficaz dise\u00f1ada espec\u00edficamente para pieles sensibles. Este avanzado tratamiento utiliza una combinaci\u00f3n de arginina y \u00e1cido l\u00e1ctico para suavizar e hidratar la piel, mientras reduce las l\u00edneas de expresi\u00f3n y promueve un cutis m\u00e1s luminoso. Es la alternativa no irritante ideal a los peelings qu\u00edmicos tradicionales.<\/p>\n","protected":false},"excerpt":{"rendered":"<p>El gel exfoliante Argipeel es una soluci\u00f3n suave pero altamente eficaz dise\u00f1ada espec\u00edficamente para pieles sensibles. Este avanzado tratamiento utiliza una combinaci\u00f3n de arginina y \u00e1cido l\u00e1ctico para suavizar e hidratar la piel, mientras reduce las l\u00edneas de expresi\u00f3n y promueve un cutis m\u00e1s luminoso. Es la alternativa no irritante ideal a los peelings qu\u00edmicos [&hellip;]<\/p>\n","protected":false},"featured_media":107937,"comment_status":"closed","ping_status":"closed","template":"","meta":{"_acf_changed":false,"inline_featured_image":false},"product_brand":[1254],"product_cat":[1452],"product_tag":[1209],"class_list":{"0":"post-107936","1":"product","2":"type-product","3":"status-publish","4":"has-post-thumbnail","6":"product_brand-mediderma","7":"product_cat-peelings-y-mascarillas","8":"product_tag-dispositivos-medicos","10":"first","11":"instock","12":"taxable","13":"shipping-taxable","14":"purchasable","15":"product-type-simple","16":"add-to-wishlist-before_image"},"acf":[],"yoast_head":"<!-- This site is optimized with the Yoast SEO plugin v27.1.1 - https:\/\/yoast.com\/product\/yoast-seo-wordpress\/ -->\n<title>Comprar ARGIPEEL EXFOLIATING GEL online | Tienda Online | Kinami Health<\/title>\n<meta name=\"description\" content=\"Compre el gel exfoliante Argipeel en l\u00ednea: ideal para pieles sensibles, este tratamiento exfoliante mejora la textura, la hidrataci\u00f3n y la luminosidad sin irritar.\" \/>\n<meta name=\"robots\" content=\"index, follow, max-snippet:-1, max-image-preview:large, max-video-preview:-1\" \/>\n<link rel=\"canonical\" href=\"https:\/\/kinamihealth.com\/es\/wp-json\/wp\/v2\/product\/107936\" \/>\n<meta property=\"og:locale\" content=\"es_ES\" \/>\n<meta property=\"og:type\" content=\"article\" \/>\n<meta property=\"og:title\" content=\"Comprar ARGIPEEL EXFOLIATING GEL online | Tienda Online | Kinami Health\" \/>\n<meta property=\"og:description\" content=\"Compre el gel exfoliante Argipeel en l\u00ednea: ideal para pieles sensibles, este tratamiento exfoliante mejora la textura, la hidrataci\u00f3n y la luminosidad sin irritar.\" \/>\n<meta property=\"og:url\" content=\"https:\/\/kinamihealth.com\/es\/producto\/mediderma-argipeel-exfoliating-gel\/\" \/>\n<meta property=\"og:site_name\" content=\"Kinami Health\" \/>\n<meta property=\"article:modified_time\" content=\"2026-01-22T12:28:43+00:00\" \/>\n<meta property=\"og:image\" content=\"https:\/\/kinamihealth.com\/wp-content\/uploads\/2025\/02\/MEDIDERMA-ARGIPEEL-EXFOLIATING-GEL-01.webp\" \/>\n\t<meta property=\"og:image:width\" content=\"800\" \/>\n\t<meta property=\"og:image:height\" content=\"800\" \/>\n\t<meta property=\"og:image:type\" content=\"image\/webp\" \/>\n<meta name=\"twitter:card\" content=\"summary_large_image\" \/>\n<meta name=\"twitter:label1\" content=\"Tiempo de lectura\" \/>\n\t<meta name=\"twitter:data1\" content=\"1 minuto\" \/>\n<!-- \/ Yoast SEO plugin. -->","yoast_head_json":{"title":"Comprar ARGIPEEL EXFOLIATING GEL online | Tienda Online | Kinami Health","description":"Compre el gel exfoliante Argipeel en l\u00ednea: ideal para pieles sensibles, este tratamiento exfoliante mejora la textura, la hidrataci\u00f3n y la luminosidad sin irritar.","robots":{"index":"index","follow":"follow","max-snippet":"max-snippet:-1","max-image-preview":"max-image-preview:large","max-video-preview":"max-video-preview:-1"},"canonical":"https:\/\/kinamihealth.com\/es\/wp-json\/wp\/v2\/product\/107936","og_locale":"es_ES","og_type":"article","og_title":"Comprar ARGIPEEL EXFOLIATING GEL online | Tienda Online | Kinami Health","og_description":"Compre el gel exfoliante Argipeel en l\u00ednea: ideal para pieles sensibles, este tratamiento exfoliante mejora la textura, la hidrataci\u00f3n y la luminosidad sin irritar.","og_url":"https:\/\/kinamihealth.com\/es\/producto\/mediderma-argipeel-exfoliating-gel\/","og_site_name":"Kinami Health","article_modified_time":"2026-01-22T12:28:43+00:00","og_image":[{"width":800,"height":800,"url":"https:\/\/kinamihealth.com\/wp-content\/uploads\/2025\/02\/MEDIDERMA-ARGIPEEL-EXFOLIATING-GEL-01.webp","type":"image\/webp"}],"twitter_card":"summary_large_image","twitter_misc":{"Tiempo de lectura":"1 minuto"},"schema":{"@context":"https:\/\/schema.org","@graph":[{"@type":"WebPage","@id":"https:\/\/kinamihealth.com\/es\/producto\/mediderma-argipeel-exfoliating-gel\/","url":"https:\/\/kinamihealth.com\/es\/producto\/mediderma-argipeel-exfoliating-gel\/","name":"Comprar ARGIPEEL EXFOLIATING GEL online | Tienda Online | Kinami Health","isPartOf":{"@id":"https:\/\/kinamihealth.com\/#website"},"primaryImageOfPage":{"@id":"https:\/\/kinamihealth.com\/es\/producto\/mediderma-argipeel-exfoliating-gel\/#primaryimage"},"image":{"@id":"https:\/\/kinamihealth.com\/es\/producto\/mediderma-argipeel-exfoliating-gel\/#primaryimage"},"thumbnailUrl":"https:\/\/kinamihealth.com\/wp-content\/uploads\/2025\/02\/MEDIDERMA-ARGIPEEL-EXFOLIATING-GEL-01.webp","datePublished":"2025-02-15T16:53:46+00:00","dateModified":"2026-01-22T12:28:43+00:00","description":"Compre el gel exfoliante Argipeel en l\u00ednea: ideal para pieles sensibles, este tratamiento exfoliante mejora la textura, la hidrataci\u00f3n y la luminosidad sin irritar.","breadcrumb":{"@id":"https:\/\/kinamihealth.com\/es\/producto\/mediderma-argipeel-exfoliating-gel\/#breadcrumb"},"inLanguage":"es","potentialAction":[{"@type":"ReadAction","target":["https:\/\/kinamihealth.com\/es\/producto\/mediderma-argipeel-exfoliating-gel\/"]}]},{"@type":"ImageObject","inLanguage":"es","@id":"https:\/\/kinamihealth.com\/es\/producto\/mediderma-argipeel-exfoliating-gel\/#primaryimage","url":"https:\/\/kinamihealth.com\/wp-content\/uploads\/2025\/02\/MEDIDERMA-ARGIPEEL-EXFOLIATING-GEL-01.webp","contentUrl":"https:\/\/kinamihealth.com\/wp-content\/uploads\/2025\/02\/MEDIDERMA-ARGIPEEL-EXFOLIATING-GEL-01.webp","width":800,"height":800},{"@type":"BreadcrumbList","@id":"https:\/\/kinamihealth.com\/es\/producto\/mediderma-argipeel-exfoliating-gel\/#breadcrumb","itemListElement":[{"@type":"ListItem","position":1,"name":"P\u00e1gina de inicio","item":"https:\/\/kinamihealth.com\/"},{"@type":"ListItem","position":2,"name":"Tienda","item":"https:\/\/kinamihealth.com\/shop\/"},{"@type":"ListItem","position":3,"name":"MEDIDERMA\u00ae ARGIPEEL EXFOLIATING GEL"}]},{"@type":"WebSite","@id":"https:\/\/kinamihealth.com\/#website","url":"https:\/\/kinamihealth.com\/","name":"Kinami Health","description":"","publisher":{"@id":"https:\/\/kinamihealth.com\/#organization"},"potentialAction":[{"@type":"SearchAction","target":{"@type":"EntryPoint","urlTemplate":"https:\/\/kinamihealth.com\/?s={search_term_string}"},"query-input":{"@type":"PropertyValueSpecification","valueRequired":true,"valueName":"search_term_string"}}],"inLanguage":"es"},{"@type":"Organization","@id":"https:\/\/kinamihealth.com\/#organization","name":"Kinami Health","url":"https:\/\/kinamihealth.com\/","logo":{"@type":"ImageObject","inLanguage":"es","@id":"https:\/\/kinamihealth.com\/#\/schema\/logo\/image\/","url":"https:\/\/kinamihealth.com\/wp-content\/uploads\/2025\/01\/KH_logo_black_2-1.png","contentUrl":"https:\/\/kinamihealth.com\/wp-content\/uploads\/2025\/01\/KH_logo_black_2-1.png","width":339,"height":34,"caption":"Kinami Health"},"image":{"@id":"https:\/\/kinamihealth.com\/#\/schema\/logo\/image\/"}}]}},"_links":{"self":[{"href":"https:\/\/kinamihealth.com\/es\/wp-json\/wp\/v2\/product\/107936","targetHints":{"allow":["GET"]}}],"collection":[{"href":"https:\/\/kinamihealth.com\/es\/wp-json\/wp\/v2\/product"}],"about":[{"href":"https:\/\/kinamihealth.com\/es\/wp-json\/wp\/v2\/types\/product"}],"replies":[{"embeddable":true,"href":"https:\/\/kinamihealth.com\/es\/wp-json\/wp\/v2\/comments?post=107936"}],"version-history":[{"count":0,"href":"https:\/\/kinamihealth.com\/es\/wp-json\/wp\/v2\/product\/107936\/revisions"}],"wp:featuredmedia":[{"embeddable":true,"href":"https:\/\/kinamihealth.com\/es\/wp-json\/wp\/v2\/media\/107937"}],"wp:attachment":[{"href":"https:\/\/kinamihealth.com\/es\/wp-json\/wp\/v2\/media?parent=107936"}],"wp:term":[{"taxonomy":"product_brand","embeddable":true,"href":"https:\/\/kinamihealth.com\/es\/wp-json\/wp\/v2\/product_brand?post=107936"},{"taxonomy":"product_cat","embeddable":true,"href":"https:\/\/kinamihealth.com\/es\/wp-json\/wp\/v2\/product_cat?post=107936"},{"taxonomy":"product_tag","embeddable":true,"href":"https:\/\/kinamihealth.com\/es\/wp-json\/wp\/v2\/product_tag?post=107936"}],"curies":[{"name":"wp","href":"https:\/\/api.w.org\/{rel}","templated":true}]}}