{"id":107638,"date":"2025-02-15T16:55:12","date_gmt":"2025-02-15T16:55:12","guid":{"rendered":"https:\/\/kinamihealth.com\/product\/mediderma-glowing-powder-chemical-peel-additives\/"},"modified":"2026-01-22T12:30:04","modified_gmt":"2026-01-22T12:30:04","slug":"mediderma-glowing-powder-chemical-peel-additives","status":"publish","type":"product","link":"https:\/\/kinamihealth.com\/es\/producto\/mediderma-glowing-powder-chemical-peel-additives\/","title":{"rendered":"MEDIDERMA\u00ae GLOWING POWDER &#8211; CHEMICAL PEEL ADDITIVES"},"content":{"rendered":"<p>GLOWING POWDER es un peeling qu\u00edmico que ofrece m\u00faltiples beneficios para la piel. Su potente f\u00f3rmula antioxidante previene el da\u00f1o oxidativo y la formaci\u00f3n de radicales libres, mientras que participa en la s\u00edntesis de col\u00e1geno, lo que hidrata, suaviza y reduce las arrugas. Con un efecto fotoprotector, aclara la piel al inhibir la s\u00edntesis de melanina. Adem\u00e1s, contiene un componente que facilita la penetraci\u00f3n de sus principios activos para una acci\u00f3n m\u00e1s profunda y eficaz.<\/p>\n","protected":false},"excerpt":{"rendered":"<p>GLOWING POWDER es un peeling qu\u00edmico que ofrece m\u00faltiples beneficios para la piel. Su potente f\u00f3rmula antioxidante previene el da\u00f1o oxidativo y la formaci\u00f3n de radicales libres, mientras que participa en la s\u00edntesis de col\u00e1geno, lo que hidrata, suaviza y reduce las arrugas. Con un efecto fotoprotector, aclara la piel al inhibir la s\u00edntesis de [&hellip;]<\/p>\n","protected":false},"featured_media":107639,"comment_status":"closed","ping_status":"closed","template":"","meta":{"_acf_changed":false,"inline_featured_image":false},"product_brand":[1254],"product_cat":[1452],"product_tag":[1209],"class_list":{"0":"post-107638","1":"product","2":"type-product","3":"status-publish","4":"has-post-thumbnail","6":"product_brand-mediderma","7":"product_cat-peelings-y-mascarillas","8":"product_tag-dispositivos-medicos","10":"first","11":"instock","12":"taxable","13":"shipping-taxable","14":"purchasable","15":"product-type-simple","16":"add-to-wishlist-before_image"},"acf":[],"yoast_head":"<!-- This site is optimized with the Yoast SEO plugin v27.1.1 - https:\/\/yoast.com\/product\/yoast-seo-wordpress\/ -->\n<title>Comprar Glowing Powder - Chemical Peel Additives online | Tienda online | Kinami Health<\/title>\n<meta name=\"description\" content=\"Compre Glowing Powder, un aditivo para peeling qu\u00edmico ideal para reducir la pigmentaci\u00f3n, iluminar la piel y potenciar la eficacia del peeling.\" \/>\n<meta name=\"robots\" content=\"index, follow, max-snippet:-1, max-image-preview:large, max-video-preview:-1\" \/>\n<link rel=\"canonical\" href=\"https:\/\/kinamihealth.com\/es\/wp-json\/wp\/v2\/product\/107638\" \/>\n<meta property=\"og:locale\" content=\"es_ES\" \/>\n<meta property=\"og:type\" content=\"article\" \/>\n<meta property=\"og:title\" content=\"Comprar Glowing Powder - Chemical Peel Additives online | Tienda online | Kinami Health\" \/>\n<meta property=\"og:description\" content=\"Compre Glowing Powder, un aditivo para peeling qu\u00edmico ideal para reducir la pigmentaci\u00f3n, iluminar la piel y potenciar la eficacia del peeling.\" \/>\n<meta property=\"og:url\" content=\"https:\/\/kinamihealth.com\/es\/producto\/mediderma-glowing-powder-chemical-peel-additives\/\" \/>\n<meta property=\"og:site_name\" content=\"Kinami Health\" \/>\n<meta property=\"article:modified_time\" content=\"2026-01-22T12:30:04+00:00\" \/>\n<meta property=\"og:image\" content=\"https:\/\/kinamihealth.com\/wp-content\/uploads\/2025\/02\/MEDIDERMA-GLOWING-POWDER-CHEMICAL-PEEL-ADDITIVES-01.jpg\" \/>\n\t<meta property=\"og:image:width\" content=\"800\" \/>\n\t<meta property=\"og:image:height\" content=\"800\" \/>\n\t<meta property=\"og:image:type\" content=\"image\/jpeg\" \/>\n<meta name=\"twitter:card\" content=\"summary_large_image\" \/>\n<meta name=\"twitter:label1\" content=\"Tiempo de lectura\" \/>\n\t<meta name=\"twitter:data1\" content=\"1 minuto\" \/>\n<!-- \/ Yoast SEO plugin. -->","yoast_head_json":{"title":"Comprar Glowing Powder - Chemical Peel Additives online | Tienda online | Kinami Health","description":"Compre Glowing Powder, un aditivo para peeling qu\u00edmico ideal para reducir la pigmentaci\u00f3n, iluminar la piel y potenciar la eficacia del peeling.","robots":{"index":"index","follow":"follow","max-snippet":"max-snippet:-1","max-image-preview":"max-image-preview:large","max-video-preview":"max-video-preview:-1"},"canonical":"https:\/\/kinamihealth.com\/es\/wp-json\/wp\/v2\/product\/107638","og_locale":"es_ES","og_type":"article","og_title":"Comprar Glowing Powder - Chemical Peel Additives online | Tienda online | Kinami Health","og_description":"Compre Glowing Powder, un aditivo para peeling qu\u00edmico ideal para reducir la pigmentaci\u00f3n, iluminar la piel y potenciar la eficacia del peeling.","og_url":"https:\/\/kinamihealth.com\/es\/producto\/mediderma-glowing-powder-chemical-peel-additives\/","og_site_name":"Kinami Health","article_modified_time":"2026-01-22T12:30:04+00:00","og_image":[{"width":800,"height":800,"url":"https:\/\/kinamihealth.com\/wp-content\/uploads\/2025\/02\/MEDIDERMA-GLOWING-POWDER-CHEMICAL-PEEL-ADDITIVES-01.jpg","type":"image\/jpeg"}],"twitter_card":"summary_large_image","twitter_misc":{"Tiempo de lectura":"1 minuto"},"schema":{"@context":"https:\/\/schema.org","@graph":[{"@type":"WebPage","@id":"https:\/\/kinamihealth.com\/es\/producto\/mediderma-glowing-powder-chemical-peel-additives\/","url":"https:\/\/kinamihealth.com\/es\/producto\/mediderma-glowing-powder-chemical-peel-additives\/","name":"Comprar Glowing Powder - Chemical Peel Additives online | Tienda online | Kinami Health","isPartOf":{"@id":"https:\/\/kinamihealth.com\/#website"},"primaryImageOfPage":{"@id":"https:\/\/kinamihealth.com\/es\/producto\/mediderma-glowing-powder-chemical-peel-additives\/#primaryimage"},"image":{"@id":"https:\/\/kinamihealth.com\/es\/producto\/mediderma-glowing-powder-chemical-peel-additives\/#primaryimage"},"thumbnailUrl":"https:\/\/kinamihealth.com\/wp-content\/uploads\/2025\/02\/MEDIDERMA-GLOWING-POWDER-CHEMICAL-PEEL-ADDITIVES-01.jpg","datePublished":"2025-02-15T16:55:12+00:00","dateModified":"2026-01-22T12:30:04+00:00","description":"Compre Glowing Powder, un aditivo para peeling qu\u00edmico ideal para reducir la pigmentaci\u00f3n, iluminar la piel y potenciar la eficacia del peeling.","breadcrumb":{"@id":"https:\/\/kinamihealth.com\/es\/producto\/mediderma-glowing-powder-chemical-peel-additives\/#breadcrumb"},"inLanguage":"es","potentialAction":[{"@type":"ReadAction","target":["https:\/\/kinamihealth.com\/es\/producto\/mediderma-glowing-powder-chemical-peel-additives\/"]}]},{"@type":"ImageObject","inLanguage":"es","@id":"https:\/\/kinamihealth.com\/es\/producto\/mediderma-glowing-powder-chemical-peel-additives\/#primaryimage","url":"https:\/\/kinamihealth.com\/wp-content\/uploads\/2025\/02\/MEDIDERMA-GLOWING-POWDER-CHEMICAL-PEEL-ADDITIVES-01.jpg","contentUrl":"https:\/\/kinamihealth.com\/wp-content\/uploads\/2025\/02\/MEDIDERMA-GLOWING-POWDER-CHEMICAL-PEEL-ADDITIVES-01.jpg","width":800,"height":800},{"@type":"BreadcrumbList","@id":"https:\/\/kinamihealth.com\/es\/producto\/mediderma-glowing-powder-chemical-peel-additives\/#breadcrumb","itemListElement":[{"@type":"ListItem","position":1,"name":"P\u00e1gina de inicio","item":"https:\/\/kinamihealth.com\/"},{"@type":"ListItem","position":2,"name":"Tienda","item":"https:\/\/kinamihealth.com\/shop\/"},{"@type":"ListItem","position":3,"name":"MEDIDERMA\u00ae GLOWING POWDER &#8211; CHEMICAL PEEL ADDITIVES"}]},{"@type":"WebSite","@id":"https:\/\/kinamihealth.com\/#website","url":"https:\/\/kinamihealth.com\/","name":"Kinami Health","description":"","publisher":{"@id":"https:\/\/kinamihealth.com\/#organization"},"potentialAction":[{"@type":"SearchAction","target":{"@type":"EntryPoint","urlTemplate":"https:\/\/kinamihealth.com\/?s={search_term_string}"},"query-input":{"@type":"PropertyValueSpecification","valueRequired":true,"valueName":"search_term_string"}}],"inLanguage":"es"},{"@type":"Organization","@id":"https:\/\/kinamihealth.com\/#organization","name":"Kinami Health","url":"https:\/\/kinamihealth.com\/","logo":{"@type":"ImageObject","inLanguage":"es","@id":"https:\/\/kinamihealth.com\/#\/schema\/logo\/image\/","url":"https:\/\/kinamihealth.com\/wp-content\/uploads\/2025\/01\/KH_logo_black_2-1.png","contentUrl":"https:\/\/kinamihealth.com\/wp-content\/uploads\/2025\/01\/KH_logo_black_2-1.png","width":339,"height":34,"caption":"Kinami Health"},"image":{"@id":"https:\/\/kinamihealth.com\/#\/schema\/logo\/image\/"}}]}},"_links":{"self":[{"href":"https:\/\/kinamihealth.com\/es\/wp-json\/wp\/v2\/product\/107638","targetHints":{"allow":["GET"]}}],"collection":[{"href":"https:\/\/kinamihealth.com\/es\/wp-json\/wp\/v2\/product"}],"about":[{"href":"https:\/\/kinamihealth.com\/es\/wp-json\/wp\/v2\/types\/product"}],"replies":[{"embeddable":true,"href":"https:\/\/kinamihealth.com\/es\/wp-json\/wp\/v2\/comments?post=107638"}],"version-history":[{"count":0,"href":"https:\/\/kinamihealth.com\/es\/wp-json\/wp\/v2\/product\/107638\/revisions"}],"wp:featuredmedia":[{"embeddable":true,"href":"https:\/\/kinamihealth.com\/es\/wp-json\/wp\/v2\/media\/107639"}],"wp:attachment":[{"href":"https:\/\/kinamihealth.com\/es\/wp-json\/wp\/v2\/media?parent=107638"}],"wp:term":[{"taxonomy":"product_brand","embeddable":true,"href":"https:\/\/kinamihealth.com\/es\/wp-json\/wp\/v2\/product_brand?post=107638"},{"taxonomy":"product_cat","embeddable":true,"href":"https:\/\/kinamihealth.com\/es\/wp-json\/wp\/v2\/product_cat?post=107638"},{"taxonomy":"product_tag","embeddable":true,"href":"https:\/\/kinamihealth.com\/es\/wp-json\/wp\/v2\/product_tag?post=107638"}],"curies":[{"name":"wp","href":"https:\/\/api.w.org\/{rel}","templated":true}]}}