{"id":107628,"date":"2025-02-15T16:54:49","date_gmt":"2025-02-15T16:54:49","guid":{"rendered":"https:\/\/kinamihealth.com\/product\/mediderma-ferulac-peel-classic\/"},"modified":"2026-01-22T12:29:43","modified_gmt":"2026-01-22T12:29:43","slug":"mediderma-ferulac-peel-classic","status":"publish","type":"product","link":"https:\/\/kinamihealth.com\/es\/producto\/mediderma-ferulac-peel-classic\/","title":{"rendered":"MEDIDERMA\u00ae FERULAC PEEL CLASSIC"},"content":{"rendered":"<p>FERULAC PEEL CLASSIC es un peeling qu\u00edmico dise\u00f1ado para tratar el fotoenvejecimiento, la hiperpigmentaci\u00f3n y las manchas solares. Su f\u00f3rmula incluye \u00e1cido fer\u00falico, que posee potentes propiedades antioxidantes. Protege la piel de los radicales libres, inhibe y neutraliza su acci\u00f3n, y potencia los efectos de las vitaminas C y E. Tambi\u00e9n minimiza el da\u00f1o causado por el sol, controla la actividad de la tirosinasa a la vez que previene y aclara las pigmentaciones no deseadas. Adem\u00e1s, contiene floretina, que favorece la penetraci\u00f3n de los dem\u00e1s ingredientes. Tambi\u00e9n inhibe la actividad de la elastasa, una enzima responsable de la degradaci\u00f3n de las fibras el\u00e1sticas, y posee propiedades antioxidantes.<\/p>\n","protected":false},"excerpt":{"rendered":"<p>FERULAC PEEL CLASSIC es un peeling qu\u00edmico dise\u00f1ado para tratar el fotoenvejecimiento, la hiperpigmentaci\u00f3n y las manchas solares. Su f\u00f3rmula incluye \u00e1cido fer\u00falico, que posee potentes propiedades antioxidantes. Protege la piel de los radicales libres, inhibe y neutraliza su acci\u00f3n, y potencia los efectos de las vitaminas C y E. Tambi\u00e9n minimiza el da\u00f1o causado [&hellip;]<\/p>\n","protected":false},"featured_media":107629,"comment_status":"closed","ping_status":"closed","template":"","meta":{"_acf_changed":false,"inline_featured_image":false},"product_brand":[1254],"product_cat":[1452],"product_tag":[1209],"class_list":{"0":"post-107628","1":"product","2":"type-product","3":"status-publish","4":"has-post-thumbnail","6":"product_brand-mediderma","7":"product_cat-peelings-y-mascarillas","8":"product_tag-dispositivos-medicos","10":"first","11":"instock","12":"taxable","13":"shipping-taxable","14":"purchasable","15":"product-type-simple","16":"add-to-wishlist-before_image"},"acf":[],"yoast_head":"<!-- This site is optimized with the Yoast SEO plugin v27.3 - https:\/\/yoast.com\/product\/yoast-seo-wordpress\/ -->\n<title>Comprar FERULAC PEEL CLASSIC 60ml online | Tienda en l\u00ednea | Kinami Health<\/title>\n<meta name=\"description\" content=\"Compre FERULAC PEEL CLASSIC 60ml online para tratar las afecciones cut\u00e1neas causadas por el fotoenvejecimiento, las manchas solares y la hiperpigmentaci\u00f3n, revitalizando y rejuveneciendo la piel.\" \/>\n<meta name=\"robots\" content=\"index, follow, max-snippet:-1, max-image-preview:large, max-video-preview:-1\" \/>\n<link rel=\"canonical\" href=\"https:\/\/kinamihealth.com\/es\/wp-json\/wp\/v2\/product\/107628\" \/>\n<meta property=\"og:locale\" content=\"es_ES\" \/>\n<meta property=\"og:type\" content=\"article\" \/>\n<meta property=\"og:title\" content=\"Comprar FERULAC PEEL CLASSIC 60ml online | Tienda en l\u00ednea | Kinami Health\" \/>\n<meta property=\"og:description\" content=\"Compre FERULAC PEEL CLASSIC 60ml online para tratar las afecciones cut\u00e1neas causadas por el fotoenvejecimiento, las manchas solares y la hiperpigmentaci\u00f3n, revitalizando y rejuveneciendo la piel.\" \/>\n<meta property=\"og:url\" content=\"https:\/\/kinamihealth.com\/es\/producto\/mediderma-ferulac-peel-classic\/\" \/>\n<meta property=\"og:site_name\" content=\"Kinami Health\" \/>\n<meta property=\"article:modified_time\" content=\"2026-01-22T12:29:43+00:00\" \/>\n<meta property=\"og:image\" content=\"https:\/\/kinamihealth.com\/wp-content\/uploads\/2025\/02\/MEDIDERMA-FERULAC-PEEL-CLASSIC-01.jpg\" \/>\n\t<meta property=\"og:image:width\" content=\"800\" \/>\n\t<meta property=\"og:image:height\" content=\"800\" \/>\n\t<meta property=\"og:image:type\" content=\"image\/jpeg\" \/>\n<meta name=\"twitter:card\" content=\"summary_large_image\" \/>\n<meta name=\"twitter:label1\" content=\"Tiempo de lectura\" \/>\n\t<meta name=\"twitter:data1\" content=\"1 minuto\" \/>\n<!-- \/ Yoast SEO plugin. -->","yoast_head_json":{"title":"Comprar FERULAC PEEL CLASSIC 60ml online | Tienda en l\u00ednea | Kinami Health","description":"Compre FERULAC PEEL CLASSIC 60ml online para tratar las afecciones cut\u00e1neas causadas por el fotoenvejecimiento, las manchas solares y la hiperpigmentaci\u00f3n, revitalizando y rejuveneciendo la piel.","robots":{"index":"index","follow":"follow","max-snippet":"max-snippet:-1","max-image-preview":"max-image-preview:large","max-video-preview":"max-video-preview:-1"},"canonical":"https:\/\/kinamihealth.com\/es\/wp-json\/wp\/v2\/product\/107628","og_locale":"es_ES","og_type":"article","og_title":"Comprar FERULAC PEEL CLASSIC 60ml online | Tienda en l\u00ednea | Kinami Health","og_description":"Compre FERULAC PEEL CLASSIC 60ml online para tratar las afecciones cut\u00e1neas causadas por el fotoenvejecimiento, las manchas solares y la hiperpigmentaci\u00f3n, revitalizando y rejuveneciendo la piel.","og_url":"https:\/\/kinamihealth.com\/es\/producto\/mediderma-ferulac-peel-classic\/","og_site_name":"Kinami Health","article_modified_time":"2026-01-22T12:29:43+00:00","og_image":[{"width":800,"height":800,"url":"https:\/\/kinamihealth.com\/wp-content\/uploads\/2025\/02\/MEDIDERMA-FERULAC-PEEL-CLASSIC-01.jpg","type":"image\/jpeg"}],"twitter_card":"summary_large_image","twitter_misc":{"Tiempo de lectura":"1 minuto"},"schema":{"@context":"https:\/\/schema.org","@graph":[{"@type":"WebPage","@id":"https:\/\/kinamihealth.com\/es\/producto\/mediderma-ferulac-peel-classic\/","url":"https:\/\/kinamihealth.com\/es\/producto\/mediderma-ferulac-peel-classic\/","name":"Comprar FERULAC PEEL CLASSIC 60ml online | Tienda en l\u00ednea | Kinami Health","isPartOf":{"@id":"https:\/\/kinamihealth.com\/#website"},"primaryImageOfPage":{"@id":"https:\/\/kinamihealth.com\/es\/producto\/mediderma-ferulac-peel-classic\/#primaryimage"},"image":{"@id":"https:\/\/kinamihealth.com\/es\/producto\/mediderma-ferulac-peel-classic\/#primaryimage"},"thumbnailUrl":"https:\/\/kinamihealth.com\/wp-content\/uploads\/2025\/02\/MEDIDERMA-FERULAC-PEEL-CLASSIC-01.jpg","datePublished":"2025-02-15T16:54:49+00:00","dateModified":"2026-01-22T12:29:43+00:00","description":"Compre FERULAC PEEL CLASSIC 60ml online para tratar las afecciones cut\u00e1neas causadas por el fotoenvejecimiento, las manchas solares y la hiperpigmentaci\u00f3n, revitalizando y rejuveneciendo la piel.","breadcrumb":{"@id":"https:\/\/kinamihealth.com\/es\/producto\/mediderma-ferulac-peel-classic\/#breadcrumb"},"inLanguage":"es","potentialAction":[{"@type":"ReadAction","target":["https:\/\/kinamihealth.com\/es\/producto\/mediderma-ferulac-peel-classic\/"]}]},{"@type":"ImageObject","inLanguage":"es","@id":"https:\/\/kinamihealth.com\/es\/producto\/mediderma-ferulac-peel-classic\/#primaryimage","url":"https:\/\/kinamihealth.com\/wp-content\/uploads\/2025\/02\/MEDIDERMA-FERULAC-PEEL-CLASSIC-01.jpg","contentUrl":"https:\/\/kinamihealth.com\/wp-content\/uploads\/2025\/02\/MEDIDERMA-FERULAC-PEEL-CLASSIC-01.jpg","width":800,"height":800},{"@type":"BreadcrumbList","@id":"https:\/\/kinamihealth.com\/es\/producto\/mediderma-ferulac-peel-classic\/#breadcrumb","itemListElement":[{"@type":"ListItem","position":1,"name":"P\u00e1gina de inicio","item":"https:\/\/kinamihealth.com\/"},{"@type":"ListItem","position":2,"name":"Tienda","item":"https:\/\/kinamihealth.com\/shop\/"},{"@type":"ListItem","position":3,"name":"MEDIDERMA\u00ae FERULAC PEEL CLASSIC"}]},{"@type":"WebSite","@id":"https:\/\/kinamihealth.com\/#website","url":"https:\/\/kinamihealth.com\/","name":"Kinami Health","description":"","publisher":{"@id":"https:\/\/kinamihealth.com\/#organization"},"potentialAction":[{"@type":"SearchAction","target":{"@type":"EntryPoint","urlTemplate":"https:\/\/kinamihealth.com\/?s={search_term_string}"},"query-input":{"@type":"PropertyValueSpecification","valueRequired":true,"valueName":"search_term_string"}}],"inLanguage":"es"},{"@type":"Organization","@id":"https:\/\/kinamihealth.com\/#organization","name":"Kinami Health","url":"https:\/\/kinamihealth.com\/","logo":{"@type":"ImageObject","inLanguage":"es","@id":"https:\/\/kinamihealth.com\/#\/schema\/logo\/image\/","url":"https:\/\/kinamihealth.com\/wp-content\/uploads\/2025\/01\/KH_logo_black_2-1.png","contentUrl":"https:\/\/kinamihealth.com\/wp-content\/uploads\/2025\/01\/KH_logo_black_2-1.png","width":339,"height":34,"caption":"Kinami Health"},"image":{"@id":"https:\/\/kinamihealth.com\/#\/schema\/logo\/image\/"}}]}},"_links":{"self":[{"href":"https:\/\/kinamihealth.com\/es\/wp-json\/wp\/v2\/product\/107628","targetHints":{"allow":["GET"]}}],"collection":[{"href":"https:\/\/kinamihealth.com\/es\/wp-json\/wp\/v2\/product"}],"about":[{"href":"https:\/\/kinamihealth.com\/es\/wp-json\/wp\/v2\/types\/product"}],"replies":[{"embeddable":true,"href":"https:\/\/kinamihealth.com\/es\/wp-json\/wp\/v2\/comments?post=107628"}],"version-history":[{"count":0,"href":"https:\/\/kinamihealth.com\/es\/wp-json\/wp\/v2\/product\/107628\/revisions"}],"wp:featuredmedia":[{"embeddable":true,"href":"https:\/\/kinamihealth.com\/es\/wp-json\/wp\/v2\/media\/107629"}],"wp:attachment":[{"href":"https:\/\/kinamihealth.com\/es\/wp-json\/wp\/v2\/media?parent=107628"}],"wp:term":[{"taxonomy":"product_brand","embeddable":true,"href":"https:\/\/kinamihealth.com\/es\/wp-json\/wp\/v2\/product_brand?post=107628"},{"taxonomy":"product_cat","embeddable":true,"href":"https:\/\/kinamihealth.com\/es\/wp-json\/wp\/v2\/product_cat?post=107628"},{"taxonomy":"product_tag","embeddable":true,"href":"https:\/\/kinamihealth.com\/es\/wp-json\/wp\/v2\/product_tag?post=107628"}],"curies":[{"name":"wp","href":"https:\/\/api.w.org\/{rel}","templated":true}]}}