{"id":107614,"date":"2025-02-15T16:53:52","date_gmt":"2025-02-15T16:53:52","guid":{"rendered":"https:\/\/kinamihealth.com\/product\/mediderma-azelac-ru-liposomal-serum\/"},"modified":"2026-01-22T12:29:18","modified_gmt":"2026-01-22T12:29:18","slug":"mediderma-azelac-ru-liposomal-serum","status":"publish","type":"product","link":"https:\/\/kinamihealth.com\/es\/producto\/mediderma-azelac-ru-liposomal-serum\/","title":{"rendered":"MEDIDERMA\u00ae AZELAC\u00ae RU LIPOSOMAL SERUM"},"content":{"rendered":"<p>Sesderma Azelac Ru Liposomal Serum es un suero despigmentante con activos liposomados que act\u00faan directamente en el origen de las manchas, proporcionando un tono de piel homog\u00e9neo. Su f\u00f3rmula ofrece un efecto despigmentante, antiinflamatorio y antioxidante que lo hace ideal para todo tipo de pieles, incluso para fototipos altos, hiperpigmentaci\u00f3n post-inflamatoria y melasma. Con activos que act\u00faan de forma directa y selectiva sobre el melanocito, este serum no solo previene la aparici\u00f3n de nuevas manchas, sino que tambi\u00e9n combate las existentes. La producci\u00f3n excesiva de melanina causada por la exposici\u00f3n solar, el embarazo o el envejecimiento son factores que provocan las manchas, neutralizados eficazmente con este serum.<\/p>\n","protected":false},"excerpt":{"rendered":"<p>Sesderma Azelac Ru Liposomal Serum es un suero despigmentante con activos liposomados que act\u00faan directamente en el origen de las manchas, proporcionando un tono de piel homog\u00e9neo. Su f\u00f3rmula ofrece un efecto despigmentante, antiinflamatorio y antioxidante que lo hace ideal para todo tipo de pieles, incluso para fototipos altos, hiperpigmentaci\u00f3n post-inflamatoria y melasma. Con activos [&hellip;]<\/p>\n","protected":false},"featured_media":107615,"comment_status":"closed","ping_status":"closed","template":"","meta":{"_acf_changed":false,"inline_featured_image":false},"product_brand":[1275],"product_cat":[1454],"product_tag":[1209],"class_list":{"0":"post-107614","1":"product","2":"type-product","3":"status-publish","4":"has-post-thumbnail","6":"product_brand-sesderma","7":"product_cat-cuidado-de-la-piel","8":"product_tag-dispositivos-medicos","10":"first","11":"instock","12":"taxable","13":"shipping-taxable","14":"purchasable","15":"product-type-simple","16":"add-to-wishlist-before_image"},"acf":[],"yoast_head":"<!-- This site is optimized with the Yoast SEO plugin v27.3 - https:\/\/yoast.com\/product\/yoast-seo-wordpress\/ -->\n<title>Comprar Azelac RU Liposomal Serum online | Tienda en l\u00ednea | Kinami Health<\/title>\n<meta name=\"description\" content=\"Compre Azelac RU Liposomal Serum en l\u00ednea para una correcci\u00f3n profesional de la pigmentaci\u00f3n. Este avanzado suero qu\u00edmico trata las manchas oscuras, el melasma y el tono de piel desigual.\" \/>\n<meta name=\"robots\" content=\"index, follow, max-snippet:-1, max-image-preview:large, max-video-preview:-1\" \/>\n<link rel=\"canonical\" href=\"https:\/\/kinamihealth.com\/es\/wp-json\/wp\/v2\/product\/107614\" \/>\n<meta property=\"og:locale\" content=\"es_ES\" \/>\n<meta property=\"og:type\" content=\"article\" \/>\n<meta property=\"og:title\" content=\"Comprar Azelac RU Liposomal Serum online | Tienda en l\u00ednea | Kinami Health\" \/>\n<meta property=\"og:description\" content=\"Compre Azelac RU Liposomal Serum en l\u00ednea para una correcci\u00f3n profesional de la pigmentaci\u00f3n. Este avanzado suero qu\u00edmico trata las manchas oscuras, el melasma y el tono de piel desigual.\" \/>\n<meta property=\"og:url\" content=\"https:\/\/kinamihealth.com\/es\/producto\/mediderma-azelac-ru-liposomal-serum\/\" \/>\n<meta property=\"og:site_name\" content=\"Kinami Health\" \/>\n<meta property=\"article:modified_time\" content=\"2026-01-22T12:29:18+00:00\" \/>\n<meta property=\"og:image\" content=\"https:\/\/kinamihealth.com\/wp-content\/uploads\/2025\/02\/SESDERMA-AZELAC-RU-LIPOSOMAL-SERUM-01.webp\" \/>\n\t<meta property=\"og:image:width\" content=\"800\" \/>\n\t<meta property=\"og:image:height\" content=\"800\" \/>\n\t<meta property=\"og:image:type\" content=\"image\/webp\" \/>\n<meta name=\"twitter:card\" content=\"summary_large_image\" \/>\n<meta name=\"twitter:label1\" content=\"Tiempo de lectura\" \/>\n\t<meta name=\"twitter:data1\" content=\"1 minuto\" \/>\n<!-- \/ Yoast SEO plugin. -->","yoast_head_json":{"title":"Comprar Azelac RU Liposomal Serum online | Tienda en l\u00ednea | Kinami Health","description":"Compre Azelac RU Liposomal Serum en l\u00ednea para una correcci\u00f3n profesional de la pigmentaci\u00f3n. Este avanzado suero qu\u00edmico trata las manchas oscuras, el melasma y el tono de piel desigual.","robots":{"index":"index","follow":"follow","max-snippet":"max-snippet:-1","max-image-preview":"max-image-preview:large","max-video-preview":"max-video-preview:-1"},"canonical":"https:\/\/kinamihealth.com\/es\/wp-json\/wp\/v2\/product\/107614","og_locale":"es_ES","og_type":"article","og_title":"Comprar Azelac RU Liposomal Serum online | Tienda en l\u00ednea | Kinami Health","og_description":"Compre Azelac RU Liposomal Serum en l\u00ednea para una correcci\u00f3n profesional de la pigmentaci\u00f3n. Este avanzado suero qu\u00edmico trata las manchas oscuras, el melasma y el tono de piel desigual.","og_url":"https:\/\/kinamihealth.com\/es\/producto\/mediderma-azelac-ru-liposomal-serum\/","og_site_name":"Kinami Health","article_modified_time":"2026-01-22T12:29:18+00:00","og_image":[{"width":800,"height":800,"url":"https:\/\/kinamihealth.com\/wp-content\/uploads\/2025\/02\/SESDERMA-AZELAC-RU-LIPOSOMAL-SERUM-01.webp","type":"image\/webp"}],"twitter_card":"summary_large_image","twitter_misc":{"Tiempo de lectura":"1 minuto"},"schema":{"@context":"https:\/\/schema.org","@graph":[{"@type":"WebPage","@id":"https:\/\/kinamihealth.com\/es\/producto\/mediderma-azelac-ru-liposomal-serum\/","url":"https:\/\/kinamihealth.com\/es\/producto\/mediderma-azelac-ru-liposomal-serum\/","name":"Comprar Azelac RU Liposomal Serum online | Tienda en l\u00ednea | Kinami Health","isPartOf":{"@id":"https:\/\/kinamihealth.com\/#website"},"primaryImageOfPage":{"@id":"https:\/\/kinamihealth.com\/es\/producto\/mediderma-azelac-ru-liposomal-serum\/#primaryimage"},"image":{"@id":"https:\/\/kinamihealth.com\/es\/producto\/mediderma-azelac-ru-liposomal-serum\/#primaryimage"},"thumbnailUrl":"https:\/\/kinamihealth.com\/wp-content\/uploads\/2025\/02\/SESDERMA-AZELAC-RU-LIPOSOMAL-SERUM-01.webp","datePublished":"2025-02-15T16:53:52+00:00","dateModified":"2026-01-22T12:29:18+00:00","description":"Compre Azelac RU Liposomal Serum en l\u00ednea para una correcci\u00f3n profesional de la pigmentaci\u00f3n. Este avanzado suero qu\u00edmico trata las manchas oscuras, el melasma y el tono de piel desigual.","breadcrumb":{"@id":"https:\/\/kinamihealth.com\/es\/producto\/mediderma-azelac-ru-liposomal-serum\/#breadcrumb"},"inLanguage":"es","potentialAction":[{"@type":"ReadAction","target":["https:\/\/kinamihealth.com\/es\/producto\/mediderma-azelac-ru-liposomal-serum\/"]}]},{"@type":"ImageObject","inLanguage":"es","@id":"https:\/\/kinamihealth.com\/es\/producto\/mediderma-azelac-ru-liposomal-serum\/#primaryimage","url":"https:\/\/kinamihealth.com\/wp-content\/uploads\/2025\/02\/SESDERMA-AZELAC-RU-LIPOSOMAL-SERUM-01.webp","contentUrl":"https:\/\/kinamihealth.com\/wp-content\/uploads\/2025\/02\/SESDERMA-AZELAC-RU-LIPOSOMAL-SERUM-01.webp","width":800,"height":800},{"@type":"BreadcrumbList","@id":"https:\/\/kinamihealth.com\/es\/producto\/mediderma-azelac-ru-liposomal-serum\/#breadcrumb","itemListElement":[{"@type":"ListItem","position":1,"name":"P\u00e1gina de inicio","item":"https:\/\/kinamihealth.com\/"},{"@type":"ListItem","position":2,"name":"Tienda","item":"https:\/\/kinamihealth.com\/shop\/"},{"@type":"ListItem","position":3,"name":"MEDIDERMA\u00ae AZELAC\u00ae RU LIPOSOMAL SERUM"}]},{"@type":"WebSite","@id":"https:\/\/kinamihealth.com\/#website","url":"https:\/\/kinamihealth.com\/","name":"Kinami Health","description":"","publisher":{"@id":"https:\/\/kinamihealth.com\/#organization"},"potentialAction":[{"@type":"SearchAction","target":{"@type":"EntryPoint","urlTemplate":"https:\/\/kinamihealth.com\/?s={search_term_string}"},"query-input":{"@type":"PropertyValueSpecification","valueRequired":true,"valueName":"search_term_string"}}],"inLanguage":"es"},{"@type":"Organization","@id":"https:\/\/kinamihealth.com\/#organization","name":"Kinami Health","url":"https:\/\/kinamihealth.com\/","logo":{"@type":"ImageObject","inLanguage":"es","@id":"https:\/\/kinamihealth.com\/#\/schema\/logo\/image\/","url":"https:\/\/kinamihealth.com\/wp-content\/uploads\/2025\/01\/KH_logo_black_2-1.png","contentUrl":"https:\/\/kinamihealth.com\/wp-content\/uploads\/2025\/01\/KH_logo_black_2-1.png","width":339,"height":34,"caption":"Kinami Health"},"image":{"@id":"https:\/\/kinamihealth.com\/#\/schema\/logo\/image\/"}}]}},"_links":{"self":[{"href":"https:\/\/kinamihealth.com\/es\/wp-json\/wp\/v2\/product\/107614","targetHints":{"allow":["GET"]}}],"collection":[{"href":"https:\/\/kinamihealth.com\/es\/wp-json\/wp\/v2\/product"}],"about":[{"href":"https:\/\/kinamihealth.com\/es\/wp-json\/wp\/v2\/types\/product"}],"replies":[{"embeddable":true,"href":"https:\/\/kinamihealth.com\/es\/wp-json\/wp\/v2\/comments?post=107614"}],"version-history":[{"count":0,"href":"https:\/\/kinamihealth.com\/es\/wp-json\/wp\/v2\/product\/107614\/revisions"}],"wp:featuredmedia":[{"embeddable":true,"href":"https:\/\/kinamihealth.com\/es\/wp-json\/wp\/v2\/media\/107615"}],"wp:attachment":[{"href":"https:\/\/kinamihealth.com\/es\/wp-json\/wp\/v2\/media?parent=107614"}],"wp:term":[{"taxonomy":"product_brand","embeddable":true,"href":"https:\/\/kinamihealth.com\/es\/wp-json\/wp\/v2\/product_brand?post=107614"},{"taxonomy":"product_cat","embeddable":true,"href":"https:\/\/kinamihealth.com\/es\/wp-json\/wp\/v2\/product_cat?post=107614"},{"taxonomy":"product_tag","embeddable":true,"href":"https:\/\/kinamihealth.com\/es\/wp-json\/wp\/v2\/product_tag?post=107614"}],"curies":[{"name":"wp","href":"https:\/\/api.w.org\/{rel}","templated":true}]}}