{"id":107609,"date":"2025-02-15T16:53:48","date_gmt":"2025-02-15T16:53:48","guid":{"rendered":"https:\/\/kinamihealth.com\/product\/mediderma-azelac-peel-exfoliating-gel\/"},"modified":"2026-01-22T12:29:02","modified_gmt":"2026-01-22T12:29:02","slug":"mediderma-azelac-peel-exfoliating-gel","status":"publish","type":"product","link":"https:\/\/kinamihealth.com\/es\/producto\/mediderma-azelac-peel-exfoliating-gel\/","title":{"rendered":"MEDIDERMA\u00ae AZELAC\u00ae PEEL EXFOLIATING GEL"},"content":{"rendered":"<p><b>Azelac Peel<\/b> es un peeling qu\u00edmico de calidad profesional desarrollado por Mediderma. Este gel exfoliante, formulado con una potente combinaci\u00f3n de <b>\u00e1cido azelaico, \u00e1cido l\u00e1ctico y silimarina<\/b>, est\u00e1 dise\u00f1ado para tratar una amplia gama de problemas cut\u00e1neos. Es ideal para combatir el <b>acn\u00e9, la hiperpigmentaci\u00f3n, el enrojecimiento<\/b> y los <b>signos del fotoenvejecimiento<\/b>.<\/p>\n","protected":false},"excerpt":{"rendered":"<p>Azelac Peel es un peeling qu\u00edmico de calidad profesional desarrollado por Mediderma. Este gel exfoliante, formulado con una potente combinaci\u00f3n de \u00e1cido azelaico, \u00e1cido l\u00e1ctico y silimarina, est\u00e1 dise\u00f1ado para tratar una amplia gama de problemas cut\u00e1neos. Es ideal para combatir el acn\u00e9, la hiperpigmentaci\u00f3n, el enrojecimiento y los signos del fotoenvejecimiento.<\/p>\n","protected":false},"featured_media":107611,"comment_status":"closed","ping_status":"closed","template":"","meta":{"_acf_changed":false,"inline_featured_image":false},"product_brand":[1254],"product_cat":[1452],"product_tag":[1209],"class_list":{"0":"post-107609","1":"product","2":"type-product","3":"status-publish","4":"has-post-thumbnail","6":"product_brand-mediderma","7":"product_cat-peelings-y-mascarillas","8":"product_tag-dispositivos-medicos","10":"first","11":"instock","12":"taxable","13":"shipping-taxable","14":"purchasable","15":"product-type-simple","16":"add-to-wishlist-before_image"},"acf":[],"yoast_head":"<!-- This site is optimized with the Yoast SEO plugin v27.1.1 - https:\/\/yoast.com\/product\/yoast-seo-wordpress\/ -->\n<title>Comprar Azelac Peel Exfoliating Gel online | Tienda en l\u00ednea | Kinami Health<\/title>\n<meta name=\"description\" content=\"Compre Azelac Peel Exfoliating Gel en l\u00ednea para una exfoliaci\u00f3n de grado profesional. Este peeling qu\u00edmico, apto para todo tipo de pieles, es ideal para el acn\u00e9, las rojeces y la hiperpigmentaci\u00f3n.\" \/>\n<meta name=\"robots\" content=\"index, follow, max-snippet:-1, max-image-preview:large, max-video-preview:-1\" \/>\n<link rel=\"canonical\" href=\"https:\/\/kinamihealth.com\/es\/wp-json\/wp\/v2\/product\/107609\" \/>\n<meta property=\"og:locale\" content=\"es_ES\" \/>\n<meta property=\"og:type\" content=\"article\" \/>\n<meta property=\"og:title\" content=\"Comprar Azelac Peel Exfoliating Gel online | Tienda en l\u00ednea | Kinami Health\" \/>\n<meta property=\"og:description\" content=\"Compre Azelac Peel Exfoliating Gel en l\u00ednea para una exfoliaci\u00f3n de grado profesional. Este peeling qu\u00edmico, apto para todo tipo de pieles, es ideal para el acn\u00e9, las rojeces y la hiperpigmentaci\u00f3n.\" \/>\n<meta property=\"og:url\" content=\"https:\/\/kinamihealth.com\/es\/producto\/mediderma-azelac-peel-exfoliating-gel\/\" \/>\n<meta property=\"og:site_name\" content=\"Kinami Health\" \/>\n<meta property=\"article:modified_time\" content=\"2026-01-22T12:29:02+00:00\" \/>\n<meta property=\"og:image\" content=\"https:\/\/kinamihealth.com\/wp-content\/uploads\/2025\/02\/MEDIDERMA-AZELAC-PEEL-EXFOLIATING-GEL-01.webp\" \/>\n\t<meta property=\"og:image:width\" content=\"800\" \/>\n\t<meta property=\"og:image:height\" content=\"800\" \/>\n\t<meta property=\"og:image:type\" content=\"image\/webp\" \/>\n<meta name=\"twitter:card\" content=\"summary_large_image\" \/>\n<meta name=\"twitter:label1\" content=\"Tiempo de lectura\" \/>\n\t<meta name=\"twitter:data1\" content=\"1 minuto\" \/>\n<!-- \/ Yoast SEO plugin. -->","yoast_head_json":{"title":"Comprar Azelac Peel Exfoliating Gel online | Tienda en l\u00ednea | Kinami Health","description":"Compre Azelac Peel Exfoliating Gel en l\u00ednea para una exfoliaci\u00f3n de grado profesional. Este peeling qu\u00edmico, apto para todo tipo de pieles, es ideal para el acn\u00e9, las rojeces y la hiperpigmentaci\u00f3n.","robots":{"index":"index","follow":"follow","max-snippet":"max-snippet:-1","max-image-preview":"max-image-preview:large","max-video-preview":"max-video-preview:-1"},"canonical":"https:\/\/kinamihealth.com\/es\/wp-json\/wp\/v2\/product\/107609","og_locale":"es_ES","og_type":"article","og_title":"Comprar Azelac Peel Exfoliating Gel online | Tienda en l\u00ednea | Kinami Health","og_description":"Compre Azelac Peel Exfoliating Gel en l\u00ednea para una exfoliaci\u00f3n de grado profesional. Este peeling qu\u00edmico, apto para todo tipo de pieles, es ideal para el acn\u00e9, las rojeces y la hiperpigmentaci\u00f3n.","og_url":"https:\/\/kinamihealth.com\/es\/producto\/mediderma-azelac-peel-exfoliating-gel\/","og_site_name":"Kinami Health","article_modified_time":"2026-01-22T12:29:02+00:00","og_image":[{"width":800,"height":800,"url":"https:\/\/kinamihealth.com\/wp-content\/uploads\/2025\/02\/MEDIDERMA-AZELAC-PEEL-EXFOLIATING-GEL-01.webp","type":"image\/webp"}],"twitter_card":"summary_large_image","twitter_misc":{"Tiempo de lectura":"1 minuto"},"schema":{"@context":"https:\/\/schema.org","@graph":[{"@type":"WebPage","@id":"https:\/\/kinamihealth.com\/es\/producto\/mediderma-azelac-peel-exfoliating-gel\/","url":"https:\/\/kinamihealth.com\/es\/producto\/mediderma-azelac-peel-exfoliating-gel\/","name":"Comprar Azelac Peel Exfoliating Gel online | Tienda en l\u00ednea | Kinami Health","isPartOf":{"@id":"https:\/\/kinamihealth.com\/#website"},"primaryImageOfPage":{"@id":"https:\/\/kinamihealth.com\/es\/producto\/mediderma-azelac-peel-exfoliating-gel\/#primaryimage"},"image":{"@id":"https:\/\/kinamihealth.com\/es\/producto\/mediderma-azelac-peel-exfoliating-gel\/#primaryimage"},"thumbnailUrl":"https:\/\/kinamihealth.com\/wp-content\/uploads\/2025\/02\/MEDIDERMA-AZELAC-PEEL-EXFOLIATING-GEL-01.webp","datePublished":"2025-02-15T16:53:48+00:00","dateModified":"2026-01-22T12:29:02+00:00","description":"Compre Azelac Peel Exfoliating Gel en l\u00ednea para una exfoliaci\u00f3n de grado profesional. Este peeling qu\u00edmico, apto para todo tipo de pieles, es ideal para el acn\u00e9, las rojeces y la hiperpigmentaci\u00f3n.","breadcrumb":{"@id":"https:\/\/kinamihealth.com\/es\/producto\/mediderma-azelac-peel-exfoliating-gel\/#breadcrumb"},"inLanguage":"es","potentialAction":[{"@type":"ReadAction","target":["https:\/\/kinamihealth.com\/es\/producto\/mediderma-azelac-peel-exfoliating-gel\/"]}]},{"@type":"ImageObject","inLanguage":"es","@id":"https:\/\/kinamihealth.com\/es\/producto\/mediderma-azelac-peel-exfoliating-gel\/#primaryimage","url":"https:\/\/kinamihealth.com\/wp-content\/uploads\/2025\/02\/MEDIDERMA-AZELAC-PEEL-EXFOLIATING-GEL-01.webp","contentUrl":"https:\/\/kinamihealth.com\/wp-content\/uploads\/2025\/02\/MEDIDERMA-AZELAC-PEEL-EXFOLIATING-GEL-01.webp","width":800,"height":800},{"@type":"BreadcrumbList","@id":"https:\/\/kinamihealth.com\/es\/producto\/mediderma-azelac-peel-exfoliating-gel\/#breadcrumb","itemListElement":[{"@type":"ListItem","position":1,"name":"P\u00e1gina de inicio","item":"https:\/\/kinamihealth.com\/"},{"@type":"ListItem","position":2,"name":"Tienda","item":"https:\/\/kinamihealth.com\/shop\/"},{"@type":"ListItem","position":3,"name":"MEDIDERMA\u00ae AZELAC\u00ae PEEL EXFOLIATING GEL"}]},{"@type":"WebSite","@id":"https:\/\/kinamihealth.com\/#website","url":"https:\/\/kinamihealth.com\/","name":"Kinami Health","description":"","publisher":{"@id":"https:\/\/kinamihealth.com\/#organization"},"potentialAction":[{"@type":"SearchAction","target":{"@type":"EntryPoint","urlTemplate":"https:\/\/kinamihealth.com\/?s={search_term_string}"},"query-input":{"@type":"PropertyValueSpecification","valueRequired":true,"valueName":"search_term_string"}}],"inLanguage":"es"},{"@type":"Organization","@id":"https:\/\/kinamihealth.com\/#organization","name":"Kinami Health","url":"https:\/\/kinamihealth.com\/","logo":{"@type":"ImageObject","inLanguage":"es","@id":"https:\/\/kinamihealth.com\/#\/schema\/logo\/image\/","url":"https:\/\/kinamihealth.com\/wp-content\/uploads\/2025\/01\/KH_logo_black_2-1.png","contentUrl":"https:\/\/kinamihealth.com\/wp-content\/uploads\/2025\/01\/KH_logo_black_2-1.png","width":339,"height":34,"caption":"Kinami Health"},"image":{"@id":"https:\/\/kinamihealth.com\/#\/schema\/logo\/image\/"}}]}},"_links":{"self":[{"href":"https:\/\/kinamihealth.com\/es\/wp-json\/wp\/v2\/product\/107609","targetHints":{"allow":["GET"]}}],"collection":[{"href":"https:\/\/kinamihealth.com\/es\/wp-json\/wp\/v2\/product"}],"about":[{"href":"https:\/\/kinamihealth.com\/es\/wp-json\/wp\/v2\/types\/product"}],"replies":[{"embeddable":true,"href":"https:\/\/kinamihealth.com\/es\/wp-json\/wp\/v2\/comments?post=107609"}],"version-history":[{"count":0,"href":"https:\/\/kinamihealth.com\/es\/wp-json\/wp\/v2\/product\/107609\/revisions"}],"wp:featuredmedia":[{"embeddable":true,"href":"https:\/\/kinamihealth.com\/es\/wp-json\/wp\/v2\/media\/107611"}],"wp:attachment":[{"href":"https:\/\/kinamihealth.com\/es\/wp-json\/wp\/v2\/media?parent=107609"}],"wp:term":[{"taxonomy":"product_brand","embeddable":true,"href":"https:\/\/kinamihealth.com\/es\/wp-json\/wp\/v2\/product_brand?post=107609"},{"taxonomy":"product_cat","embeddable":true,"href":"https:\/\/kinamihealth.com\/es\/wp-json\/wp\/v2\/product_cat?post=107609"},{"taxonomy":"product_tag","embeddable":true,"href":"https:\/\/kinamihealth.com\/es\/wp-json\/wp\/v2\/product_tag?post=107609"}],"curies":[{"name":"wp","href":"https:\/\/api.w.org\/{rel}","templated":true}]}}