{"id":107513,"date":"2025-02-15T16:57:48","date_gmt":"2025-02-15T16:57:48","guid":{"rendered":"https:\/\/kinamihealth.com\/product\/mediderma-sens-age-md-ultra-corrector-3a-eye-contour\/"},"modified":"2026-01-22T12:32:31","modified_gmt":"2026-01-22T12:32:31","slug":"mediderma-sens-age-md-ultra-corrector-3a-eye-contour","status":"publish","type":"product","link":"https:\/\/kinamihealth.com\/es\/producto\/mediderma-sens-age-md-ultra-corrector-3a-eye-contour\/","title":{"rendered":"MEDIDERMA\u00ae SENS-AGE MD ULTRA CORRECTOR 3A EYE CONTOUR"},"content":{"rendered":"<p>SENS-AGE MD ULTRA CORRECTOR 3A EYE CONTOUR es un corrector para el contorno de ojos con una potente acci\u00f3n antiedad, ideal para pieles maduras. Goza de una excelente tolerancia cut\u00e1nea gracias a su 3-Retinol System de liberaci\u00f3n sostenida, que proporciona una dosis \u00f3ptima y gradual del principio activo para un tratamiento eficaz y seguro.<\/p>\n","protected":false},"excerpt":{"rendered":"<p>SENS-AGE MD ULTRA CORRECTOR 3A EYE CONTOUR es un corrector para el contorno de ojos con una potente acci\u00f3n antiedad, ideal para pieles maduras. Goza de una excelente tolerancia cut\u00e1nea gracias a su 3-Retinol System de liberaci\u00f3n sostenida, que proporciona una dosis \u00f3ptima y gradual del principio activo para un tratamiento eficaz y seguro.<\/p>\n","protected":false},"featured_media":107514,"comment_status":"closed","ping_status":"closed","template":"","meta":{"_acf_changed":false,"inline_featured_image":false},"product_brand":[1254],"product_cat":[1454],"product_tag":[1209],"class_list":{"0":"post-107513","1":"product","2":"type-product","3":"status-publish","4":"has-post-thumbnail","6":"product_brand-mediderma","7":"product_cat-cuidado-de-la-piel","8":"product_tag-dispositivos-medicos","10":"first","11":"instock","12":"taxable","13":"shipping-taxable","14":"purchasable","15":"product-type-simple","16":"add-to-wishlist-before_image"},"acf":[],"yoast_head":"<!-- This site is optimized with the Yoast SEO plugin v27.3 - https:\/\/yoast.com\/product\/yoast-seo-wordpress\/ -->\n<title>Comprar Sens-Age MD Ultra Corrector 3A Eye Contour 15ml online | Tienda online | Kinami Health<\/title>\n<meta name=\"description\" content=\"Compre Sens-Age MD Ultra Corrector 3A Eye Contour 15ml en l\u00ednea, un potente tratamiento para el contorno de ojos que reduce las arrugas, las ojeras y las bolsas.\" \/>\n<meta name=\"robots\" content=\"index, follow, max-snippet:-1, max-image-preview:large, max-video-preview:-1\" \/>\n<link rel=\"canonical\" href=\"https:\/\/kinamihealth.com\/es\/wp-json\/wp\/v2\/product\/107513\" \/>\n<meta property=\"og:locale\" content=\"es_ES\" \/>\n<meta property=\"og:type\" content=\"article\" \/>\n<meta property=\"og:title\" content=\"Comprar Sens-Age MD Ultra Corrector 3A Eye Contour 15ml online | Tienda online | Kinami Health\" \/>\n<meta property=\"og:description\" content=\"Compre Sens-Age MD Ultra Corrector 3A Eye Contour 15ml en l\u00ednea, un potente tratamiento para el contorno de ojos que reduce las arrugas, las ojeras y las bolsas.\" \/>\n<meta property=\"og:url\" content=\"https:\/\/kinamihealth.com\/es\/producto\/mediderma-sens-age-md-ultra-corrector-3a-eye-contour\/\" \/>\n<meta property=\"og:site_name\" content=\"Kinami Health\" \/>\n<meta property=\"article:modified_time\" content=\"2026-01-22T12:32:31+00:00\" \/>\n<meta property=\"og:image\" content=\"https:\/\/kinamihealth.com\/wp-content\/uploads\/2025\/02\/MEDIDERMA-SENS-AGE-MD-ULTRA-CORRECTOR-3A-EYE-CONTOUR-01.jpg\" \/>\n\t<meta property=\"og:image:width\" content=\"800\" \/>\n\t<meta property=\"og:image:height\" content=\"800\" \/>\n\t<meta property=\"og:image:type\" content=\"image\/jpeg\" \/>\n<meta name=\"twitter:card\" content=\"summary_large_image\" \/>\n<meta name=\"twitter:label1\" content=\"Tiempo de lectura\" \/>\n\t<meta name=\"twitter:data1\" content=\"1 minuto\" \/>\n<!-- \/ Yoast SEO plugin. -->","yoast_head_json":{"title":"Comprar Sens-Age MD Ultra Corrector 3A Eye Contour 15ml online | Tienda online | Kinami Health","description":"Compre Sens-Age MD Ultra Corrector 3A Eye Contour 15ml en l\u00ednea, un potente tratamiento para el contorno de ojos que reduce las arrugas, las ojeras y las bolsas.","robots":{"index":"index","follow":"follow","max-snippet":"max-snippet:-1","max-image-preview":"max-image-preview:large","max-video-preview":"max-video-preview:-1"},"canonical":"https:\/\/kinamihealth.com\/es\/wp-json\/wp\/v2\/product\/107513","og_locale":"es_ES","og_type":"article","og_title":"Comprar Sens-Age MD Ultra Corrector 3A Eye Contour 15ml online | Tienda online | Kinami Health","og_description":"Compre Sens-Age MD Ultra Corrector 3A Eye Contour 15ml en l\u00ednea, un potente tratamiento para el contorno de ojos que reduce las arrugas, las ojeras y las bolsas.","og_url":"https:\/\/kinamihealth.com\/es\/producto\/mediderma-sens-age-md-ultra-corrector-3a-eye-contour\/","og_site_name":"Kinami Health","article_modified_time":"2026-01-22T12:32:31+00:00","og_image":[{"width":800,"height":800,"url":"https:\/\/kinamihealth.com\/wp-content\/uploads\/2025\/02\/MEDIDERMA-SENS-AGE-MD-ULTRA-CORRECTOR-3A-EYE-CONTOUR-01.jpg","type":"image\/jpeg"}],"twitter_card":"summary_large_image","twitter_misc":{"Tiempo de lectura":"1 minuto"},"schema":{"@context":"https:\/\/schema.org","@graph":[{"@type":"WebPage","@id":"https:\/\/kinamihealth.com\/es\/producto\/mediderma-sens-age-md-ultra-corrector-3a-eye-contour\/","url":"https:\/\/kinamihealth.com\/es\/producto\/mediderma-sens-age-md-ultra-corrector-3a-eye-contour\/","name":"Comprar Sens-Age MD Ultra Corrector 3A Eye Contour 15ml online | Tienda online | Kinami Health","isPartOf":{"@id":"https:\/\/kinamihealth.com\/#website"},"primaryImageOfPage":{"@id":"https:\/\/kinamihealth.com\/es\/producto\/mediderma-sens-age-md-ultra-corrector-3a-eye-contour\/#primaryimage"},"image":{"@id":"https:\/\/kinamihealth.com\/es\/producto\/mediderma-sens-age-md-ultra-corrector-3a-eye-contour\/#primaryimage"},"thumbnailUrl":"https:\/\/kinamihealth.com\/wp-content\/uploads\/2025\/02\/MEDIDERMA-SENS-AGE-MD-ULTRA-CORRECTOR-3A-EYE-CONTOUR-01.jpg","datePublished":"2025-02-15T16:57:48+00:00","dateModified":"2026-01-22T12:32:31+00:00","description":"Compre Sens-Age MD Ultra Corrector 3A Eye Contour 15ml en l\u00ednea, un potente tratamiento para el contorno de ojos que reduce las arrugas, las ojeras y las bolsas.","breadcrumb":{"@id":"https:\/\/kinamihealth.com\/es\/producto\/mediderma-sens-age-md-ultra-corrector-3a-eye-contour\/#breadcrumb"},"inLanguage":"es","potentialAction":[{"@type":"ReadAction","target":["https:\/\/kinamihealth.com\/es\/producto\/mediderma-sens-age-md-ultra-corrector-3a-eye-contour\/"]}]},{"@type":"ImageObject","inLanguage":"es","@id":"https:\/\/kinamihealth.com\/es\/producto\/mediderma-sens-age-md-ultra-corrector-3a-eye-contour\/#primaryimage","url":"https:\/\/kinamihealth.com\/wp-content\/uploads\/2025\/02\/MEDIDERMA-SENS-AGE-MD-ULTRA-CORRECTOR-3A-EYE-CONTOUR-01.jpg","contentUrl":"https:\/\/kinamihealth.com\/wp-content\/uploads\/2025\/02\/MEDIDERMA-SENS-AGE-MD-ULTRA-CORRECTOR-3A-EYE-CONTOUR-01.jpg","width":800,"height":800},{"@type":"BreadcrumbList","@id":"https:\/\/kinamihealth.com\/es\/producto\/mediderma-sens-age-md-ultra-corrector-3a-eye-contour\/#breadcrumb","itemListElement":[{"@type":"ListItem","position":1,"name":"P\u00e1gina de inicio","item":"https:\/\/kinamihealth.com\/"},{"@type":"ListItem","position":2,"name":"Tienda","item":"https:\/\/kinamihealth.com\/shop\/"},{"@type":"ListItem","position":3,"name":"MEDIDERMA\u00ae SENS-AGE MD ULTRA CORRECTOR 3A EYE CONTOUR"}]},{"@type":"WebSite","@id":"https:\/\/kinamihealth.com\/#website","url":"https:\/\/kinamihealth.com\/","name":"Kinami Health","description":"","publisher":{"@id":"https:\/\/kinamihealth.com\/#organization"},"potentialAction":[{"@type":"SearchAction","target":{"@type":"EntryPoint","urlTemplate":"https:\/\/kinamihealth.com\/?s={search_term_string}"},"query-input":{"@type":"PropertyValueSpecification","valueRequired":true,"valueName":"search_term_string"}}],"inLanguage":"es"},{"@type":"Organization","@id":"https:\/\/kinamihealth.com\/#organization","name":"Kinami Health","url":"https:\/\/kinamihealth.com\/","logo":{"@type":"ImageObject","inLanguage":"es","@id":"https:\/\/kinamihealth.com\/#\/schema\/logo\/image\/","url":"https:\/\/kinamihealth.com\/wp-content\/uploads\/2025\/01\/KH_logo_black_2-1.png","contentUrl":"https:\/\/kinamihealth.com\/wp-content\/uploads\/2025\/01\/KH_logo_black_2-1.png","width":339,"height":34,"caption":"Kinami Health"},"image":{"@id":"https:\/\/kinamihealth.com\/#\/schema\/logo\/image\/"}}]}},"_links":{"self":[{"href":"https:\/\/kinamihealth.com\/es\/wp-json\/wp\/v2\/product\/107513","targetHints":{"allow":["GET"]}}],"collection":[{"href":"https:\/\/kinamihealth.com\/es\/wp-json\/wp\/v2\/product"}],"about":[{"href":"https:\/\/kinamihealth.com\/es\/wp-json\/wp\/v2\/types\/product"}],"replies":[{"embeddable":true,"href":"https:\/\/kinamihealth.com\/es\/wp-json\/wp\/v2\/comments?post=107513"}],"version-history":[{"count":0,"href":"https:\/\/kinamihealth.com\/es\/wp-json\/wp\/v2\/product\/107513\/revisions"}],"wp:featuredmedia":[{"embeddable":true,"href":"https:\/\/kinamihealth.com\/es\/wp-json\/wp\/v2\/media\/107514"}],"wp:attachment":[{"href":"https:\/\/kinamihealth.com\/es\/wp-json\/wp\/v2\/media?parent=107513"}],"wp:term":[{"taxonomy":"product_brand","embeddable":true,"href":"https:\/\/kinamihealth.com\/es\/wp-json\/wp\/v2\/product_brand?post=107513"},{"taxonomy":"product_cat","embeddable":true,"href":"https:\/\/kinamihealth.com\/es\/wp-json\/wp\/v2\/product_cat?post=107513"},{"taxonomy":"product_tag","embeddable":true,"href":"https:\/\/kinamihealth.com\/es\/wp-json\/wp\/v2\/product_tag?post=107513"}],"curies":[{"name":"wp","href":"https:\/\/api.w.org\/{rel}","templated":true}]}}