{"id":107507,"date":"2025-02-15T16:57:38","date_gmt":"2025-02-15T16:57:38","guid":{"rendered":"https:\/\/kinamihealth.com\/product\/mediderma-salipeel-ds\/"},"modified":"2026-01-22T12:31:21","modified_gmt":"2026-01-22T12:31:21","slug":"mediderma-salipeel-ds","status":"publish","type":"product","link":"https:\/\/kinamihealth.com\/es\/producto\/mediderma-salipeel-ds\/","title":{"rendered":"MEDIDERMA\u00ae SALIPEEL DS"},"content":{"rendered":"<p>Salipeel DS es un producto soluble en aceite, lo que le permite penetrar en las gl\u00e1ndulas seb\u00e1ceas para desobstruir los poros y reducir los comedones abiertos y cerrados. Est\u00e1 indicado principalmente para el tratamiento del acn\u00e9 activo, el acn\u00e9 comedonal y las cicatrices.<\/p>\n","protected":false},"excerpt":{"rendered":"<p>Salipeel DS es un producto soluble en aceite, lo que le permite penetrar en las gl\u00e1ndulas seb\u00e1ceas para desobstruir los poros y reducir los comedones abiertos y cerrados. Est\u00e1 indicado principalmente para el tratamiento del acn\u00e9 activo, el acn\u00e9 comedonal y las cicatrices.<\/p>\n","protected":false},"featured_media":107508,"comment_status":"closed","ping_status":"closed","template":"","meta":{"_acf_changed":false,"inline_featured_image":false},"product_brand":[1254],"product_cat":[1452],"product_tag":[1209],"class_list":{"0":"post-107507","1":"product","2":"type-product","3":"status-publish","4":"has-post-thumbnail","6":"product_brand-mediderma","7":"product_cat-peelings-y-mascarillas","8":"product_tag-dispositivos-medicos","10":"first","11":"instock","12":"taxable","13":"shipping-taxable","14":"purchasable","15":"product-type-simple","16":"add-to-wishlist-before_image"},"acf":[],"yoast_head":"<!-- This site is optimized with the Yoast SEO plugin v27.1.1 - https:\/\/yoast.com\/product\/yoast-seo-wordpress\/ -->\n<title>Comprar Salipeel DS 60ml online | Tienda online | Kinami Health<\/title>\n<meta name=\"description\" content=\"Compre Salipeel DS 60ml en l\u00ednea, un potente peeling qu\u00edmico con \u00e1cido salic\u00edlico al 30% dise\u00f1ado para tratar el acn\u00e9, reducir los brotes y mejorar la textura de la piel. Es adecuado para todo tipo de piel, incluso las m\u00e1s sensibles.\" \/>\n<meta name=\"robots\" content=\"index, follow, max-snippet:-1, max-image-preview:large, max-video-preview:-1\" \/>\n<link rel=\"canonical\" href=\"https:\/\/kinamihealth.com\/es\/wp-json\/wp\/v2\/product\/107507\" \/>\n<meta property=\"og:locale\" content=\"es_ES\" \/>\n<meta property=\"og:type\" content=\"article\" \/>\n<meta property=\"og:title\" content=\"Comprar Salipeel DS 60ml online | Tienda online | Kinami Health\" \/>\n<meta property=\"og:description\" content=\"Compre Salipeel DS 60ml en l\u00ednea, un potente peeling qu\u00edmico con \u00e1cido salic\u00edlico al 30% dise\u00f1ado para tratar el acn\u00e9, reducir los brotes y mejorar la textura de la piel. Es adecuado para todo tipo de piel, incluso las m\u00e1s sensibles.\" \/>\n<meta property=\"og:url\" content=\"https:\/\/kinamihealth.com\/es\/producto\/mediderma-salipeel-ds\/\" \/>\n<meta property=\"og:site_name\" content=\"Kinami Health\" \/>\n<meta property=\"article:modified_time\" content=\"2026-01-22T12:31:21+00:00\" \/>\n<meta property=\"og:image\" content=\"https:\/\/kinamihealth.com\/wp-content\/uploads\/2025\/02\/MEDIDERMA-SALIPEEL-DS-01.jpg\" \/>\n\t<meta property=\"og:image:width\" content=\"800\" \/>\n\t<meta property=\"og:image:height\" content=\"800\" \/>\n\t<meta property=\"og:image:type\" content=\"image\/jpeg\" \/>\n<meta name=\"twitter:card\" content=\"summary_large_image\" \/>\n<meta name=\"twitter:label1\" content=\"Tiempo de lectura\" \/>\n\t<meta name=\"twitter:data1\" content=\"1 minuto\" \/>\n<!-- \/ Yoast SEO plugin. -->","yoast_head_json":{"title":"Comprar Salipeel DS 60ml online | Tienda online | Kinami Health","description":"Compre Salipeel DS 60ml en l\u00ednea, un potente peeling qu\u00edmico con \u00e1cido salic\u00edlico al 30% dise\u00f1ado para tratar el acn\u00e9, reducir los brotes y mejorar la textura de la piel. Es adecuado para todo tipo de piel, incluso las m\u00e1s sensibles.","robots":{"index":"index","follow":"follow","max-snippet":"max-snippet:-1","max-image-preview":"max-image-preview:large","max-video-preview":"max-video-preview:-1"},"canonical":"https:\/\/kinamihealth.com\/es\/wp-json\/wp\/v2\/product\/107507","og_locale":"es_ES","og_type":"article","og_title":"Comprar Salipeel DS 60ml online | Tienda online | Kinami Health","og_description":"Compre Salipeel DS 60ml en l\u00ednea, un potente peeling qu\u00edmico con \u00e1cido salic\u00edlico al 30% dise\u00f1ado para tratar el acn\u00e9, reducir los brotes y mejorar la textura de la piel. Es adecuado para todo tipo de piel, incluso las m\u00e1s sensibles.","og_url":"https:\/\/kinamihealth.com\/es\/producto\/mediderma-salipeel-ds\/","og_site_name":"Kinami Health","article_modified_time":"2026-01-22T12:31:21+00:00","og_image":[{"width":800,"height":800,"url":"https:\/\/kinamihealth.com\/wp-content\/uploads\/2025\/02\/MEDIDERMA-SALIPEEL-DS-01.jpg","type":"image\/jpeg"}],"twitter_card":"summary_large_image","twitter_misc":{"Tiempo de lectura":"1 minuto"},"schema":{"@context":"https:\/\/schema.org","@graph":[{"@type":"WebPage","@id":"https:\/\/kinamihealth.com\/es\/producto\/mediderma-salipeel-ds\/","url":"https:\/\/kinamihealth.com\/es\/producto\/mediderma-salipeel-ds\/","name":"Comprar Salipeel DS 60ml online | Tienda online | Kinami Health","isPartOf":{"@id":"https:\/\/kinamihealth.com\/#website"},"primaryImageOfPage":{"@id":"https:\/\/kinamihealth.com\/es\/producto\/mediderma-salipeel-ds\/#primaryimage"},"image":{"@id":"https:\/\/kinamihealth.com\/es\/producto\/mediderma-salipeel-ds\/#primaryimage"},"thumbnailUrl":"https:\/\/kinamihealth.com\/wp-content\/uploads\/2025\/02\/MEDIDERMA-SALIPEEL-DS-01.jpg","datePublished":"2025-02-15T16:57:38+00:00","dateModified":"2026-01-22T12:31:21+00:00","description":"Compre Salipeel DS 60ml en l\u00ednea, un potente peeling qu\u00edmico con \u00e1cido salic\u00edlico al 30% dise\u00f1ado para tratar el acn\u00e9, reducir los brotes y mejorar la textura de la piel. Es adecuado para todo tipo de piel, incluso las m\u00e1s sensibles.","breadcrumb":{"@id":"https:\/\/kinamihealth.com\/es\/producto\/mediderma-salipeel-ds\/#breadcrumb"},"inLanguage":"es","potentialAction":[{"@type":"ReadAction","target":["https:\/\/kinamihealth.com\/es\/producto\/mediderma-salipeel-ds\/"]}]},{"@type":"ImageObject","inLanguage":"es","@id":"https:\/\/kinamihealth.com\/es\/producto\/mediderma-salipeel-ds\/#primaryimage","url":"https:\/\/kinamihealth.com\/wp-content\/uploads\/2025\/02\/MEDIDERMA-SALIPEEL-DS-01.jpg","contentUrl":"https:\/\/kinamihealth.com\/wp-content\/uploads\/2025\/02\/MEDIDERMA-SALIPEEL-DS-01.jpg","width":800,"height":800},{"@type":"BreadcrumbList","@id":"https:\/\/kinamihealth.com\/es\/producto\/mediderma-salipeel-ds\/#breadcrumb","itemListElement":[{"@type":"ListItem","position":1,"name":"P\u00e1gina de inicio","item":"https:\/\/kinamihealth.com\/"},{"@type":"ListItem","position":2,"name":"Tienda","item":"https:\/\/kinamihealth.com\/shop\/"},{"@type":"ListItem","position":3,"name":"MEDIDERMA\u00ae SALIPEEL DS"}]},{"@type":"WebSite","@id":"https:\/\/kinamihealth.com\/#website","url":"https:\/\/kinamihealth.com\/","name":"Kinami Health","description":"","publisher":{"@id":"https:\/\/kinamihealth.com\/#organization"},"potentialAction":[{"@type":"SearchAction","target":{"@type":"EntryPoint","urlTemplate":"https:\/\/kinamihealth.com\/?s={search_term_string}"},"query-input":{"@type":"PropertyValueSpecification","valueRequired":true,"valueName":"search_term_string"}}],"inLanguage":"es"},{"@type":"Organization","@id":"https:\/\/kinamihealth.com\/#organization","name":"Kinami Health","url":"https:\/\/kinamihealth.com\/","logo":{"@type":"ImageObject","inLanguage":"es","@id":"https:\/\/kinamihealth.com\/#\/schema\/logo\/image\/","url":"https:\/\/kinamihealth.com\/wp-content\/uploads\/2025\/01\/KH_logo_black_2-1.png","contentUrl":"https:\/\/kinamihealth.com\/wp-content\/uploads\/2025\/01\/KH_logo_black_2-1.png","width":339,"height":34,"caption":"Kinami Health"},"image":{"@id":"https:\/\/kinamihealth.com\/#\/schema\/logo\/image\/"}}]}},"_links":{"self":[{"href":"https:\/\/kinamihealth.com\/es\/wp-json\/wp\/v2\/product\/107507","targetHints":{"allow":["GET"]}}],"collection":[{"href":"https:\/\/kinamihealth.com\/es\/wp-json\/wp\/v2\/product"}],"about":[{"href":"https:\/\/kinamihealth.com\/es\/wp-json\/wp\/v2\/types\/product"}],"replies":[{"embeddable":true,"href":"https:\/\/kinamihealth.com\/es\/wp-json\/wp\/v2\/comments?post=107507"}],"version-history":[{"count":0,"href":"https:\/\/kinamihealth.com\/es\/wp-json\/wp\/v2\/product\/107507\/revisions"}],"wp:featuredmedia":[{"embeddable":true,"href":"https:\/\/kinamihealth.com\/es\/wp-json\/wp\/v2\/media\/107508"}],"wp:attachment":[{"href":"https:\/\/kinamihealth.com\/es\/wp-json\/wp\/v2\/media?parent=107507"}],"wp:term":[{"taxonomy":"product_brand","embeddable":true,"href":"https:\/\/kinamihealth.com\/es\/wp-json\/wp\/v2\/product_brand?post=107507"},{"taxonomy":"product_cat","embeddable":true,"href":"https:\/\/kinamihealth.com\/es\/wp-json\/wp\/v2\/product_cat?post=107507"},{"taxonomy":"product_tag","embeddable":true,"href":"https:\/\/kinamihealth.com\/es\/wp-json\/wp\/v2\/product_tag?post=107507"}],"curies":[{"name":"wp","href":"https:\/\/api.w.org\/{rel}","templated":true}]}}