{"id":107343,"date":"2025-02-15T16:55:50","date_gmt":"2025-02-15T16:55:50","guid":{"rendered":"https:\/\/kinamihealth.com\/product\/juvederm-ultra-2\/"},"modified":"2026-01-22T12:20:00","modified_gmt":"2026-01-22T12:20:00","slug":"juvederm-ultra-2","status":"publish","type":"product","link":"https:\/\/kinamihealth.com\/es\/producto\/juvederm-ultra-2\/","title":{"rendered":"JUV\u00c9DERM\u00ae ULTRA 2"},"content":{"rendered":"<p>Juv\u00e9derm Ultra 2 es un relleno d\u00e9rmico especialmente formulado para tratar con precisi\u00f3n l\u00edneas finas y las delicadas \u00e1reas alrededor de los ojos. Su consistencia suave permite una aplicaci\u00f3n c\u00f3moda y resultados de aspecto natural. Este producto es ideal para rellenar depresiones cut\u00e1neas de tama\u00f1o medio mediante inyecciones en la dermis, as\u00ed como para la definici\u00f3n de los labios. La inclusi\u00f3n de lidoca\u00edna en su f\u00f3rmula asegura un procedimiento pr\u00e1cticamente indoloro, mejorando significativamente la experiencia del paciente.<\/p>\n","protected":false},"excerpt":{"rendered":"<p>Juv\u00e9derm Ultra 2 es un relleno d\u00e9rmico especialmente formulado para tratar con precisi\u00f3n l\u00edneas finas y las delicadas \u00e1reas alrededor de los ojos. Su consistencia suave permite una aplicaci\u00f3n c\u00f3moda y resultados de aspecto natural. Este producto es ideal para rellenar depresiones cut\u00e1neas de tama\u00f1o medio mediante inyecciones en la dermis, as\u00ed como para la [&hellip;]<\/p>\n","protected":false},"featured_media":107344,"comment_status":"closed","ping_status":"closed","template":"","meta":{"_acf_changed":false,"inline_featured_image":false},"product_brand":[1250],"product_cat":[2966,1447],"product_tag":[1209],"class_list":{"0":"post-107343","1":"product","2":"type-product","3":"status-publish","4":"has-post-thumbnail","6":"product_brand-juvederm","7":"product_cat-rellenos-de-ha","8":"product_cat-rellenos-dermicos","9":"product_tag-dispositivos-medicos","11":"first","12":"instock","13":"taxable","14":"shipping-taxable","15":"purchasable","16":"product-type-simple","17":"add-to-wishlist-before_image"},"acf":[],"yoast_head":"<!-- This site is optimized with the Yoast SEO plugin v27.3 - https:\/\/yoast.com\/product\/yoast-seo-wordpress\/ -->\n<title>Comprar Juvederm Ultra 2 online | Tienda online | Kinami Health<\/title>\n<meta name=\"description\" content=\"Compre Juv\u00e9derm Ultra 2 online para suavizar l\u00edneas finas, realzar los labios y conseguir resultados de aspecto natural. Compre en Kinami Health para obtener precios competitivos en el mercado.\" \/>\n<meta name=\"robots\" content=\"index, follow, max-snippet:-1, max-image-preview:large, max-video-preview:-1\" \/>\n<link rel=\"canonical\" href=\"https:\/\/kinamihealth.com\/es\/wp-json\/wp\/v2\/product\/107343\" \/>\n<meta property=\"og:locale\" content=\"es_ES\" \/>\n<meta property=\"og:type\" content=\"article\" \/>\n<meta property=\"og:title\" content=\"Comprar Juvederm Ultra 2 online | Tienda online | Kinami Health\" \/>\n<meta property=\"og:description\" content=\"Compre Juv\u00e9derm Ultra 2 online para suavizar l\u00edneas finas, realzar los labios y conseguir resultados de aspecto natural. Compre en Kinami Health para obtener precios competitivos en el mercado.\" \/>\n<meta property=\"og:url\" content=\"https:\/\/kinamihealth.com\/es\/producto\/juvederm-ultra-2\/\" \/>\n<meta property=\"og:site_name\" content=\"Kinami Health\" \/>\n<meta property=\"article:modified_time\" content=\"2026-01-22T12:20:00+00:00\" \/>\n<meta property=\"og:image\" content=\"https:\/\/kinamihealth.com\/wp-content\/uploads\/2025\/02\/JUVEDERM-ULTRA2-01.jpg\" \/>\n\t<meta property=\"og:image:width\" content=\"800\" \/>\n\t<meta property=\"og:image:height\" content=\"800\" \/>\n\t<meta property=\"og:image:type\" content=\"image\/jpeg\" \/>\n<meta name=\"twitter:card\" content=\"summary_large_image\" \/>\n<meta name=\"twitter:label1\" content=\"Tiempo de lectura\" \/>\n\t<meta name=\"twitter:data1\" content=\"1 minuto\" \/>\n<!-- \/ Yoast SEO plugin. -->","yoast_head_json":{"title":"Comprar Juvederm Ultra 2 online | Tienda online | Kinami Health","description":"Compre Juv\u00e9derm Ultra 2 online para suavizar l\u00edneas finas, realzar los labios y conseguir resultados de aspecto natural. Compre en Kinami Health para obtener precios competitivos en el mercado.","robots":{"index":"index","follow":"follow","max-snippet":"max-snippet:-1","max-image-preview":"max-image-preview:large","max-video-preview":"max-video-preview:-1"},"canonical":"https:\/\/kinamihealth.com\/es\/wp-json\/wp\/v2\/product\/107343","og_locale":"es_ES","og_type":"article","og_title":"Comprar Juvederm Ultra 2 online | Tienda online | Kinami Health","og_description":"Compre Juv\u00e9derm Ultra 2 online para suavizar l\u00edneas finas, realzar los labios y conseguir resultados de aspecto natural. Compre en Kinami Health para obtener precios competitivos en el mercado.","og_url":"https:\/\/kinamihealth.com\/es\/producto\/juvederm-ultra-2\/","og_site_name":"Kinami Health","article_modified_time":"2026-01-22T12:20:00+00:00","og_image":[{"width":800,"height":800,"url":"https:\/\/kinamihealth.com\/wp-content\/uploads\/2025\/02\/JUVEDERM-ULTRA2-01.jpg","type":"image\/jpeg"}],"twitter_card":"summary_large_image","twitter_misc":{"Tiempo de lectura":"1 minuto"},"schema":{"@context":"https:\/\/schema.org","@graph":[{"@type":"WebPage","@id":"https:\/\/kinamihealth.com\/es\/producto\/juvederm-ultra-2\/","url":"https:\/\/kinamihealth.com\/es\/producto\/juvederm-ultra-2\/","name":"Comprar Juvederm Ultra 2 online | Tienda online | Kinami Health","isPartOf":{"@id":"https:\/\/kinamihealth.com\/#website"},"primaryImageOfPage":{"@id":"https:\/\/kinamihealth.com\/es\/producto\/juvederm-ultra-2\/#primaryimage"},"image":{"@id":"https:\/\/kinamihealth.com\/es\/producto\/juvederm-ultra-2\/#primaryimage"},"thumbnailUrl":"https:\/\/kinamihealth.com\/wp-content\/uploads\/2025\/02\/JUVEDERM-ULTRA2-01.jpg","datePublished":"2025-02-15T16:55:50+00:00","dateModified":"2026-01-22T12:20:00+00:00","description":"Compre Juv\u00e9derm Ultra 2 online para suavizar l\u00edneas finas, realzar los labios y conseguir resultados de aspecto natural. Compre en Kinami Health para obtener precios competitivos en el mercado.","breadcrumb":{"@id":"https:\/\/kinamihealth.com\/es\/producto\/juvederm-ultra-2\/#breadcrumb"},"inLanguage":"es","potentialAction":[{"@type":"ReadAction","target":["https:\/\/kinamihealth.com\/es\/producto\/juvederm-ultra-2\/"]}]},{"@type":"ImageObject","inLanguage":"es","@id":"https:\/\/kinamihealth.com\/es\/producto\/juvederm-ultra-2\/#primaryimage","url":"https:\/\/kinamihealth.com\/wp-content\/uploads\/2025\/02\/JUVEDERM-ULTRA2-01.jpg","contentUrl":"https:\/\/kinamihealth.com\/wp-content\/uploads\/2025\/02\/JUVEDERM-ULTRA2-01.jpg","width":800,"height":800},{"@type":"BreadcrumbList","@id":"https:\/\/kinamihealth.com\/es\/producto\/juvederm-ultra-2\/#breadcrumb","itemListElement":[{"@type":"ListItem","position":1,"name":"P\u00e1gina de inicio","item":"https:\/\/kinamihealth.com\/"},{"@type":"ListItem","position":2,"name":"Tienda","item":"https:\/\/kinamihealth.com\/shop\/"},{"@type":"ListItem","position":3,"name":"JUV\u00c9DERM\u00ae ULTRA 2"}]},{"@type":"WebSite","@id":"https:\/\/kinamihealth.com\/#website","url":"https:\/\/kinamihealth.com\/","name":"Kinami Health","description":"","publisher":{"@id":"https:\/\/kinamihealth.com\/#organization"},"potentialAction":[{"@type":"SearchAction","target":{"@type":"EntryPoint","urlTemplate":"https:\/\/kinamihealth.com\/?s={search_term_string}"},"query-input":{"@type":"PropertyValueSpecification","valueRequired":true,"valueName":"search_term_string"}}],"inLanguage":"es"},{"@type":"Organization","@id":"https:\/\/kinamihealth.com\/#organization","name":"Kinami Health","url":"https:\/\/kinamihealth.com\/","logo":{"@type":"ImageObject","inLanguage":"es","@id":"https:\/\/kinamihealth.com\/#\/schema\/logo\/image\/","url":"https:\/\/kinamihealth.com\/wp-content\/uploads\/2025\/01\/KH_logo_black_2-1.png","contentUrl":"https:\/\/kinamihealth.com\/wp-content\/uploads\/2025\/01\/KH_logo_black_2-1.png","width":339,"height":34,"caption":"Kinami Health"},"image":{"@id":"https:\/\/kinamihealth.com\/#\/schema\/logo\/image\/"}}]}},"_links":{"self":[{"href":"https:\/\/kinamihealth.com\/es\/wp-json\/wp\/v2\/product\/107343","targetHints":{"allow":["GET"]}}],"collection":[{"href":"https:\/\/kinamihealth.com\/es\/wp-json\/wp\/v2\/product"}],"about":[{"href":"https:\/\/kinamihealth.com\/es\/wp-json\/wp\/v2\/types\/product"}],"replies":[{"embeddable":true,"href":"https:\/\/kinamihealth.com\/es\/wp-json\/wp\/v2\/comments?post=107343"}],"version-history":[{"count":0,"href":"https:\/\/kinamihealth.com\/es\/wp-json\/wp\/v2\/product\/107343\/revisions"}],"wp:featuredmedia":[{"embeddable":true,"href":"https:\/\/kinamihealth.com\/es\/wp-json\/wp\/v2\/media\/107344"}],"wp:attachment":[{"href":"https:\/\/kinamihealth.com\/es\/wp-json\/wp\/v2\/media?parent=107343"}],"wp:term":[{"taxonomy":"product_brand","embeddable":true,"href":"https:\/\/kinamihealth.com\/es\/wp-json\/wp\/v2\/product_brand?post=107343"},{"taxonomy":"product_cat","embeddable":true,"href":"https:\/\/kinamihealth.com\/es\/wp-json\/wp\/v2\/product_cat?post=107343"},{"taxonomy":"product_tag","embeddable":true,"href":"https:\/\/kinamihealth.com\/es\/wp-json\/wp\/v2\/product_tag?post=107343"}],"curies":[{"name":"wp","href":"https:\/\/api.w.org\/{rel}","templated":true}]}}