{"id":107121,"date":"2025-02-15T16:55:49","date_gmt":"2025-02-15T16:55:49","guid":{"rendered":"https:\/\/kinamihealth.com\/product\/jalupro-moisturizing-biocellulose-face-masks-5x8ml\/"},"modified":"2026-01-22T12:19:38","modified_gmt":"2026-01-22T12:19:38","slug":"jalupro-moisturizing-biocellulose-face-masks-5x8ml","status":"publish","type":"product","link":"https:\/\/kinamihealth.com\/es\/producto\/jalupro-moisturizing-biocellulose-face-masks-5x8ml\/","title":{"rendered":"JALUPRO\u00ae MOISTURIZING BIOCELLULOSE FACE MASKS (5x8ml)"},"content":{"rendered":"<p>La Mascarilla Facial Biocelulosa Hidratante Jalupro es una mascarilla para la piel que ayuda a reducir los signos visibles del envejecimiento, como la tez deshidratada y apagada, la flacidez cut\u00e1nea y las arrugas. Ayuda a aumentar la hidrataci\u00f3n y promueve la s\u00edntesis de col\u00e1geno.<br \/>\nEstas mascarillas de tejido son el tratamiento ideal para la piel despu\u00e9s de un tratamiento con los rellenos Jalupro o Jalupro HMW, o tras un procedimiento est\u00e9tico cl\u00ednico, como microneedling, tratamientos de radiofrecuencia, carboxiterapia, terapia con l\u00e1ser y tratamientos de luz pulsada intensa.<\/p>\n","protected":false},"excerpt":{"rendered":"<p>La Mascarilla Facial Biocelulosa Hidratante Jalupro es una mascarilla para la piel que ayuda a reducir los signos visibles del envejecimiento, como la tez deshidratada y apagada, la flacidez cut\u00e1nea y las arrugas. Ayuda a aumentar la hidrataci\u00f3n y promueve la s\u00edntesis de col\u00e1geno. Estas mascarillas de tejido son el tratamiento ideal para la piel [&hellip;]<\/p>\n","protected":false},"featured_media":107125,"comment_status":"closed","ping_status":"closed","template":"","meta":{"_acf_changed":false,"inline_featured_image":false},"product_brand":[],"product_cat":[],"product_tag":[],"class_list":{"0":"post-107121","1":"product","2":"type-product","3":"status-publish","4":"has-post-thumbnail","7":"first","8":"instock","9":"taxable","10":"shipping-taxable","11":"purchasable","12":"product-type-simple","13":"add-to-wishlist-before_image"},"acf":[],"yoast_head":"<!-- This site is optimized with the Yoast SEO plugin v27.1.1 - https:\/\/yoast.com\/product\/yoast-seo-wordpress\/ -->\n<title>Comprar JALUPRO\u00ae MOISTURIZING BIOCELLULOSE FACE MASKS (5x8ml) online | Tienda online | Kinami Health<\/title>\n<meta name=\"description\" content=\"Compre Jalupro Moisturizing Biocellulose Face Masks en l\u00ednea para una hidrataci\u00f3n intensa y rejuvenecimiento. Este pack de 5 mascarillas es ideal para el cuidado post-tratamiento.\" \/>\n<meta name=\"robots\" content=\"index, follow, max-snippet:-1, max-image-preview:large, max-video-preview:-1\" \/>\n<link rel=\"canonical\" href=\"https:\/\/kinamihealth.com\/es\/wp-json\/wp\/v2\/product\/107121\" \/>\n<meta property=\"og:locale\" content=\"es_ES\" \/>\n<meta property=\"og:type\" content=\"article\" \/>\n<meta property=\"og:title\" content=\"Comprar JALUPRO\u00ae MOISTURIZING BIOCELLULOSE FACE MASKS (5x8ml) online | Tienda online | Kinami Health\" \/>\n<meta property=\"og:description\" content=\"Compre Jalupro Moisturizing Biocellulose Face Masks en l\u00ednea para una hidrataci\u00f3n intensa y rejuvenecimiento. Este pack de 5 mascarillas es ideal para el cuidado post-tratamiento.\" \/>\n<meta property=\"og:url\" content=\"https:\/\/kinamihealth.com\/es\/producto\/jalupro-moisturizing-biocellulose-face-masks-5x8ml\/\" \/>\n<meta property=\"og:site_name\" content=\"Kinami Health\" \/>\n<meta property=\"article:modified_time\" content=\"2026-01-22T12:19:38+00:00\" \/>\n<meta property=\"og:image\" content=\"https:\/\/kinamihealth.com\/wp-content\/uploads\/2025\/02\/JALUPRO-FACEMASK-X5-03.webp\" \/>\n\t<meta property=\"og:image:width\" content=\"800\" \/>\n\t<meta property=\"og:image:height\" content=\"800\" \/>\n\t<meta property=\"og:image:type\" content=\"image\/webp\" \/>\n<meta name=\"twitter:card\" content=\"summary_large_image\" \/>\n<meta name=\"twitter:label1\" content=\"Tiempo de lectura\" \/>\n\t<meta name=\"twitter:data1\" content=\"1 minuto\" \/>\n<!-- \/ Yoast SEO plugin. -->","yoast_head_json":{"title":"Comprar JALUPRO\u00ae MOISTURIZING BIOCELLULOSE FACE MASKS (5x8ml) online | Tienda online | Kinami Health","description":"Compre Jalupro Moisturizing Biocellulose Face Masks en l\u00ednea para una hidrataci\u00f3n intensa y rejuvenecimiento. Este pack de 5 mascarillas es ideal para el cuidado post-tratamiento.","robots":{"index":"index","follow":"follow","max-snippet":"max-snippet:-1","max-image-preview":"max-image-preview:large","max-video-preview":"max-video-preview:-1"},"canonical":"https:\/\/kinamihealth.com\/es\/wp-json\/wp\/v2\/product\/107121","og_locale":"es_ES","og_type":"article","og_title":"Comprar JALUPRO\u00ae MOISTURIZING BIOCELLULOSE FACE MASKS (5x8ml) online | Tienda online | Kinami Health","og_description":"Compre Jalupro Moisturizing Biocellulose Face Masks en l\u00ednea para una hidrataci\u00f3n intensa y rejuvenecimiento. Este pack de 5 mascarillas es ideal para el cuidado post-tratamiento.","og_url":"https:\/\/kinamihealth.com\/es\/producto\/jalupro-moisturizing-biocellulose-face-masks-5x8ml\/","og_site_name":"Kinami Health","article_modified_time":"2026-01-22T12:19:38+00:00","og_image":[{"width":800,"height":800,"url":"https:\/\/kinamihealth.com\/wp-content\/uploads\/2025\/02\/JALUPRO-FACEMASK-X5-03.webp","type":"image\/webp"}],"twitter_card":"summary_large_image","twitter_misc":{"Tiempo de lectura":"1 minuto"},"schema":{"@context":"https:\/\/schema.org","@graph":[{"@type":"WebPage","@id":"https:\/\/kinamihealth.com\/es\/producto\/jalupro-moisturizing-biocellulose-face-masks-5x8ml\/","url":"https:\/\/kinamihealth.com\/es\/producto\/jalupro-moisturizing-biocellulose-face-masks-5x8ml\/","name":"Comprar JALUPRO\u00ae MOISTURIZING BIOCELLULOSE FACE MASKS (5x8ml) online | Tienda online | Kinami Health","isPartOf":{"@id":"https:\/\/kinamihealth.com\/#website"},"primaryImageOfPage":{"@id":"https:\/\/kinamihealth.com\/es\/producto\/jalupro-moisturizing-biocellulose-face-masks-5x8ml\/#primaryimage"},"image":{"@id":"https:\/\/kinamihealth.com\/es\/producto\/jalupro-moisturizing-biocellulose-face-masks-5x8ml\/#primaryimage"},"thumbnailUrl":"https:\/\/kinamihealth.com\/wp-content\/uploads\/2025\/02\/JALUPRO-FACEMASK-X5-03.webp","datePublished":"2025-02-15T16:55:49+00:00","dateModified":"2026-01-22T12:19:38+00:00","description":"Compre Jalupro Moisturizing Biocellulose Face Masks en l\u00ednea para una hidrataci\u00f3n intensa y rejuvenecimiento. Este pack de 5 mascarillas es ideal para el cuidado post-tratamiento.","breadcrumb":{"@id":"https:\/\/kinamihealth.com\/es\/producto\/jalupro-moisturizing-biocellulose-face-masks-5x8ml\/#breadcrumb"},"inLanguage":"es","potentialAction":[{"@type":"ReadAction","target":["https:\/\/kinamihealth.com\/es\/producto\/jalupro-moisturizing-biocellulose-face-masks-5x8ml\/"]}]},{"@type":"ImageObject","inLanguage":"es","@id":"https:\/\/kinamihealth.com\/es\/producto\/jalupro-moisturizing-biocellulose-face-masks-5x8ml\/#primaryimage","url":"https:\/\/kinamihealth.com\/wp-content\/uploads\/2025\/02\/JALUPRO-FACEMASK-X5-03.webp","contentUrl":"https:\/\/kinamihealth.com\/wp-content\/uploads\/2025\/02\/JALUPRO-FACEMASK-X5-03.webp","width":800,"height":800},{"@type":"BreadcrumbList","@id":"https:\/\/kinamihealth.com\/es\/producto\/jalupro-moisturizing-biocellulose-face-masks-5x8ml\/#breadcrumb","itemListElement":[{"@type":"ListItem","position":1,"name":"P\u00e1gina de inicio","item":"https:\/\/kinamihealth.com\/"},{"@type":"ListItem","position":2,"name":"Tienda","item":"https:\/\/kinamihealth.com\/shop\/"},{"@type":"ListItem","position":3,"name":"JALUPRO\u00ae MOISTURIZING BIOCELLULOSE FACE MASKS (5x8ml)"}]},{"@type":"WebSite","@id":"https:\/\/kinamihealth.com\/#website","url":"https:\/\/kinamihealth.com\/","name":"Kinami Health","description":"","publisher":{"@id":"https:\/\/kinamihealth.com\/#organization"},"potentialAction":[{"@type":"SearchAction","target":{"@type":"EntryPoint","urlTemplate":"https:\/\/kinamihealth.com\/?s={search_term_string}"},"query-input":{"@type":"PropertyValueSpecification","valueRequired":true,"valueName":"search_term_string"}}],"inLanguage":"es"},{"@type":"Organization","@id":"https:\/\/kinamihealth.com\/#organization","name":"Kinami Health","url":"https:\/\/kinamihealth.com\/","logo":{"@type":"ImageObject","inLanguage":"es","@id":"https:\/\/kinamihealth.com\/#\/schema\/logo\/image\/","url":"https:\/\/kinamihealth.com\/wp-content\/uploads\/2025\/01\/KH_logo_black_2-1.png","contentUrl":"https:\/\/kinamihealth.com\/wp-content\/uploads\/2025\/01\/KH_logo_black_2-1.png","width":339,"height":34,"caption":"Kinami Health"},"image":{"@id":"https:\/\/kinamihealth.com\/#\/schema\/logo\/image\/"}}]}},"_links":{"self":[{"href":"https:\/\/kinamihealth.com\/es\/wp-json\/wp\/v2\/product\/107121","targetHints":{"allow":["GET"]}}],"collection":[{"href":"https:\/\/kinamihealth.com\/es\/wp-json\/wp\/v2\/product"}],"about":[{"href":"https:\/\/kinamihealth.com\/es\/wp-json\/wp\/v2\/types\/product"}],"replies":[{"embeddable":true,"href":"https:\/\/kinamihealth.com\/es\/wp-json\/wp\/v2\/comments?post=107121"}],"version-history":[{"count":0,"href":"https:\/\/kinamihealth.com\/es\/wp-json\/wp\/v2\/product\/107121\/revisions"}],"wp:featuredmedia":[{"embeddable":true,"href":"https:\/\/kinamihealth.com\/es\/wp-json\/wp\/v2\/media\/107125"}],"wp:attachment":[{"href":"https:\/\/kinamihealth.com\/es\/wp-json\/wp\/v2\/media?parent=107121"}],"wp:term":[{"taxonomy":"product_brand","embeddable":true,"href":"https:\/\/kinamihealth.com\/es\/wp-json\/wp\/v2\/product_brand?post=107121"},{"taxonomy":"product_cat","embeddable":true,"href":"https:\/\/kinamihealth.com\/es\/wp-json\/wp\/v2\/product_cat?post=107121"},{"taxonomy":"product_tag","embeddable":true,"href":"https:\/\/kinamihealth.com\/es\/wp-json\/wp\/v2\/product_tag?post=107121"}],"curies":[{"name":"wp","href":"https:\/\/api.w.org\/{rel}","templated":true}]}}