{"id":107102,"date":"2025-02-15T16:55:43","date_gmt":"2025-02-15T16:55:43","guid":{"rendered":"https:\/\/kinamihealth.com\/product\/jalupro-enhancer-gel\/"},"modified":"2026-01-22T12:19:20","modified_gmt":"2026-01-22T12:19:20","slug":"jalupro-enhancer-gel","status":"publish","type":"product","link":"https:\/\/kinamihealth.com\/es\/producto\/jalupro-enhancer-gel\/","title":{"rendered":"JALUPRO\u00ae ENHANCER GEL"},"content":{"rendered":"<p>El Jalupro Enhancer Gel ha sido formulado para fortalecer y alargar visiblemente cejas y pesta\u00f1as. Esta innovadora composici\u00f3n en gel no solo combate los radicales libres y protege las pesta\u00f1as de las agresiones externas, sino que tambi\u00e9n, gracias a la mol\u00e9cula Acetyl Tetrapeptide-3, estimula la producci\u00f3n de col\u00e1geno. La aplicaci\u00f3n regular de este gel mejora la apariencia general de cejas y pesta\u00f1as, promoviendo un crecimiento que resulta en un vello m\u00e1s fuerte, largo y denso.<\/p>\n","protected":false},"excerpt":{"rendered":"<p>El Jalupro Enhancer Gel ha sido formulado para fortalecer y alargar visiblemente cejas y pesta\u00f1as. Esta innovadora composici\u00f3n en gel no solo combate los radicales libres y protege las pesta\u00f1as de las agresiones externas, sino que tambi\u00e9n, gracias a la mol\u00e9cula Acetyl Tetrapeptide-3, estimula la producci\u00f3n de col\u00e1geno. La aplicaci\u00f3n regular de este gel mejora [&hellip;]<\/p>\n","protected":false},"featured_media":107103,"comment_status":"closed","ping_status":"closed","template":"","meta":{"_acf_changed":false,"inline_featured_image":false},"product_brand":[1249],"product_cat":[1448],"product_tag":[1209],"class_list":{"0":"post-107102","1":"product","2":"type-product","3":"status-publish","4":"has-post-thumbnail","6":"product_brand-jalupro","7":"product_cat-potenciadores-de-pestanas","8":"product_tag-dispositivos-medicos","10":"first","11":"instock","12":"taxable","13":"shipping-taxable","14":"purchasable","15":"product-type-simple","16":"add-to-wishlist-before_image"},"acf":[],"yoast_head":"<!-- This site is optimized with the Yoast SEO plugin v27.1.1 - https:\/\/yoast.com\/product\/yoast-seo-wordpress\/ -->\n<title>Comprar JALUPRO\u00ae ENHANCER GEL online | Tienda online | Kinami Health<\/title>\n<meta name=\"description\" content=\"Compre Jalupro Enhancer Gel en l\u00ednea para fortalecer y alargar pesta\u00f1as y cejas. Formulado con p\u00e9ptidos y tr\u00e9bol rojo, el gel potencia su crecimiento y salud.\" \/>\n<meta name=\"robots\" content=\"index, follow, max-snippet:-1, max-image-preview:large, max-video-preview:-1\" \/>\n<link rel=\"canonical\" href=\"https:\/\/kinamihealth.com\/es\/wp-json\/wp\/v2\/product\/107102\" \/>\n<meta property=\"og:locale\" content=\"es_ES\" \/>\n<meta property=\"og:type\" content=\"article\" \/>\n<meta property=\"og:title\" content=\"Comprar JALUPRO\u00ae ENHANCER GEL online | Tienda online | Kinami Health\" \/>\n<meta property=\"og:description\" content=\"Compre Jalupro Enhancer Gel en l\u00ednea para fortalecer y alargar pesta\u00f1as y cejas. Formulado con p\u00e9ptidos y tr\u00e9bol rojo, el gel potencia su crecimiento y salud.\" \/>\n<meta property=\"og:url\" content=\"https:\/\/kinamihealth.com\/es\/producto\/jalupro-enhancer-gel\/\" \/>\n<meta property=\"og:site_name\" content=\"Kinami Health\" \/>\n<meta property=\"article:modified_time\" content=\"2026-01-22T12:19:20+00:00\" \/>\n<meta property=\"og:image\" content=\"https:\/\/kinamihealth.com\/wp-content\/uploads\/2025\/02\/JALUPRO-ENHANCER-GEL-01.jpg\" \/>\n\t<meta property=\"og:image:width\" content=\"800\" \/>\n\t<meta property=\"og:image:height\" content=\"800\" \/>\n\t<meta property=\"og:image:type\" content=\"image\/jpeg\" \/>\n<meta name=\"twitter:card\" content=\"summary_large_image\" \/>\n<meta name=\"twitter:label1\" content=\"Tiempo de lectura\" \/>\n\t<meta name=\"twitter:data1\" content=\"1 minuto\" \/>\n<!-- \/ Yoast SEO plugin. -->","yoast_head_json":{"title":"Comprar JALUPRO\u00ae ENHANCER GEL online | Tienda online | Kinami Health","description":"Compre Jalupro Enhancer Gel en l\u00ednea para fortalecer y alargar pesta\u00f1as y cejas. Formulado con p\u00e9ptidos y tr\u00e9bol rojo, el gel potencia su crecimiento y salud.","robots":{"index":"index","follow":"follow","max-snippet":"max-snippet:-1","max-image-preview":"max-image-preview:large","max-video-preview":"max-video-preview:-1"},"canonical":"https:\/\/kinamihealth.com\/es\/wp-json\/wp\/v2\/product\/107102","og_locale":"es_ES","og_type":"article","og_title":"Comprar JALUPRO\u00ae ENHANCER GEL online | Tienda online | Kinami Health","og_description":"Compre Jalupro Enhancer Gel en l\u00ednea para fortalecer y alargar pesta\u00f1as y cejas. Formulado con p\u00e9ptidos y tr\u00e9bol rojo, el gel potencia su crecimiento y salud.","og_url":"https:\/\/kinamihealth.com\/es\/producto\/jalupro-enhancer-gel\/","og_site_name":"Kinami Health","article_modified_time":"2026-01-22T12:19:20+00:00","og_image":[{"width":800,"height":800,"url":"https:\/\/kinamihealth.com\/wp-content\/uploads\/2025\/02\/JALUPRO-ENHANCER-GEL-01.jpg","type":"image\/jpeg"}],"twitter_card":"summary_large_image","twitter_misc":{"Tiempo de lectura":"1 minuto"},"schema":{"@context":"https:\/\/schema.org","@graph":[{"@type":"WebPage","@id":"https:\/\/kinamihealth.com\/es\/producto\/jalupro-enhancer-gel\/","url":"https:\/\/kinamihealth.com\/es\/producto\/jalupro-enhancer-gel\/","name":"Comprar JALUPRO\u00ae ENHANCER GEL online | Tienda online | Kinami Health","isPartOf":{"@id":"https:\/\/kinamihealth.com\/#website"},"primaryImageOfPage":{"@id":"https:\/\/kinamihealth.com\/es\/producto\/jalupro-enhancer-gel\/#primaryimage"},"image":{"@id":"https:\/\/kinamihealth.com\/es\/producto\/jalupro-enhancer-gel\/#primaryimage"},"thumbnailUrl":"https:\/\/kinamihealth.com\/wp-content\/uploads\/2025\/02\/JALUPRO-ENHANCER-GEL-01.jpg","datePublished":"2025-02-15T16:55:43+00:00","dateModified":"2026-01-22T12:19:20+00:00","description":"Compre Jalupro Enhancer Gel en l\u00ednea para fortalecer y alargar pesta\u00f1as y cejas. Formulado con p\u00e9ptidos y tr\u00e9bol rojo, el gel potencia su crecimiento y salud.","breadcrumb":{"@id":"https:\/\/kinamihealth.com\/es\/producto\/jalupro-enhancer-gel\/#breadcrumb"},"inLanguage":"es","potentialAction":[{"@type":"ReadAction","target":["https:\/\/kinamihealth.com\/es\/producto\/jalupro-enhancer-gel\/"]}]},{"@type":"ImageObject","inLanguage":"es","@id":"https:\/\/kinamihealth.com\/es\/producto\/jalupro-enhancer-gel\/#primaryimage","url":"https:\/\/kinamihealth.com\/wp-content\/uploads\/2025\/02\/JALUPRO-ENHANCER-GEL-01.jpg","contentUrl":"https:\/\/kinamihealth.com\/wp-content\/uploads\/2025\/02\/JALUPRO-ENHANCER-GEL-01.jpg","width":800,"height":800},{"@type":"BreadcrumbList","@id":"https:\/\/kinamihealth.com\/es\/producto\/jalupro-enhancer-gel\/#breadcrumb","itemListElement":[{"@type":"ListItem","position":1,"name":"P\u00e1gina de inicio","item":"https:\/\/kinamihealth.com\/"},{"@type":"ListItem","position":2,"name":"Tienda","item":"https:\/\/kinamihealth.com\/shop\/"},{"@type":"ListItem","position":3,"name":"JALUPRO\u00ae ENHANCER GEL"}]},{"@type":"WebSite","@id":"https:\/\/kinamihealth.com\/#website","url":"https:\/\/kinamihealth.com\/","name":"Kinami Health","description":"","publisher":{"@id":"https:\/\/kinamihealth.com\/#organization"},"potentialAction":[{"@type":"SearchAction","target":{"@type":"EntryPoint","urlTemplate":"https:\/\/kinamihealth.com\/?s={search_term_string}"},"query-input":{"@type":"PropertyValueSpecification","valueRequired":true,"valueName":"search_term_string"}}],"inLanguage":"es"},{"@type":"Organization","@id":"https:\/\/kinamihealth.com\/#organization","name":"Kinami Health","url":"https:\/\/kinamihealth.com\/","logo":{"@type":"ImageObject","inLanguage":"es","@id":"https:\/\/kinamihealth.com\/#\/schema\/logo\/image\/","url":"https:\/\/kinamihealth.com\/wp-content\/uploads\/2025\/01\/KH_logo_black_2-1.png","contentUrl":"https:\/\/kinamihealth.com\/wp-content\/uploads\/2025\/01\/KH_logo_black_2-1.png","width":339,"height":34,"caption":"Kinami Health"},"image":{"@id":"https:\/\/kinamihealth.com\/#\/schema\/logo\/image\/"}}]}},"_links":{"self":[{"href":"https:\/\/kinamihealth.com\/es\/wp-json\/wp\/v2\/product\/107102","targetHints":{"allow":["GET"]}}],"collection":[{"href":"https:\/\/kinamihealth.com\/es\/wp-json\/wp\/v2\/product"}],"about":[{"href":"https:\/\/kinamihealth.com\/es\/wp-json\/wp\/v2\/types\/product"}],"replies":[{"embeddable":true,"href":"https:\/\/kinamihealth.com\/es\/wp-json\/wp\/v2\/comments?post=107102"}],"version-history":[{"count":0,"href":"https:\/\/kinamihealth.com\/es\/wp-json\/wp\/v2\/product\/107102\/revisions"}],"wp:featuredmedia":[{"embeddable":true,"href":"https:\/\/kinamihealth.com\/es\/wp-json\/wp\/v2\/media\/107103"}],"wp:attachment":[{"href":"https:\/\/kinamihealth.com\/es\/wp-json\/wp\/v2\/media?parent=107102"}],"wp:term":[{"taxonomy":"product_brand","embeddable":true,"href":"https:\/\/kinamihealth.com\/es\/wp-json\/wp\/v2\/product_brand?post=107102"},{"taxonomy":"product_cat","embeddable":true,"href":"https:\/\/kinamihealth.com\/es\/wp-json\/wp\/v2\/product_cat?post=107102"},{"taxonomy":"product_tag","embeddable":true,"href":"https:\/\/kinamihealth.com\/es\/wp-json\/wp\/v2\/product_tag?post=107102"}],"curies":[{"name":"wp","href":"https:\/\/api.w.org\/{rel}","templated":true}]}}