{"id":107089,"date":"2025-02-15T16:55:30","date_gmt":"2025-02-15T16:55:30","guid":{"rendered":"https:\/\/kinamihealth.com\/product\/intraline-m4-plus\/"},"modified":"2026-01-22T12:14:07","modified_gmt":"2026-01-22T12:14:07","slug":"intraline-m4-plus","status":"publish","type":"product","link":"https:\/\/kinamihealth.com\/es\/producto\/intraline-m4-plus\/","title":{"rendered":"INTRALINE\u00ae M4 PLUS"},"content":{"rendered":"<p>M4 Plus con lidoca\u00edna es ideal para el tratamiento de arrugas profundas y el contorno facial en mejillas, ment\u00f3n y l\u00ednea mandibular. Tambi\u00e9n es perfecto para la rinoplastia no quir\u00fargica.<\/p>\n","protected":false},"excerpt":{"rendered":"<p>M4 Plus con lidoca\u00edna es ideal para el tratamiento de arrugas profundas y el contorno facial en mejillas, ment\u00f3n y l\u00ednea mandibular. Tambi\u00e9n es perfecto para la rinoplastia no quir\u00fargica.<\/p>\n","protected":false},"featured_media":107090,"comment_status":"closed","ping_status":"closed","template":"","meta":{"_acf_changed":false,"inline_featured_image":false},"product_brand":[1248],"product_cat":[2966,1447],"product_tag":[1209],"class_list":{"0":"post-107089","1":"product","2":"type-product","3":"status-publish","4":"has-post-thumbnail","6":"product_brand-intraline","7":"product_cat-rellenos-de-ha","8":"product_cat-rellenos-dermicos","9":"product_tag-dispositivos-medicos","11":"first","12":"instock","13":"taxable","14":"shipping-taxable","15":"purchasable","16":"product-type-simple","17":"add-to-wishlist-before_image"},"acf":[],"yoast_head":"<!-- This site is optimized with the Yoast SEO plugin v27.3 - https:\/\/yoast.com\/product\/yoast-seo-wordpress\/ -->\n<title>Comprar Intraline M4 Plus online | Tienda Online | Kinami Health<\/title>\n<meta name=\"description\" content=\"Compre Intraline M4 Plus, un relleno d\u00e9rmico monof\u00e1sico de alta calidad que contiene las mol\u00e9culas de \u00e1cido hialur\u00f3nico m\u00e1s grandes de la gama. Es ideal para pacientes que sufren una p\u00e9rdida de volumen grave o que buscan correcciones nasales no invasivas.\" \/>\n<meta name=\"robots\" content=\"index, follow, max-snippet:-1, max-image-preview:large, max-video-preview:-1\" \/>\n<link rel=\"canonical\" href=\"https:\/\/kinamihealth.com\/es\/wp-json\/wp\/v2\/product\/107089\" \/>\n<meta property=\"og:locale\" content=\"es_ES\" \/>\n<meta property=\"og:type\" content=\"article\" \/>\n<meta property=\"og:title\" content=\"Comprar Intraline M4 Plus online | Tienda Online | Kinami Health\" \/>\n<meta property=\"og:description\" content=\"Compre Intraline M4 Plus, un relleno d\u00e9rmico monof\u00e1sico de alta calidad que contiene las mol\u00e9culas de \u00e1cido hialur\u00f3nico m\u00e1s grandes de la gama. Es ideal para pacientes que sufren una p\u00e9rdida de volumen grave o que buscan correcciones nasales no invasivas.\" \/>\n<meta property=\"og:url\" content=\"https:\/\/kinamihealth.com\/es\/producto\/intraline-m4-plus\/\" \/>\n<meta property=\"og:site_name\" content=\"Kinami Health\" \/>\n<meta property=\"article:modified_time\" content=\"2026-01-22T12:14:07+00:00\" \/>\n<meta property=\"og:image\" content=\"https:\/\/kinamihealth.com\/wp-content\/uploads\/2025\/02\/INTRALINE-M4-PLUS-01.jpg\" \/>\n\t<meta property=\"og:image:width\" content=\"800\" \/>\n\t<meta property=\"og:image:height\" content=\"800\" \/>\n\t<meta property=\"og:image:type\" content=\"image\/jpeg\" \/>\n<meta name=\"twitter:card\" content=\"summary_large_image\" \/>\n<meta name=\"twitter:label1\" content=\"Tiempo de lectura\" \/>\n\t<meta name=\"twitter:data1\" content=\"1 minuto\" \/>\n<!-- \/ Yoast SEO plugin. -->","yoast_head_json":{"title":"Comprar Intraline M4 Plus online | Tienda Online | Kinami Health","description":"Compre Intraline M4 Plus, un relleno d\u00e9rmico monof\u00e1sico de alta calidad que contiene las mol\u00e9culas de \u00e1cido hialur\u00f3nico m\u00e1s grandes de la gama. Es ideal para pacientes que sufren una p\u00e9rdida de volumen grave o que buscan correcciones nasales no invasivas.","robots":{"index":"index","follow":"follow","max-snippet":"max-snippet:-1","max-image-preview":"max-image-preview:large","max-video-preview":"max-video-preview:-1"},"canonical":"https:\/\/kinamihealth.com\/es\/wp-json\/wp\/v2\/product\/107089","og_locale":"es_ES","og_type":"article","og_title":"Comprar Intraline M4 Plus online | Tienda Online | Kinami Health","og_description":"Compre Intraline M4 Plus, un relleno d\u00e9rmico monof\u00e1sico de alta calidad que contiene las mol\u00e9culas de \u00e1cido hialur\u00f3nico m\u00e1s grandes de la gama. Es ideal para pacientes que sufren una p\u00e9rdida de volumen grave o que buscan correcciones nasales no invasivas.","og_url":"https:\/\/kinamihealth.com\/es\/producto\/intraline-m4-plus\/","og_site_name":"Kinami Health","article_modified_time":"2026-01-22T12:14:07+00:00","og_image":[{"width":800,"height":800,"url":"https:\/\/kinamihealth.com\/wp-content\/uploads\/2025\/02\/INTRALINE-M4-PLUS-01.jpg","type":"image\/jpeg"}],"twitter_card":"summary_large_image","twitter_misc":{"Tiempo de lectura":"1 minuto"},"schema":{"@context":"https:\/\/schema.org","@graph":[{"@type":"WebPage","@id":"https:\/\/kinamihealth.com\/es\/producto\/intraline-m4-plus\/","url":"https:\/\/kinamihealth.com\/es\/producto\/intraline-m4-plus\/","name":"Comprar Intraline M4 Plus online | Tienda Online | Kinami Health","isPartOf":{"@id":"https:\/\/kinamihealth.com\/#website"},"primaryImageOfPage":{"@id":"https:\/\/kinamihealth.com\/es\/producto\/intraline-m4-plus\/#primaryimage"},"image":{"@id":"https:\/\/kinamihealth.com\/es\/producto\/intraline-m4-plus\/#primaryimage"},"thumbnailUrl":"https:\/\/kinamihealth.com\/wp-content\/uploads\/2025\/02\/INTRALINE-M4-PLUS-01.jpg","datePublished":"2025-02-15T16:55:30+00:00","dateModified":"2026-01-22T12:14:07+00:00","description":"Compre Intraline M4 Plus, un relleno d\u00e9rmico monof\u00e1sico de alta calidad que contiene las mol\u00e9culas de \u00e1cido hialur\u00f3nico m\u00e1s grandes de la gama. Es ideal para pacientes que sufren una p\u00e9rdida de volumen grave o que buscan correcciones nasales no invasivas.","breadcrumb":{"@id":"https:\/\/kinamihealth.com\/es\/producto\/intraline-m4-plus\/#breadcrumb"},"inLanguage":"es","potentialAction":[{"@type":"ReadAction","target":["https:\/\/kinamihealth.com\/es\/producto\/intraline-m4-plus\/"]}]},{"@type":"ImageObject","inLanguage":"es","@id":"https:\/\/kinamihealth.com\/es\/producto\/intraline-m4-plus\/#primaryimage","url":"https:\/\/kinamihealth.com\/wp-content\/uploads\/2025\/02\/INTRALINE-M4-PLUS-01.jpg","contentUrl":"https:\/\/kinamihealth.com\/wp-content\/uploads\/2025\/02\/INTRALINE-M4-PLUS-01.jpg","width":800,"height":800},{"@type":"BreadcrumbList","@id":"https:\/\/kinamihealth.com\/es\/producto\/intraline-m4-plus\/#breadcrumb","itemListElement":[{"@type":"ListItem","position":1,"name":"P\u00e1gina de inicio","item":"https:\/\/kinamihealth.com\/"},{"@type":"ListItem","position":2,"name":"Tienda","item":"https:\/\/kinamihealth.com\/shop\/"},{"@type":"ListItem","position":3,"name":"INTRALINE\u00ae M4 PLUS"}]},{"@type":"WebSite","@id":"https:\/\/kinamihealth.com\/#website","url":"https:\/\/kinamihealth.com\/","name":"Kinami Health","description":"","publisher":{"@id":"https:\/\/kinamihealth.com\/#organization"},"potentialAction":[{"@type":"SearchAction","target":{"@type":"EntryPoint","urlTemplate":"https:\/\/kinamihealth.com\/?s={search_term_string}"},"query-input":{"@type":"PropertyValueSpecification","valueRequired":true,"valueName":"search_term_string"}}],"inLanguage":"es"},{"@type":"Organization","@id":"https:\/\/kinamihealth.com\/#organization","name":"Kinami Health","url":"https:\/\/kinamihealth.com\/","logo":{"@type":"ImageObject","inLanguage":"es","@id":"https:\/\/kinamihealth.com\/#\/schema\/logo\/image\/","url":"https:\/\/kinamihealth.com\/wp-content\/uploads\/2025\/01\/KH_logo_black_2-1.png","contentUrl":"https:\/\/kinamihealth.com\/wp-content\/uploads\/2025\/01\/KH_logo_black_2-1.png","width":339,"height":34,"caption":"Kinami Health"},"image":{"@id":"https:\/\/kinamihealth.com\/#\/schema\/logo\/image\/"}}]}},"_links":{"self":[{"href":"https:\/\/kinamihealth.com\/es\/wp-json\/wp\/v2\/product\/107089","targetHints":{"allow":["GET"]}}],"collection":[{"href":"https:\/\/kinamihealth.com\/es\/wp-json\/wp\/v2\/product"}],"about":[{"href":"https:\/\/kinamihealth.com\/es\/wp-json\/wp\/v2\/types\/product"}],"replies":[{"embeddable":true,"href":"https:\/\/kinamihealth.com\/es\/wp-json\/wp\/v2\/comments?post=107089"}],"version-history":[{"count":0,"href":"https:\/\/kinamihealth.com\/es\/wp-json\/wp\/v2\/product\/107089\/revisions"}],"wp:featuredmedia":[{"embeddable":true,"href":"https:\/\/kinamihealth.com\/es\/wp-json\/wp\/v2\/media\/107090"}],"wp:attachment":[{"href":"https:\/\/kinamihealth.com\/es\/wp-json\/wp\/v2\/media?parent=107089"}],"wp:term":[{"taxonomy":"product_brand","embeddable":true,"href":"https:\/\/kinamihealth.com\/es\/wp-json\/wp\/v2\/product_brand?post=107089"},{"taxonomy":"product_cat","embeddable":true,"href":"https:\/\/kinamihealth.com\/es\/wp-json\/wp\/v2\/product_cat?post=107089"},{"taxonomy":"product_tag","embeddable":true,"href":"https:\/\/kinamihealth.com\/es\/wp-json\/wp\/v2\/product_tag?post=107089"}],"curies":[{"name":"wp","href":"https:\/\/api.w.org\/{rel}","templated":true}]}}